{"id":688,"date":"2022-09-16T04:08:00","date_gmt":"2022-09-16T04:08:00","guid":{"rendered":"https:\/\/www.largepillow.com\/product\/wedge-pillow-for-acid-reflux"},"modified":"2025-11-05T02:15:32","modified_gmt":"2025-11-05T02:15:32","slug":"perna-cu-pana-pentru-tablia-patului","status":"publish","type":"product","link":"https:\/\/www.largepillow.com\/ro\/product\/headboard-pillow-wedge","title":{"rendered":"Pern\u0103 tip pan\u0103 pentru t\u0103blia patului"},"content":{"rendered":"<p>Perna suprem\u0103 pentru t\u0103blia patului, pentru confort \u0219i versatilitate sporite<\/p>\n<p>Preg\u0103te\u0219te-te s\u0103 experimentezi un confort de neegalat cu perna noastr\u0103 exclusiv\u0103 tip pan\u0103 pentru t\u0103blia patului. Conceput\u0103 pentru a-\u021bi spori timpul de relaxare, aceast\u0103 pern\u0103 versatil\u0103 \u00ee\u021bi va transforma patul, canapeaua, canapeaua de zi \u0219i orice col\u021b confortabil \u00eentr-o oaz\u0103 de confort.<\/p>\n<p>Confort \u0219i sus\u021binere supreme<\/p>\n<p>R\u0103sfa\u021b\u0103-te cu \u00eembr\u0103\u021bi\u0219area moale a pernei noastre pentru t\u0103blie, realizat\u0103 meticulos pentru a oferi un suport excep\u021bional \u00een timp ce cite\u0219ti, te ui\u021bi la televizor sau pur \u0219i simplu adormi. Indiferent dac\u0103 preferi s\u0103 te relaxezi sau s\u0103 te relaxezi cu stil, aceast\u0103 pern\u0103 te va \u00eenc\u00e2nta \u00een confortul suprem.<\/p>\n<p>Design multifunc\u021bional<\/p>\n<p>Dincolo de confortul excep\u021bional, perna noastr\u0103 pentru t\u0103blia patului se m\u00e2ndre\u0219te cu o func\u021bionalitate incredibil\u0103. Folose\u0219te-o ca pern\u0103 de citit cu suport pentru spate, pentru ore \u00eentregi de citit confortabil, f\u0103r\u0103 nicio \u00eencordare a g\u00e2tului. Transform-o \u00eentr-o pern\u0103 lung\u0103 cu pan\u0103 pentru un suport suplimentar pentru spate \u0219i g\u00e2t \u00een timpul somnului. Sau ridic\u0103-\u021bi picioarele cu perna noastr\u0103 pentru picioare pentru a reduce umflarea \u0219i a \u00eembun\u0103t\u0103\u021bi circula\u021bia.<\/p>\n<p>Materiale \u0219i construc\u021bie premium<\/p>\n<p>Fa\u021ba noastr\u0103 de pern\u0103 este meticulos realizat\u0103 dintr-un amestec durabil de poliester \u0219i in, \u00eempodobit\u0103 cu o textur\u0103 \u00eempletit\u0103 \u0219i cus\u0103turi deosebite. Fibrele de poliester de \u00eenalt\u0103 densitate utilizate \u00een c\u0103ptu\u0219eal\u0103 asigur\u0103 un suport excep\u021bional \u0219i previn l\u0103sarea, chiar \u0219i dup\u0103 o utilizare prelungit\u0103.<\/p>\n<p>Cur\u0103\u021bare f\u0103r\u0103 efort<\/p>\n<p>Men\u021binerea st\u0103rii impecabile a pernei de la t\u0103blia patului este floare la ureche. Fa\u021ba de pern\u0103 este fixat\u0103 cu nasturi \u0219i are un fermoar convenabil, fiind astfel deta\u0219abil\u0103 f\u0103r\u0103 efort pentru o sp\u0103lare rapid\u0103 la ma\u0219in\u0103. Pur \u0219i simplu desface\u021bi fermoarul, scoate\u021bi-l \u0219i sp\u0103la\u021bi-l pentru a p\u0103stra perna cu un aspect proasp\u0103t \u0219i primitor.<\/p>\n<p>Buzunar de depozitare convenabil<\/p>\n<p>Bucur\u0103-te de confortul suplimentar al buzunarului nostru lateral, conceput cu grij\u0103. P\u0103streaz\u0103 telecomanda, telefonul sau alte obiecte esen\u021biale la \u00eendem\u00e2n\u0103, asigur\u00e2ndu-te c\u0103 nu le vei mai pierde niciodat\u0103.<\/p>\n<p>Op\u021biuni de dimensiuni pentru a se potrivi nevoilor dumneavoastr\u0103<\/p>\n<p>Perna noastr\u0103 pentru t\u0103blia patului este disponibil\u0103 \u00eentr-o gam\u0103 larg\u0103 de dimensiuni, de la 45 cm la 200 cm, pentru a se potrivi perfect preferin\u021belor dumneavoastr\u0103 individuale. Indiferent dac\u0103 ave\u021bi un col\u021bi\u0219or mic \u0219i confortabil sau un dormitor matrimonial spa\u021bios, v\u0103 putem ajuta.<\/p>\n<p>M\u0103rturii ale clien\u021bilor<\/p>\n<p>\u201cAceast\u0103 pern\u0103 triunghiular\u0103 schimb\u0103 complet regulile jocului! Este at\u00e2t de confortabil\u0103 \u0219i ofer\u0103 un suport excelent pentru spate \u00een timp ce citesc sau m\u0103 uit la televizor. Materialul din amestec de bumbac \u0219i in este moale \u0219i elegant, iar culoarea violet adaug\u0103 o not\u0103 de elegan\u021b\u0103 dormitorului meu.\u201d \u2013 Client mul\u021bumit<\/p>\n<p>\u201c\u00cemi place c\u00e2t de versatil\u0103 este aceast\u0103 pern\u0103. O folosesc ca pern\u0103 pentru spate, pern\u0103 pentru picioare \u0219i pern\u0103 pentru citit. Este at\u00e2t de bine realizat\u0103, iar c\u0103ptu\u0219eala ofer\u0103 un suport excelent. E ca \u0219i cum ai avea mai multe perne \u00eentr-una singur\u0103!\u201d \u2013 Fan fidel<\/p>\n<p>\u00cembun\u0103t\u0103\u021bi\u021bi-v\u0103 experien\u021ba de relaxare cu excep\u021bionala noastr\u0103 pern\u0103 tip pan\u0103 pentru t\u0103blie. Bucura\u021bi-v\u0103 de confort, versatilitate \u0219i comoditate des\u0103v\u00e2r\u0219ite, toate \u00eentr-un pachet elegant \u0219i func\u021bional.<\/p>","protected":false},"excerpt":{"rendered":"<ul>\n<li><strong>Confort suprem:<\/strong> Perna noastr\u0103 pentru t\u0103blia patului este conceput\u0103 pentru a v\u0103 oferi confortul maxim \u00een timp ce citi\u021bi, v\u0103 uita\u021bi la televizor sau dormi\u021bi. Este perfect\u0103 pentru pat, canapea, canapea extensibil\u0103 \u0219i multe altele!<\/li>\n<li><strong>Design multifunc\u021bional:<\/strong> Perna noastr\u0103 mare poate fi folosit\u0103 \u00een mai multe moduri - ca pern\u0103 de citit cu suport pentru spate, ca pern\u0103 lung\u0103 cu pan\u0103 sau ca pern\u0103 pentru picioare, pentru a v\u0103 ridica picioarele. Este elegant\u0103 \u0219i func\u021bional\u0103, fiind un plus excelent pentru orice dormitor.<\/li>\n<li><strong>Materiale premium:<\/strong> Fa\u021ba noastr\u0103 de pern\u0103 este fabricat\u0103 din poliester 100% cu o textur\u0103 \u00eempletit\u0103 \u0219i cus\u0103turi deosebite, care sunt rezistente pe toate p\u0103r\u021bile. C\u0103ptu\u0219eala este realizat\u0103 din fibre de poliester de \u00eenalt\u0103 densitate \u0219i calitate, care previn l\u0103sarea chiar \u0219i dup\u0103 luni de utilizare.<\/li>\n<li><strong>U\u0219or de cur\u0103\u021bat:<\/strong> Husa de pern\u0103 pentru t\u0103blia patului este ata\u0219at\u0103 de pern\u0103 cu nasturi \u0219i este u\u0219or de \u00eendep\u0103rtat cu un fermoar simplu. Trebuie doar s\u0103 scoate\u021bi husa \u0219i s\u0103 o sp\u0103la\u021bi rapid la ma\u0219in\u0103 pentru ca perna s\u0103 arate ca nou\u0103.<\/li>\n<li><strong>Buzunar perfect pentru depozitare:<\/strong> Perna noastr\u0103 pentru t\u0103blia patului are un buzunar lateral convenabil, asigur\u00e2ndu-v\u0103 c\u0103 nu ve\u021bi mai pierde niciodat\u0103 telecomanda.<\/li>\n<li><strong>Material:<\/strong>\u00a0Amestec de poliester \u0219i in.<\/li>\n<li><strong>Dimensiune:<\/strong> 45cm (L45 x L20 x \u00ce50 | 0 nasturi), 60cm (L60 x L20 x \u00ce50 | 0 nasturi), 80cm (L80 x L20 x \u00ce50 | 2 nasturi), 100cm (L100 x L20 x \u00ce50 | 3 nasturi), 120cm (L120 x L20 x \u00ce50 | 4 nasturi), 140cm (L140 x L20 x \u00ce50 | 4 nasturi), 160cm (L160 x L20 x \u00ce50 | 5 nasturi), 180cm (L180 x L20 x \u00ce50 | 6 nasturi), 200cm (L200 x L20 x \u00ce50 | 7 nasturi).<\/li>\n<\/ul>","protected":false},"featured_media":675,"comment_status":"open","ping_status":"closed","template":"","meta":[],"product_brand":[],"product_cat":[15],"product_tag":[66,187,168,191,189,184,143,188,190,59],"class_list":{"0":"post-688","1":"product","2":"type-product","3":"status-publish","4":"has-post-thumbnail","6":"product_cat-large-wedge-pillow","7":"product_tag-back-support-pillow","8":"product_tag-back-support-reading-pillow","9":"product_tag-headboard-pillow","10":"product_tag-headboard-pillow-wedge","11":"product_tag-linen-pillow","12":"product_tag-long-wedge-pillow","13":"product_tag-multifunctional-pillow","14":"product_tag-pillow-wedge","15":"product_tag-purple-pillow","16":"product_tag-reading-pillow","18":"first","19":"instock","20":"shipping-taxable","21":"purchasable","22":"product-type-variable"},"_links":{"self":[{"href":"https:\/\/www.largepillow.com\/ro\/wp-json\/wp\/v2\/product\/688","targetHints":{"allow":["GET"]}}],"collection":[{"href":"https:\/\/www.largepillow.com\/ro\/wp-json\/wp\/v2\/product"}],"about":[{"href":"https:\/\/www.largepillow.com\/ro\/wp-json\/wp\/v2\/types\/product"}],"replies":[{"embeddable":true,"href":"https:\/\/www.largepillow.com\/ro\/wp-json\/wp\/v2\/comments?post=688"}],"wp:featuredmedia":[{"embeddable":true,"href":"https:\/\/www.largepillow.com\/ro\/wp-json\/wp\/v2\/media\/675"}],"wp:attachment":[{"href":"https:\/\/www.largepillow.com\/ro\/wp-json\/wp\/v2\/media?parent=688"}],"wp:term":[{"taxonomy":"product_brand","embeddable":true,"href":"https:\/\/www.largepillow.com\/ro\/wp-json\/wp\/v2\/product_brand?post=688"},{"taxonomy":"product_cat","embeddable":true,"href":"https:\/\/www.largepillow.com\/ro\/wp-json\/wp\/v2\/product_cat?post=688"},{"taxonomy":"product_tag","embeddable":true,"href":"https:\/\/www.largepillow.com\/ro\/wp-json\/wp\/v2\/product_tag?post=688"}],"curies":[{"name":"wp","href":"https:\/\/api.w.org\/{rel}","templated":true}]}}