{"id":7312,"date":"2025-05-14T02:53:13","date_gmt":"2025-05-14T02:53:13","guid":{"rendered":"https:\/\/www.largepillow.com\/product\/triangle-reading-pillow-wedge-for-bed-back-support"},"modified":"2025-06-01T00:00:00","modified_gmt":"2025-06-01T00:00:00","slug":"perna-triunghiulara-de-citit-cu-pana-pentru-sustinerea-spatelui-in-pat","status":"publish","type":"product","link":"https:\/\/www.largepillow.com\/ro\/product\/triangle-reading-pillow-wedge-for-bed-back-support","title":{"rendered":"Pern\u0103 de citit triunghiular\u0103 cu pan\u0103 pentru suportul spatelui la pat"},"content":{"rendered":"[zc_getpagecontent mb=&#8221;mb_aplus&#8221; apid=&#8221;125&#8243;]\n","protected":false},"excerpt":{"rendered":"<ul>\n<li>Confort suprem: Aceast\u0103 pern\u0103 pentru t\u0103blia patului este conceput\u0103 pentru a v\u0103 oferi confortul suprem \u00een timp ce citi\u021bi, v\u0103 uita\u021bi la televizor sau dormi\u021bi. Este potrivit\u0103 pentru pat, canapea, canapea extensibil\u0103 \u0219i multe altele!<\/li>\n<li>Aceast\u0103 pern\u0103 triunghiular\u0103 mare are un design excelent cu nasturi tufa\u021bi. Sfat de cur\u0103\u021bare: Fa\u021ba de pern\u0103 este deta\u0219abil\u0103 \u0219i are butoniere sub fiecare nasture, dar butonierele de pe materialul plisat sunt mai mici, ceea ce face mai complicat\u0103 \u00eenlocuirea fe\u021bei de pern\u0103.<\/li>\n<li>Multifunc\u021bional: Unii oameni folosesc perna de sp\u0103tar pe post de t\u0103blie, \u00een timp ce al\u021bii o folosesc ca pern\u0103 protector\u0103, poate fi \u0219i o pern\u0103 pentru canapea, sp\u0103tar pentru canapea sau pern\u0103 de col\u021b pentru canapea. Este elegant\u0103 \u0219i func\u021bional\u0103, fiind un plus excelent pentru orice dormitor.<\/li>\n<li>Material de \u00eenalt\u0103 calitate: Carcasa este fabricat\u0103 dintr-un material neted \u0219i moale, husa pernei sp\u0103tarului multifunc\u021bionale pentru canapea este respirabil\u0103, delicat\u0103 la atingere \u0219i rezistent\u0103 la uzur\u0103; Inser\u021bia triunghiular\u0103 a pernei este umplut\u0103 cu bumbac PP, cu o revenire bun\u0103 \u0219i moale, mult mai moale dec\u00e2t spuma cu memorie.<\/li>\n<li>Pern\u0103 Bionics Wedge: Perna ergonomic\u0103 poate sus\u021bine curbura natural\u0103 a spatelui \u0219i ofer\u0103 o pozi\u021bie optim\u0103 pentru partea superioar\u0103 a corpului, ajut\u00e2nd la prevenirea multor afec\u021biuni. De asemenea, v\u0103 faciliteaz\u0103 odihna atunci c\u00e2nd citi\u021bi la calculator, amelior\u00e2nd stresul. Perna ofer\u0103 un suport excelent pentru spate \u0219i g\u00e2t, reduce stresul spatelui \u0219i al umerilor, ofer\u0103 sprijin \u0219i confort \u00een timpul citirii \u0219i vizion\u0103rii la televizor.<\/li>\n<li>Dimensiuni: Lungime 140 cm * L\u0103\u021bime 24 cm la baz\u0103 * \u00cen\u0103l\u021bime 50 cm<\/li>\n<\/ul>","protected":false},"featured_media":7305,"comment_status":"open","ping_status":"closed","template":"","meta":[],"product_brand":[],"product_cat":[15],"product_tag":[],"class_list":{"0":"post-7312","1":"product","2":"type-product","3":"status-publish","4":"has-post-thumbnail","6":"product_cat-large-wedge-pillow","8":"first","9":"instock","10":"shipping-taxable","11":"purchasable","12":"product-type-variable","13":"has-default-attributes"},"_links":{"self":[{"href":"https:\/\/www.largepillow.com\/ro\/wp-json\/wp\/v2\/product\/7312","targetHints":{"allow":["GET"]}}],"collection":[{"href":"https:\/\/www.largepillow.com\/ro\/wp-json\/wp\/v2\/product"}],"about":[{"href":"https:\/\/www.largepillow.com\/ro\/wp-json\/wp\/v2\/types\/product"}],"replies":[{"embeddable":true,"href":"https:\/\/www.largepillow.com\/ro\/wp-json\/wp\/v2\/comments?post=7312"}],"wp:featuredmedia":[{"embeddable":true,"href":"https:\/\/www.largepillow.com\/ro\/wp-json\/wp\/v2\/media\/7305"}],"wp:attachment":[{"href":"https:\/\/www.largepillow.com\/ro\/wp-json\/wp\/v2\/media?parent=7312"}],"wp:term":[{"taxonomy":"product_brand","embeddable":true,"href":"https:\/\/www.largepillow.com\/ro\/wp-json\/wp\/v2\/product_brand?post=7312"},{"taxonomy":"product_cat","embeddable":true,"href":"https:\/\/www.largepillow.com\/ro\/wp-json\/wp\/v2\/product_cat?post=7312"},{"taxonomy":"product_tag","embeddable":true,"href":"https:\/\/www.largepillow.com\/ro\/wp-json\/wp\/v2\/product_tag?post=7312"}],"curies":[{"name":"wp","href":"https:\/\/api.w.org\/{rel}","templated":true}]}}