{"id":7531,"date":"2025-05-19T02:23:59","date_gmt":"2025-05-19T02:23:59","guid":{"rendered":"https:\/\/www.largepillow.com\/product\/fries-inspired-bean-bag-couch-chair-comfort-for-everyone"},"modified":"2025-11-05T02:16:40","modified_gmt":"2025-11-05T02:16:40","slug":"fotoliu-tip-sac-de-fasole-inspirat-de-cartofi-prajiti-confort-pentru-toata-lumea","status":"publish","type":"product","link":"https:\/\/www.largepillow.com\/ro\/product\/fries-inspired-bean-bag-couch-chair-comfort-for-everyone","title":{"rendered":"Canapea tip puf inspirat\u0103 de cartofi pr\u0103ji\u021bi, confort pentru toat\u0103 lumea"},"content":{"rendered":"[zc_getpagecontent mb=&#8221;mb_aplus&#8221; apid=&#8221;122&#8243;]\n","protected":false},"excerpt":{"rendered":"<ul>\n<li>Reglabil \u0219i personalizabil: Fotoliile puf cu cartofi pr\u0103ji\u021bi pentru adolescen\u021bi ofer\u0103 flexibilitate complet\u0103. Ajusta\u021bi pozi\u021bia \u0219i cantitatea de cartofi pr\u0103ji\u021bi pentru a men\u021bine cea mai confortabil\u0103 experien\u021b\u0103 pentru corpul dumneavoastr\u0103. \u00centinde\u021bi-v\u0103 complet \u00een jurul cartofilor pr\u0103ji\u021bi pentru o senza\u021bie confortabil\u0103, amelior\u00e2nd oboseala fizic\u0103 \u0219i anxietatea. A\u0219eza\u021bi-v\u0103 pe canapeaua puf, citi\u021bi o carte sau bucura\u021bi-v\u0103 de un film \u00eempreun\u0103, f\u0103c\u00e2nd timpul liber \u0219i mai pl\u0103cut.<\/li>\n<li>Design unic de cartofi pr\u0103ji\u021bi: Fotoliile noastre tip puf se inspir\u0103 din gustarea preferat\u0103 a tuturor - cartofii pr\u0103ji\u021bi! Av\u00e2nd 25 de cartofi pr\u0103ji\u021bi individuali, acest puf poate fi aranjat \u00een diferite \u00een\u0103l\u021bimi \u0219i combina\u021bii. Cufunda\u021bi-v\u0103 \u00een spa\u021biile dintre cartofi, bucura\u021bi-v\u0103 de confort \u0219i relaxare sau organiza\u021bi o \u201cb\u0103taie de perne\u201d juc\u0103u\u0219\u0103 cu prietenii, sco\u021b\u00e2nd cartofii pr\u0103ji\u021bi separat. Practic \u0219i fascinant, adaug\u0103 un nou nivel de distrac\u021bie vie\u021bii voastre.<\/li>\n<li>Confort \u0219i durabilitate superioare: Canapeaua noastr\u0103 tip puf pentru cartofi pr\u0103ji\u021bi este confec\u021bionat\u0103 dintr-un plu\u0219 moale \u0219i confortabil, scurt \u0219i este umplut\u0103 cu poliester pufos. Experimenta\u021bi pl\u0103cerea de a v\u0103 scufunda \u0219i stoarce cartofii pr\u0103ji\u021bi, \u00een timp ce ace\u0219tia v\u0103 sus\u021bin corpul. Recipientul pentru cartofi pr\u0103ji\u021bi este umplut cu spum\u0103 de \u00eenalt\u0103 densitate, asigur\u00e2nd p\u0103strarea formei pe termen lung, f\u0103r\u0103 deformare. Designul cu fermoar al recipientului permite o cur\u0103\u021bare \u0219i o \u00eentre\u021binere u\u0219oar\u0103.<\/li>\n<li>Decor distractiv \u0219i elegant: Schema de culori realist\u0103 a cartofilor pr\u0103ji\u021bi, \u00eempreun\u0103 cu aspectul lor cald \u0219i confortabil, adaug\u0103 o not\u0103 de distrac\u021bie oric\u0103rui spa\u021biu. Aceast\u0103 canapea extensibil\u0103 unic\u0103 poate fi plasat\u0103 \u00een orice col\u021b al casei dvs., cre\u00e2nd locul perfect pentru seri de jocuri \u00een familie, lectur\u0103 sau activit\u0103\u021bi de \u00eenv\u0103\u021bare.<\/li>\n<li>Pachet de compresie: Fotoliile noastre puf pentru adolescen\u021bi sunt comprimate \u00een vid, ceea ce poate duce la deformare temporar\u0103 \u0219i sub\u021biere la deschidere. Aceasta nu este o problem\u0103 de calitate. Pur \u0219i simplu a\u0219tepta\u021bi 48-72 de ore, agita\u021bi u\u0219or \u0219i tampona\u021bi puful pentru a-l ajuta s\u0103-\u0219i recapete forma ini\u021bial\u0103.<\/li>\n<\/ul>","protected":false},"featured_media":7524,"comment_status":"open","ping_status":"closed","template":"","meta":[],"product_brand":[],"product_cat":[228],"product_tag":[],"class_list":{"0":"post-7531","1":"product","2":"type-product","3":"status-publish","4":"has-post-thumbnail","6":"product_cat-cushions","8":"first","9":"outofstock","10":"sold-individually","11":"shipping-taxable","12":"purchasable","13":"product-type-simple"},"_links":{"self":[{"href":"https:\/\/www.largepillow.com\/ro\/wp-json\/wp\/v2\/product\/7531","targetHints":{"allow":["GET"]}}],"collection":[{"href":"https:\/\/www.largepillow.com\/ro\/wp-json\/wp\/v2\/product"}],"about":[{"href":"https:\/\/www.largepillow.com\/ro\/wp-json\/wp\/v2\/types\/product"}],"replies":[{"embeddable":true,"href":"https:\/\/www.largepillow.com\/ro\/wp-json\/wp\/v2\/comments?post=7531"}],"wp:featuredmedia":[{"embeddable":true,"href":"https:\/\/www.largepillow.com\/ro\/wp-json\/wp\/v2\/media\/7524"}],"wp:attachment":[{"href":"https:\/\/www.largepillow.com\/ro\/wp-json\/wp\/v2\/media?parent=7531"}],"wp:term":[{"taxonomy":"product_brand","embeddable":true,"href":"https:\/\/www.largepillow.com\/ro\/wp-json\/wp\/v2\/product_brand?post=7531"},{"taxonomy":"product_cat","embeddable":true,"href":"https:\/\/www.largepillow.com\/ro\/wp-json\/wp\/v2\/product_cat?post=7531"},{"taxonomy":"product_tag","embeddable":true,"href":"https:\/\/www.largepillow.com\/ro\/wp-json\/wp\/v2\/product_tag?post=7531"}],"curies":[{"name":"wp","href":"https:\/\/api.w.org\/{rel}","templated":true}]}}