{"id":7563,"date":"2025-05-19T03:29:58","date_gmt":"2025-05-19T03:29:58","guid":{"rendered":"https:\/\/www.largepillow.com\/product\/foldable-book-shaped-floor-pillow-cushion-unique-fun-gift"},"modified":"2025-06-17T23:03:30","modified_gmt":"2025-06-17T23:03:30","slug":"perna-de-podea-pliabila-in-forma-de-carte-cadou-unic-si-distractiv","status":"publish","type":"product","link":"https:\/\/www.largepillow.com\/ro\/product\/foldable-book-shaped-floor-pillow-cushion-unique-fun-gift\/","title":{"rendered":"Pern\u0103 de podea pliabil\u0103 \u00een form\u0103 de carte, cadou distractiv unic"},"content":{"rendered":"[zc_getpagecontent mb=&#8221;mb_aplus&#8221; apid=&#8221;106&#8243;]\n","protected":false},"excerpt":{"rendered":"<ul>\n<li>Versatilitate \u0219i creativitate \u2013 Perna de podea \u00een form\u0103 de caiet este mai mult dec\u00e2t un simplu loc de stat; este o fuziune \u00eentre practicitate \u0219i creativitate; C\u00e2nd este deschis\u0103, se transform\u0103 \u00een dou\u0103 perne conectate, oferind \u0219ezut suplimentar sau un sp\u0103tar, fiind ideal\u0103 at\u00e2t pentru acas\u0103, c\u00e2t \u0219i pentru birou. Aspectul s\u0103u unic de caiet nu numai c\u0103 adaug\u0103 o not\u0103 juc\u0103u\u0219\u0103 decorului casei, dar st\u00e2rne\u0219te \u0219i imagina\u021bia.<\/li>\n<li>Comoditatea depozit\u0103rii - Aceast\u0103 pern\u0103 dispune de un compartiment de depozitare, ceea ce o face nu doar un scaun confortabil, ci \u0219i o solu\u021bie practic\u0103 de depozitare, pute\u021bi depozita cu u\u0219urin\u021b\u0103 c\u0103r\u021bi, reviste sau alte obiecte mici, men\u021bin\u00e2nd spa\u021biile ordonate \u0219i p\u0103str\u00e2nd materialele de lectur\u0103 la \u00eendem\u00e2n\u0103, perfect\u0103 pentru iubitorii de c\u0103r\u021bi.<\/li>\n<li>Experien\u021b\u0103 confortabil\u0103 de citit \u2013 Cu spum\u0103 de \u00eenalt\u0103 densitate \u0219i sus\u021binere ridicat\u0103, perna noastr\u0103 ofer\u0103 o experien\u021b\u0103 confortabil\u0103 de \u0219edere \u0219i sus\u021binere, asigur\u00e2nd c\u0103 at\u00e2t copiii, c\u00e2t \u0219i adul\u021bii se pot bucura de un col\u021bi\u0219or de lectur\u0103 confortabil pe podea, reduc\u00e2nd disconfortul cauzat de sesiunile prelungite de citit.<\/li>\n<li>Multifunc\u021bionalitate pentru fotografie \u0219i decor \u2013 Designul unic \u0219i culorile vibrante ale acestei perne o fac un element remarcabil \u00een fotografie. Poate oferi un fundal creativ pentru fotografii de familie sau \u0219edin\u021be profesionale \u0219i, de asemenea, poate servi ca parte a decorului interior, ad\u0103ug\u00e2nd vibran\u021b\u0103 \u0219i personalitate oric\u0103rui spa\u021biu.<\/li>\n<li>Ideal pentru s\u0103rb\u0103tori \u0219i cadouri - Un cadou perfect de s\u0103rb\u0103tori pentru cei care caut\u0103 ceva distractiv \u0219i practic. Nu este doar un cadou grozav de Cr\u0103ciun, ci \u0219i un cadou special pentru orice s\u0103rb\u0103toare, cum ar fi ziua de na\u0219tere \u0219i Halloween, aduc\u00e2nd surpriz\u0103 \u0219i r\u00e2sete prietenilor \u0219i familiei.<\/li>\n<\/ul>","protected":false},"featured_media":7551,"comment_status":"open","ping_status":"closed","template":"","meta":[],"product_brand":[],"product_cat":[228],"product_tag":[],"class_list":{"0":"post-7563","1":"product","2":"type-product","3":"status-publish","4":"has-post-thumbnail","6":"product_cat-cushions","8":"first","9":"outofstock","10":"sold-individually","11":"shipping-taxable","12":"purchasable","13":"product-type-simple"},"_links":{"self":[{"href":"https:\/\/www.largepillow.com\/ro\/wp-json\/wp\/v2\/product\/7563","targetHints":{"allow":["GET"]}}],"collection":[{"href":"https:\/\/www.largepillow.com\/ro\/wp-json\/wp\/v2\/product"}],"about":[{"href":"https:\/\/www.largepillow.com\/ro\/wp-json\/wp\/v2\/types\/product"}],"replies":[{"embeddable":true,"href":"https:\/\/www.largepillow.com\/ro\/wp-json\/wp\/v2\/comments?post=7563"}],"wp:featuredmedia":[{"embeddable":true,"href":"https:\/\/www.largepillow.com\/ro\/wp-json\/wp\/v2\/media\/7551"}],"wp:attachment":[{"href":"https:\/\/www.largepillow.com\/ro\/wp-json\/wp\/v2\/media?parent=7563"}],"wp:term":[{"taxonomy":"product_brand","embeddable":true,"href":"https:\/\/www.largepillow.com\/ro\/wp-json\/wp\/v2\/product_brand?post=7563"},{"taxonomy":"product_cat","embeddable":true,"href":"https:\/\/www.largepillow.com\/ro\/wp-json\/wp\/v2\/product_cat?post=7563"},{"taxonomy":"product_tag","embeddable":true,"href":"https:\/\/www.largepillow.com\/ro\/wp-json\/wp\/v2\/product_tag?post=7563"}],"curies":[{"name":"wp","href":"https:\/\/api.w.org\/{rel}","templated":true}]}}