{"id":7571,"date":"2025-05-19T03:46:33","date_gmt":"2025-05-19T03:46:33","guid":{"rendered":"https:\/\/www.largepillow.com\/product\/3d-felt-donut-pet-bed-with-mat-for-cats-small-dogs"},"modified":"2025-05-19T04:14:09","modified_gmt":"2025-05-19T04:14:09","slug":"pat-pentru-animale-de-companie-din-pasla-3d-cu-covoras-pentru-pisici-si-caini-mici","status":"publish","type":"product","link":"https:\/\/www.largepillow.com\/ro\/product\/3d-felt-donut-pet-bed-with-mat-for-cats-small-dogs","title":{"rendered":"Pat pentru animale de companie din p\u00e2sl\u0103 3D cu covora\u0219 pentru pisici \u0219i c\u00e2ini mici"},"content":{"rendered":"[zc_getpagecontent mb=&#8221;mb_aplus&#8221; apid=&#8221;123&#8243;]\n","protected":false},"excerpt":{"rendered":"<ul>\n<li>Design modern inspirat de gogo\u0219i \u2013 Patul nostru pentru animale de companie nu este doar un loc unde prietenul t\u0103u bl\u0103nos se poate odihni; este o pies\u0103 de mobilier; Prezint\u0103 un design infuzat cu art\u0103 parametric\u0103 \u0219i o schem\u0103 de culori vibrant\u0103. Acesta nu este doar un pat; este un element decorativ elegant care poate transforma orice camer\u0103 din casa ta.<\/li>\n<li>Asamblare DIY cu puzzle 3D f\u0103r\u0103 efort - Transform\u0103 procesul de amenajare a patului animalului t\u0103u de companie \u00eentr-o experien\u021b\u0103 memorabil\u0103; Patul nostru pentru c\u00e2ini mici este fabricat dintr-un cadru din fetru de \u00eenalt\u0103 rezisten\u021b\u0103, asamblarea este o joac\u0103 de copii. Este at\u00e2t de simplu \u00eenc\u00e2t po\u021bi implica \u00eentreaga familie, cre\u00e2nd o activitate distractiv\u0103 \u0219i captivant\u0103, construind \u00een acela\u0219i timp un refugiu confortabil pentru animalul t\u0103u de companie iubit.<\/li>\n<li>Portabil \u0219i u\u0219or de pliat - Designul s\u0103u pliabil \u00eei permite s\u0103 se transforme \u00eentr-o dimensiune compact\u0103, \u00eencadr\u00e2ndu-se perfect \u00een portbagajul ma\u0219inii, \u00een valiz\u0103 sau \u00een dulapul de depozitare; Indiferent dac\u0103 porni\u021bi \u00eentr-o c\u0103l\u0103torie, v\u0103 muta\u021bi \u00eentr-o cas\u0103 nou\u0103 sau pur \u0219i simplu vizita\u021bi un prieten, animalul dvs. de companie se poate bucura de un loc de odihn\u0103 familiar \u0219i confortabil oriunde merge\u021bi.<\/li>\n<li>Durabilitatea \u00eent\u00e2lne\u0219te confortul \u2013 Perna este \u00eenvelit\u0103 \u00eentr-o \u021bes\u0103tur\u0103 de catifea super moale, prietenoas\u0103 cu pielea, asigur\u00e2nd o atingere delicat\u0103 pe blana animalului dvs. de companie; Umplut\u0103 cu bumbac PP de \u00eenalt\u0103 densitate, ofer\u0103 un confort plu\u0219at, asem\u0103n\u0103tor unui nor, pe care animalul dvs. de companie \u00eel va adora.<\/li>\n<li>Refugiu spa\u021bios pentru animale de companie mici \u2013 Indiferent dac\u0103 sunte\u021bi m\u00e2ndru proprietar al unei pisici persane, ragdoll sau cu p\u0103r scurt, sau ave\u021bi rase de c\u00e2ini mici, cum ar fi pudeli, pomeranian sau chihuahua, patul nostru pentru animale de companie ofer\u0103 spa\u021biu amplu pentru a se relaxa, a se \u00eentinde \u0219i a dormi confortabil.<\/li>\n<\/ul>","protected":false},"featured_media":7564,"comment_status":"open","ping_status":"closed","template":"","meta":[],"product_brand":[],"product_cat":[227],"product_tag":[],"class_list":{"0":"post-7571","1":"product","2":"type-product","3":"status-publish","4":"has-post-thumbnail","6":"product_cat-pet-supplies","8":"first","9":"instock","10":"shipping-taxable","11":"purchasable","12":"product-type-simple"},"_links":{"self":[{"href":"https:\/\/www.largepillow.com\/ro\/wp-json\/wp\/v2\/product\/7571","targetHints":{"allow":["GET"]}}],"collection":[{"href":"https:\/\/www.largepillow.com\/ro\/wp-json\/wp\/v2\/product"}],"about":[{"href":"https:\/\/www.largepillow.com\/ro\/wp-json\/wp\/v2\/types\/product"}],"replies":[{"embeddable":true,"href":"https:\/\/www.largepillow.com\/ro\/wp-json\/wp\/v2\/comments?post=7571"}],"wp:featuredmedia":[{"embeddable":true,"href":"https:\/\/www.largepillow.com\/ro\/wp-json\/wp\/v2\/media\/7564"}],"wp:attachment":[{"href":"https:\/\/www.largepillow.com\/ro\/wp-json\/wp\/v2\/media?parent=7571"}],"wp:term":[{"taxonomy":"product_brand","embeddable":true,"href":"https:\/\/www.largepillow.com\/ro\/wp-json\/wp\/v2\/product_brand?post=7571"},{"taxonomy":"product_cat","embeddable":true,"href":"https:\/\/www.largepillow.com\/ro\/wp-json\/wp\/v2\/product_cat?post=7571"},{"taxonomy":"product_tag","embeddable":true,"href":"https:\/\/www.largepillow.com\/ro\/wp-json\/wp\/v2\/product_tag?post=7571"}],"curies":[{"name":"wp","href":"https:\/\/api.w.org\/{rel}","templated":true}]}}