{"id":759,"date":"2022-09-16T07:57:41","date_gmt":"2022-09-16T07:57:41","guid":{"rendered":"https:\/\/www.largepillow.com\/product\/wedge-pillow-for-acid-reflux_37_38"},"modified":"2026-02-07T07:41:51","modified_gmt":"2026-02-07T07:41:51","slug":"perna-mare-pentru-tablia-patului-3","status":"publish","type":"product","link":"https:\/\/www.largepillow.com\/ro\/product\/large-headboard-cushion","title":{"rendered":"Pern\u0103 mare pentru t\u0103blia patului"},"content":{"rendered":"<p>Descoper\u0103 confortul cu perna mare pentru t\u0103blia patului<\/p>\n<p>Dac\u0103 \u00ee\u021bi place s\u0103 cite\u0219ti sau s\u0103 te ui\u021bi la televizor \u00een pat, dar \u00ee\u021bi este greu s\u0103 te sim\u021bi confortabil, perna mare pentru t\u0103blia patului este solu\u021bia perfect\u0103. Aceast\u0103 pern\u0103 supradimensionat\u0103 transform\u0103 patul t\u0103u \u00eentr-o oaz\u0103 de relaxare. <\/p>\n<p>Cu forma sa curbat\u0103 \u0219i designul sp\u0103tarului cu dou\u0103 r\u00e2nduri ridicate, perna mare pentru t\u0103blia patului te ofer\u0103 un suport moale. Husa din poliester 100% \u0219i umplutura din fibre de \u00eenalt\u0103 rezisten\u021b\u0103 ofer\u0103 o moliciune de lung\u0103 durat\u0103. Dup\u0103 cum a spus un client: \u201cAceast\u0103 pern\u0103 este extrem de confortabil\u0103 \u0219i ofer\u0103 un suport excelent pentru spate atunci c\u00e2nd stai \u00een pat.\u201d<\/p>\n<p>Indiferent cum \u00ee\u021bi place s\u0103 te relaxezi, perna mare pentru t\u0103blia patului te acoper\u0103. Folose\u0219te-o \u00een pozi\u021bie vertical\u0103 ca sp\u0103tar pentru citit, apleac\u0103-te pe ea pentru a viziona filme f\u0103r\u0103 m\u00e2ini sau a\u0219eaz\u0103-o sub picioare pentru un confort sporit. Un recenzent a comentat: \u201c\u00cemi place s\u0103 am op\u021biunea de a o folosi \u00een at\u00e2tea moduri diferite.\u201d  <\/p>\n<p>Aceast\u0103 pern\u0103 versatil\u0103 dispune \u0219i de buzunare laterale pentru a \u021bine telecomenzi, c\u0103r\u021bi \u0219i dispozitive la \u00eendem\u00e2n\u0103. Este disponibil\u0103 \u00eentr-o gam\u0103 de dimensiuni de la 100 cm p\u00e2n\u0103 la 200 cm l\u0103\u021bime pentru a se potrivi oric\u0103rui pat. Husa deta\u0219abil\u0103 simplific\u0103 cur\u0103\u021barea - trebuie doar s\u0103 desface\u021bi fermoarul \u0219i s\u0103 o sp\u0103la\u021bi la ma\u0219in\u0103.<\/p>\n<p>Cu un confort superior \u0219i m\u0103iestrie fin\u0103, perna mare pentru t\u0103blia patului \u00ee\u0219i propune s\u0103 v\u0103 satisfac\u0103. Dup\u0103 cum a spus un client \u00eenc\u00e2ntat: \u201cAceast\u0103 pern\u0103 face ca relaxarea \u00een pat s\u0103 fie o experien\u021b\u0103 at\u00e2t de luxoas\u0103!\u201d<\/p>\n<p>\u00cembun\u0103t\u0103\u021be\u0219te-\u021bi relaxarea cu confortul multifunc\u021bional al pernei mari pentru t\u0103blie. Comand\u0103-\u021bi-o ast\u0103zi!<\/p>","protected":false},"excerpt":{"rendered":"<ul>\n<li><strong>Confort suprem:<\/strong> Aceast\u0103 pern\u0103 XL pentru t\u0103blia de pat ofer\u0103 un confort excelent datorit\u0103 designului s\u0103u curbat. Aceast\u0103 pern\u0103 pentru citit v\u0103 poate ajuta s\u0103 r\u0103m\u00e2ne\u021bi f\u0103r\u0103 tensiune \u00een pat, pe canapea sau pe canapea extensibil\u0103, fiind ideal\u0103 pentru cei care lucreaz\u0103 noaptea, pentru cititori \u0219i pentru a se uita la televizor \u00een pat.<\/li>\n<li><strong>Design cu sp\u0103tar ridicat:<\/strong> Bucura\u021bi-v\u0103 de un confort de neegalat cu designul unic al sp\u0103tarului ridicat pe dou\u0103 r\u00e2nduri al pernei noastre pentru t\u0103blie. Perna pentru t\u0103blie cu sp\u0103tar ridicat ofer\u0103 un suport superior pentru g\u00e2t \u0219i spate, fiind locul perfect pentru a v\u0103 relaxa \u0219i a citi \u00een pat.<\/li>\n<li><strong>Pern\u0103 multifunc\u021bional\u0103:<\/strong> Cu trei moduri diferite de utilizare, perna noastr\u0103 este perfect\u0103 pentru orice situa\u021bie. Indiferent dac\u0103 prefera\u021bi s\u0103 o folosi\u021bi ca pern\u0103 pentru spate vertical\u0103, ca pern\u0103 cu pan\u0103 sau ca pern\u0103 pentru picioare pentru un sprijin sporit, este accesoriul ideal pentru odihn\u0103 \u0219i relaxare confortabil\u0103.<\/li>\n<li><strong>M\u0103iestrie superioar\u0103:<\/strong> Fabricat\u0103 din material cu aspect de in, cu o compozi\u021bie din poliester 100%, perna noastr\u0103 pentru t\u0103blie este umplut\u0103 cu fibr\u0103 de poliester ecologic\u0103 \u0219i de \u00eenalt\u0103 rezisten\u021b\u0103. Perna deta\u0219abil\u0103 pentru pat este u\u0219or de sp\u0103lat la ma\u0219in\u0103, \u00een timp ce buzunarele laterale mici adaug\u0103 un plus de practicitate acestui produs deja luxos.<\/li>\n<li><strong>U\u0219or de sp\u0103lat:<\/strong> Husa de pern\u0103 pentru t\u0103blia patului este ata\u0219at\u0103 la interiorul pernei cu nasturi \u0219i este u\u0219or de \u00eendep\u0103rtat cu un fermoar simplu. Acest lucru face ca cur\u0103\u021barea s\u0103 fie u\u0219oar\u0103. Trebuie doar s\u0103 scoate\u021bi husa \u0219i s\u0103 o sp\u0103la\u021bi rapid la ma\u0219in\u0103 pentru ca perna s\u0103 arate ca nou\u0103.<\/li>\n<li><strong>Dimensiune:<\/strong> 100cm (L100 x L26 x \u00ce55 | 3 nasturi pentru coloane), 120cm (L120 x L26 x \u00ce55 | 4 nasturi pentru coloane), 140cm (L140 x L26 x \u00ce55 | 4 nasturi pentru coloane), 160cm (L160 x L26 x \u00ce55 | 5 nasturi pentru coloane), 180cm (L180 x L26 x \u00ce55 | 6 nasturi pentru coloane), 200cm (L200 x L26 x \u00ce55 | 7 nasturi pentru coloane).<\/li>\n<\/ul>","protected":false},"featured_media":745,"comment_status":"open","ping_status":"closed","template":"","meta":[],"product_brand":[],"product_cat":[15],"product_tag":[66,164,161,171,143,59,162],"class_list":{"0":"post-759","1":"product","2":"type-product","3":"status-publish","4":"has-post-thumbnail","6":"product_cat-large-wedge-pillow","7":"product_tag-back-support-pillow","8":"product_tag-detachable-bolster-bed-cushion","9":"product_tag-elevated-headboard-pillow","10":"product_tag-large-headboard-cushion","11":"product_tag-multifunctional-pillow","12":"product_tag-reading-pillow","13":"product_tag-upright-back-pillow","15":"first","16":"instock","17":"featured","18":"shipping-taxable","19":"purchasable","20":"product-type-variable"},"_links":{"self":[{"href":"https:\/\/www.largepillow.com\/ro\/wp-json\/wp\/v2\/product\/759","targetHints":{"allow":["GET"]}}],"collection":[{"href":"https:\/\/www.largepillow.com\/ro\/wp-json\/wp\/v2\/product"}],"about":[{"href":"https:\/\/www.largepillow.com\/ro\/wp-json\/wp\/v2\/types\/product"}],"replies":[{"embeddable":true,"href":"https:\/\/www.largepillow.com\/ro\/wp-json\/wp\/v2\/comments?post=759"}],"wp:featuredmedia":[{"embeddable":true,"href":"https:\/\/www.largepillow.com\/ro\/wp-json\/wp\/v2\/media\/745"}],"wp:attachment":[{"href":"https:\/\/www.largepillow.com\/ro\/wp-json\/wp\/v2\/media?parent=759"}],"wp:term":[{"taxonomy":"product_brand","embeddable":true,"href":"https:\/\/www.largepillow.com\/ro\/wp-json\/wp\/v2\/product_brand?post=759"},{"taxonomy":"product_cat","embeddable":true,"href":"https:\/\/www.largepillow.com\/ro\/wp-json\/wp\/v2\/product_cat?post=759"},{"taxonomy":"product_tag","embeddable":true,"href":"https:\/\/www.largepillow.com\/ro\/wp-json\/wp\/v2\/product_tag?post=759"}],"curies":[{"name":"wp","href":"https:\/\/api.w.org\/{rel}","templated":true}]}}