{"id":7686,"date":"2025-05-23T03:16:35","date_gmt":"2025-05-23T03:16:35","guid":{"rendered":"https:\/\/www.largepillow.com\/product\/comfortable-ocean-themed-dolos-backrest-pillow"},"modified":"2025-06-17T23:03:29","modified_gmt":"2025-06-17T23:03:29","slug":"perna-confortabila-pentru-spatar-dolos-cu-tematica-oceanica","status":"publish","type":"product","link":"https:\/\/www.largepillow.com\/ro\/product\/comfortable-ocean-themed-dolos-backrest-pillow","title":{"rendered":"Pern\u0103 confortabil\u0103 pentru sp\u0103tar Dolos cu tematic\u0103 oceanic\u0103"},"content":{"rendered":"[zc_getpagecontent mb=&#8221;mb_aplus&#8221; apid=&#8221;132&#8243;]\n","protected":false},"excerpt":{"rendered":"<ul>\n<li>Pern\u0103 de citit pentru pat \u0219i podea \u2013 Aceast\u0103 pern\u0103 mare \u0219i elegant\u0103 pentru canapea este conceput\u0103 pentru a oferi suport optim pentru cap, g\u00e2t \u0219i spate, indiferent dac\u0103 stai pe pat sau pe podea; Forma sa ergonomic\u0103 asigur\u0103 o experien\u021b\u0103 de citit confortabil\u0103, reduc\u00e2nd tensiunea \u0219i oboseala.<\/li>\n<li>Conceput\u0103 pentru entuzia\u0219tii Dolos: Creat\u0103 special pentru cei care admir\u0103 farmecul industrial al Dolos, aceast\u0103 pern\u0103 pentru sp\u0103tar este un omagiu unic; serve\u0219te at\u00e2t ca articol func\u021bional de confort, c\u00e2t \u0219i ca o pies\u0103 de rezisten\u021b\u0103 care celebreaz\u0103 farmecul unic al acestor structuri de coast\u0103.<\/li>\n<li>Materiale de \u00eenalt\u0103 calitate: Fabricat\u0103 din materiale care evoc\u0103 senza\u021bia oceanului, materialul moale imit\u0103 atingerea delicat\u0103 a stropilor de mare, \u00een timp ce construc\u021bia durabil\u0103 asigur\u0103 rezisten\u021ba la testul timpului, la fel ca robustul Dolos \u00eempotriva valurilor.<\/li>\n<li>Amplasare versatil\u0103 cu tematic\u0103 oceanic\u0103: Ideal\u0103 pentru orice camer\u0103 cu un decor inspirat de coast\u0103 sau ocean; Fie c\u0103 este a\u0219ezat\u0103 pe canapeaua din sufragerie pentru o sear\u0103 de filme cu tematic\u0103 nautic\u0103, a\u0219ezat\u0103 pe patul din dormitor pentru o senza\u021bie de plaj\u0103 \u00eenainte de culcare sau folosit\u0103 pe balcon pentru a v\u0103 bucura de briza de coast\u0103.<\/li>\n<li>O pies\u0103 de colec\u021bie pentru iubitorii de ocean: Pentru pasiona\u021bii de ocean \u0219i iubitorii de ocean deopotriv\u0103, aceast\u0103 pern\u0103 decorativ\u0103 cu inser\u021bii este mai mult dec\u00e2t un simplu accesoriu pentru cas\u0103; este un obiect de colec\u021bie care reprezint\u0103 intersec\u021bia dintre designul industrial, farmecul litoral \u0219i confort.<\/li>\n<\/ul>","protected":false},"featured_media":7672,"comment_status":"open","ping_status":"closed","template":"","meta":[],"product_brand":[],"product_cat":[228],"product_tag":[],"class_list":{"0":"post-7686","1":"product","2":"type-product","3":"status-publish","4":"has-post-thumbnail","6":"product_cat-cushions","8":"first","9":"instock","10":"sold-individually","11":"shipping-taxable","12":"purchasable","13":"product-type-simple"},"_links":{"self":[{"href":"https:\/\/www.largepillow.com\/ro\/wp-json\/wp\/v2\/product\/7686","targetHints":{"allow":["GET"]}}],"collection":[{"href":"https:\/\/www.largepillow.com\/ro\/wp-json\/wp\/v2\/product"}],"about":[{"href":"https:\/\/www.largepillow.com\/ro\/wp-json\/wp\/v2\/types\/product"}],"replies":[{"embeddable":true,"href":"https:\/\/www.largepillow.com\/ro\/wp-json\/wp\/v2\/comments?post=7686"}],"wp:featuredmedia":[{"embeddable":true,"href":"https:\/\/www.largepillow.com\/ro\/wp-json\/wp\/v2\/media\/7672"}],"wp:attachment":[{"href":"https:\/\/www.largepillow.com\/ro\/wp-json\/wp\/v2\/media?parent=7686"}],"wp:term":[{"taxonomy":"product_brand","embeddable":true,"href":"https:\/\/www.largepillow.com\/ro\/wp-json\/wp\/v2\/product_brand?post=7686"},{"taxonomy":"product_cat","embeddable":true,"href":"https:\/\/www.largepillow.com\/ro\/wp-json\/wp\/v2\/product_cat?post=7686"},{"taxonomy":"product_tag","embeddable":true,"href":"https:\/\/www.largepillow.com\/ro\/wp-json\/wp\/v2\/product_tag?post=7686"}],"curies":[{"name":"wp","href":"https:\/\/api.w.org\/{rel}","templated":true}]}}