{"id":7712,"date":"2025-05-23T03:28:33","date_gmt":"2025-05-23T03:28:33","guid":{"rendered":"https:\/\/www.largepillow.com\/product\/multi-purpose-fun-comfortable-bean-bag-chairs"},"modified":"2025-06-17T14:08:43","modified_gmt":"2025-06-17T14:08:43","slug":"fotolii-puf-confortabile-si-distractive-multifunctionale","status":"publish","type":"product","link":"https:\/\/www.largepillow.com\/ro\/product\/multi-purpose-fun-comfortable-bean-bag-chairs","title":{"rendered":"Fotolii tip puf multifunc\u021bionale, distractive \u0219i confortabile"},"content":{"rendered":"[zc_getpagecontent mb=&#8221;mb_aplus&#8221; apid=&#8221;128&#8243;]\n","protected":false},"excerpt":{"rendered":"<ul>\n<li>\u00cembun\u0103t\u0103\u021bi\u021bi-v\u0103 relaxarea cu fotoliul puf CozyBanana, conceput pentru confort \u0219i comoditate des\u0103v\u00e2r\u0219ite. Av\u00e2nd un material premium din plu\u0219 scurt, o hus\u0103 deta\u0219abil\u0103, lavabil\u0103 la ma\u0219in\u0103, \u0219i un accent elegant din fr\u00e2nghie de c\u00e2nep\u0103, acest fotoliu \u00een form\u0103 de banan\u0103 \u00eembin\u0103 luxul cu caracterul practic. Perfect pentru relaxare, jocuri sau somn, este ideal pentru case moderne, c\u0103mine sau spa\u021bii de divertisment.<\/li>\n<li>Confort suprem: ad\u00e2ncimea \u0219ezutului de 24\u2033 \u0219i umplutura din bumbac se muleaz\u0103 pe corpul dumneavoastr\u0103 pentru sus\u021binere pe tot parcursul zilei.<\/li>\n<li>Design lavabil la ma\u0219in\u0103: Cur\u0103\u021ba\u021bi f\u0103r\u0103 efort husa deta\u0219abil\u0103 \u00een ap\u0103 rece pentru a men\u021bine prospe\u021bimea.<\/li>\n<li>Materiale de lux: Plu\u0219 scurt, respirabil, prietenos cu pielea, cu detalii durabile din fr\u00e2nghie de c\u00e2nep\u0103.<\/li>\n<li>Stil versatil: Forma de banan\u0103 inspirat\u0103 de Art Deco, \u00een galben solid, completeaz\u0103 orice decor.<\/li>\n<li>U\u0219or de mutat: U\u0219or (7,3 kg) cu m\u00e2nere pentru portabilitate f\u0103r\u0103 probleme dintr-o camer\u0103 \u00een alta.<\/li>\n<li>Perfect pentru spa\u021bii mici: Compact, dar spa\u021bios (120 cm ad\u00e2ncime x 61 cm l\u0103\u021bime) pentru apartamente, c\u0103mine sau col\u021buri de lectur\u0103.<\/li>\n<li>Durabilitate garantat\u0103: Cus\u0103turile duble \u0219i perlele de spum\u0103 de \u00eenalt\u0103 densitate rezist\u0103 la l\u0103sare.<\/li>\n<li>Multifunc\u021bional: Ideal pentru seri de filme, sesiuni de jocuri sau ca o canapea elegant\u0103 de podea.<\/li>\n<\/ul>","protected":false},"featured_media":7703,"comment_status":"open","ping_status":"closed","template":"","meta":[],"product_brand":[],"product_cat":[228],"product_tag":[],"class_list":{"0":"post-7712","1":"product","2":"type-product","3":"status-publish","4":"has-post-thumbnail","6":"product_cat-cushions","8":"first","9":"instock","10":"sold-individually","11":"shipping-taxable","12":"purchasable","13":"product-type-simple"},"_links":{"self":[{"href":"https:\/\/www.largepillow.com\/ro\/wp-json\/wp\/v2\/product\/7712","targetHints":{"allow":["GET"]}}],"collection":[{"href":"https:\/\/www.largepillow.com\/ro\/wp-json\/wp\/v2\/product"}],"about":[{"href":"https:\/\/www.largepillow.com\/ro\/wp-json\/wp\/v2\/types\/product"}],"replies":[{"embeddable":true,"href":"https:\/\/www.largepillow.com\/ro\/wp-json\/wp\/v2\/comments?post=7712"}],"wp:featuredmedia":[{"embeddable":true,"href":"https:\/\/www.largepillow.com\/ro\/wp-json\/wp\/v2\/media\/7703"}],"wp:attachment":[{"href":"https:\/\/www.largepillow.com\/ro\/wp-json\/wp\/v2\/media?parent=7712"}],"wp:term":[{"taxonomy":"product_brand","embeddable":true,"href":"https:\/\/www.largepillow.com\/ro\/wp-json\/wp\/v2\/product_brand?post=7712"},{"taxonomy":"product_cat","embeddable":true,"href":"https:\/\/www.largepillow.com\/ro\/wp-json\/wp\/v2\/product_cat?post=7712"},{"taxonomy":"product_tag","embeddable":true,"href":"https:\/\/www.largepillow.com\/ro\/wp-json\/wp\/v2\/product_tag?post=7712"}],"curies":[{"name":"wp","href":"https:\/\/api.w.org\/{rel}","templated":true}]}}