{"id":7724,"date":"2025-05-23T03:43:35","date_gmt":"2025-05-23T03:43:35","guid":{"rendered":"https:\/\/www.largepillow.com\/product\/calming-dog-bed-with-removable-cushion-indoor-round-kennel"},"modified":"2025-05-28T01:44:41","modified_gmt":"2025-05-28T01:44:41","slug":"pat-de-caine-calmant-cu-perna-detasabila-cusca-rotunda-de-interior","status":"publish","type":"product","link":"https:\/\/www.largepillow.com\/ro\/product\/calming-dog-bed-with-removable-cushion-indoor-round-kennel\/","title":{"rendered":"Pat pentru c\u00e2ini calm cu pern\u0103 deta\u0219abil\u0103, cu\u0219c\u0103 rotund\u0103 de interior"},"content":{"rendered":"[zc_getpagecontent mb=&#8221;mb_aplus&#8221; apid=&#8221;120&#8243;]\n","protected":false},"excerpt":{"rendered":"<ul>\n<li>Design unic de \u00eembr\u0103\u021bi\u0219are \u2013 Inspirat de \u00eembr\u0103\u021bi\u0219\u0103rile tandre, acest pat circular pentru c\u00e2ini, inspirat de \u00eembr\u0103\u021bi\u0219\u0103ri, are un design circular cu margini \u00eenalte, ceea ce \u00eei face s\u0103 se simt\u0103 ca \u0219i cum ar fi \u021binut \u00een bra\u021be de st\u0103p\u00e2n \u00een orice moment, oferind un sentiment deplin de siguran\u021b\u0103.<\/li>\n<li>Calmant \u0219i anti-anxietate \u2013 Construc\u021bia unic\u0103 a patului pentru c\u00e2ini creeaz\u0103 un mediu asem\u0103n\u0103tor unui b\u00e2rlog, ajut\u0103 la reducerea anxiet\u0103\u021bii c\u00e2inilor, oferind un sentiment de securitate \u0219i confort; este o alegere ideal\u0103 pentru c\u00e2inii care se streseaz\u0103 u\u0219or, fie din cauza anxiet\u0103\u021bii de separare, a furtunilor sau a unor medii noi.<\/li>\n<li>Covora\u0219 pentru toate anotimpurile \u2013 Cu un design reversibil pentru c\u00e2ini, covora\u0219ul, cu materiale diferite pe ambele p\u0103r\u021bi, se poate adapta la diferite anotimpuri; Partea de catifea este cald\u0103 \u0219i confortabil\u0103 iarna, \u00een timp ce cealalt\u0103 parte este r\u0103coritoare \u0219i respirabil\u0103 vara, permi\u021b\u00e2nd utilizarea \u00een toate anotimpurile \u0219i av\u00e2nd grij\u0103 de somnul c\u00e2inelui dvs. pe tot parcursul anului.<\/li>\n<li>Materiale de \u00eenalt\u0103 calitate \u2013 Compus\u0103 dintr-o hus\u0103 c\u0103lduroas\u0103 de catifea, \u021bes\u0103tur\u0103 Oxford, bumbac PP de \u00eenalt\u0103 densitate, spum\u0103 cu sus\u021binere ridicat\u0103 \u0219i o pern\u0103 antiderapant\u0103, nu este doar moale \u0219i confortabil\u0103, ci are \u0219i un suport excelent \u0219i propriet\u0103\u021bi antiderapante, ceea ce face ca utilizarea de c\u0103tre c\u00e2inele dvs. s\u0103 fie mai lini\u0219titoare \u0219i asigur\u0103 durabilitatea produsului.<\/li>\n<li>\u00centre\u021binere u\u0219oar\u0103 - Patul pentru c\u00e2ine este conceput pentru a fi deta\u0219abil \u0219i lavabil la ma\u0219in\u0103; Trebuie doar s\u0103 \u00eel desface\u021bi, s\u0103 scoate\u021bi spuma de jos \u0219i bumbacul PP \u0219i s\u0103 pune\u021bi cu u\u0219urin\u021b\u0103 husa \u00een ma\u0219ina de sp\u0103lat; Acest lucru rezolv\u0103 cu u\u0219urin\u021b\u0103 problema cur\u0103\u021b\u0103rii \u0219i men\u021bine patul curat \u0219i igienic.<\/li>\n<li>Dimensiune: Medie \u2013 76*76*30cm (L 30.0\u2033 x l\u0103\u021bime 30.0\u2033 x grosime 12.0\u2033); Mare \u2013 110*110*35cm (L 45.0\u2033 x l\u0103\u021bime 45.0\u2033 x grosime 14.0\u2033).<\/li>\n<\/ul>","protected":false},"featured_media":7713,"comment_status":"open","ping_status":"closed","template":"","meta":[],"product_brand":[],"product_cat":[227],"product_tag":[],"class_list":{"0":"post-7724","1":"product","2":"type-product","3":"status-publish","4":"has-post-thumbnail","6":"product_cat-pet-supplies","8":"first","9":"instock","10":"shipping-taxable","11":"purchasable","12":"product-type-variable","13":"has-default-attributes"},"_links":{"self":[{"href":"https:\/\/www.largepillow.com\/ro\/wp-json\/wp\/v2\/product\/7724","targetHints":{"allow":["GET"]}}],"collection":[{"href":"https:\/\/www.largepillow.com\/ro\/wp-json\/wp\/v2\/product"}],"about":[{"href":"https:\/\/www.largepillow.com\/ro\/wp-json\/wp\/v2\/types\/product"}],"replies":[{"embeddable":true,"href":"https:\/\/www.largepillow.com\/ro\/wp-json\/wp\/v2\/comments?post=7724"}],"wp:featuredmedia":[{"embeddable":true,"href":"https:\/\/www.largepillow.com\/ro\/wp-json\/wp\/v2\/media\/7713"}],"wp:attachment":[{"href":"https:\/\/www.largepillow.com\/ro\/wp-json\/wp\/v2\/media?parent=7724"}],"wp:term":[{"taxonomy":"product_brand","embeddable":true,"href":"https:\/\/www.largepillow.com\/ro\/wp-json\/wp\/v2\/product_brand?post=7724"},{"taxonomy":"product_cat","embeddable":true,"href":"https:\/\/www.largepillow.com\/ro\/wp-json\/wp\/v2\/product_cat?post=7724"},{"taxonomy":"product_tag","embeddable":true,"href":"https:\/\/www.largepillow.com\/ro\/wp-json\/wp\/v2\/product_tag?post=7724"}],"curies":[{"name":"wp","href":"https:\/\/api.w.org\/{rel}","templated":true}]}}