{"id":8208,"date":"2025-06-12T02:14:34","date_gmt":"2025-06-12T02:14:34","guid":{"rendered":"https:\/\/www.largepillow.com\/product\/boneless-curved-couch-soft-corduroy-sofa-for-living-room"},"modified":"2026-01-21T02:31:12","modified_gmt":"2026-01-21T02:31:12","slug":"canapea-curbata-fara-os-canapea-moale-din-catifea-reiata-pentru-sufragerie","status":"publish","type":"product","link":"https:\/\/www.largepillow.com\/ro\/product\/boneless-curved-couch-soft-corduroy-sofa-for-living-room\/","title":{"rendered":"Canapea curbat\u0103 Boneless \u2013 Canapea moale din catifea reiat\u0103 pentru sufragerie"},"content":{"rendered":"[zc_getpagecontent mb=&#8221;mb_aplus&#8221; apid=&#8221;134&#8243;]\n","protected":false},"excerpt":{"rendered":"<ul>\n<li>Design curbat cu confort ultra-lat: Aceast\u0103 canapea extensibil\u0103 de 214 cm lungime are un \u0219ezut l\u0103\u021bime de 88 cm pentru confort maxim la \u00eentindere, sus\u021binut\u0103 de perne cilindrice fixe pentru un suport optim pentru spate \u0219i bra\u021be. Designul elegant \u00een zig-zag se potrive\u0219te perfect \u00een col\u021buri sau spa\u021bii deschise, fiind perfect pentru o relaxare profund\u0103 - indiferent dac\u0103 cite\u0219ti, tragi un pui de somn sau te ui\u021bi la emisiunile tale preferate.<\/li>\n<li>Confort moale ca un nor, cu suport ortopedic anti-l\u0103sare: Pernele superioare \u0219i pernele laterale sunt umplute generos cu bumbac PP moale, pentru o senza\u021bie de scufundare asem\u0103n\u0103toare unui nor. Sub aceasta, o baz\u0103 ferm\u0103 din spum\u0103 de \u00eenalt\u0103 densitate ofer\u0103 o structur\u0103 durabil\u0103 \u0219i de sus\u021binere, care te men\u021bine ridicat \u0219i aliniat - chiar \u0219i dup\u0103 ore \u00eentregi de relaxare.<\/li>\n<li>Indiferent dac\u0103 te cuib\u0103re\u0219ti cu o carte, te ui\u021bi pe telefon sau te bucuri de un pui de somn de duminic\u0103, perna cu densitate dubl\u0103 \u00ee\u021bi \u00eenconjoar\u0103 corpul, men\u021bin\u00e2nd \u00een acela\u0219i timp postura aliniat\u0103.<\/li>\n<li>Material catifea reiat\u0103 u\u0219or de cur\u0103\u021bat: Huse deta\u0219abile, lavabile la ma\u0219in\u0103, cu blan\u0103 artificial\u0103 de iepure moale \u0219i design texturat cu dungi. Rezistent la pete, potrivit pentru animale de companie\/copii.<\/li>\n<li>Design convertibil \u0219i deta\u0219abil: At\u00e2t partea superioar\u0103, c\u00e2t \u0219i cea inferioar\u0103 pot fi separate \u0219i a\u0219ezate plat pe podea pentru o relaxare versatil\u0103. Poate fi folosit\u0103 ca canapea de podea, fotoliu sau \u00eemp\u0103r\u021bit\u0103 \u00een 2 locuri. Ideal\u0103 pentru apartamente mici, c\u0103mine, camere TV sau col\u021buri de lectur\u0103.<\/li>\n<li>\u00cen\u0103l\u021bime umanizat\u0103: \u00cen\u0103l\u021bimea scaunului, proiectat\u0103 cu grij\u0103, permite genunchilor s\u0103 se \u00eendoaie \u00een mod natural, iar picioarele s\u0103 se odihneasc\u0103 plat pe podea - ideal\u0103 pentru relaxarea zilnic\u0103. Perne cilindrice pe dou\u0103 laturi ofer\u0103 un suport perfect pentru spate \u0219i bra\u021be.<\/li>\n<\/ul>","protected":false},"featured_media":8192,"comment_status":"open","ping_status":"closed","template":"","meta":[],"product_brand":[],"product_cat":[228],"product_tag":[],"class_list":{"0":"post-8208","1":"product","2":"type-product","3":"status-publish","4":"has-post-thumbnail","6":"product_cat-cushions","8":"first","9":"instock","10":"sold-individually","11":"shipping-taxable","12":"purchasable","13":"product-type-simple"},"_links":{"self":[{"href":"https:\/\/www.largepillow.com\/ro\/wp-json\/wp\/v2\/product\/8208","targetHints":{"allow":["GET"]}}],"collection":[{"href":"https:\/\/www.largepillow.com\/ro\/wp-json\/wp\/v2\/product"}],"about":[{"href":"https:\/\/www.largepillow.com\/ro\/wp-json\/wp\/v2\/types\/product"}],"replies":[{"embeddable":true,"href":"https:\/\/www.largepillow.com\/ro\/wp-json\/wp\/v2\/comments?post=8208"}],"wp:featuredmedia":[{"embeddable":true,"href":"https:\/\/www.largepillow.com\/ro\/wp-json\/wp\/v2\/media\/8192"}],"wp:attachment":[{"href":"https:\/\/www.largepillow.com\/ro\/wp-json\/wp\/v2\/media?parent=8208"}],"wp:term":[{"taxonomy":"product_brand","embeddable":true,"href":"https:\/\/www.largepillow.com\/ro\/wp-json\/wp\/v2\/product_brand?post=8208"},{"taxonomy":"product_cat","embeddable":true,"href":"https:\/\/www.largepillow.com\/ro\/wp-json\/wp\/v2\/product_cat?post=8208"},{"taxonomy":"product_tag","embeddable":true,"href":"https:\/\/www.largepillow.com\/ro\/wp-json\/wp\/v2\/product_tag?post=8208"}],"curies":[{"name":"wp","href":"https:\/\/api.w.org\/{rel}","templated":true}]}}