{"id":8233,"date":"2025-06-12T02:31:41","date_gmt":"2025-06-12T02:31:41","guid":{"rendered":"https:\/\/www.largepillow.com\/product\/plush-cloud-modular-sofa-with-chaise-removable-covers"},"modified":"2025-06-17T14:00:28","modified_gmt":"2025-06-17T14:00:28","slug":"canapea-modulara-plus-cloud-cu-sezlonguri-detasabile","status":"publish","type":"product","link":"https:\/\/www.largepillow.com\/ro\/product\/plush-cloud-modular-sofa-with-chaise-removable-covers","title":{"rendered":"Canapea modular\u0103 Plush Cloud cu \u0219ezlong \u0219i huse deta\u0219abile"},"content":{"rendered":"[zc_getpagecontent mb=&#8221;mb_aplus&#8221; apid=&#8221;130&#8243;]\n","protected":false},"excerpt":{"rendered":"<ul>\n<li>DESIGN MODULAR: Canapea modular\u0103 \u00een form\u0103 de L de 106 inci, cu o combina\u021bie versatil\u0103 de module de \u0219edere cu scaune ad\u00e2nci \u0219i \u0219ezlong pentru confort \u0219i flexibilitate maxime.<\/li>\n<li>CONFORT CA UN NOR: Tapi\u021beria din blan\u0103 plu\u0219at\u0103, cu structur\u0103 de sus\u021binere f\u0103r\u0103 oase, ofer\u0103 o ridicare u\u0219oar\u0103 pentru fiecare centimetru al corpului, cre\u00e2nd o experien\u021b\u0103 de \u0219edere incredibil de moale.<\/li>\n<li>CARACTERISTICI ERGONOMICE: Materialul respirabil cu rebound, cu design curbat al suprafe\u021bei, previne oboseala \u00een timpul perioadelor lungi de stat pe scaun sau relaxare.<\/li>\n<li>GATA DE UTILIZARE: Pur \u0219i simplu aranja\u021bi piesele modulare \u00een configura\u021bia dorit\u0103 \u00een spa\u021biul dvs. de locuit.<\/li>\n<li>DETALII LUXOASE: \u00cenveli\u0219ul din blan\u0103 plu\u0219at\u0103 bej, cu model distinctiv cu nervuri, creeaz\u0103 o estetic\u0103 elegant\u0103 \u0219i contemporan\u0103, men\u021bin\u00e2nd \u00een acela\u0219i timp un confort superior.<\/li>\n<\/ul>","protected":false},"featured_media":8224,"comment_status":"open","ping_status":"closed","template":"","meta":[],"product_brand":[],"product_cat":[228],"product_tag":[],"class_list":{"0":"post-8233","1":"product","2":"type-product","3":"status-publish","4":"has-post-thumbnail","6":"product_cat-cushions","8":"first","9":"outofstock","10":"sold-individually","11":"shipping-taxable","12":"purchasable","13":"product-type-simple"},"_links":{"self":[{"href":"https:\/\/www.largepillow.com\/ro\/wp-json\/wp\/v2\/product\/8233","targetHints":{"allow":["GET"]}}],"collection":[{"href":"https:\/\/www.largepillow.com\/ro\/wp-json\/wp\/v2\/product"}],"about":[{"href":"https:\/\/www.largepillow.com\/ro\/wp-json\/wp\/v2\/types\/product"}],"replies":[{"embeddable":true,"href":"https:\/\/www.largepillow.com\/ro\/wp-json\/wp\/v2\/comments?post=8233"}],"wp:featuredmedia":[{"embeddable":true,"href":"https:\/\/www.largepillow.com\/ro\/wp-json\/wp\/v2\/media\/8224"}],"wp:attachment":[{"href":"https:\/\/www.largepillow.com\/ro\/wp-json\/wp\/v2\/media?parent=8233"}],"wp:term":[{"taxonomy":"product_brand","embeddable":true,"href":"https:\/\/www.largepillow.com\/ro\/wp-json\/wp\/v2\/product_brand?post=8233"},{"taxonomy":"product_cat","embeddable":true,"href":"https:\/\/www.largepillow.com\/ro\/wp-json\/wp\/v2\/product_cat?post=8233"},{"taxonomy":"product_tag","embeddable":true,"href":"https:\/\/www.largepillow.com\/ro\/wp-json\/wp\/v2\/product_tag?post=8233"}],"curies":[{"name":"wp","href":"https:\/\/api.w.org\/{rel}","templated":true}]}}