{"id":8334,"date":"2025-06-16T02:13:39","date_gmt":"2025-06-16T02:13:39","guid":{"rendered":"https:\/\/www.largepillow.com\/product\/stylish-bedroom-wedge-pillow-with-ergonomic-neck-rest"},"modified":"2025-06-17T02:29:59","modified_gmt":"2025-06-17T02:29:59","slug":"perna-eleganta-cu-pana-pentru-dormitor-cu-suport-ergonomic-pentru-gat","status":"publish","type":"product","link":"https:\/\/www.largepillow.com\/ro\/product\/stylish-bedroom-wedge-pillow-with-ergonomic-neck-rest","title":{"rendered":"Pern\u0103 elegant\u0103 pentru dormitor cu pan\u0103 \u0219i suport ergonomic pentru g\u00e2t"},"content":{"rendered":"[zc_getpagecontent mb=&#8221;mb_aplus&#8221; apid=&#8221;118&#8243;]\n","protected":false},"excerpt":{"rendered":"<ul>\n<li>Design inovator din 2 p\u0103r\u021bi \u2013 Aceast\u0103 pern\u0103 pentru t\u0103blia patului iese \u00een eviden\u021b\u0103 printr-un design unic. Tetiera superioar\u0103 alb\u0103 ofer\u0103 un refugiu asem\u0103n\u0103tor unui nor pentru sprijinul capului; \u00een timp ce sp\u0103tarul inferior, mai lat, albastru, ofer\u0103 un suport robust pentru spate, aduc\u00e2nd un amestec armonios de func\u021bionalitate \u0219i stil pentru dormitorul t\u0103u.<\/li>\n<li>Scenarii de utilizare nelimitate \u2013 Indiferent dac\u0103 te cufunzi \u00eentr-un roman captivant, te ui\u021bi la emisiunile tale preferate sau pur \u0219i simplu te bucuri de un moment de lini\u0219te, aceast\u0103 pern\u0103 este partenerul t\u0103u perfect; Ideal\u0103 pentru dimine\u021bile lene\u0219e de duminic\u0103, sieste de dup\u0103-amiaz\u0103 sau sesiuni de lectur\u0103 t\u00e2rzii de noapte, \u00ee\u021bi \u00eembun\u0103t\u0103\u021be\u0219te experien\u021ba de relaxare \u00een pat.<\/li>\n<li>Pentru confortul tuturor \u2013 Conceput\u0103 av\u00e2nd \u00een vedere incluziunea, perna noastr\u0103 se adreseaz\u0103 tuturor. Studen\u021bii se pot relaxa dup\u0103 sesiuni lungi de studiu, profesioni\u0219tii se pot relaxa dup\u0103 o zi aglomerat\u0103, iar persoanele \u00een v\u00e2rst\u0103 pot g\u0103si confort suplimentar \u00een timp ce se odihnesc; Designul s\u0103u ergonomic asigur\u0103 c\u0103 persoanele de toate v\u00e2rstele \u0219i tipurile de corp se pot bucura de suportul \u0219i confortul excelent oferit.<\/li>\n<li>Avantajul \u00een\u0103l\u021bimii personalizabile \u2013 Func\u021bia de personalizare a \u00een\u0103l\u021bimii schimb\u0103 complet regulile jocului. Prin intermediul unei cure adezive convenabile, pute\u021bi regla f\u0103r\u0103 efort pozi\u021bia tetierei, o pute\u021bi ridica pentru un suport \u00eembun\u0103t\u0103\u021bit pentru g\u00e2t sau o pute\u021bi cobor\u00ee pentru o postur\u0103 mai relaxat\u0103, adapt\u00e2ndu-v\u0103 confortul la preferin\u021bele dumneavoastr\u0103 exacte.<\/li>\n<li>Calitate superioar\u0103 a materialelor \u2013 Perna noastr\u0103 pentru t\u0103blie promite calitate \u0219i confort. Umplutura din bumbac PP a tetierei \u0219i husa de catifea ofer\u0103 o atingere luxoas\u0103 \u0219i prietenoas\u0103 cu pielea; Husa din bumbac PP \u0219i in din poliester a sp\u0103tarului este respirabil\u0103 \u0219i durabil\u0103, asigur\u00e2nd confort de lung\u0103 durat\u0103 \u0219i \u00eentre\u021binere u\u0219oar\u0103.<\/li>\n<\/ul>","protected":false},"featured_media":8323,"comment_status":"open","ping_status":"closed","template":"","meta":[],"product_brand":[],"product_cat":[228],"product_tag":[],"class_list":{"0":"post-8334","1":"product","2":"type-product","3":"status-publish","4":"has-post-thumbnail","6":"product_cat-cushions","8":"first","9":"instock","10":"sold-individually","11":"shipping-taxable","12":"purchasable","13":"product-type-variable","14":"has-default-attributes"},"_links":{"self":[{"href":"https:\/\/www.largepillow.com\/ro\/wp-json\/wp\/v2\/product\/8334","targetHints":{"allow":["GET"]}}],"collection":[{"href":"https:\/\/www.largepillow.com\/ro\/wp-json\/wp\/v2\/product"}],"about":[{"href":"https:\/\/www.largepillow.com\/ro\/wp-json\/wp\/v2\/types\/product"}],"replies":[{"embeddable":true,"href":"https:\/\/www.largepillow.com\/ro\/wp-json\/wp\/v2\/comments?post=8334"}],"wp:featuredmedia":[{"embeddable":true,"href":"https:\/\/www.largepillow.com\/ro\/wp-json\/wp\/v2\/media\/8323"}],"wp:attachment":[{"href":"https:\/\/www.largepillow.com\/ro\/wp-json\/wp\/v2\/media?parent=8334"}],"wp:term":[{"taxonomy":"product_brand","embeddable":true,"href":"https:\/\/www.largepillow.com\/ro\/wp-json\/wp\/v2\/product_brand?post=8334"},{"taxonomy":"product_cat","embeddable":true,"href":"https:\/\/www.largepillow.com\/ro\/wp-json\/wp\/v2\/product_cat?post=8334"},{"taxonomy":"product_tag","embeddable":true,"href":"https:\/\/www.largepillow.com\/ro\/wp-json\/wp\/v2\/product_tag?post=8334"}],"curies":[{"name":"wp","href":"https:\/\/api.w.org\/{rel}","templated":true}]}}