{"id":8352,"date":"2025-06-16T02:45:20","date_gmt":"2025-06-16T02:45:20","guid":{"rendered":"https:\/\/www.largepillow.com\/product\/adjustable-cute-animal-body-pillow-headboard-pillow"},"modified":"2026-04-11T08:10:22","modified_gmt":"2026-04-11T08:10:22","slug":"perna-reglabila-pentru-corp-cu-animale-dragute-perna-pentru-tablie","status":"publish","type":"product","link":"https:\/\/www.largepillow.com\/ro\/product\/adjustable-cute-animal-body-pillow-headboard-pillow","title":{"rendered":"Pern\u0103 reglabil\u0103 pentru corp \u0219i pern\u0103 pentru t\u0103blie cu animale dr\u0103gu\u021be"},"content":{"rendered":"[zc_getpagecontent mb=&#8221;mb_aplus&#8221; apid=&#8221;119&#8243;]\n","protected":false},"excerpt":{"rendered":"<ul>\n<li>Design unic - Inspirat\u0103 de jocul clasic al \u0219arpelui, aceast\u0103 pern\u0103 pentru t\u0103blia patului are un design modern \u0219i minimalist. Schema sa de culori fa\u021b\u0103-verso (gri \u0219i verde) adaug\u0103 o not\u0103 de stil; Caracteristica extensibil\u0103, de la 145 cm la 180 cm, permite ajustarea acesteia \u00een func\u021bie de nevoile dvs., ceea ce o face un plus modern \u0219i practic pentru orice dormitor.<\/li>\n<li>Func\u021bii multiple - Perna noastr\u0103 de t\u0103blie nu este doar pentru a sta \u00een pat, ci poate servi ca pern\u0103 pentru corp, pern\u0103 pentru citit, umplutur\u0103 pentru spa\u021biul dintre pat \u0219i perete sau chiar ca \u00eencapere pentru pat; Indiferent dac\u0103 cite\u0219ti, te ui\u021bi la televizor sau pur \u0219i simplu te relaxezi \u00een pat, ofer\u0103 un suport \u0219i un confort excelente.<\/li>\n<li>Materiale de \u00eenalt\u0103 calitate - Umplut\u0103 cu bumbac PP, ofer\u0103 o atingere moale \u0219i pufoas\u0103. Husa este fabricat\u0103 din flanel, prietenos cu pielea \u0219i durabil. Combina\u021bia de materiale asigur\u0103 un confort de lung\u0103 durat\u0103 \u0219i o experien\u021b\u0103 tactil\u0103 pl\u0103cut\u0103.<\/li>\n<li>Aplicabilitate larg\u0103 - Conceput\u0103 at\u00e2t pentru adolescen\u021bi, c\u00e2t \u0219i pentru adul\u021bi, aceast\u0103 pern\u0103 se adreseaz\u0103 unei game largi de utilizatori; Fie c\u0103 sunte\u021bi o persoan\u0103 t\u00e2n\u0103r\u0103 care caut\u0103 un articol elegant \u0219i func\u021bional pentru dormitor sau un adult care caut\u0103 confort \u0219i sprijin, aceast\u0103 pern\u0103 este o alegere excelent\u0103.<\/li>\n<li>Design convenabil cu fermoar - Echipat\u0103 cu fermoar, husa exterioar\u0103 a pernei poate fi \u00eendep\u0103rtat\u0103 cu u\u0219urin\u021b\u0103 pentru cur\u0103\u021bare. Acest design nu numai c\u0103 ajut\u0103 la men\u021binerea igienei pernei, dar asigur\u0103 \u0219i utilizarea acesteia pe termen lung; Nu v\u0103 mai face\u021bi griji cu privire la pete sau murd\u0103rie; doar desface\u021bi fermoarul, sp\u0103la\u021bi-l \u0219i bucura\u021bi-v\u0103 din nou de o pern\u0103 cu aspect proasp\u0103t.<\/li>\n<\/ul>","protected":false},"featured_media":8344,"comment_status":"open","ping_status":"closed","template":"","meta":[],"product_brand":[],"product_cat":[228],"product_tag":[],"class_list":{"0":"post-8352","1":"product","2":"type-product","3":"status-publish","4":"has-post-thumbnail","6":"product_cat-cushions","8":"first","9":"instock","10":"shipping-taxable","11":"purchasable","12":"product-type-simple"},"_links":{"self":[{"href":"https:\/\/www.largepillow.com\/ro\/wp-json\/wp\/v2\/product\/8352","targetHints":{"allow":["GET"]}}],"collection":[{"href":"https:\/\/www.largepillow.com\/ro\/wp-json\/wp\/v2\/product"}],"about":[{"href":"https:\/\/www.largepillow.com\/ro\/wp-json\/wp\/v2\/types\/product"}],"replies":[{"embeddable":true,"href":"https:\/\/www.largepillow.com\/ro\/wp-json\/wp\/v2\/comments?post=8352"}],"wp:featuredmedia":[{"embeddable":true,"href":"https:\/\/www.largepillow.com\/ro\/wp-json\/wp\/v2\/media\/8344"}],"wp:attachment":[{"href":"https:\/\/www.largepillow.com\/ro\/wp-json\/wp\/v2\/media?parent=8352"}],"wp:term":[{"taxonomy":"product_brand","embeddable":true,"href":"https:\/\/www.largepillow.com\/ro\/wp-json\/wp\/v2\/product_brand?post=8352"},{"taxonomy":"product_cat","embeddable":true,"href":"https:\/\/www.largepillow.com\/ro\/wp-json\/wp\/v2\/product_cat?post=8352"},{"taxonomy":"product_tag","embeddable":true,"href":"https:\/\/www.largepillow.com\/ro\/wp-json\/wp\/v2\/product_tag?post=8352"}],"curies":[{"name":"wp","href":"https:\/\/api.w.org\/{rel}","templated":true}]}}