{"id":8359,"date":"2025-06-16T03:20:34","date_gmt":"2025-06-16T03:20:34","guid":{"rendered":"https:\/\/www.largepillow.com\/product\/unique-relaxing-human-dog-bed-multi-use-anti-anxiety-floor-cushion"},"modified":"2025-06-16T03:40:23","modified_gmt":"2025-06-16T03:40:23","slug":"pat-unic-relaxant-pentru-caini-umani-perna-de-podea-multifunctionala-anti-anxietate","status":"publish","type":"product","link":"https:\/\/www.largepillow.com\/ro\/product\/unique-relaxing-human-dog-bed-multi-use-anti-anxiety-floor-cushion","title":{"rendered":"Pat unic relaxant pentru om \u0219i c\u00e2ine: Pern\u0103 de podea multifunc\u021bional\u0103 anti-anxietate"},"content":{"rendered":"[zc_getpagecontent mb=&#8221;mb_aplus&#8221; apid=&#8221;137&#8243;]\n","protected":false},"excerpt":{"rendered":"<ul>\n<li><strong>Design inovator:<\/strong> Experimenta\u021bi confortul \u0219i siguran\u021ba scaunelor noastre de podea f\u0103r\u0103 cadru, care v\u0103 \u00eenv\u0103luie ca un cuib confortabil, promov\u00e2nd relaxarea \u0219i atenu\u00e2nd anxietatea. F\u0103r\u0103 niciun design de cadru, trebuie doar s\u0103 v\u0103 \u00eentinde\u021bi pe acest scaun de podea, baz\u00e2ndu-v\u0103 pe corpul dumneavoastr\u0103 pentru sus\u021binere.<\/li>\n<li><strong>Perfect pentru tine \u0219i animalul t\u0103u de companie:<\/strong> Fie c\u0103 sunte\u021bi singur sau cu prietenul dumneavoastr\u0103 bl\u0103nos, acest pat pentru c\u00e2ini v\u0103 permite am\u00e2ndurora s\u0103 v\u0103 \u00eentinde\u021bi \u0219i s\u0103 v\u0103 conecta\u021bi, fiind un loc ideal pentru munc\u0103 sau relaxare.<\/li>\n<li><strong>U\u0219or \u0219i portabil:<\/strong> Spre deosebire de paturile sau canapelele tradi\u021bionale, aceast\u0103 pern\u0103 de podea este incredibil de u\u0219oar\u0103, fiind u\u0219or de mutat prin cas\u0103 sau de luat cu tine \u00een c\u0103l\u0103torii, oferind un sentiment de siguran\u021b\u0103 oriunde te-ai duce.<\/li>\n<li><strong>Elegant \u0219i confortabil:<\/strong> Cu imprimeuri geometrice moderne \u00een albastru, portocaliu \u0219i negru, cu o c\u0103ptu\u0219eal\u0103 moale \u0219i scurt\u0103 de plu\u0219, acest pat pentru c\u00e2ini ofer\u0103 un stil unic, \u00eempreun\u0103 cu un confort de neegalat pentru ore \u00eentregi de relaxare.<\/li>\n<li><strong>Dimensiune ideal\u0103:<\/strong> Cu dimensiuni spa\u021bioase de 132 x 81 cm, aceste scaune de podea sunt perfecte pentru adul\u021bi sau copii cu o \u00een\u0103l\u021bime sub 1,50 m, fiind special concepute pentru confortul utilizatorilor de talie mic\u0103, oferind o experien\u021b\u0103 pl\u0103cut\u0103 \u0219i relaxant\u0103.<\/li>\n<\/ul>","protected":false},"featured_media":8353,"comment_status":"open","ping_status":"closed","template":"","meta":[],"product_brand":[],"product_cat":[228],"product_tag":[],"class_list":{"0":"post-8359","1":"product","2":"type-product","3":"status-publish","4":"has-post-thumbnail","6":"product_cat-cushions","8":"first","9":"instock","10":"shipping-taxable","11":"purchasable","12":"product-type-simple"},"_links":{"self":[{"href":"https:\/\/www.largepillow.com\/ro\/wp-json\/wp\/v2\/product\/8359","targetHints":{"allow":["GET"]}}],"collection":[{"href":"https:\/\/www.largepillow.com\/ro\/wp-json\/wp\/v2\/product"}],"about":[{"href":"https:\/\/www.largepillow.com\/ro\/wp-json\/wp\/v2\/types\/product"}],"replies":[{"embeddable":true,"href":"https:\/\/www.largepillow.com\/ro\/wp-json\/wp\/v2\/comments?post=8359"}],"wp:featuredmedia":[{"embeddable":true,"href":"https:\/\/www.largepillow.com\/ro\/wp-json\/wp\/v2\/media\/8353"}],"wp:attachment":[{"href":"https:\/\/www.largepillow.com\/ro\/wp-json\/wp\/v2\/media?parent=8359"}],"wp:term":[{"taxonomy":"product_brand","embeddable":true,"href":"https:\/\/www.largepillow.com\/ro\/wp-json\/wp\/v2\/product_brand?post=8359"},{"taxonomy":"product_cat","embeddable":true,"href":"https:\/\/www.largepillow.com\/ro\/wp-json\/wp\/v2\/product_cat?post=8359"},{"taxonomy":"product_tag","embeddable":true,"href":"https:\/\/www.largepillow.com\/ro\/wp-json\/wp\/v2\/product_tag?post=8359"}],"curies":[{"name":"wp","href":"https:\/\/api.w.org\/{rel}","templated":true}]}}