{"id":845,"date":"2022-09-17T14:14:51","date_gmt":"2022-09-17T14:14:51","guid":{"rendered":"https:\/\/www.largepillow.com\/product\/wedge-pillow-for-acid-reflux_37_38_39_40_41_42"},"modified":"2024-12-04T12:25:24","modified_gmt":"2024-12-04T12:25:24","slug":"perne-decorative-pentru-pat","status":"publish","type":"product","link":"https:\/\/www.largepillow.com\/ro\/product\/decorative-pillows-for-bed","title":{"rendered":"Perne decorative pentru pat"},"content":{"rendered":"<p>Bucur\u0103-te de un confort de neegalat cu pernele noastre decorative pentru pat<\/p>\n<p>Transform\u0103-\u021bi experien\u021ba de culcare cu pernele noastre decorative pentru pat, meticulos lucrate, concepute pentru a-\u021bi spori confortul \u0219i relaxarea.<\/p>\n<p>Confort \u0219i sus\u021binere supreme<\/p>\n<p>Pernele noastre au un design curbat care se muleaz\u0103 pe contururile corpului dumneavoastr\u0103, oferind un confort de neegalat. Indiferent dac\u0103 v\u0103 relaxa\u021bi \u00een pat, pe canapea sau visa\u021bi cu ochii deschi\u0219i pe canapea, perna noastr\u0103 de citit pentru t\u0103blia patului v\u0103 va oferi sprijin \u0219i v\u0103 va oferi un confort f\u0103r\u0103 tensiune.<\/p>\n<p>Sp\u0103tar ridicat pentru suport optim<\/p>\n<p>R\u0103sf\u0103\u021ba\u021bi-v\u0103 cu luxul oferit de sp\u0103tarul nostru ridicat cu dou\u0103 r\u00e2nduri, realizat cu m\u0103iestrie pentru a oferi un suport excep\u021bional pentru g\u00e2t \u0219i spate. Cufunda\u021bi-v\u0103 \u00een cartea preferat\u0103 sau pierde\u021bi-v\u0103 \u00eentr-un film captivant f\u0103r\u0103 niciun disconfort sau efort.<\/p>\n<p>Func\u021bionalitate versatil\u0103<\/p>\n<p>Bucur\u0103-te de versatilitatea pernei noastre cu cele trei utiliz\u0103ri diferite. Pozi\u021bioneaz\u0103-o vertical ca pern\u0103 pentru spate, sprijin\u0103-o ca o pern\u0103 cu pan\u0103 sau ridic\u0103-\u021bi picioarele pentru un confort sporit. Este accesoriul perfect pentru a te relaxa \u0219i a te relaxa.<\/p>\n<p>M\u0103iestrie \u0219i durabilitate premium<\/p>\n<p>Pernele noastre pentru t\u0103blia patului sunt realizate meticulos din material textil de \u00eenalt\u0103 calitate cu aspect de in, compus din poliester 100% pentru durabilitate \u0219i \u00eentre\u021binere u\u0219oar\u0103. Umplutura din fibr\u0103 de poliester ecologic\u0103 \u0219i rezistent\u0103 asigur\u0103 un confort de lung\u0103 durat\u0103. \u00cen plus, perna deta\u0219abil\u0103 pentru pat faciliteaz\u0103 cur\u0103\u021barea.<\/p>\n<p>Cur\u0103\u021bare f\u0103r\u0103 efort<\/p>\n<p>Men\u021bine\u021bi perna \u00een stare impecabil\u0103 f\u0103r\u0103 efort. Husa de pern\u0103 de pe t\u0103blia patului este ata\u0219at\u0103 cu nasturi, permi\u021b\u00e2nd o \u00eendep\u0103rtare u\u0219oar\u0103. Pur \u0219i simplu desface\u021bi fermoarul husei \u0219i pune\u021bi-o \u00een ma\u0219ina de sp\u0103lat pentru o re\u00eemprosp\u0103tare rapid\u0103.<\/p>\n<p>Op\u021biuni de dimensiuni personalizabile<\/p>\n<p>Alege\u021bi dimensiunea perfect\u0103 pentru patul dumneavoastr\u0103 din gama noastr\u0103 larg\u0103 de op\u021biuni:<\/p>\n<p>* 100 cm (L 100 x l 26 x \u00ce 55)<br \/>\n* 120 cm (L 120 x l 26 x \u00ce 55)<br \/>\n* 140 cm (L 140 x l 26 x \u00ce 55)<br \/>\n* 160 cm (L 160 x l 26 x \u00ce 55)<br \/>\n* 180 cm (L 180 x l 26 x \u00ce 55)<br \/>\n* 200 cm (L200 x l26 x \u00ce55)<\/p>\n<p>M\u0103rturii ale clien\u021bilor<\/p>\n<p>Clien\u021bii no\u0219tri mul\u021bumi\u021bi sunt \u00eenc\u00e2nta\u021bi de calitatea excep\u021bional\u0103 a pernelor noastre decorative pentru pat:<\/p>\n<p>* \u201cAceast\u0103 pern\u0103 triunghiular\u0103 nu este doar confortabil\u0103, ci \u0219i foarte practic\u0103. Sunt foarte mul\u021bumit de ea!\u201d<br \/>\n\u201c\u00cemi place materialul de in. Este moale \u0219i respirabil, iar culoarea este superb\u0103.\u201d<br \/>\n\u201cAm cump\u0103rat aceast\u0103 pern\u0103 pentru mama mea, care are dureri de spate. A f\u0103cut o mare diferen\u021b\u0103 \u00een confortul ei.\u201d<\/p>\n<p>R\u0103sfa\u021b\u0103-te cu confortul \u0219i relaxarea supreme cu pernele noastre decorative pentru pat. Comand\u0103-le ast\u0103zi \u0219i experimenteaz\u0103 suportul \u0219i luxul de neegalat pe care le meri\u021bi.<\/p>","protected":false},"excerpt":{"rendered":"<ul>\n<li><strong>Confort suprem:<\/strong> Aceast\u0103 pern\u0103 XL pentru t\u0103blia de pat ofer\u0103 un confort excelent datorit\u0103 designului s\u0103u curbat. Aceast\u0103 pern\u0103 pentru citit v\u0103 poate ajuta s\u0103 r\u0103m\u00e2ne\u021bi f\u0103r\u0103 tensiune \u00een pat, pe canapea sau pe canapea extensibil\u0103, fiind ideal\u0103 pentru cei care lucreaz\u0103 noaptea, pentru cititori \u0219i pentru a se uita la televizor \u00een pat.<\/li>\n<li><strong>Design cu sp\u0103tar ridicat:<\/strong> Bucura\u021bi-v\u0103 de un confort de neegalat cu designul unic al sp\u0103tarului ridicat pe dou\u0103 r\u00e2nduri al pernei noastre pentru t\u0103blie. Perna pentru t\u0103blie cu sp\u0103tar ridicat ofer\u0103 un suport superior pentru g\u00e2t \u0219i spate, fiind locul perfect pentru a v\u0103 relaxa \u0219i a citi \u00een pat.<\/li>\n<li><strong>Pern\u0103 multifunc\u021bional\u0103:<\/strong> Cu trei moduri diferite de utilizare, perna noastr\u0103 este perfect\u0103 pentru orice situa\u021bie. Indiferent dac\u0103 prefera\u021bi s\u0103 o folosi\u021bi ca pern\u0103 pentru spate vertical\u0103, ca pern\u0103 cu pan\u0103 sau ca pern\u0103 pentru picioare pentru un sprijin sporit, este accesoriul ideal pentru odihn\u0103 \u0219i relaxare confortabil\u0103.<\/li>\n<li><strong>M\u0103iestrie superioar\u0103:<\/strong> Fabricat\u0103 din material cu aspect de in, cu o compozi\u021bie din poliester 100%, perna noastr\u0103 pentru t\u0103blie este umplut\u0103 cu fibr\u0103 de poliester ecologic\u0103 \u0219i de \u00eenalt\u0103 rezisten\u021b\u0103. Perna deta\u0219abil\u0103 pentru pat este u\u0219or de sp\u0103lat la ma\u0219in\u0103, \u00een timp ce buzunarele laterale mici adaug\u0103 un plus de practicitate acestui produs deja luxos.<\/li>\n<li><strong>U\u0219or de sp\u0103lat:<\/strong> Husa de pern\u0103 pentru t\u0103blia patului este ata\u0219at\u0103 la interiorul pernei cu nasturi \u0219i este u\u0219or de \u00eendep\u0103rtat cu un fermoar simplu. Acest lucru face ca cur\u0103\u021barea s\u0103 fie u\u0219oar\u0103. Trebuie doar s\u0103 scoate\u021bi husa \u0219i s\u0103 o sp\u0103la\u021bi rapid la ma\u0219in\u0103 pentru ca perna s\u0103 arate ca nou\u0103.<\/li>\n<li><strong>Dimensiune:<\/strong> 100cm (L100 x L26 x \u00ce55 | 3 nasturi pentru coloane), 120cm (L120 x L26 x \u00ce55 | 4 nasturi pentru coloane), 140cm (L140 x L26 x \u00ce55 | 4 nasturi pentru coloane), 160cm (L160 x L26 x \u00ce55 | 5 nasturi pentru coloane), 180cm (L180 x L26 x \u00ce55 | 6 nasturi pentru coloane), 200cm (L200 x L26 x \u00ce55 | 7 nasturi pentru coloane).<\/li>\n<\/ul>","protected":false},"featured_media":830,"comment_status":"open","ping_status":"closed","template":"","meta":[],"product_brand":[],"product_cat":[15],"product_tag":[145,165,164,161,143,162,65],"class_list":{"0":"post-845","1":"product","2":"type-product","3":"status-publish","4":"has-post-thumbnail","6":"product_cat-large-wedge-pillow","7":"product_tag-decorative-pillow","8":"product_tag-detachable-bolster","9":"product_tag-detachable-bolster-bed-cushion","10":"product_tag-elevated-headboard-pillow","11":"product_tag-multifunctional-pillow","12":"product_tag-upright-back-pillow","13":"product_tag-wedge-pillow","15":"first","16":"instock","17":"featured","18":"shipping-taxable","19":"purchasable","20":"product-type-variable"},"_links":{"self":[{"href":"https:\/\/www.largepillow.com\/ro\/wp-json\/wp\/v2\/product\/845","targetHints":{"allow":["GET"]}}],"collection":[{"href":"https:\/\/www.largepillow.com\/ro\/wp-json\/wp\/v2\/product"}],"about":[{"href":"https:\/\/www.largepillow.com\/ro\/wp-json\/wp\/v2\/types\/product"}],"replies":[{"embeddable":true,"href":"https:\/\/www.largepillow.com\/ro\/wp-json\/wp\/v2\/comments?post=845"}],"wp:featuredmedia":[{"embeddable":true,"href":"https:\/\/www.largepillow.com\/ro\/wp-json\/wp\/v2\/media\/830"}],"wp:attachment":[{"href":"https:\/\/www.largepillow.com\/ro\/wp-json\/wp\/v2\/media?parent=845"}],"wp:term":[{"taxonomy":"product_brand","embeddable":true,"href":"https:\/\/www.largepillow.com\/ro\/wp-json\/wp\/v2\/product_brand?post=845"},{"taxonomy":"product_cat","embeddable":true,"href":"https:\/\/www.largepillow.com\/ro\/wp-json\/wp\/v2\/product_cat?post=845"},{"taxonomy":"product_tag","embeddable":true,"href":"https:\/\/www.largepillow.com\/ro\/wp-json\/wp\/v2\/product_tag?post=845"}],"curies":[{"name":"wp","href":"https:\/\/api.w.org\/{rel}","templated":true}]}}