{"id":882,"date":"2022-09-18T07:20:03","date_gmt":"2022-09-18T07:20:03","guid":{"rendered":"https:\/\/www.largepillow.com\/product\/wedge-pillow-for-acid-reflux_37_38_39_40_41_42_43_44"},"modified":"2024-10-03T16:31:35","modified_gmt":"2024-10-03T16:31:35","slug":"perna-de-spate-pentru-citit-in-pat","status":"publish","type":"product","link":"https:\/\/www.largepillow.com\/ro\/product\/back-pillow-for-bed-readding","title":{"rendered":"Pern\u0103 de spate pentru citit \u00een pat"},"content":{"rendered":"<p>Descoper\u0103 confortul suprem cu perna de spate pentru citit \u00een pat: o alegere excelent\u0103 pentru relaxare \u0219i sus\u021binere<\/p>\n<p>\u00cen domeniul confortului casei \u0219i al accesoriilor pentru dormitor, perna de spate pentru citit \u00een pat se remarc\u0103 ca un articol indispensabil pentru oricine dore\u0219te s\u0103 \u00ee\u0219i \u00eembun\u0103t\u0103\u021beasc\u0103 timpul de relaxare. Fie c\u0103 e\u0219ti o persoan\u0103 care lucreaz\u0103 noaptea p\u00e2n\u0103 t\u00e2rziu, un cititor pasionat de c\u0103r\u021bi sau cineva c\u0103ruia \u00eei place s\u0103 se uite la televizor \u00een pat, aceast\u0103 pern\u0103 ofer\u0103 un confort \u0219i un sprijin de neegalat. Haide\u021bi s\u0103 analiz\u0103m ce face ca aceast\u0103 pern\u0103 de citit pentru t\u0103blia patului s\u0103 fie o alegere superioar\u0103 pentru nevoile dumneavoastr\u0103 de relaxare.<\/p>\n<p>Confort suprem cu un design curbat<\/p>\n<p>Designul unic, curbat, al acestei perne XL pentru t\u0103blia de pat este conceput pentru a v\u0103 oferi confort. Structura sa este ideal\u0103 pentru a men\u021bine tensiunea la distan\u021b\u0103 \u00een timp ce sta\u021bi cuib\u0103rit \u00een pat, canapea, canapea extensibil\u0103 sau canapea. Aceast\u0103 caracteristic\u0103 este o dovad\u0103 a designului atent conceput, menit s\u0103 ofere experien\u021ba suprem\u0103 de relaxare.<\/p>\n<p>Design cu sp\u0103tar ridicat pentru un suport superior<\/p>\n<p>Ceea ce diferen\u021biaz\u0103 aceast\u0103 pern\u0103 pentru t\u0103blie este designul inovator al sp\u0103tarului ridicat, cu dou\u0103 r\u00e2nduri de suporturi. Acest design ofer\u0103 un suport excelent pentru g\u00e2t \u0219i spate, aliniindu-se perfect cu curbura natural\u0103 a corpului. Este mai mult dec\u00e2t o simpl\u0103 pern\u0103; este un refugiu de relaxare unde te po\u021bi destinde, citi sau viziona televizorul \u00een pat cu un confort de neegalat.<\/p>\n<p>Pern\u0103 multifunc\u021bional\u0103 pentru utilizare versatil\u0103<\/p>\n<p>Perna de spate pentru citit \u00een pat nu este doar o alt\u0103 pern\u0103; este un accesoriu versatil conceput pentru utilizare multifunc\u021bional\u0103. Indiferent dac\u0103 ave\u021bi nevoie de ea ca pern\u0103 de spate vertical\u0103, o pern\u0103 cu pan\u0103 pentru sus\u021binere sau chiar ca pern\u0103 pentru picioare pentru un confort sporit, aceast\u0103 pern\u0103 se adapteaz\u0103 nevoilor dumneavoastr\u0103, f\u0103c\u00e2nd-o o parte indispensabil\u0103 a rutinei dumneavoastr\u0103 de relaxare.<\/p>\n<p>M\u0103iestrie superioar\u0103 \u0219i \u00eentre\u021binere u\u0219oar\u0103<\/p>\n<p>Fabricat\u0103 dintr-o \u021bes\u0103tur\u0103 cu aspect de catifea, compus\u0103 din poliester 100%, aceast\u0103 pern\u0103 pentru t\u0103blia patului nu este doar atractiv\u0103 din punct de vedere vizual, ci \u0219i construit\u0103 pentru a rezista. Este umplut\u0103 cu fibr\u0103 de poliester ecologic\u0103 \u0219i de \u00eenalt\u0103 rezisten\u021b\u0103, asigur\u00e2nd confort pe termen lung. Perna deta\u0219abil\u0103 pentru pat este u\u0219or de sp\u0103lat la ma\u0219in\u0103, ceea ce face ca \u00eentre\u021binerea s\u0103 fie floare la ureche. Buzunarele laterale mici adaug\u0103 o not\u0103 de practicitate, facilit\u00e2nd p\u0103strarea obiectelor esen\u021biale la \u00eendem\u00e2n\u0103.<\/p>\n<p>Cur\u0103\u021bare f\u0103r\u0103 efort cu un capac cu fermoar<\/p>\n<p>Procesul de cur\u0103\u021bare f\u0103r\u0103 probleme este un alt punct forte. Husa de pern\u0103, ata\u0219at\u0103 la interiorul pernei cu nasturi, poate fi \u00eendep\u0103rtat\u0103 cu u\u0219urin\u021b\u0103 cu un fermoar simplu. Aceast\u0103 comoditate v\u0103 permite s\u0103 p\u0103stra\u021bi aspectul \u0219i senza\u021bia de prospe\u021bime a pernei cu un efort minim.<\/p>\n<p>Alege-\u021bi m\u0103rimea perfect\u0103<\/p>\n<p>Cu dimensiuni cuprinse \u00eentre 100 cm \u0219i 200 cm, pute\u021bi alege varianta perfect\u0103 pentru spa\u021biul dumneavoastr\u0103. Dimensiunile variate vin cu diferite configura\u021bii ale coloanei cu butoni, asigur\u00e2nd un aspect estetic personalizat.<\/p>\n<p>Aprecieri ale clien\u021bilor: Experien\u021be reale<\/p>\n<p>Clien\u021bii \u0219i-au \u00eemp\u0103rt\u0103\u0219it experien\u021bele, subliniind confortul, calitatea \u0219i aspectele multifunc\u021bionale ale pernei de spate pentru citit \u00een pat. Mul\u021bi remarc\u0103 modul \u00een care aceasta le-a transformat experien\u021bele de citit, de lucru \u0219i de relaxare, l\u0103ud\u00e2nd \u00een mod special suportul \u0219i estetica designului s\u0103u. Termenii \u201cpern\u0103 de spate triunghiular\u0103\u201d, \u201ccatifea\u201d \u0219i \u201cculoare c\u0103mil\u0103\u201d apar frecvent \u00een recenzii, subliniind popularitatea produsului \u0219i satisfac\u021bia utilizatorilor.<\/p>\n<p>\u00cembun\u0103t\u0103\u021bi\u021bi-v\u0103 experien\u021ba de confort<\/p>\n<p>Perna de spate pentru citit \u00een pat este mai mult dec\u00e2t o simpl\u0103 pern\u0103; este o poart\u0103 c\u0103tre un confort \u0219i o relaxare sporite. Cu designul s\u0103u superior, m\u0103iestria \u0219i utilizarea multifunc\u021bional\u0103, se remarc\u0103 ca o alegere excelent\u0103 pentru oricine dore\u0219te s\u0103 \u00ee\u0219i \u00eembun\u0103t\u0103\u021beasc\u0103 timpul liber acas\u0103. Experimenta\u021bi ast\u0103zi relaxarea \u0219i sprijinul suprem \u0219i transforma\u021bi modul \u00een care v\u0103 relaxa\u021bi \u00een spa\u021biul personal.<\/p>","protected":false},"excerpt":{"rendered":"<ul>\n<li><strong>Confort suprem:<\/strong> Aceast\u0103 pern\u0103 XL pentru t\u0103blia de pat ofer\u0103 un confort excelent datorit\u0103 designului s\u0103u curbat. Aceast\u0103 pern\u0103 pentru citit v\u0103 poate ajuta s\u0103 r\u0103m\u00e2ne\u021bi f\u0103r\u0103 tensiune \u00een pat, pe canapea sau pe canapea extensibil\u0103, fiind ideal\u0103 pentru cei care lucreaz\u0103 noaptea, pentru cititori \u0219i pentru a se uita la televizor \u00een pat.<\/li>\n<li><strong>Design cu sp\u0103tar ridicat:<\/strong> Bucura\u021bi-v\u0103 de un confort de neegalat cu designul unic al sp\u0103tarului ridicat pe dou\u0103 r\u00e2nduri al pernei noastre pentru t\u0103blie. Perna pentru t\u0103blie cu sp\u0103tar ridicat ofer\u0103 un suport superior pentru g\u00e2t \u0219i spate, fiind locul perfect pentru a v\u0103 relaxa \u0219i a citi \u00een pat.<\/li>\n<li><strong>Pern\u0103 multifunc\u021bional\u0103:<\/strong> Cu trei moduri diferite de utilizare, perna noastr\u0103 este perfect\u0103 pentru orice situa\u021bie. Indiferent dac\u0103 prefera\u021bi s\u0103 o folosi\u021bi ca pern\u0103 pentru spate vertical\u0103, ca pern\u0103 cu pan\u0103 sau ca pern\u0103 pentru picioare pentru un sprijin sporit, este accesoriul ideal pentru odihn\u0103 \u0219i relaxare confortabil\u0103.<\/li>\n<li><strong>M\u0103iestrie superioar\u0103:<\/strong> Fabricat\u0103 din material cu aspect de catifea, cu o compozi\u021bie din poliester 100%, perna noastr\u0103 pentru t\u0103blie este umplut\u0103 cu fibr\u0103 de poliester ecologic\u0103 \u0219i de \u00eenalt\u0103 rezisten\u021b\u0103. Perna deta\u0219abil\u0103 pentru pat este u\u0219or de sp\u0103lat la ma\u0219in\u0103, \u00een timp ce buzunarele laterale mici adaug\u0103 un plus de practicitate acestui produs deja luxos.<\/li>\n<li><strong>U\u0219or de sp\u0103lat:<\/strong> Husa de pern\u0103 pentru t\u0103blia patului este ata\u0219at\u0103 la interiorul pernei cu nasturi \u0219i este u\u0219or de \u00eendep\u0103rtat cu un fermoar simplu. Acest lucru face ca cur\u0103\u021barea s\u0103 fie u\u0219oar\u0103. Trebuie doar s\u0103 scoate\u021bi husa \u0219i s\u0103 o sp\u0103la\u021bi rapid la ma\u0219in\u0103 pentru ca perna s\u0103 arate ca nou\u0103.<\/li>\n<li><strong>Dimensiune:<\/strong> 100cm (L100 x L26 x \u00ce55 | 3 nasturi pentru coloane), 120cm (L120 x L26 x \u00ce55 | 4 nasturi pentru coloane), 140cm (L140 x L26 x \u00ce55 | 4 nasturi pentru coloane), 160cm (L160 x L26 x \u00ce55 | 5 nasturi pentru coloane), 180cm (L180 x L26 x \u00ce55 | 6 nasturi pentru coloane), 200cm (L200 x L26 x \u00ce55 | 7 nasturi pentru coloane).<\/li>\n<\/ul>","protected":false},"featured_media":873,"comment_status":"open","ping_status":"closed","template":"","meta":[],"product_brand":[],"product_cat":[15],"product_tag":[180,183,181,168,171,143,182,120],"class_list":{"0":"post-882","1":"product","2":"type-product","3":"status-publish","4":"has-post-thumbnail","6":"product_cat-large-wedge-pillow","7":"product_tag-back-pillow","8":"product_tag-bed-reading-pillow","9":"product_tag-elevated-backrest-pillow","10":"product_tag-headboard-pillow","11":"product_tag-large-headboard-cushion","12":"product_tag-multifunctional-pillow","13":"product_tag-triangle-back-pillow","14":"product_tag-velvet-pillow","16":"first","17":"instock","18":"shipping-taxable","19":"purchasable","20":"product-type-variable"},"_links":{"self":[{"href":"https:\/\/www.largepillow.com\/ro\/wp-json\/wp\/v2\/product\/882","targetHints":{"allow":["GET"]}}],"collection":[{"href":"https:\/\/www.largepillow.com\/ro\/wp-json\/wp\/v2\/product"}],"about":[{"href":"https:\/\/www.largepillow.com\/ro\/wp-json\/wp\/v2\/types\/product"}],"replies":[{"embeddable":true,"href":"https:\/\/www.largepillow.com\/ro\/wp-json\/wp\/v2\/comments?post=882"}],"wp:featuredmedia":[{"embeddable":true,"href":"https:\/\/www.largepillow.com\/ro\/wp-json\/wp\/v2\/media\/873"}],"wp:attachment":[{"href":"https:\/\/www.largepillow.com\/ro\/wp-json\/wp\/v2\/media?parent=882"}],"wp:term":[{"taxonomy":"product_brand","embeddable":true,"href":"https:\/\/www.largepillow.com\/ro\/wp-json\/wp\/v2\/product_brand?post=882"},{"taxonomy":"product_cat","embeddable":true,"href":"https:\/\/www.largepillow.com\/ro\/wp-json\/wp\/v2\/product_cat?post=882"},{"taxonomy":"product_tag","embeddable":true,"href":"https:\/\/www.largepillow.com\/ro\/wp-json\/wp\/v2\/product_tag?post=882"}],"curies":[{"name":"wp","href":"https:\/\/api.w.org\/{rel}","templated":true}]}}