{"id":914,"date":"2022-09-18T08:07:44","date_gmt":"2022-09-18T08:07:44","guid":{"rendered":"https:\/\/www.largepillow.com\/product\/wedge-pillow-for-acid-reflux_37_38_39_40_41_42_43_44_45_46"},"modified":"2025-06-12T17:32:43","modified_gmt":"2025-06-12T17:32:43","slug":"perna-de-pat","status":"publish","type":"product","link":"https:\/\/www.largepillow.com\/ro\/product\/bolster-pillow-for-bed","title":{"rendered":"Pern\u0103 Bolster pentru pat"},"content":{"rendered":"<p>Perna Bolster pentru pat \u2013 accesoriul perfect pentru o noapte confortabil\u0103 acas\u0103 sau o zi lene\u0219\u0103 petrecut\u0103 relax\u00e2ndu-te \u00een pat. Aceast\u0103 pern\u0103 extra-mare ridicat\u0103 pentru t\u0103blia patului ofer\u0103 confort maxim datorit\u0103 designului s\u0103u unic, curbat, permi\u021b\u00e2ndu-v\u0103 s\u0103 r\u0103m\u00e2ne\u021bi f\u0103r\u0103 tensiune \u00een timp ce lucra\u021bi, citi\u021bi sau v\u0103 uita\u021bi la televizor \u00een pat. <\/p>\n<p>Designul sp\u0103tarului ridicat al pernei pentru t\u0103blia patului ofer\u0103 un suport superior pentru g\u00e2t \u0219i spate, ceea ce o face locul perfect pentru a v\u0103 relaxa \u0219i a citi \u00een pat. Perna este, de asemenea, perfect\u0103 pentru orice situa\u021bie, cu trei moduri diferite de utilizare. Indiferent dac\u0103 prefera\u021bi s\u0103 o utiliza\u021bi ca pern\u0103 vertical\u0103 pentru spate, ca pern\u0103 pan\u0103 sau ca pern\u0103 pentru picioare pentru un suport ridicat, aceast\u0103 pern\u0103 multifunc\u021bional\u0103 este conceput\u0103 pentru confortul dumneavoastr\u0103.<\/p>\n<p>Fabricat\u0103 din material textil de \u00eenalt\u0103 calitate cu aspect de catifea \u0219i umplut\u0103 cu fibr\u0103 de poliester ecologic\u0103 \u0219i de \u00eenalt\u0103 rezisten\u021b\u0103, perna Bolster pentru pat este durabil\u0103 \u0219i construit\u0103 pentru a rezista. Perna deta\u0219abil\u0103 pentru pat este u\u0219or de sp\u0103lat la ma\u0219in\u0103, \u00een timp ce buzunarele laterale mici adaug\u0103 un plus de practicitate acestui produs deja luxos.<\/p>\n<p>Disponibil\u0103 \u00een \u0219ase dimensiuni diferite, de la 100 cm la 200 cm, aceast\u0103 pern\u0103 este perfect\u0103 pentru orice pat, canapea, canapea extensibil\u0103 sau canapea extensibil\u0103. O po\u021bi alege pe cea care se potrive\u0219te nevoilor tale, fie c\u0103 vrei s\u0103 o folose\u0219ti pentru citit, pentru lucru sau pur \u0219i simplu pentru relaxare.<\/p>\n<p>\u0218i nu v\u0103 baza\u021bi doar pe cuv\u00e2ntul nostru. Un client mul\u021bumit a comentat: \u201cAceast\u0103 pern\u0103 este uimitoare! Este at\u00e2t de confortabil\u0103 \u0219i are dimensiunea perfect\u0103. Materialul este moale \u0219i confortabil, iar nasturii multipli faciliteaz\u0103 ajustarea dup\u0103 preferin\u021be. Merit\u0103 cu siguran\u021b\u0103 investi\u021bia.\u201d<\/p>\n<p>Un alt client mul\u021bumit care a achizi\u021bionat perna din catifea olandez\u0103 de culoarea cafelei a spus: \u201cAceast\u0103 pern\u0103 este at\u00e2t de moale \u0219i confortabil\u0103. Are dimensiunea perfect\u0103 pentru patul meu, iar culoarea este superb\u0103. O folosesc \u00een fiecare zi pentru a citi \u0219i a m\u0103 uit la televizor \u0219i a f\u0103cut o diferen\u021b\u0103 enorm\u0103 \u00een nivelul meu de confort.\u201d<\/p>\n<p>\u00cen concluzie, perna Bolster pentru pat este un produs indispensabil pentru oricine iube\u0219te s\u0103 petreac\u0103 timpul \u00een pat. Ofer\u0103 confort suprem, sus\u021binere superioar\u0103 \u0219i este construit\u0103 pentru a rezista, cu o m\u0103iestrie de \u00eenalt\u0103 calitate. Alege\u021bi dimensiunea \u0219i culoarea \u0219i experimenta\u021bi relaxarea suprem\u0103.<\/p>","protected":false},"excerpt":{"rendered":"<ul>\n<li><strong>Confort suprem:<\/strong> Aceast\u0103 pern\u0103 XL pentru t\u0103blia de pat ofer\u0103 un confort excelent datorit\u0103 designului s\u0103u curbat. Aceast\u0103 pern\u0103 pentru citit v\u0103 poate ajuta s\u0103 r\u0103m\u00e2ne\u021bi f\u0103r\u0103 tensiune \u00een pat, pe canapea sau pe canapea extensibil\u0103, fiind ideal\u0103 pentru cei care lucreaz\u0103 noaptea, pentru cititori \u0219i pentru a se uita la televizor \u00een pat.<\/li>\n<li><strong>Design cu sp\u0103tar ridicat:<\/strong> Bucura\u021bi-v\u0103 de un confort de neegalat cu designul unic al sp\u0103tarului ridicat pe dou\u0103 r\u00e2nduri al pernei noastre pentru t\u0103blie. Perna pentru t\u0103blie cu sp\u0103tar ridicat ofer\u0103 un suport superior pentru g\u00e2t \u0219i spate, fiind locul perfect pentru a v\u0103 relaxa \u0219i a citi \u00een pat.<\/li>\n<li><strong>Pern\u0103 multifunc\u021bional\u0103:<\/strong> Cu trei moduri diferite de utilizare, perna noastr\u0103 este perfect\u0103 pentru orice situa\u021bie. Indiferent dac\u0103 prefera\u021bi s\u0103 o folosi\u021bi ca pern\u0103 pentru spate vertical\u0103, ca pern\u0103 cu pan\u0103 sau ca pern\u0103 pentru picioare pentru un sprijin sporit, este accesoriul ideal pentru odihn\u0103 \u0219i relaxare confortabil\u0103.<\/li>\n<li><strong>M\u0103iestrie superioar\u0103:<\/strong> Fabricat\u0103 din material cu aspect de catifea, cu o compozi\u021bie din poliester 100%, perna noastr\u0103 pentru t\u0103blie este umplut\u0103 cu fibr\u0103 de poliester ecologic\u0103 \u0219i de \u00eenalt\u0103 rezisten\u021b\u0103. Perna deta\u0219abil\u0103 pentru pat este u\u0219or de sp\u0103lat la ma\u0219in\u0103, \u00een timp ce buzunarele laterale mici adaug\u0103 un plus de practicitate acestui produs deja luxos.<\/li>\n<li><strong>U\u0219or de sp\u0103lat:<\/strong> Husa de pern\u0103 pentru t\u0103blia patului este ata\u0219at\u0103 la interiorul pernei cu nasturi \u0219i este u\u0219or de \u00eendep\u0103rtat cu un fermoar simplu. Acest lucru face ca cur\u0103\u021barea s\u0103 fie u\u0219oar\u0103. Trebuie doar s\u0103 scoate\u021bi husa \u0219i s\u0103 o sp\u0103la\u021bi rapid la ma\u0219in\u0103 pentru ca perna s\u0103 arate ca nou\u0103.<\/li>\n<li><strong>Dimensiune:<\/strong> 100cm (L100 x L26 x \u00ce55 | 3 nasturi pentru coloane), 120cm (L120 x L26 x \u00ce55 | 4 nasturi pentru coloane), 140cm (L140 x L26 x \u00ce55 | 4 nasturi pentru coloane), 160cm (L160 x L26 x \u00ce55 | 5 nasturi pentru coloane), 180cm (L180 x L26 x \u00ce55 | 6 nasturi pentru coloane), 200cm (L200 x L26 x \u00ce55 | 7 nasturi pentru coloane).<\/li>\n<\/ul>","protected":false},"featured_media":905,"comment_status":"open","ping_status":"closed","template":"","meta":[],"product_brand":[],"product_cat":[15],"product_tag":[178,164,161,168,179,163,143,162,65],"class_list":{"0":"post-914","1":"product","2":"type-product","3":"status-publish","4":"has-post-thumbnail","6":"product_cat-large-wedge-pillow","7":"product_tag-bolster-pillow-for-bed","8":"product_tag-detachable-bolster-bed-cushion","9":"product_tag-elevated-headboard-pillow","10":"product_tag-headboard-pillow","11":"product_tag-headboard-reading-pillow","12":"product_tag-leg-pillow","13":"product_tag-multifunctional-pillow","14":"product_tag-upright-back-pillow","15":"product_tag-wedge-pillow","17":"first","18":"instock","19":"shipping-taxable","20":"purchasable","21":"product-type-variable"},"_links":{"self":[{"href":"https:\/\/www.largepillow.com\/ro\/wp-json\/wp\/v2\/product\/914","targetHints":{"allow":["GET"]}}],"collection":[{"href":"https:\/\/www.largepillow.com\/ro\/wp-json\/wp\/v2\/product"}],"about":[{"href":"https:\/\/www.largepillow.com\/ro\/wp-json\/wp\/v2\/types\/product"}],"replies":[{"embeddable":true,"href":"https:\/\/www.largepillow.com\/ro\/wp-json\/wp\/v2\/comments?post=914"}],"wp:featuredmedia":[{"embeddable":true,"href":"https:\/\/www.largepillow.com\/ro\/wp-json\/wp\/v2\/media\/905"}],"wp:attachment":[{"href":"https:\/\/www.largepillow.com\/ro\/wp-json\/wp\/v2\/media?parent=914"}],"wp:term":[{"taxonomy":"product_brand","embeddable":true,"href":"https:\/\/www.largepillow.com\/ro\/wp-json\/wp\/v2\/product_brand?post=914"},{"taxonomy":"product_cat","embeddable":true,"href":"https:\/\/www.largepillow.com\/ro\/wp-json\/wp\/v2\/product_cat?post=914"},{"taxonomy":"product_tag","embeddable":true,"href":"https:\/\/www.largepillow.com\/ro\/wp-json\/wp\/v2\/product_tag?post=914"}],"curies":[{"name":"wp","href":"https:\/\/api.w.org\/{rel}","templated":true}]}}