{"id":930,"date":"2022-09-18T08:29:22","date_gmt":"2022-09-18T08:29:22","guid":{"rendered":"https:\/\/www.largepillow.com\/product\/wedge-pillow-for-acid-reflux_37_38_39_40_41_42_43_44_45_46_47"},"modified":"2025-09-16T06:24:36","modified_gmt":"2025-09-16T06:24:36","slug":"perna-de-pat-4","status":"publish","type":"product","link":"https:\/\/www.largepillow.com\/ro\/product\/bed-bolster-cushion","title":{"rendered":"Pern\u0103 de pat"},"content":{"rendered":"<p>Descoper\u0103 perna suprem\u0103 pentru citit \u0219i relaxare \u2013 Perna de pat Bolster<\/p>\n<p>Te-ai s\u0103turat s\u0103-\u021bi \u00eencordezi g\u00e2tul \u0219i spatele \u00een timp ce cite\u0219ti sau te ui\u021bi la televizor \u00een pat? \u00ce\u021bi prezent\u0103m perna de pat Bolster \u2013 perna ultra-confortabil\u0103 care duce relaxarea la noi culmi. <\/p>\n<p>Fabricat\u0103 din \u021bes\u0103tur\u0103 de catifea din poliester 100% \u0219i umplut\u0103 cu fibr\u0103 de poliester rezistent\u0103, aceast\u0103 pern\u0103 supradimensionat\u0103 pentru t\u0103blia patului v\u0103 ofer\u0103 un confort luxos. Designul unic al sp\u0103tarului ridicat, cu dou\u0103 r\u00e2nduri, ofer\u0103 suport ergonomic pentru partea superioar\u0103 a corpului, permi\u021b\u00e2ndu-v\u0103 s\u0103 sta\u021bi confortabil \u00een pat, f\u0103r\u0103 efort. <\/p>\n<p>Clien\u021bii apreciaz\u0103 c\u00e2t de versatil\u0103 este aceast\u0103 pern\u0103. O pute\u021bi folosi \u00een pozi\u021bie vertical\u0103 ca sp\u0103tar, \u00eenclinat\u0103 ca o pern\u0103 tip pan\u0103 sau orizontal\u0103 ca o pern\u0103 pentru picioare. Este perna multifunc\u021bional\u0103 perfect\u0103 pentru citit, lucrul la laptop, vizionarea de filme sau pur \u0219i simplu pentru a v\u0103 relaxa \u00een pat. <\/p>\n<p>Dup\u0103 cum spune Lily \u00een recenzia sa: \u201c\u00cemi place s\u0103 folosesc aceast\u0103 pern\u0103 triunghiular\u0103 gigantic\u0103 pentru a m\u0103 sprijini \u00een pat \u00een timp ce citesc. Este at\u00e2t de moale \u0219i \u00eemi sus\u021bine spatele. Obi\u0219nuiam s\u0103 m\u0103 simt inconfortabil dup\u0103 30 de minute de citit, dar cu aceast\u0103 pern\u0103 pot sta ore \u00eentregi f\u0103r\u0103 dureri de g\u00e2t sau de spate.\u201d<\/p>\n<p>Perna de pat Bolster este disponibil\u0103 \u00een diferite l\u0103\u021bimi, de la 100 cm p\u00e2n\u0103 la 200 cm, astfel \u00eenc\u00e2t s\u0103 pute\u021bi g\u0103si potrivirea perfect\u0103 pentru patul dvs. Dispune de buzunare laterale practice pentru a v\u0103 \u021bine telefonul, telecomanda, ochelarii sau o carte. Husa moale de catifea este deta\u0219abil\u0103 \u0219i lavabil\u0103 la ma\u0219in\u0103 pentru o \u00eentre\u021binere u\u0219oar\u0103.<\/p>\n<p>Dac\u0103 vrei s\u0103 duci relaxarea la noi culmi, r\u0103sfa\u021b\u0103-te cu confortul pernei de pat Bolster. Suportul s\u0103u superior \u0219i forma adaptabil\u0103 o fac perna perfect\u0103 pentru citit, lucru sau vizionarea \u00een exces a emisiunilor tale preferate \u00een pat. Adu luxul \u0219i confortul \u00een dormitorul t\u0103u ast\u0103zi!<\/p>","protected":false},"excerpt":{"rendered":"<ul>\n<li><strong>Confort suprem:<\/strong> Aceast\u0103 pern\u0103 XL pentru t\u0103blia de pat ofer\u0103 un confort excelent datorit\u0103 designului s\u0103u curbat. Aceast\u0103 pern\u0103 pentru citit v\u0103 poate ajuta s\u0103 r\u0103m\u00e2ne\u021bi f\u0103r\u0103 tensiune \u00een pat, pe canapea sau pe canapea extensibil\u0103, fiind ideal\u0103 pentru cei care lucreaz\u0103 noaptea, pentru cititori \u0219i pentru a se uita la televizor \u00een pat.<\/li>\n<li><strong>Design cu sp\u0103tar ridicat:<\/strong> Bucura\u021bi-v\u0103 de un confort de neegalat cu designul unic al sp\u0103tarului ridicat pe dou\u0103 r\u00e2nduri al pernei noastre pentru t\u0103blie. Perna pentru t\u0103blie cu sp\u0103tar ridicat ofer\u0103 un suport superior pentru g\u00e2t \u0219i spate, fiind locul perfect pentru a v\u0103 relaxa \u0219i a citi \u00een pat.<\/li>\n<li><strong>Pern\u0103 multifunc\u021bional\u0103:<\/strong> Cu trei moduri diferite de utilizare, perna noastr\u0103 este perfect\u0103 pentru orice situa\u021bie. Indiferent dac\u0103 prefera\u021bi s\u0103 o folosi\u021bi ca pern\u0103 pentru spate vertical\u0103, ca pern\u0103 cu pan\u0103 sau ca pern\u0103 pentru picioare pentru un sprijin sporit, este accesoriul ideal pentru odihn\u0103 \u0219i relaxare confortabil\u0103.<\/li>\n<li><strong>M\u0103iestrie superioar\u0103:<\/strong> Fabricat\u0103 din material cu aspect de catifea, cu o compozi\u021bie din poliester 100%, perna noastr\u0103 pentru t\u0103blie este umplut\u0103 cu fibr\u0103 de poliester ecologic\u0103 \u0219i de \u00eenalt\u0103 rezisten\u021b\u0103. Perna deta\u0219abil\u0103 pentru pat este u\u0219or de sp\u0103lat la ma\u0219in\u0103, \u00een timp ce buzunarele laterale mici adaug\u0103 un plus de practicitate acestui produs deja luxos.<\/li>\n<li><strong>U\u0219or de sp\u0103lat:<\/strong> Husa de pern\u0103 pentru t\u0103blia patului este ata\u0219at\u0103 la interiorul pernei cu nasturi \u0219i este u\u0219or de \u00eendep\u0103rtat cu un fermoar simplu. Acest lucru face ca cur\u0103\u021barea s\u0103 fie u\u0219oar\u0103. Trebuie doar s\u0103 scoate\u021bi husa \u0219i s\u0103 o sp\u0103la\u021bi rapid la ma\u0219in\u0103 pentru ca perna s\u0103 arate ca nou\u0103.<\/li>\n<li><strong>Dimensiune:<\/strong> 100cm (L100 x L26 x \u00ce55 | 3 nasturi pentru coloane), 120cm (L120 x L26 x \u00ce55 | 4 nasturi pentru coloane), 140cm (L140 x L26 x \u00ce55 | 4 nasturi pentru coloane), 160cm (L160 x L26 x \u00ce55 | 5 nasturi pentru coloane), 180cm (L180 x L26 x \u00ce55 | 6 nasturi pentru coloane), 200cm (L200 x L26 x \u00ce55 | 7 nasturi pentru coloane).<\/li>\n<\/ul>","protected":false},"featured_media":921,"comment_status":"open","ping_status":"closed","template":"","meta":[],"product_brand":[],"product_cat":[15],"product_tag":[60,174,164,161,177,143,76,176,162,175,120,65],"class_list":{"0":"post-930","1":"product","2":"type-product","3":"status-publish","4":"has-post-thumbnail","6":"product_cat-large-wedge-pillow","7":"product_tag-backrest-pillow","8":"product_tag-bed-bolster-cushion","9":"product_tag-detachable-bolster-bed-cushion","10":"product_tag-elevated-headboard-pillow","11":"product_tag-luxury-pillow","12":"product_tag-multifunctional-pillow","13":"product_tag-neck-support-pillow","14":"product_tag-practical-pillow","15":"product_tag-upright-back-pillow","16":"product_tag-velvet-fabric-pillow","17":"product_tag-velvet-pillow","18":"product_tag-wedge-pillow","20":"first","21":"instock","22":"shipping-taxable","23":"purchasable","24":"product-type-variable"},"_links":{"self":[{"href":"https:\/\/www.largepillow.com\/ro\/wp-json\/wp\/v2\/product\/930","targetHints":{"allow":["GET"]}}],"collection":[{"href":"https:\/\/www.largepillow.com\/ro\/wp-json\/wp\/v2\/product"}],"about":[{"href":"https:\/\/www.largepillow.com\/ro\/wp-json\/wp\/v2\/types\/product"}],"replies":[{"embeddable":true,"href":"https:\/\/www.largepillow.com\/ro\/wp-json\/wp\/v2\/comments?post=930"}],"wp:featuredmedia":[{"embeddable":true,"href":"https:\/\/www.largepillow.com\/ro\/wp-json\/wp\/v2\/media\/921"}],"wp:attachment":[{"href":"https:\/\/www.largepillow.com\/ro\/wp-json\/wp\/v2\/media?parent=930"}],"wp:term":[{"taxonomy":"product_brand","embeddable":true,"href":"https:\/\/www.largepillow.com\/ro\/wp-json\/wp\/v2\/product_brand?post=930"},{"taxonomy":"product_cat","embeddable":true,"href":"https:\/\/www.largepillow.com\/ro\/wp-json\/wp\/v2\/product_cat?post=930"},{"taxonomy":"product_tag","embeddable":true,"href":"https:\/\/www.largepillow.com\/ro\/wp-json\/wp\/v2\/product_tag?post=930"}],"curies":[{"name":"wp","href":"https:\/\/api.w.org\/{rel}","templated":true}]}}