{"id":998,"date":"2022-09-19T02:00:32","date_gmt":"2022-09-19T02:00:32","guid":{"rendered":"https:\/\/www.largepillow.com\/product\/backrest-body-cushion"},"modified":"2025-12-05T12:02:00","modified_gmt":"2025-12-05T12:02:00","slug":"perna-mare-pentru-corp","status":"publish","type":"product","link":"https:\/\/www.largepillow.com\/ro\/product\/large-body-pillow\/","title":{"rendered":"Pern\u0103 mare pentru corp"},"content":{"rendered":"<p>R\u0103sf\u0103\u021ba\u021bi-v\u0103 cu confortul \u0219i versatilitatea pernei mari pentru corp<\/p>\n<p>\u00cembun\u0103t\u0103\u021bi\u021bi-v\u0103 experien\u021ba de culcare cu excep\u021bionala pern\u0103 mare pentru corp, realizat\u0103 meticulos pentru a oferi confort \u0219i sus\u021binere de neegalat.<\/p>\n<p>Partenerul perfect de lectur\u0103<\/p>\n<p>Relaxeaz\u0103-te cu o carte captivant\u0103 f\u0103r\u0103 a sacrifica confortul. Forma dreptunghiular\u0103 a acestei perne ofer\u0103 un suport lombar optim, asigur\u00e2ndu-te c\u0103 te po\u021bi cufunda \u00een pove\u0219tile tale preferate ore \u00een \u0219ir. Indiferent dac\u0103 stai \u00een pat citind, te ui\u021bi la televizor sau navighezi pe internet, aceast\u0103 pern\u0103 te are acoperit.<\/p>\n<p>Suport corporal de neegalat<\/p>\n<p>Fiind o pern\u0103 mare pentru corp, aceasta transcende rolul unei simple perne de odihn\u0103. Designul s\u0103u multi-pozi\u021bional \u00eei permite s\u0103 se adapteze la diverse p\u0103r\u021bi ale corpului, oferind suport pentru spate, umeri, coloan\u0103 vertebral\u0103, stomac \u0219i picioare. Promoveaz\u0103 o coloan\u0103 vertebral\u0103 aliniat\u0103, fiind ideal\u0103 pentru to\u021bi dormitorii, indiferent de pozi\u021bia preferat\u0103 de dormit.<\/p>\n<p>Construc\u021bie \u0219i materiale premium<\/p>\n<p>Experimenta\u021bi diferen\u021ba cu aceast\u0103 pern\u0103 rafinat\u0103, conceput\u0103 cu cea mai mare grij\u0103 \u0219i aten\u021bie la detalii. Dungile sale tridimensionale, nasturile din material textil \u0219i marginile complet tivite o diferen\u021biaz\u0103 de pernele de sp\u0103tar obi\u0219nuite. Umplutura din microfibr\u0103 de poliester, rezistent\u0103 \u0219i flexibil\u0103, asigur\u0103 un suport optim, care nu \u00ee\u0219i va pierde forma \u00een timp.<\/p>\n<p>Accesoriu elegant pentru noptier\u0103<\/p>\n<p>Ad\u0103uga\u021bi o not\u0103 de elegan\u021b\u0103 dormitorului dvs. cu aceast\u0103 pern\u0103 elegant\u0103 pentru citit. Designul s\u0103u atractiv o transform\u0103 \u00eentr-un decor frumos pentru pat, ad\u0103ug\u00e2nd o ambian\u021b\u0103 primitoare sanctuarului dvs. Este reglabil\u0103 \u0219i versatil\u0103, integr\u00e2ndu-se perfect \u00een orice dormitor, hotel sau spital.<\/p>\n<p>U\u0219or de cur\u0103\u021bat \u0219i \u00eentre\u021binut<\/p>\n<p>Men\u021binerea pernei proaspete \u0219i igienice este floare la ureche. Husa deta\u0219abil\u0103 pentru pern\u0103 poate fi u\u0219or deta\u0219at\u0103 \u0219i sp\u0103lat\u0103 la ma\u0219in\u0103, asigur\u00e2nd un mediu de somn curat \u0219i f\u0103r\u0103 alergeni.<\/p>\n<p>M\u0103rturii ale clien\u021bilor<\/p>\n<p>\u201eAceast\u0103 pern\u0103 schimb\u0103 complet regulile jocului \u00een sesiunile mele de lectur\u0103. Ofer\u0103 suportul \u0219i confortul perfecte, permi\u021b\u00e2ndu-mi s\u0103 citesc ore \u00eentregi f\u0103r\u0103 niciun disconfort.\u201d \u2013 Jennifer B.<\/p>\n<p>\u201eCa pern\u0103 pentru corp, este o salvare. M\u0103 ajut\u0103 s\u0103 dorm \u00eentr-o pozi\u021bie mai confortabil\u0103 \u0219i mai relaxat\u0103, reduc\u00e2nd semnificativ durerile de spate.\u201d \u2013 Mark H.<\/p>\n<p>\u201eDesignul este absolut superb. Este \u00eenlocuitorul perfect pentru t\u0103blia de pat \u0219i adaug\u0103 o not\u0103 de rafinament dormitorului meu.\u201d \u2013 Emily G.<\/p>\n<p>Alege\u021bi ast\u0103zi perna mare pentru corp \u0219i experimenta\u021bi confortul \u0219i sus\u021binerea supreme. Disponibil\u0103 \u00eentr-o gam\u0103 de dimensiuni de la 100x50x8cm la 200x50x8cm, cu siguran\u021b\u0103 ve\u021bi g\u0103si perna perfect\u0103 pentru nevoile dumneavoastr\u0103. Comanda\u021bi acum \u0219i \u00eembun\u0103t\u0103\u021bi\u021bi-v\u0103 somnul \u0219i relaxarea!<\/p>","protected":false},"excerpt":{"rendered":"<ul>\n<li><strong>PERN\u0102 PERFECT\u0102 PENTRU CITIT:<\/strong> Cu o pern\u0103 de form\u0103 dreptunghiular\u0103, aceast\u0103 pern\u0103 confortabil\u0103 pentru citit l\u00e2ng\u0103 pat func\u021bioneaz\u0103 perfect pentru a oferi un suport moale pentru spate ca pern\u0103 lombar\u0103 atunci c\u00e2nd stai \u00een pat pentru a citi, a te uita la televizor, a naviga pe telefon, a naviga pe tablet\u0103, a te juca jocuri video, a face yoga, a al\u0103pta \u0219i te odihne\u0219ti dup\u0103 o interven\u021bie chirurgical\u0103.<\/li>\n<li><strong>PERN\u0102 DE CORP CONFORTABIL\u0102:<\/strong> Ca pern\u0103 mare pentru corp, \u00eenlocuie\u0219te toate pernele normale de odihn\u0103 la pat sau lombare, creeaz\u0103 pozi\u021bii multiple ca pern\u0103 de pozi\u021bionare pentru a sus\u021bine spatele, umerii, coloana vertebral\u0103, abdomenul, picioarele \u0219i permite mu\u0219chilor s\u0103 r\u0103m\u00e2n\u0103 relaxa\u021bi. Promoveaz\u0103 o coloan\u0103 vertebral\u0103 aliniat\u0103 pentru orice persoan\u0103 care doarme, indiferent dac\u0103 ave\u021bi nevoie de o pern\u0103 tapi\u021bat\u0103 pentru odihn\u0103 la pat sau de o pern\u0103 mare pentru sus\u021binerea spatelui, dac\u0103 ave\u021bi nevoie doar de mai mult\u0103 sau mai pu\u021bin\u0103 \u00een\u0103l\u021bime. O pute\u021bi folosi, de asemenea, ca pern\u0103 de sarcin\u0103 care ofer\u0103 suport pentru diferite p\u0103r\u021bi ale corpului \u0219i amelioreaz\u0103 durerile cauzate de sarcin\u0103.<\/li>\n<li><strong>PROIECTAT INI\u021aIAL CU MATERIALE DE \u00ceNALT\u0102 CALITATE:<\/strong> Perna de citit dreptunghiular\u0103 este prev\u0103zut\u0103 cu dungi tridimensionale, smocuri din material textil \u0219i margini complet tivite, care o diferen\u021biaz\u0103 de toate celelalte perne de sp\u0103tar normale. De\u0219i perna decorativ\u0103 pentru sp\u0103tar este moale, \u00ee\u0219i men\u021bine forma de sus\u021binere, profit\u00e2nd din plin de umplutura din fibre de micropoliester rezistente \u0219i flexibile. Fermoarul bidirec\u021bional al pernei de noptier\u0103 este foarte rezistent \u0219i durabil pentru utilizare pe termen lung.<\/li>\n<li><strong>PERN\u0102 DECORATIV\u0102 FRUMOAS\u0102 PENTRU NOPTIER\u0102:<\/strong> Dac\u0103 ave\u021bi nevoie de o t\u0103blie de pat rapid\u0103 \u0219i u\u0219oar\u0103, aceast\u0103 pern\u0103 tapi\u021bat\u0103 pentru citit poate fi folosit\u0103 ca o alternativ\u0103 de \u00eenlocuire, fiind \u00een acela\u0219i timp un decor frumos pentru pat. Designul s\u0103u elegant va ad\u0103uga o priveli\u0219te primitoare dormitorului dumneavoastr\u0103. Cu aspectul s\u0103u atractiv, aceast\u0103 pern\u0103 original\u0103 pentru sp\u0103tarul noptierei este reglabil\u0103 pentru dormitor, hotel, spital, scaun la fereastr\u0103, canapea, canapea extensibil\u0103, pat supraetajat, pat de c\u0103min, pat cu platform\u0103.<\/li>\n<li><strong>HUSA DE PERN\u0102 LOMBAR\u0102 DETA\u0218ABIL\u0102 \u0218I U\u0218OR DE SP\u0102LAT:<\/strong> Pute\u021bi \u00eendep\u0103rta cu u\u0219urin\u021b\u0103 fa\u021ba pernei de odihn\u0103 la pat deschiz\u00e2nd fermoarul \u0219i desf\u0103c\u00e2nd nasturii de la fa\u021ba pernei de citit \u0219i o pute\u021bi sp\u0103la la ma\u0219in\u0103.<\/li>\n<li><strong>Material:<\/strong> Amestec de poliester \u0219i in.<\/li>\n<li><strong>Dimensiune:<\/strong> 100x50x8cm (3 nasturi), 120x50x8cm (4 nasturi), 140x50x8cm (4 nasturi), 160x50x8cm (5 nasturi), 180x50x8cm (6 nasturi), 200x50x8cm (7 nasturi)<\/li>\n<\/ul>","protected":false},"featured_media":985,"comment_status":"open","ping_status":"closed","template":"","meta":[],"product_brand":[],"product_cat":[28],"product_tag":[66,133,142,145,157,154,79,158,144,118,156,125,123],"class_list":{"0":"post-998","1":"product","2":"type-product","3":"status-publish","4":"has-post-thumbnail","6":"product_cat-large-body-pillow","7":"product_tag-back-support-pillow","8":"product_tag-bedroom-decor-pillow","9":"product_tag-bedside-reading-pillow","10":"product_tag-decorative-pillow","11":"product_tag-headboard-replacement","12":"product_tag-large-body-pillow","13":"product_tag-lumbar-pillow","14":"product_tag-platform-bed-decor","15":"product_tag-positioner-pillow","16":"product_tag-pregnancy-pillow","17":"product_tag-rectangular-cushion","18":"product_tag-removable-pillow-cover","19":"product_tag-upholstered-bedrest-pillow","21":"first","22":"instock","23":"featured","24":"shipping-taxable","25":"purchasable","26":"product-type-variable"},"_links":{"self":[{"href":"https:\/\/www.largepillow.com\/ro\/wp-json\/wp\/v2\/product\/998","targetHints":{"allow":["GET"]}}],"collection":[{"href":"https:\/\/www.largepillow.com\/ro\/wp-json\/wp\/v2\/product"}],"about":[{"href":"https:\/\/www.largepillow.com\/ro\/wp-json\/wp\/v2\/types\/product"}],"replies":[{"embeddable":true,"href":"https:\/\/www.largepillow.com\/ro\/wp-json\/wp\/v2\/comments?post=998"}],"wp:featuredmedia":[{"embeddable":true,"href":"https:\/\/www.largepillow.com\/ro\/wp-json\/wp\/v2\/media\/985"}],"wp:attachment":[{"href":"https:\/\/www.largepillow.com\/ro\/wp-json\/wp\/v2\/media?parent=998"}],"wp:term":[{"taxonomy":"product_brand","embeddable":true,"href":"https:\/\/www.largepillow.com\/ro\/wp-json\/wp\/v2\/product_brand?post=998"},{"taxonomy":"product_cat","embeddable":true,"href":"https:\/\/www.largepillow.com\/ro\/wp-json\/wp\/v2\/product_cat?post=998"},{"taxonomy":"product_tag","embeddable":true,"href":"https:\/\/www.largepillow.com\/ro\/wp-json\/wp\/v2\/product_tag?post=998"}],"curies":[{"name":"wp","href":"https:\/\/api.w.org\/{rel}","templated":true}]}}