{"id":10581,"date":"2025-07-29T03:16:04","date_gmt":"2025-07-29T03:16:04","guid":{"rendered":"https:\/\/www.largepillow.com\/product\/folding-floor-sofa-bed-soft-corduroy-convertible-sleeper-chair"},"modified":"2025-07-29T12:28:41","modified_gmt":"2025-07-29T12:28:41","slug":"rozkladacia-pohovka-na-podlahu-makka-mansestrova-pohovka-rozkladacie-lozko","status":"publish","type":"product","link":"https:\/\/www.largepillow.com\/sk\/product\/folding-floor-sofa-bed-soft-corduroy-convertible-sleeper-chair","title":{"rendered":"Rozkladacia rozkladacia pohovka na podlahu \u2013 m\u00e4kk\u00e9 man\u0161estrov\u00e9 rozkladacie kreslo"},"content":{"rendered":"[zc_getpagecontent mb=&#8221;mb_aplus&#8221; apid=&#8221;138&#8243;]\n","protected":false},"excerpt":{"rendered":"<ul>\n<li>3-dielny inteligentn\u00fd skladac\u00ed dizajn: Z\u00e1klad\u0148a z tvrdej peny + segmentovan\u00fd vank\u00fa\u0161 z polypropyl\u00e9novej bavlny umo\u017e\u0148uje okam\u017eit\u00fa premenu pohovky na poste\u013e. Vank\u00fa\u0161e sa v re\u017eime pohovky zasun\u00fa do operadla; v re\u017eime postele \u00faplne zakr\u00fdvaj\u00fa penov\u00e9 \u0161vy pre pohodlie bez medzier.<\/li>\n<li>Dvojvrstvov\u00fd komfortn\u00fd syst\u00e9m: R\u00e1m z peny s vysokou hustotou zais\u0165uje pevn\u00fa oporu a je pokryt\u00fd m\u00e4kkou polypropyl\u00e9novou bavlnou pre m\u00e4kkos\u0165 ako oblak. Priedu\u0161n\u00e1 man\u0161estrov\u00e1 tkanina dod\u00e1va luxus svoj\u00edm zamatov\u00fdm dotykom.<\/li>\n<li>Priestorovo \u00fasporn\u00e1 poste\u013e plnej ve\u013ekosti: Rozlo\u017e\u00ed sa na priestrann\u00fa poste\u013e plnej ve\u013ekosti (122 x 204 cm); zlo\u017e\u00ed sa na pohovku s n\u00edzkym operadlom (122 x 94 x 76 cm). Beznoh\u00fd dizajn sa prisp\u00f4sob\u00ed podlahe, ide\u00e1lny do mal\u00fdch priestorov.<\/li>\n<li>\u010ci u\u017e ide o prenocovanie host\u00ed, \u0161t\u00fadiov\u00e9 apartm\u00e1ny alebo detsk\u00e9 izby, t\u00e1to rozkladacia rozkladacia pohovka je priestorovo \u00fasporn\u00e1 a multifunk\u010dn\u00e1 nevyhnutnos\u0165. Skvel\u00e1 do hos\u0165ovsk\u00fdch izieb, intern\u00e1tov a mal\u00fdch priestorov.<\/li>\n<li>Zaoblen\u00e9 hrany pre bezpe\u010dnos\u0165 a modern\u00e9 krivky dop\u013a\u0148aj\u00fa ak\u00fdko\u013evek dekor. Hlbok\u00e9 94 cm sedadlo pon\u00faka obklopuj\u00face pohodlie.<\/li>\n<\/ul>","protected":false},"featured_media":10558,"comment_status":"open","ping_status":"closed","template":"","meta":[],"product_brand":[],"product_cat":[228],"product_tag":[],"class_list":{"0":"post-10581","1":"product","2":"type-product","3":"status-publish","4":"has-post-thumbnail","6":"product_cat-cushions","8":"first","9":"instock","10":"sold-individually","11":"shipping-taxable","12":"purchasable","13":"product-type-simple"},"_links":{"self":[{"href":"https:\/\/www.largepillow.com\/sk\/wp-json\/wp\/v2\/product\/10581","targetHints":{"allow":["GET"]}}],"collection":[{"href":"https:\/\/www.largepillow.com\/sk\/wp-json\/wp\/v2\/product"}],"about":[{"href":"https:\/\/www.largepillow.com\/sk\/wp-json\/wp\/v2\/types\/product"}],"replies":[{"embeddable":true,"href":"https:\/\/www.largepillow.com\/sk\/wp-json\/wp\/v2\/comments?post=10581"}],"wp:featuredmedia":[{"embeddable":true,"href":"https:\/\/www.largepillow.com\/sk\/wp-json\/wp\/v2\/media\/10558"}],"wp:attachment":[{"href":"https:\/\/www.largepillow.com\/sk\/wp-json\/wp\/v2\/media?parent=10581"}],"wp:term":[{"taxonomy":"product_brand","embeddable":true,"href":"https:\/\/www.largepillow.com\/sk\/wp-json\/wp\/v2\/product_brand?post=10581"},{"taxonomy":"product_cat","embeddable":true,"href":"https:\/\/www.largepillow.com\/sk\/wp-json\/wp\/v2\/product_cat?post=10581"},{"taxonomy":"product_tag","embeddable":true,"href":"https:\/\/www.largepillow.com\/sk\/wp-json\/wp\/v2\/product_tag?post=10581"}],"curies":[{"name":"wp","href":"https:\/\/api.w.org\/{rel}","templated":true}]}}