{"id":10595,"date":"2025-07-29T06:53:48","date_gmt":"2025-07-29T06:53:48","guid":{"rendered":"https:\/\/www.largepillow.com\/product\/bean-bag-lounger-sofa-giant-floor-couch-for-adults"},"modified":"2025-07-29T12:28:41","modified_gmt":"2025-07-29T12:28:41","slug":"lezadlo-na-sedacie-vaky-pohovka-obrovska-podlahova-pohovka-pre-dospelych","status":"publish","type":"product","link":"https:\/\/www.largepillow.com\/sk\/product\/bean-bag-lounger-sofa-giant-floor-couch-for-adults","title":{"rendered":"Sedac\u00ed vak \u2013 obrovsk\u00e1 pohovka na podlahu pre dospel\u00fdch"},"content":{"rendered":"[zc_getpagecontent mb=&#8221;mb_aplus&#8221; apid=&#8221;139&#8243;]\n","protected":false},"excerpt":{"rendered":"<ul>\n<li>Priestrann\u00fd dizajn pre dvoch (alebo viac!): S rozmermi 167 cm x 137 cm x 43 cm (66\u2033 x 54\u2033 x 17\u2033) sa na t\u00fato nadrozmern\u00fa pohovku v tvare sedacieho vaku pohodlne zmestia 2-3 dospel\u00ed \u2013 ide\u00e1lne pre p\u00e1ry, rodiny alebo priate\u013eov. \u010ci u\u017e je to ob\u00fdva\u010dka, sp\u00e1l\u0148a, her\u0148a alebo kancel\u00e1ria, toto kreslo do sp\u00e1lne v\u00e1m poskytne \u00fatuln\u00e9 a le\u017e\u00e9rne sedenie, nech u\u017e ho potrebujete kdeko\u013evek.<\/li>\n<li>Ultra pohodln\u00e1 a podporn\u00e1 v\u00fdpl\u0148: Rozl\u00fa\u010dte sa s hlu\u010dn\u00fdmi a previsnut\u00fdmi sedac\u00edmi vakmi! T\u00e1to sedacia vakov\u00e1 pohovka pre dospel\u00fdch je vyplnen\u00e1 pr\u00e9miov\u00fdm nad\u00fdchan\u00fdm polyesterov\u00fdm vl\u00e1knom, ktor\u00e9 pon\u00faka lep\u0161iu oporu a vynikaj\u00face zachovanie tvaru v porovnan\u00ed s tradi\u010dn\u00fdmi v\u00fdpl\u0148ami sedac\u00edch vakov. U\u017eite si ply\u0161ov\u00e9 pohodlie bez otravn\u00e9ho v\u0155zgania.<\/li>\n<li>\u0160t\u00fdlov\u00fd upgrade na klasick\u00fd obrovsk\u00fd sedac\u00ed vak: V\u010faka modern\u00e9mu dizajnu a priestrann\u00e9mu sedeniu to nie je len oby\u010dajn\u00fd sedac\u00ed vak. Jedine\u010dne tvarovan\u00fd tvar pohodlne obj\u00edme 2-3 osoby a vytv\u00e1ra s\u00fakromn\u00fd z\u00e1\u017eitok z relaxu, ktor\u00fd v\u00e1s poz\u00fdva k relax\u00e1cii, oddychu a pocitu plnej opory.<\/li>\n<li>Luxusne m\u00e4kk\u00e1 ply\u0161ov\u00e1 l\u00e1tka: T\u00e1to sedacia vakov\u00e1 pohovka, zabalen\u00e1 v kr\u00e1tkej ply\u0161ovej l\u00e1tke so \u0161irok\u00fdmi pruhmi, je m\u00e4kk\u00e1 a z\u00e1rove\u0148 \u0161t\u00fdlov\u00e1. Text\u00farovan\u00e1 l\u00e1tka pon\u00faka v\u00fdnimo\u010dn\u00fa m\u00e4kkos\u0165 a n\u00e1dych elegancie. (Pozn\u00e1mka: M\u00f4\u017ee d\u00f4js\u0165 k minim\u00e1lnemu p\u00fa\u0161\u0165aniu l\u00e1tky, ale to neovplyv\u0148uje funk\u010dnos\u0165 ani pohodlie.)<\/li>\n<li>Jednoduch\u00e1 in\u0161tal\u00e1cia a \u00fadr\u017eba: Dod\u00e1va sa v 1 balen\u00ed pre jednoduch\u00fa prepravu. Nadrozmern\u00fd spodn\u00fd zips umo\u017e\u0148uje jednoduch\u00e9 odstr\u00e1nenie a po\u0165ah je mo\u017en\u00e9 pra\u0165 v pr\u00e1\u010dke pre jednoduch\u00fa \u00fadr\u017ebu.<\/li>\n<\/ul>","protected":false},"featured_media":10582,"comment_status":"open","ping_status":"closed","template":"","meta":[],"product_brand":[],"product_cat":[228],"product_tag":[],"class_list":{"0":"post-10595","1":"product","2":"type-product","3":"status-publish","4":"has-post-thumbnail","6":"product_cat-cushions","8":"first","9":"instock","10":"sold-individually","11":"shipping-taxable","12":"purchasable","13":"product-type-simple"},"_links":{"self":[{"href":"https:\/\/www.largepillow.com\/sk\/wp-json\/wp\/v2\/product\/10595","targetHints":{"allow":["GET"]}}],"collection":[{"href":"https:\/\/www.largepillow.com\/sk\/wp-json\/wp\/v2\/product"}],"about":[{"href":"https:\/\/www.largepillow.com\/sk\/wp-json\/wp\/v2\/types\/product"}],"replies":[{"embeddable":true,"href":"https:\/\/www.largepillow.com\/sk\/wp-json\/wp\/v2\/comments?post=10595"}],"wp:featuredmedia":[{"embeddable":true,"href":"https:\/\/www.largepillow.com\/sk\/wp-json\/wp\/v2\/media\/10582"}],"wp:attachment":[{"href":"https:\/\/www.largepillow.com\/sk\/wp-json\/wp\/v2\/media?parent=10595"}],"wp:term":[{"taxonomy":"product_brand","embeddable":true,"href":"https:\/\/www.largepillow.com\/sk\/wp-json\/wp\/v2\/product_brand?post=10595"},{"taxonomy":"product_cat","embeddable":true,"href":"https:\/\/www.largepillow.com\/sk\/wp-json\/wp\/v2\/product_cat?post=10595"},{"taxonomy":"product_tag","embeddable":true,"href":"https:\/\/www.largepillow.com\/sk\/wp-json\/wp\/v2\/product_tag?post=10595"}],"curies":[{"name":"wp","href":"https:\/\/api.w.org\/{rel}","templated":true}]}}