{"id":10731,"date":"2025-07-31T09:54:14","date_gmt":"2025-07-31T09:54:14","guid":{"rendered":"https:\/\/www.largepillow.com\/product\/oversized-curved-chaise-lounge-sofa-sleeper-for-living-room"},"modified":"2025-08-13T01:58:41","modified_gmt":"2025-08-13T01:58:41","slug":"nadrozmerna-zakrivena-rozkladacia-pohovka-s-lezadlom-do-obyvacky","status":"publish","type":"product","link":"https:\/\/www.largepillow.com\/sk\/product\/oversized-curved-chaise-lounge-sofa-sleeper-for-living-room\/","title":{"rendered":"Nadrozmern\u00e1 zakriven\u00e1 rozkladacia pohovka Chaise Lounge do ob\u00fdvacej izby"},"content":{"rendered":"[zc_getpagecontent mb=&#8221;mb_aplus&#8221; apid=&#8221;141&#8243;]\n","protected":false},"excerpt":{"rendered":"<ul>\n<li>Mimoriadne ve\u013ek\u00e9 pohodlie: T\u00e1to nadrozmern\u00e1 le\u017eadlov\u00e1 pohovka s rozmermi 160 cm x 128 cm x 64 cm pohodlne pojme 2 a\u017e 3 osoby. Ergonomick\u00fd obl\u00fakov\u00fd dizajn podporuje prirodzen\u00e9 krivky v\u00e1\u0161ho tela a pon\u00faka vynikaj\u00face pohodlie vo viacer\u00fdch uhloch sklonu \u2013 ide\u00e1lne na le\u0148o\u0161enie, zdriemnutie si alebo spolo\u010dn\u00fd relax.<\/li>\n<li>Ply\u0161ov\u00e1 opora v kombin\u00e1cii s dlhou \u017eivotnos\u0165ou: Toto kreslo, vyroben\u00e9 z pevnej penovej z\u00e1kladne a pokryt\u00e9 ultra m\u00e4kk\u00fdm polyesterov\u00fdm vl\u00e1knov\u00fdm vank\u00fa\u0161om, dosahuje dokonal\u00fa kombin\u00e1ciu pevnej opory a m\u00e4kkosti ako oblak. Vychutnajte si luxusn\u00fd z\u00e1\u017eitok zo sedenia, ktor\u00fd uvo\u013en\u00ed va\u0161e telo.<\/li>\n<li>Multifunk\u010dn\u00e1 pre ak\u00fdko\u013evek priestor: \u010ci u\u017e potrebujete \u00fatuln\u00fa pohovku v ob\u00fdva\u010dke, rozkladacie kreslo do sp\u00e1lne alebo miesto na oddych pri filmov\u00fdch ve\u010deroch, t\u00e1to v\u0161estrann\u00e1 pohovka sa prisp\u00f4sob\u00ed v\u00e1\u0161mu \u017eivotn\u00e9mu \u0161t\u00fdlu. Ide\u00e1lna na \u010d\u00edtanie, hranie hier alebo tr\u00e1venie kvalitn\u00e9ho \u010dasu s rodinou a priate\u013emi.<\/li>\n<li>Odn\u00edmate\u013en\u00e9 a viac\u00fa\u010delov\u00e9 vank\u00fa\u0161e na pohovku: Extra hrub\u00e9 vank\u00fa\u0161e a z\u00e1klad\u0148a s\u00fa navrhnut\u00e9 s oh\u013eadom na flexibilitu a s\u00fa samostatn\u00e9 a odn\u00edmate\u013en\u00e9. M\u00e4kk\u00e9 vank\u00fa\u0161e m\u00f4\u017eete pou\u017ei\u0165 ako podlo\u017eky na podlahu alebo ako \u010fal\u0161ie sedenie pod\u013ea potreby \u2013 ide\u00e1lne pre host\u00ed alebo spont\u00e1nne presp\u00e1vanie.<\/li>\n<li>Jednoduch\u00e1 mont\u00e1\u017e a \u00fadr\u017eba: Dod\u00e1va sa v\u00e1kuovo balen\u00e9 v 3 baleniach so 4 penov\u00fdmi r\u00e1mami a hrub\u00fdmi vank\u00fa\u0161mi. Nechajte penu napu\u010da\u0165 24 \u2013 72 hod\u00edn, jednoducho zostavte pomocou n\u00e1\u0161ho n\u00e1vodu a u\u017e\u00edvajte si. Odn\u00edmate\u013en\u00fd po\u0165ah na zips je mo\u017en\u00e9 pra\u0165 v pr\u00e1\u010dke pre jednoduch\u00e9 \u010distenie.<\/li>\n<\/ul>","protected":false},"featured_media":10708,"comment_status":"open","ping_status":"closed","template":"","meta":[],"product_brand":[],"product_cat":[228],"product_tag":[],"class_list":{"0":"post-10731","1":"product","2":"type-product","3":"status-publish","4":"has-post-thumbnail","6":"product_cat-cushions","8":"first","9":"instock","10":"sold-individually","11":"shipping-taxable","12":"purchasable","13":"product-type-simple"},"_links":{"self":[{"href":"https:\/\/www.largepillow.com\/sk\/wp-json\/wp\/v2\/product\/10731","targetHints":{"allow":["GET"]}}],"collection":[{"href":"https:\/\/www.largepillow.com\/sk\/wp-json\/wp\/v2\/product"}],"about":[{"href":"https:\/\/www.largepillow.com\/sk\/wp-json\/wp\/v2\/types\/product"}],"replies":[{"embeddable":true,"href":"https:\/\/www.largepillow.com\/sk\/wp-json\/wp\/v2\/comments?post=10731"}],"wp:featuredmedia":[{"embeddable":true,"href":"https:\/\/www.largepillow.com\/sk\/wp-json\/wp\/v2\/media\/10708"}],"wp:attachment":[{"href":"https:\/\/www.largepillow.com\/sk\/wp-json\/wp\/v2\/media?parent=10731"}],"wp:term":[{"taxonomy":"product_brand","embeddable":true,"href":"https:\/\/www.largepillow.com\/sk\/wp-json\/wp\/v2\/product_brand?post=10731"},{"taxonomy":"product_cat","embeddable":true,"href":"https:\/\/www.largepillow.com\/sk\/wp-json\/wp\/v2\/product_cat?post=10731"},{"taxonomy":"product_tag","embeddable":true,"href":"https:\/\/www.largepillow.com\/sk\/wp-json\/wp\/v2\/product_tag?post=10731"}],"curies":[{"name":"pracovn\u00fd list","href":"https:\/\/api.w.org\/{rel}","templated":true}]}}