{"id":1083,"date":"2022-09-19T02:22:31","date_gmt":"2022-09-19T02:22:31","guid":{"rendered":"https:\/\/www.largepillow.com\/product\/triangular-positioning-support-pillow"},"modified":"2025-09-19T02:32:21","modified_gmt":"2025-09-19T02:32:21","slug":"vankus-na-posilnenie-tela","status":"publish","type":"product","link":"https:\/\/www.largepillow.com\/sk\/product\/body-bolster-pillow","title":{"rendered":"Vank\u00fa\u0161 na posilnenie tela"},"content":{"rendered":"<p>The Body Bolster Pillow &#8211; the perfect solution for all your comfort needs. Whether you&#8217;re looking for a comfortable reading pillow or a large body pillow, the Body Bolster Pillow has got you covered. With its rectangular shape cushion and soft back support, you can sit up in bed for hours without any discomfort. <\/p>\n<p>One satisfied customer raves: &#8220;This pillow has been a game-changer for me! I used to struggle with back pain when lying down, but since I started using the Body Bolster Pillow, my pain has significantly reduced. It&#8217;s so comfortable and supportive, I can&#8217;t imagine going back to my old pillows.&#8221;<\/p>\n<p>Made with high-quality materials, this pillow is designed to maintain its shape and provide the best support to your body. The micro polyester fiberfill is both resilient and flexible, giving you the perfect amount of loft for your specific needs.<\/p>\n<p>And that&#8217;s not all &#8211; the beautiful design of this pillow makes it a perfect decorative addition to your bedroom. Its elegant appearance will add an inviting touch to any room. One happy customer reports: &#8220;I bought the black velvet pillow and it looks so luxurious on my bed. It&#8217;s not just comfortable, but also adds a touch of elegance to my room.&#8221;<\/p>\n<p>What&#8217;s more, the pillow cover is easily removable, so you can keep your pillow fresh and clean. Simply open the zipper to remove the cover, and throw it in the machine for an easy wash.<\/p>\n<p>Available in six different sizes and four colors, there&#8217;s a Body Bolster Pillow for everyone. Don&#8217;t just take our word for it &#8211; try it out for yourself and experience the comfort and support of the Body Bolster Pillow.<\/p>","protected":false},"excerpt":{"rendered":"<ul>\n<li><strong>DOKONAL\u00dd \u010c\u00cdTAC\u00cd VANK\u00da\u0160:<\/strong> Tento pohodln\u00fd \u010d\u00edtac\u00ed vank\u00fa\u0161 s obd\u013a\u017enikov\u00fdm tvarom dokonale sl\u00fa\u017ei ako m\u00e4kk\u00e1 opora chrbta ako bedrov\u00fd vank\u00fa\u0161, ke\u010f sed\u00edte na posteli pri \u010d\u00edtan\u00ed, sledovan\u00ed telev\u00edzie, prehliadan\u00ed telef\u00f3nu, surfovan\u00ed na tablete, hran\u00ed videohier, cvi\u010den\u00ed jogy, doj\u010den\u00ed a oddychu po oper\u00e1cii.<\/li>\n<li><strong>POHODLN\u00dd VANK\u00da\u0160 NA TELO:<\/strong> Ako ve\u013ek\u00fd vank\u00fa\u0161 na telo nahr\u00e1dza v\u0161etky be\u017en\u00e9 vank\u00fa\u0161e na opierku postele alebo bedrov\u00fa chrbticu, vytv\u00e1ra viacero pol\u00f4h ako polohovac\u00ed vank\u00fa\u0161 na podporu chrbta, ramien, chrbtice, brucha, n\u00f4h a umo\u017e\u0148uje uvo\u013enenie svalov. Podporuje zarovnanie chrbtice pre ka\u017ed\u00e9ho sp\u00e1\u010da, \u010di u\u017e potrebujete \u010dal\u00fanen\u00fd vank\u00fa\u0161 na opierku postele alebo ve\u013ek\u00fd vank\u00fa\u0161 na podporu chrbta, ak potrebujete len viac alebo menej vyv\u00fd\u0161en\u00e9ho chrbta. M\u00f4\u017eete ho tie\u017e pou\u017ei\u0165 ako tehotensk\u00fd vank\u00fa\u0161, ktor\u00fd poskytuje oporu r\u00f4znym \u010dastiam tela a uvo\u013e\u0148uje tehotensk\u00e9 bolesti.<\/li>\n<li><strong>P\u00d4VODNE NAVRHNUT\u00c9 Z VYSOK\u00ddCH KVALITN\u00ddCH MATERI\u00c1LOV:<\/strong> Obd\u013a\u017enikov\u00fd \u010d\u00edtac\u00ed vank\u00fa\u0161 s trojrozmern\u00fdmi pruhmi, l\u00e1tkov\u00fdmi gomb\u00edkmi a plne lemovan\u00fdmi okrajmi sa ve\u013emi odli\u0161uje od v\u0161etk\u00fdch be\u017en\u00fdch vank\u00fa\u0161ov na operadlo. Hoci je dekorat\u00edvny vank\u00fa\u0161 na podporu chrbta m\u00e4kk\u00fd, st\u00e1le si zachov\u00e1va svoj podporn\u00fd tvar v\u010faka pln\u00e9mu vyu\u017eitiu odolnej a flexibilnej mikropolyesterovej v\u00fdplne. Obojsmern\u00fd zips no\u010dn\u00e9ho vank\u00fa\u0161a je ve\u013emi pevn\u00fd a odoln\u00fd pre dlhodob\u00e9 pou\u017e\u00edvanie.<\/li>\n<li><strong>KR\u00c1SNY DEKORA\u010cN\u00dd VANK\u00da\u0160 NA NO\u010cN\u00dd N\u00c1DOBIE:<\/strong> Ak potrebujete r\u00fdchle a jednoduch\u00e9 \u010delo postele, tento \u010dal\u00fanen\u00fd vank\u00fa\u0161 na \u010d\u00edtanie s \u010delom postele m\u00f4\u017ee by\u0165 pou\u017eit\u00fd ako alternat\u00edvna n\u00e1hrada a z\u00e1rove\u0148 kr\u00e1sna dekor\u00e1cia postele. Jeho elegantn\u00fd dizajn dod\u00e1 va\u0161ej sp\u00e1lni pr\u00edjemn\u00fd vzh\u013ead. V\u010faka svojmu atrakt\u00edvnemu vzh\u013eadu je tento origin\u00e1lny podlo\u017eka na operadlo postele nastavite\u013en\u00e1 do sp\u00e1lne, hotela, nemocnice, sedadla pri okne, gau\u010da, pohovky, denn\u00e9ho l\u00f4\u017eka, poschodovej postele, postele v intern\u00e1te alebo postele na platforme.<\/li>\n<li><strong>ODN\u00cdMATE\u013dN\u00dd POVLAK NA BEDROV\u00da OPATRI\u010cKU A \u013dAHKO SA PRAJE:<\/strong> Po\u0165ah na vank\u00fa\u0161 na \u010d\u00edtanie s funkciou odpo\u010dinku na poste\u013e m\u00f4\u017eete jednoducho odstr\u00e1ni\u0165 otvoren\u00edm zipsu a rozopnut\u00edm gomb\u00edkov a potom ho vypra\u0165 v pr\u00e1\u010dke.<\/li>\n<li><strong>L\u00e1tka:<\/strong> Zamat (100% polyester).<\/li>\n<li><strong>Ve\u013ekos\u0165:<\/strong> 100x50x8cm (3 gomb\u00edky), 120x50x8cm (4 gomb\u00edky), 140x50x8cm (4 gomb\u00edky), 160x50x8cm (5 gomb\u00edkov), 180x50x8cm (6 gomb\u00edkov), 200x50x8cm (7 gomb\u00edkov)<\/li>\n<\/ul>","protected":false},"featured_media":1069,"comment_status":"open","ping_status":"closed","template":"","meta":[],"product_brand":[],"product_cat":[28],"product_tag":[146,149,142,140,137,115,102,75,145,138,148,151,150,112,143,141,139,144,118,84,147],"class_list":{"0":"post-1083","1":"product","2":"type-product","3":"status-publish","4":"has-post-thumbnail","6":"product_cat-large-body-pillow","7":"product_tag-adjustable-bedroom-pillow","8":"product_tag-bedside-cushion","9":"product_tag-bedside-reading-pillow","10":"product_tag-body-bolster-pillow","11":"product_tag-bunk-bed-pillow","12":"product_tag-comfortable-body-pillow","13":"product_tag-couch-pillow","14":"product_tag-daybed-pillow","15":"product_tag-decorative-pillow","16":"product_tag-dorm-bed-pillow","17":"product_tag-gaming-pillow","18":"product_tag-hospital-pillow","19":"product_tag-hotel-pillow","20":"product_tag-lumbar-support-pillow","21":"product_tag-multifunctional-pillow","22":"product_tag-perfect-reading-pillow","23":"product_tag-platform-bed-pillow","24":"product_tag-positioner-pillow","25":"product_tag-pregnancy-pillow","26":"product_tag-sofa-pillow","27":"product_tag-yoga-pillow","29":"first","30":"instock","31":"shipping-taxable","32":"purchasable","33":"product-type-variable"},"_links":{"self":[{"href":"https:\/\/www.largepillow.com\/sk\/wp-json\/wp\/v2\/product\/1083","targetHints":{"allow":["GET"]}}],"collection":[{"href":"https:\/\/www.largepillow.com\/sk\/wp-json\/wp\/v2\/product"}],"about":[{"href":"https:\/\/www.largepillow.com\/sk\/wp-json\/wp\/v2\/types\/product"}],"replies":[{"embeddable":true,"href":"https:\/\/www.largepillow.com\/sk\/wp-json\/wp\/v2\/comments?post=1083"}],"wp:featuredmedia":[{"embeddable":true,"href":"https:\/\/www.largepillow.com\/sk\/wp-json\/wp\/v2\/media\/1069"}],"wp:attachment":[{"href":"https:\/\/www.largepillow.com\/sk\/wp-json\/wp\/v2\/media?parent=1083"}],"wp:term":[{"taxonomy":"product_brand","embeddable":true,"href":"https:\/\/www.largepillow.com\/sk\/wp-json\/wp\/v2\/product_brand?post=1083"},{"taxonomy":"product_cat","embeddable":true,"href":"https:\/\/www.largepillow.com\/sk\/wp-json\/wp\/v2\/product_cat?post=1083"},{"taxonomy":"product_tag","embeddable":true,"href":"https:\/\/www.largepillow.com\/sk\/wp-json\/wp\/v2\/product_tag?post=1083"}],"curies":[{"name":"wp","href":"https:\/\/api.w.org\/{rel}","templated":true}]}}