{"id":1164,"date":"2022-09-19T03:21:08","date_gmt":"2022-09-19T03:21:08","guid":{"rendered":"https:\/\/www.largepillow.com\/product\/wedge-body-pillow"},"modified":"2025-09-19T02:32:55","modified_gmt":"2025-09-19T02:32:55","slug":"velky-vankus-na-podhlavnik","status":"publish","type":"product","link":"https:\/\/www.largepillow.com\/sk\/product\/large-bolster-pillow\/","title":{"rendered":"Ve\u013ek\u00fd vank\u00fa\u0161 na podu\u0161ku"},"content":{"rendered":"<p>Zv\u00fd\u0161te svoje pohodlie s ve\u013ek\u00fdm vank\u00fa\u0161om: Dokonal\u00fd spolo\u010dn\u00edk pre relax\u00e1ciu a podporu<\/p>\n<p>H\u013ead\u00e1te vank\u00fa\u0161, ktor\u00fd poskytuje v\u00fdnimo\u010dn\u00e9 pohodlie a z\u00e1rove\u0148 podopiera va\u0161e telo v r\u00f4znych poloh\u00e1ch? Neh\u013eadajte \u010falej ako ve\u013ek\u00fd vank\u00fa\u0161 s podperou, ktor\u00fd je perfektn\u00fdm rie\u0161en\u00edm na \u010d\u00edtanie, le\u0148o\u0161enie a v\u0161etko medzi t\u00fdm.<\/p>\n<p>V\u00fdnimo\u010dn\u00e1 podpora chrbta pri \u010d\u00edtan\u00ed a z\u00e1bave<\/p>\n<p>Doprajte si \u00fatuln\u00fd z\u00e1\u017eitok z \u010d\u00edtania alebo relaxujte pri sledovan\u00ed ob\u013e\u00faben\u00fdch telev\u00edznych programov a z\u00e1rove\u0148 si vychutnajte dokonal\u00fa bedrov\u00fa oporu, ktor\u00fa pon\u00faka tento obd\u013a\u017enikov\u00fd vank\u00fa\u0161. Jeho ply\u0161ov\u00fd dizajn obop\u00edna v\u00e1\u0161 chrb\u00e1t a poskytuje jemn\u00fa, ale pevn\u00fa oporu, ktor\u00e1 podporuje vyrovnan\u00fa chrbticu a zni\u017euje nam\u00e1hanie.<\/p>\n<p>V\u0161estrann\u00fd telov\u00fd vank\u00fa\u0161 pre v\u0161etky va\u0161e potreby<\/p>\n<p>Tento ve\u013ek\u00fd vank\u00fa\u0161 na telo je vynikaj\u00facou alternat\u00edvou k tradi\u010dn\u00fdm vank\u00fa\u0161om na poste\u013e alebo bedrov\u00fa oporu. Jeho v\u0161estrannos\u0165 v\u00e1m umo\u017e\u0148uje prisp\u00f4sobi\u0165 ho r\u00f4znym poloh\u00e1m na podporu chrbta, ramien, chrbtice, brucha, n\u00f4h a \u010fal\u0161\u00edch vec\u00ed. \u010ci u\u017e potrebujete extra oporu po oper\u00e1cii, pohodln\u00fd vank\u00fa\u0161 na doj\u010denie alebo jednoducho \u00fatuln\u00fd vank\u00fa\u0161 na lep\u0161iu relax\u00e1ciu, ve\u013ek\u00fd vank\u00fa\u0161 na posilnenie tela v\u00e1m pom\u00f4\u017ee.<\/p>\n<p>Pr\u00e9miov\u00e1 kvalita, vynikaj\u00faci dizajn<\/p>\n<p>Tento \u010ditate\u013esk\u00fd vank\u00fa\u0161, vyroben\u00fd z najkvalitnej\u0161\u00edch materi\u00e1lov, vynik\u00e1 trojrozmern\u00fdmi pruhmi, l\u00e1tkov\u00fdmi gomb\u00edkov\u00fdmi strapcami a plne lemovan\u00fdmi okrajmi. Jeho odoln\u00e1 a flexibiln\u00e1 v\u00fdpl\u0148 z mikropolyesterov\u00fdch vl\u00e1kien zais\u0165uje dlhotrvaj\u00facu oporn\u00fa vrstvu. Obojsmern\u00fd zips zvy\u0161uje jeho odolnos\u0165 a zais\u0165uje dlhodob\u00e9 pou\u017e\u00edvanie.<\/p>\n<p>\u0160t\u00fdlov\u00e1 no\u010dn\u00e1 dekor\u00e1cia, ktor\u00e1 vylep\u0161\u00ed v\u00e1\u0161 priestor<\/p>\n<p>Preme\u0148te svoju sp\u00e1l\u0148u na o\u00e1zu pohodlia a \u0161t\u00fdlu s t\u00fdmto elegantn\u00fdm \u010ditate\u013esk\u00fdm vank\u00fa\u0161om na \u010delo postele. Jeho atrakt\u00edvny vzh\u013ead z neho rob\u00ed kr\u00e1sny doplnok do ka\u017ed\u00e9ho priestoru a dod\u00e1 va\u0161ej sp\u00e1lni pr\u00edjemn\u00fd n\u00e1dych. \u010ci u\u017e ho pou\u017e\u00edvate ako \u00fatuln\u00e9 operadlo alebo ako alternat\u00edvu k \u010delu postele, ve\u013ek\u00fd vank\u00fa\u0161 na \u010d\u00edtanie ur\u010dite pozdvihne atmosf\u00e9ru va\u0161ej izby.<\/p>\n<p>Jednoduch\u00e1 \u00fadr\u017eba pre va\u0161e pohodlie<\/p>\n<p>\u00dadr\u017eba v\u00e1\u0161ho ve\u013ek\u00e9ho vank\u00fa\u0161a je hra\u010dka. Jeho odn\u00edmate\u013en\u00fd po\u0165ah na bedrov\u00fa \u010das\u0165 vank\u00fa\u0161a umo\u017e\u0148uje jednoduch\u00e9 pranie v pr\u00e1\u010dke, \u010d\u00edm sa zabezpe\u010d\u00ed, \u017ee v\u00e1\u0161 vank\u00fa\u0161 zostane svie\u017ei a \u010dist\u00fd.<\/p>\n<p>Pozit\u00edvne recenzie z\u00e1kazn\u00edkov<\/p>\n<p>Na\u0161i z\u00e1kazn\u00edci miluj\u00fa ve\u013ek\u00fd vank\u00fa\u0161 s podhlavn\u00edkom pre jeho v\u00fdnimo\u010dn\u00e9 pohodlie a v\u0161estrannos\u0165:<\/p>\n<p>\u201cMilujem tento vank\u00fa\u0161! Je tak\u00fd m\u00e4kk\u00fd a poskytuje dobr\u00fa oporu, ide\u00e1lny na \u010d\u00edtanie v posteli.\u201d<br \/>\n\u201cTento vank\u00fa\u0161 je najlep\u0161\u00ed vank\u00fa\u0161 na telo, ak\u00fd som kedy mala. Je tak\u00fd pohodln\u00fd a pom\u00e1ha mi ove\u013ea lep\u0161ie spa\u0165.\u201d<br \/>\n\u201cTento vank\u00fa\u0161 je n\u00e1dhern\u00fd! Je to perfektn\u00fd doplnok do mojej sp\u00e1lne.\u201d<\/p>\n<p>Za\u017eite maxim\u00e1lne pohodlie a oporu s ve\u013ek\u00fdm vank\u00fa\u0161om. Objednajte si ho e\u0161te dnes a pozdvihnite svoju relax\u00e1ciu na nov\u00fa \u00farove\u0148.<\/p>","protected":false},"excerpt":{"rendered":"<ul>\n<li><strong>DOKONAL\u00dd \u010c\u00cdTAC\u00cd VANK\u00da\u0160:<\/strong> Tento pohodln\u00fd \u010d\u00edtac\u00ed vank\u00fa\u0161 s obd\u013a\u017enikov\u00fdm tvarom dokonale sl\u00fa\u017ei ako m\u00e4kk\u00e1 opora chrbta ako bedrov\u00fd vank\u00fa\u0161, ke\u010f sed\u00edte na posteli pri \u010d\u00edtan\u00ed, sledovan\u00ed telev\u00edzie, prehliadan\u00ed telef\u00f3nu, surfovan\u00ed na tablete, hran\u00ed videohier, cvi\u010den\u00ed jogy, doj\u010den\u00ed a oddychu po oper\u00e1cii.<\/li>\n<li><strong>POHODLN\u00dd VANK\u00da\u0160 NA TELO:<\/strong> Ako ve\u013ek\u00fd vank\u00fa\u0161 na telo nahr\u00e1dza v\u0161etky be\u017en\u00e9 vank\u00fa\u0161e na opierku postele alebo bedrov\u00fa chrbticu, vytv\u00e1ra viacero pol\u00f4h ako polohovac\u00ed vank\u00fa\u0161 na podporu chrbta, ramien, chrbtice, brucha, n\u00f4h a umo\u017e\u0148uje uvo\u013enenie svalov. Podporuje zarovnanie chrbtice pre ka\u017ed\u00e9ho sp\u00e1\u010da, \u010di u\u017e potrebujete \u010dal\u00fanen\u00fd vank\u00fa\u0161 na opierku postele alebo ve\u013ek\u00fd vank\u00fa\u0161 na podporu chrbta, ak potrebujete len viac alebo menej vyv\u00fd\u0161en\u00e9ho chrbta. M\u00f4\u017eete ho tie\u017e pou\u017ei\u0165 ako tehotensk\u00fd vank\u00fa\u0161, ktor\u00fd poskytuje oporu r\u00f4znym \u010dastiam tela a uvo\u013e\u0148uje tehotensk\u00e9 bolesti.<\/li>\n<li><strong>P\u00d4VODNE NAVRHNUT\u00c9 Z VYSOK\u00ddCH KVALITN\u00ddCH MATERI\u00c1LOV:<\/strong> Obd\u013a\u017enikov\u00fd \u010d\u00edtac\u00ed vank\u00fa\u0161 s trojrozmern\u00fdmi pruhmi, l\u00e1tkov\u00fdmi gomb\u00edkmi a plne lemovan\u00fdmi okrajmi sa ve\u013emi odli\u0161uje od v\u0161etk\u00fdch be\u017en\u00fdch vank\u00fa\u0161ov na operadlo. Hoci je dekorat\u00edvny vank\u00fa\u0161 na podporu chrbta m\u00e4kk\u00fd, st\u00e1le si zachov\u00e1va svoj podporn\u00fd tvar v\u010faka pln\u00e9mu vyu\u017eitiu odolnej a flexibilnej mikropolyesterovej v\u00fdplne. Obojsmern\u00fd zips no\u010dn\u00e9ho vank\u00fa\u0161a je ve\u013emi pevn\u00fd a odoln\u00fd pre dlhodob\u00e9 pou\u017e\u00edvanie.<\/li>\n<li><strong>KR\u00c1SNY DEKORA\u010cN\u00dd VANK\u00da\u0160 NA NO\u010cN\u00dd N\u00c1DOBIE:<\/strong> Ak potrebujete r\u00fdchle a jednoduch\u00e9 \u010delo postele, tento \u010dal\u00fanen\u00fd vank\u00fa\u0161 na \u010d\u00edtanie s \u010delom postele m\u00f4\u017ee by\u0165 pou\u017eit\u00fd ako alternat\u00edvna n\u00e1hrada a z\u00e1rove\u0148 kr\u00e1sna dekor\u00e1cia postele. Jeho elegantn\u00fd dizajn dod\u00e1 va\u0161ej sp\u00e1lni pr\u00edjemn\u00fd vzh\u013ead. V\u010faka svojmu atrakt\u00edvnemu vzh\u013eadu je tento origin\u00e1lny podlo\u017eka na operadlo postele nastavite\u013en\u00e1 do sp\u00e1lne, hotela, nemocnice, sedadla pri okne, gau\u010da, pohovky, denn\u00e9ho l\u00f4\u017eka, poschodovej postele, postele v intern\u00e1te alebo postele na platforme.<\/li>\n<li><strong>ODN\u00cdMATE\u013dN\u00dd POVLAK NA BEDROV\u00da OPATRI\u010cKU A \u013dAHKO SA PRAJE:<\/strong> Po\u0165ah na vank\u00fa\u0161 na \u010d\u00edtanie s funkciou odpo\u010dinku na poste\u013e m\u00f4\u017eete jednoducho odstr\u00e1ni\u0165 otvoren\u00edm zipsu a rozopnut\u00edm gomb\u00edkov a potom ho vypra\u0165 v pr\u00e1\u010dke.<\/li>\n<li><strong>L\u00e1tka:<\/strong> Zamat (100% polyester).<\/li>\n<li><strong>Ve\u013ekos\u0165:<\/strong> 100x50x8cm (3 gomb\u00edky), 120x50x8cm (4 gomb\u00edky), 140x50x8cm (4 gomb\u00edky), 160x50x8cm (5 gomb\u00edkov), 180x50x8cm (6 gomb\u00edkov), 200x50x8cm (7 gomb\u00edkov)<\/li>\n<\/ul>","protected":false},"featured_media":1151,"comment_status":"open","ping_status":"closed","template":"","meta":[],"product_brand":[],"product_cat":[28],"product_tag":[117,77,133,122,132,79,118,59,134],"class_list":{"0":"post-1164","1":"product","2":"type-product","3":"status-publish","4":"has-post-thumbnail","6":"product_cat-large-body-pillow","7":"product_tag-back-support-cushion","8":"product_tag-bed-rest-pillow","9":"product_tag-bedroom-decor-pillow","10":"product_tag-body-pillow","11":"product_tag-large-bolster-pillow","12":"product_tag-lumbar-pillow","13":"product_tag-pregnancy-pillow","14":"product_tag-reading-pillow","15":"product_tag-upholstery-headboard","17":"first","18":"instock","19":"shipping-taxable","20":"purchasable","21":"product-type-variable"},"_links":{"self":[{"href":"https:\/\/www.largepillow.com\/sk\/wp-json\/wp\/v2\/product\/1164","targetHints":{"allow":["GET"]}}],"collection":[{"href":"https:\/\/www.largepillow.com\/sk\/wp-json\/wp\/v2\/product"}],"about":[{"href":"https:\/\/www.largepillow.com\/sk\/wp-json\/wp\/v2\/types\/product"}],"replies":[{"embeddable":true,"href":"https:\/\/www.largepillow.com\/sk\/wp-json\/wp\/v2\/comments?post=1164"}],"wp:featuredmedia":[{"embeddable":true,"href":"https:\/\/www.largepillow.com\/sk\/wp-json\/wp\/v2\/media\/1151"}],"wp:attachment":[{"href":"https:\/\/www.largepillow.com\/sk\/wp-json\/wp\/v2\/media?parent=1164"}],"wp:term":[{"taxonomy":"product_brand","embeddable":true,"href":"https:\/\/www.largepillow.com\/sk\/wp-json\/wp\/v2\/product_brand?post=1164"},{"taxonomy":"product_cat","embeddable":true,"href":"https:\/\/www.largepillow.com\/sk\/wp-json\/wp\/v2\/product_cat?post=1164"},{"taxonomy":"product_tag","embeddable":true,"href":"https:\/\/www.largepillow.com\/sk\/wp-json\/wp\/v2\/product_tag?post=1164"}],"curies":[{"name":"pracovn\u00fd list","href":"https:\/\/api.w.org\/{rel}","templated":true}]}}