{"id":1187,"date":"2022-09-19T03:28:05","date_gmt":"2022-09-19T03:28:05","guid":{"rendered":"https:\/\/www.largepillow.com\/product\/wedge-lumbar-pillow"},"modified":"2025-09-19T02:33:07","modified_gmt":"2025-09-19T02:33:07","slug":"velky-vankus-na-podhlavnik-postele-2","status":"publish","type":"product","link":"https:\/\/www.largepillow.com\/sk\/product\/large-bed-bolster-cushion","title":{"rendered":"Ve\u013ek\u00fd vank\u00fa\u0161 na poste\u013e"},"content":{"rendered":"<p>Ve\u013ek\u00fd vank\u00fa\u0161 na poste\u013e: V\u00e1\u0161 dokonal\u00fd spolo\u010dn\u00edk na pohodlie<\/p>\n<p>Ak m\u00e1te probl\u00e9m dlhodobo sedie\u0165 na posteli, \u010di u\u017e pri \u010d\u00edtan\u00ed, sledovan\u00ed telev\u00edzie alebo prezeran\u00ed si telef\u00f3nu, potom je pre v\u00e1s ve\u013ek\u00fd vank\u00fa\u0161 na \u010d\u00edtanie pri posteli nevyhnutnos\u0165ou. Tento pohodln\u00fd no\u010dn\u00fd vank\u00fa\u0161 na \u010d\u00edtanie je navrhnut\u00fd tak, aby v\u00e1m poskytol m\u00e4kk\u00fa oporu chrbta a sl\u00fa\u017eil ako bedrov\u00fd vank\u00fa\u0161, ktor\u00fd v\u00e1m zabezpe\u010d\u00ed pohodlie a uvo\u013enenie.<\/p>\n<p>Ale ve\u013ek\u00fd vank\u00fa\u0161 na opierku postele je viac ne\u017e len \u010d\u00edtac\u00ed vank\u00fa\u0161. Je to ve\u013ek\u00fd vank\u00fa\u0161 na telo, ktor\u00fd dok\u00e1\u017ee nahradi\u0165 v\u0161etky be\u017en\u00e9 vank\u00fa\u0161e na poste\u013e alebo bedrov\u00fa oporu. Vytv\u00e1ra viacero pol\u00f4h na podporu chrbta, ramien, chrbtice, brucha a n\u00f4h, \u010d\u00edm umo\u017e\u0148uje uvo\u013enenie svalov. \u010ci u\u017e potrebujete ve\u013ek\u00fd vank\u00fa\u0161 na opierku chrbta alebo \u010dal\u00fanen\u00fd vank\u00fa\u0161 na opierku postele, ve\u013ek\u00fd vank\u00fa\u0161 na opierku postele sa d\u00e1 dokonale prisp\u00f4sobi\u0165 va\u0161im potreb\u00e1m.<\/p>\n<p>Vank\u00fa\u0161 na ve\u013ek\u00fa poste\u013e je navrhnut\u00fd z vysoko kvalitn\u00fdch materi\u00e1lov, ktor\u00e9 zais\u0165uj\u00fa, \u017ee si zachov\u00e1va svoj tvar a oporu. Vank\u00fa\u0161 m\u00e1 trojrozmern\u00e9 pruhy, l\u00e1tkov\u00e9 gomb\u00edky a plne olemovan\u00e9 okraje. Odoln\u00e1 a flexibiln\u00e1 v\u00fdpl\u0148 z mikropolyesterov\u00fdch vl\u00e1kien zais\u0165uje, \u017ee si vank\u00fa\u0161 zachov\u00e1va svoj p\u00f4vodn\u00fd tvar a oporu. Obojsmern\u00fd zips je pevn\u00fd a odoln\u00fd, \u010do zaru\u010duje dlhodob\u00e9 pou\u017e\u00edvanie.<\/p>\n<p>Vank\u00fa\u0161 na ve\u013ek\u00fa poste\u013e nie je len funk\u010dn\u00fd a pohodln\u00fd vank\u00fa\u0161, ale je aj kr\u00e1snym dekorat\u00edvnym prvkom. Jeho elegantn\u00fd dizajn dod\u00e1 va\u0161ej sp\u00e1lni pr\u00edjemn\u00fd vzh\u013ead, v\u010faka \u010domu je skvelou alternat\u00edvou k \u010delu postele. \u010ci u\u017e ste v sp\u00e1lni, hoteli, nemocnici, na sedadle pri okne, na gau\u010di, pohovke, dennej posteli, poschodovej posteli, intern\u00e1tnej posteli alebo posteli na vyv\u00fd\u0161enom poschod\u00ed, vank\u00fa\u0161 na ve\u013ek\u00fa poste\u013e je nastavite\u013en\u00fd pod\u013ea va\u0161ich potrieb.<\/p>\n<p>Zamatov\u00fd materi\u00e1l pou\u017eit\u00fd na v\u00fdrobu vank\u00fa\u0161a na ve\u013ek\u00fa poste\u013e je polyester 100%, v\u010faka \u010domu je m\u00e4kk\u00fd a pr\u00edjemn\u00fd na dotyk. Je dostupn\u00fd v r\u00f4znych ve\u013ekostiach: 100x50x8cm (3 gomb\u00edky), 120x50x8cm (4 gomb\u00edky), 140x50x8cm (4 gomb\u00edky), 160x50x8cm (5 gomb\u00edkov), 180x50x8cm (6 gomb\u00edkov) a 200x50x8cm (7 gomb\u00edkov).<\/p>\n<p>Na\u0161i z\u00e1kazn\u00edci s\u00fa nad\u0161en\u00ed z vank\u00fa\u0161a na ve\u013ek\u00fa poste\u013e! Tu je len nieko\u013eko ich koment\u00e1rov:<\/p>\n<p>\u201cK\u00fapil som si tento vank\u00fa\u0161, aby mi pomohol s boles\u0165ami chrbta, a zmenil mi pravidl\u00e1 hry! Poskytuje vynikaj\u00facu oporu a je tie\u017e ve\u013emi pohodln\u00fd na spanie.\u201d<\/p>\n<p>\u201cSom naozaj ohromen\u00fd kvalitou tohto vank\u00fa\u0161a. Zamatov\u00fd materi\u00e1l je m\u00e4kk\u00fd a luxusn\u00fd a vank\u00fa\u0161 poskytuje ve\u013ek\u00fa oporu. Vrelo ho odpor\u00fa\u010dam!\u201d<\/p>\n<p>\u201cMilujem, ak\u00fd v\u0161estrann\u00fd je tento vank\u00fa\u0161! M\u00f4\u017eem ho pou\u017ei\u0165 na \u010d\u00edtanie, pozeranie telev\u00edzie alebo spanie a poskytuje skvel\u00fa oporu vo v\u0161etk\u00fdch poloh\u00e1ch.\u201d<\/p>\n<p>Ak chcete za\u017ei\u0165 maxim\u00e1lne pohodlie a oporu pri seden\u00ed na posteli, potom je pre v\u00e1s ve\u013ek\u00fd vank\u00fa\u0161 na podhlavn\u00edk postele ide\u00e1lnym rie\u0161en\u00edm. Ne\u010dakajte dlh\u0161ie \u2013 objednajte si ho e\u0161te dnes!<\/p>","protected":false},"excerpt":{"rendered":"<ul>\n<li><strong>DOKONAL\u00dd \u010c\u00cdTAC\u00cd VANK\u00da\u0160:<\/strong> Tento pohodln\u00fd \u010d\u00edtac\u00ed vank\u00fa\u0161 s obd\u013a\u017enikov\u00fdm tvarom dokonale sl\u00fa\u017ei ako m\u00e4kk\u00e1 opora chrbta ako bedrov\u00fd vank\u00fa\u0161, ke\u010f sed\u00edte na posteli pri \u010d\u00edtan\u00ed, sledovan\u00ed telev\u00edzie, prehliadan\u00ed telef\u00f3nu, surfovan\u00ed na tablete, hran\u00ed videohier, cvi\u010den\u00ed jogy, doj\u010den\u00ed a oddychu po oper\u00e1cii.<\/li>\n<li><strong>POHODLN\u00dd VANK\u00da\u0160 NA TELO:<\/strong> Ako ve\u013ek\u00fd vank\u00fa\u0161 na telo nahr\u00e1dza v\u0161etky be\u017en\u00e9 vank\u00fa\u0161e na opierku postele alebo bedrov\u00fa chrbticu, vytv\u00e1ra viacero pol\u00f4h ako polohovac\u00ed vank\u00fa\u0161 na podporu chrbta, ramien, chrbtice, brucha, n\u00f4h a umo\u017e\u0148uje uvo\u013enenie svalov. Podporuje zarovnanie chrbtice pre ka\u017ed\u00e9ho sp\u00e1\u010da, \u010di u\u017e potrebujete \u010dal\u00fanen\u00fd vank\u00fa\u0161 na opierku postele alebo ve\u013ek\u00fd vank\u00fa\u0161 na podporu chrbta, ak potrebujete len viac alebo menej vyv\u00fd\u0161en\u00e9ho chrbta. M\u00f4\u017eete ho tie\u017e pou\u017ei\u0165 ako tehotensk\u00fd vank\u00fa\u0161, ktor\u00fd poskytuje oporu r\u00f4znym \u010dastiam tela a uvo\u013e\u0148uje tehotensk\u00e9 bolesti.<\/li>\n<li><strong>P\u00d4VODNE NAVRHNUT\u00c9 Z VYSOK\u00ddCH KVALITN\u00ddCH MATERI\u00c1LOV:<\/strong> Obd\u013a\u017enikov\u00fd \u010d\u00edtac\u00ed vank\u00fa\u0161 s trojrozmern\u00fdmi pruhmi, l\u00e1tkov\u00fdmi gomb\u00edkmi a plne lemovan\u00fdmi okrajmi sa ve\u013emi odli\u0161uje od v\u0161etk\u00fdch be\u017en\u00fdch vank\u00fa\u0161ov na operadlo. Hoci je dekorat\u00edvny vank\u00fa\u0161 na podporu chrbta m\u00e4kk\u00fd, st\u00e1le si zachov\u00e1va svoj podporn\u00fd tvar v\u010faka pln\u00e9mu vyu\u017eitiu odolnej a flexibilnej mikropolyesterovej v\u00fdplne. Obojsmern\u00fd zips no\u010dn\u00e9ho vank\u00fa\u0161a je ve\u013emi pevn\u00fd a odoln\u00fd pre dlhodob\u00e9 pou\u017e\u00edvanie.<\/li>\n<li><strong>KR\u00c1SNY DEKORA\u010cN\u00dd VANK\u00da\u0160 NA NO\u010cN\u00dd N\u00c1DOBIE:<\/strong> Ak potrebujete r\u00fdchle a jednoduch\u00e9 \u010delo postele, tento \u010dal\u00fanen\u00fd vank\u00fa\u0161 na \u010d\u00edtanie s \u010delom postele m\u00f4\u017ee by\u0165 pou\u017eit\u00fd ako alternat\u00edvna n\u00e1hrada a z\u00e1rove\u0148 kr\u00e1sna dekor\u00e1cia postele. Jeho elegantn\u00fd dizajn dod\u00e1 va\u0161ej sp\u00e1lni pr\u00edjemn\u00fd vzh\u013ead. V\u010faka svojmu atrakt\u00edvnemu vzh\u013eadu je tento origin\u00e1lny podlo\u017eka na operadlo postele nastavite\u013en\u00e1 do sp\u00e1lne, hotela, nemocnice, sedadla pri okne, gau\u010da, pohovky, denn\u00e9ho l\u00f4\u017eka, poschodovej postele, postele v intern\u00e1te alebo postele na platforme.<\/li>\n<li><strong>ODN\u00cdMATE\u013dN\u00dd POVLAK NA BEDROV\u00da OPATRI\u010cKU A \u013dAHKO SA PRAJE:<\/strong> Po\u0165ah na vank\u00fa\u0161 na \u010d\u00edtanie s funkciou odpo\u010dinku na poste\u013e m\u00f4\u017eete jednoducho odstr\u00e1ni\u0165 otvoren\u00edm zipsu a rozopnut\u00edm gomb\u00edkov a potom ho vypra\u0165 v pr\u00e1\u010dke.<\/li>\n<li><strong>L\u00e1tka:<\/strong> Zamat (100% polyester).<\/li>\n<li><strong>Ve\u013ekos\u0165:<\/strong> 100x50x8cm (3 gomb\u00edky), 120x50x8cm (4 gomb\u00edky), 140x50x8cm (4 gomb\u00edky), 160x50x8cm (5 gomb\u00edkov), 180x50x8cm (6 gomb\u00edkov), 200x50x8cm (7 gomb\u00edkov)<\/li>\n<\/ul>","protected":false},"featured_media":1171,"comment_status":"open","ping_status":"closed","template":"","meta":[],"product_brand":[],"product_cat":[28],"product_tag":[117,124,122,121,131,79,112,118,59,126,125,128,127,129,130,123],"class_list":{"0":"post-1187","1":"product","2":"type-product","3":"status-publish","4":"has-post-thumbnail","6":"product_cat-large-body-pillow","7":"product_tag-back-support-cushion","8":"product_tag-bedside-decorative-pillow","9":"product_tag-body-pillow","10":"product_tag-large-bed-bolster-cushion","11":"product_tag-leg-support-pillow","12":"product_tag-lumbar-pillow","13":"product_tag-lumbar-support-pillow","14":"product_tag-pregnancy-pillow","15":"product_tag-reading-pillow","16":"product_tag-rectangular-shape-cushion","17":"product_tag-removable-pillow-cover","18":"product_tag-shoulder-support-pillow","19":"product_tag-soft-back-support-cushion","20":"product_tag-spine-support-pillow","21":"product_tag-stomach-support-pillow","22":"product_tag-upholstered-bedrest-pillow","24":"first","25":"instock","26":"featured","27":"shipping-taxable","28":"purchasable","29":"product-type-variable"},"_links":{"self":[{"href":"https:\/\/www.largepillow.com\/sk\/wp-json\/wp\/v2\/product\/1187","targetHints":{"allow":["GET"]}}],"collection":[{"href":"https:\/\/www.largepillow.com\/sk\/wp-json\/wp\/v2\/product"}],"about":[{"href":"https:\/\/www.largepillow.com\/sk\/wp-json\/wp\/v2\/types\/product"}],"replies":[{"embeddable":true,"href":"https:\/\/www.largepillow.com\/sk\/wp-json\/wp\/v2\/comments?post=1187"}],"wp:featuredmedia":[{"embeddable":true,"href":"https:\/\/www.largepillow.com\/sk\/wp-json\/wp\/v2\/media\/1171"}],"wp:attachment":[{"href":"https:\/\/www.largepillow.com\/sk\/wp-json\/wp\/v2\/media?parent=1187"}],"wp:term":[{"taxonomy":"product_brand","embeddable":true,"href":"https:\/\/www.largepillow.com\/sk\/wp-json\/wp\/v2\/product_brand?post=1187"},{"taxonomy":"product_cat","embeddable":true,"href":"https:\/\/www.largepillow.com\/sk\/wp-json\/wp\/v2\/product_cat?post=1187"},{"taxonomy":"product_tag","embeddable":true,"href":"https:\/\/www.largepillow.com\/sk\/wp-json\/wp\/v2\/product_tag?post=1187"}],"curies":[{"name":"wp","href":"https:\/\/api.w.org\/{rel}","templated":true}]}}