{"id":1209,"date":"2022-09-19T03:31:40","date_gmt":"2022-09-19T03:31:40","guid":{"rendered":"https:\/\/www.largepillow.com\/product\/back-support-pillow"},"modified":"2025-12-11T13:44:46","modified_gmt":"2025-12-11T13:44:46","slug":"velky-vankus-na-podhlavnik-postele","status":"publish","type":"product","link":"https:\/\/www.largepillow.com\/sk\/product\/large-bed-bolster-pillow","title":{"rendered":"Ve\u013ek\u00fd vank\u00fa\u0161 na poste\u013e"},"content":{"rendered":"<p>N\u00e1jdite si perfektn\u00fd vank\u00fa\u0161 na \u010d\u00edtanie s ve\u013ek\u00fdm vank\u00fa\u0161om na poste\u013e<\/p>\n<p>Ak radi \u010d\u00edtate, pozer\u00e1te telev\u00edziu alebo pracujete v posteli, ale potrebujete extra oporu chrbta, vank\u00fa\u0161 Large Bed Bolster je perfektn\u00fdm rie\u0161en\u00edm. Tento obd\u013a\u017enikov\u00fd vank\u00fa\u0161 poskytuje nastavite\u013en\u00fa bedrov\u00fa oporu, tak\u017ee m\u00f4\u017eete pohodlne sedie\u0165 s oporou v posteli. <\/p>\n<p>Vyroben\u00fd z m\u00e4kkej a odolnej mikropolyesterovej v\u00fdplne, vank\u00fa\u0161 si zachov\u00e1va svoj tvar a z\u00e1rove\u0148 sa prisp\u00f4sob\u00ed v\u00e1\u0161mu telu. Obojsmern\u00fd zips tie\u017e umo\u017e\u0148uje jednoduch\u00e9 zlo\u017eenie a pranie v pr\u00e1\u010dke odn\u00edmate\u013en\u00e9ho zamatov\u00e9ho po\u0165ahu. V\u010faka pre\u0161\u00edvan\u00fdm gomb\u00edkom a \u010disto lemovan\u00fdm okrajom tento vank\u00fa\u0161 dod\u00e1 jednoduch\u00fa eleganciu ka\u017ed\u00e9mu zariadeniu sp\u00e1lne. <\/p>\n<p>Z\u00e1kazn\u00edci radi pou\u017e\u00edvaj\u00fa tento v\u0161estrann\u00fd vank\u00fa\u0161 r\u00f4znymi sp\u00f4sobmi:<\/p>\n<p>\u201cP\u00f4vodne som si ho k\u00fapila ako vank\u00fa\u0161 na \u010d\u00edtanie, ale je tak\u00fd pohodln\u00fd, \u017ee ho nakoniec pou\u017e\u00edvam, aj ke\u010f ne\u010d\u00edtam. Je to perfektn\u00fd vank\u00fa\u0161 na opieranie chrbta, \u010di u\u017e pracujem na notebooku v posteli alebo len relaxujem pri pozeran\u00ed telev\u00edzie.\u201d<\/p>\n<p>\u201cAko tehotensk\u00fd vank\u00fa\u0161 bol dostato\u010dne nastavite\u013en\u00fd na to, aby mi podopieral chrb\u00e1t alebo sa mi vkladal pod brucho. A teraz, ke\u010f doj\u010d\u00edm, je st\u00e1le u\u017eito\u010dn\u00fd, ke\u010f si ho d\u00e1m oprie\u0165 za seba, ke\u010f sed\u00edm v posteli.\u201d  <\/p>\n<p>\u201cPo oper\u00e1cii je to skvel\u00fd vank\u00fa\u0161 na podporu bedrovej chrbtice. M\u00f4\u017eem si nastavi\u0165 v\u00fd\u0161ku a po\u010das rekonvalescencie mi zostane za chrbtom.\u201d<\/p>\n<p>V\u010faka \u0161iestim dostupn\u00fdm ve\u013ekostiam si ur\u010dite n\u00e1jdete t\u00fa spr\u00e1vnu pre va\u0161e potreby. Ceny sa pohybuj\u00fa od $XX.XX do $XX.XX v z\u00e1vislosti od ve\u013ekosti. Vneste do svojej sp\u00e1lne pohodlie a \u0161t\u00fdl bez n\u00e1mahy v\u010faka v\u0161estrannej podpore vank\u00fa\u0161a Large Bed Bolster.<\/p>","protected":false},"excerpt":{"rendered":"<ul>\n<li><strong>DOKONAL\u00dd \u010c\u00cdTAC\u00cd VANK\u00da\u0160:<\/strong> Tento pohodln\u00fd \u010d\u00edtac\u00ed vank\u00fa\u0161 s obd\u013a\u017enikov\u00fdm tvarom dokonale sl\u00fa\u017ei ako m\u00e4kk\u00e1 opora chrbta ako bedrov\u00fd vank\u00fa\u0161, ke\u010f sed\u00edte na posteli pri \u010d\u00edtan\u00ed, sledovan\u00ed telev\u00edzie, prehliadan\u00ed telef\u00f3nu, surfovan\u00ed na tablete, hran\u00ed videohier, cvi\u010den\u00ed jogy, doj\u010den\u00ed a oddychu po oper\u00e1cii.<\/li>\n<li><strong>POHODLN\u00dd VANK\u00da\u0160 NA TELO:<\/strong> Ako ve\u013ek\u00fd vank\u00fa\u0161 na telo nahr\u00e1dza v\u0161etky be\u017en\u00e9 vank\u00fa\u0161e na opierku postele alebo bedrov\u00fa chrbticu, vytv\u00e1ra viacero pol\u00f4h ako polohovac\u00ed vank\u00fa\u0161 na podporu chrbta, ramien, chrbtice, brucha, n\u00f4h a umo\u017e\u0148uje uvo\u013enenie svalov. Podporuje zarovnanie chrbtice pre ka\u017ed\u00e9ho sp\u00e1\u010da, \u010di u\u017e potrebujete \u010dal\u00fanen\u00fd vank\u00fa\u0161 na opierku postele alebo ve\u013ek\u00fd vank\u00fa\u0161 na podporu chrbta, ak potrebujete len viac alebo menej vyv\u00fd\u0161en\u00e9ho chrbta. M\u00f4\u017eete ho tie\u017e pou\u017ei\u0165 ako tehotensk\u00fd vank\u00fa\u0161, ktor\u00fd poskytuje oporu r\u00f4znym \u010dastiam tela a uvo\u013e\u0148uje tehotensk\u00e9 bolesti.<\/li>\n<li><strong>P\u00d4VODNE NAVRHNUT\u00c9 Z VYSOK\u00ddCH KVALITN\u00ddCH MATERI\u00c1LOV:<\/strong> Obd\u013a\u017enikov\u00fd \u010d\u00edtac\u00ed vank\u00fa\u0161 s trojrozmern\u00fdmi pruhmi, l\u00e1tkov\u00fdmi gomb\u00edkmi a plne lemovan\u00fdmi okrajmi sa ve\u013emi odli\u0161uje od v\u0161etk\u00fdch be\u017en\u00fdch vank\u00fa\u0161ov na operadlo. Hoci je dekorat\u00edvny vank\u00fa\u0161 na podporu chrbta m\u00e4kk\u00fd, st\u00e1le si zachov\u00e1va svoj podporn\u00fd tvar v\u010faka pln\u00e9mu vyu\u017eitiu odolnej a flexibilnej mikropolyesterovej v\u00fdplne. Obojsmern\u00fd zips no\u010dn\u00e9ho vank\u00fa\u0161a je ve\u013emi pevn\u00fd a odoln\u00fd pre dlhodob\u00e9 pou\u017e\u00edvanie.<\/li>\n<li><strong>KR\u00c1SNY DEKORA\u010cN\u00dd VANK\u00da\u0160 NA NO\u010cN\u00dd N\u00c1DOBIE:<\/strong> Ak potrebujete r\u00fdchle a jednoduch\u00e9 \u010delo postele, tento \u010dal\u00fanen\u00fd vank\u00fa\u0161 na \u010d\u00edtanie s \u010delom postele m\u00f4\u017ee by\u0165 pou\u017eit\u00fd ako alternat\u00edvna n\u00e1hrada a z\u00e1rove\u0148 kr\u00e1sna dekor\u00e1cia postele. Jeho elegantn\u00fd dizajn dod\u00e1 va\u0161ej sp\u00e1lni pr\u00edjemn\u00fd vzh\u013ead. V\u010faka svojmu atrakt\u00edvnemu vzh\u013eadu je tento origin\u00e1lny podlo\u017eka na operadlo postele nastavite\u013en\u00e1 do sp\u00e1lne, hotela, nemocnice, sedadla pri okne, gau\u010da, pohovky, denn\u00e9ho l\u00f4\u017eka, poschodovej postele, postele v intern\u00e1te alebo postele na platforme.<\/li>\n<li><strong>ODN\u00cdMATE\u013dN\u00dd POVLAK NA BEDROV\u00da OPATRI\u010cKU A \u013dAHKO SA PRAJE:<\/strong> Po\u0165ah na vank\u00fa\u0161 na \u010d\u00edtanie s funkciou odpo\u010dinku na poste\u013e m\u00f4\u017eete jednoducho odstr\u00e1ni\u0165 otvoren\u00edm zipsu a rozopnut\u00edm gomb\u00edkov a potom ho vypra\u0165 v pr\u00e1\u010dke.<\/li>\n<li><strong>L\u00e1tka:<\/strong> Zamat (100% polyester).<\/li>\n<li><strong>Ve\u013ekos\u0165:<\/strong> 100x50x8cm (3 gomb\u00edky), 120x50x8cm (4 gomb\u00edky), 140x50x8cm (4 gomb\u00edky), 160x50x8cm (5 gomb\u00edkov), 180x50x8cm (6 gomb\u00edkov), 200x50x8cm (7 gomb\u00edkov)<\/li>\n<\/ul>","protected":false},"featured_media":1194,"comment_status":"open","ping_status":"closed","template":"","meta":[],"product_brand":[],"product_cat":[28],"product_tag":[117,60,116,115,114,79,118,59,119,120],"class_list":{"0":"post-1209","1":"product","2":"type-product","3":"status-publish","4":"has-post-thumbnail","6":"product_cat-large-body-pillow","7":"product_tag-back-support-cushion","8":"product_tag-backrest-pillow","9":"product_tag-bed-rest","10":"product_tag-comfortable-body-pillow","11":"product_tag-large-bed-bolster-pillow","12":"product_tag-lumbar-pillow","13":"product_tag-pregnancy-pillow","14":"product_tag-reading-pillow","15":"product_tag-rectangular-reading-pillow","16":"product_tag-velvet-pillow","18":"first","19":"instock","20":"featured","21":"shipping-taxable","22":"purchasable","23":"product-type-variable"},"_links":{"self":[{"href":"https:\/\/www.largepillow.com\/sk\/wp-json\/wp\/v2\/product\/1209","targetHints":{"allow":["GET"]}}],"collection":[{"href":"https:\/\/www.largepillow.com\/sk\/wp-json\/wp\/v2\/product"}],"about":[{"href":"https:\/\/www.largepillow.com\/sk\/wp-json\/wp\/v2\/types\/product"}],"replies":[{"embeddable":true,"href":"https:\/\/www.largepillow.com\/sk\/wp-json\/wp\/v2\/comments?post=1209"}],"wp:featuredmedia":[{"embeddable":true,"href":"https:\/\/www.largepillow.com\/sk\/wp-json\/wp\/v2\/media\/1194"}],"wp:attachment":[{"href":"https:\/\/www.largepillow.com\/sk\/wp-json\/wp\/v2\/media?parent=1209"}],"wp:term":[{"taxonomy":"product_brand","embeddable":true,"href":"https:\/\/www.largepillow.com\/sk\/wp-json\/wp\/v2\/product_brand?post=1209"},{"taxonomy":"product_cat","embeddable":true,"href":"https:\/\/www.largepillow.com\/sk\/wp-json\/wp\/v2\/product_cat?post=1209"},{"taxonomy":"product_tag","embeddable":true,"href":"https:\/\/www.largepillow.com\/sk\/wp-json\/wp\/v2\/product_tag?post=1209"}],"curies":[{"name":"wp","href":"https:\/\/api.w.org\/{rel}","templated":true}]}}