{"id":1238,"date":"2022-09-19T05:36:36","date_gmt":"2022-09-19T05:36:36","guid":{"rendered":"https:\/\/www.largepillow.com\/product\/back-cushion-for-sofa"},"modified":"2026-02-06T13:51:15","modified_gmt":"2026-02-06T13:51:15","slug":"vankus-na-spanie","status":"publish","type":"product","link":"https:\/\/www.largepillow.com\/sk\/product\/bedrest-pillow\/","title":{"rendered":"Vank\u00fa\u0161 na opieranie postele"},"content":{"rendered":"<p>Doprajte si pohodlie a oporu s na\u0161\u00edm vank\u00fa\u0161om na spanie<\/p>\n<p>H\u013ead\u00e1te dokonal\u00fd vank\u00fa\u0161 na zv\u00fd\u0161enie relax\u00e1cie a pohody? Neh\u013eadajte \u010falej a n\u00e1jdite n\u00e1\u0161 pr\u00e9miov\u00fd vank\u00fa\u0161 na opieranie postele, ktor\u00fd je starostlivo navrhnut\u00fd tak, aby poskytoval bezkonkuren\u010dn\u00fa oporu a pohodlie.<\/p>\n<p>Bezkonkuren\u010dn\u00e1 kvalita a pohodlie<\/p>\n<p>N\u00e1\u0161 vank\u00fa\u0161 na poste\u013e, vyroben\u00fd s v\u00fdnimo\u010dnou prec\u00edznos\u0165ou, je vyplnen\u00fd pr\u00e9miovou polyesterovou v\u00fdpl\u0148ou, ktor\u00e1 sa dokonale prisp\u00f4sob\u00ed v\u00e1\u0161mu telu a zais\u0165uje neochvejn\u00fa oporu chrbta a ply\u0161ov\u00fd pocit. Zahalen\u00fd v luxusne m\u00e4kkej zamatovej tkanine je odoln\u00fd vo\u010di deform\u00e1cii a \u017emolkovaniu a s\u013eubuje dlhotrvaj\u00face pohodlie.<\/p>\n<p>V\u0161estrann\u00e9 nastavenie a pohodlie<\/p>\n<p>V\u010faka nastavite\u013en\u00e9mu dizajnu je n\u00e1\u0161 vank\u00fa\u0161 vybaven\u00fd mal\u00fdm rolovac\u00edm vank\u00fa\u0161om, ktor\u00fd sa d\u00e1 strategicky umiestni\u0165 pre cielen\u00fa oporu. Udr\u017euje va\u0161u chrbticu v rovnej polohe a zabra\u0148uje hrbeniu sa, aby ste si udr\u017eali zdrav\u00e9 dr\u017eanie tela. Odn\u00edmate\u013en\u00fd a prate\u013en\u00fd po\u0165ah na vank\u00fa\u0161 navy\u0161e prid\u00e1va \u010fal\u0161iu vrstvu hygieny a jednoduch\u00fa \u00fadr\u017ebu. Pre v\u00e4\u010d\u0161ie pohodlie dve praktick\u00e9 bo\u010dn\u00e9 vreck\u00e1 poskytuj\u00fa \u00falo\u017en\u00fd priestor na drobnosti, v\u010faka ktor\u00fdm budete ma\u0165 svoje ob\u013e\u00faben\u00e9 predmety \u013eahko dostupn\u00e9.<\/p>\n<p>Vedeck\u00e1 podpora chrbta<\/p>\n<p>N\u00e1\u0161 ergonomicky navrhnut\u00fd vank\u00fa\u0161 na opieranie chrbta poskytuje bezkonkuren\u010dn\u00fa oporu chrbta, zmier\u0148uje bolesti bedrovej a kr\u010dnej chrbtice, podporuje spr\u00e1vne dr\u017eanie tela a zabra\u0148uje nepohodliu z dlhodob\u00e9ho sedenia alebo le\u017eania.<\/p>\n<p>Viac\u00fa\u010delov\u00e9 pohodlie<\/p>\n<p>N\u00e1\u0161 v\u0161estrann\u00fd a prisp\u00f4sobiv\u00fd vank\u00fa\u0161 na poste\u013e prekra\u010duje hranice sp\u00e1lne. Je ide\u00e1lnym doplnkom k pohovk\u00e1m, denn\u00fdm poste\u013eam, kresl\u00e1m a gau\u010dom, v\u010faka \u010domu si budete m\u00f4c\u0165 vychutna\u0165 maxim\u00e1lne pohodlie a oporu chrbtice v akomko\u013evek prostred\u00ed. \u010ci u\u017e \u010d\u00edtate p\u00fatav\u00fd rom\u00e1n, pozer\u00e1te svoje ob\u013e\u00faben\u00e9 rel\u00e1cie alebo si len odd\u00fdchnete po dlhom dni, n\u00e1\u0161 vank\u00fa\u0161 v\u00e1m zaru\u010d\u00ed osvie\u017euj\u00faci z\u00e1\u017eitok.<\/p>\n<p>Odpor\u00fa\u010dania z\u00e1kazn\u00edkov<\/p>\n<p>\u201cTento trojuholn\u00edkov\u00fd vank\u00fa\u0161 je super pohodln\u00fd. Holandsk\u00e1 zamatov\u00e1 l\u00e1tka je na poko\u017eke tak\u00e1 m\u00e4kk\u00e1 a valcovit\u00fd vank\u00fa\u0161 je perfektn\u00fd na podporu krku.\u201d \u2013 Spokojn\u00e1 z\u00e1kazn\u00ed\u010dka<\/p>\n<p>\u201cMilujem priestrann\u00e9 bo\u010dn\u00e9 vreck\u00e1. Umo\u017e\u0148uj\u00fa mi usporiada\u0165 telef\u00f3n, z\u00e1pisn\u00edk a \u010fal\u0161ie potrebn\u00e9 veci a ma\u0165 ich poruke.\u201d \u2013 Spokojn\u00fd pou\u017e\u00edvate\u013e<\/p>\n<p>\u0160pecifik\u00e1cie<\/p>\n<p>* Materi\u00e1l: 100% Polyesterov\u00fd zamat<br \/>\n* Rozmery: 60x50x22cm<\/p>\n<p>Investujte e\u0161te dnes do dokonal\u00e9ho rie\u0161enia pre relax\u00e1ciu a podporu s na\u0161\u00edm v\u00fdnimo\u010dn\u00fdm vank\u00fa\u0161om na poste\u013e. Jeho vynikaj\u00face pohodlie, v\u0161estrannos\u0165 a odolnos\u0165 zrevolucionizuj\u00fa v\u00e1\u0161 domov a zlep\u0161ia va\u0161u pohodu.<\/p>","protected":false},"excerpt":{"rendered":"<ul>\n<li><strong>Kvalifikovan\u00fd klinov\u00fd vank\u00fa\u0161:<\/strong> Tento vank\u00fa\u0161 s klinov\u00fdm podstavcom je vyplnen\u00fd pr\u00e9miovou polyesterovou v\u00fdpl\u0148ou, ktor\u00e1 poskytuje stabiln\u00fa oporu chrbta a zabezpe\u010duje pohodlie pri \u010d\u00edtan\u00ed, odpo\u010dinku alebo sledovan\u00ed telev\u00edzie na posteli alebo pohovke. Vysokokvalitn\u00e1 zamatov\u00e1 l\u00e1tka je ve\u013emi m\u00e4kk\u00e1 na dotyk, odoln\u00e1 a \u013eahko sa deformuje ani \u017emolkuje.<\/li>\n<li><strong>Nastavite\u013en\u00fd klinov\u00fd vank\u00fa\u0161:<\/strong> Dekora\u010dn\u00fd vank\u00fa\u0161 sa dod\u00e1va s mal\u00fdm rolovac\u00edm vank\u00fa\u0161om. D\u00e1 sa nastavi\u0165 pod\u013ea potreby. Pom\u00e1ha udr\u017eiava\u0165 chrb\u00e1t rovn\u00fd, aby ste sa nehrbili. Po\u0165ah na \u010ditate\u013esk\u00fd vank\u00fa\u0161 je sn\u00edmate\u013en\u00fd a prate\u013en\u00fd. Na bokoch s\u00fa 2 mal\u00e9 vreck\u00e1 na ulo\u017eenie drobn\u00fdch predmetov, ako je pero, mobiln\u00fd telef\u00f3n, dia\u013ekov\u00e9 ovl\u00e1danie telev\u00edzora at\u010f.<\/li>\n<li><strong>Vynikaj\u00faca podpora chrbta:<\/strong> Ve\u013ek\u00fd podporn\u00fd vank\u00fa\u0161 m\u00e1 ergonomick\u00fd dizajn, ktor\u00fd poskytuje vedeck\u00fa oporu chrbta a zlep\u0161uje dr\u017eanie tela pri seden\u00ed. Tento vank\u00fa\u0161 na pohovku poskytuje pohodln\u00fa oporu pre p\u00e1s, chrb\u00e1t a krk. M\u00f4\u017ee tie\u017e predch\u00e1dza\u0165 a zmier\u0148ova\u0165 ochorenia bedrovej a kr\u010dnej chrbtice a uvo\u013e\u0148ova\u0165 bolesti chrbta.<\/li>\n<li><strong>\u0160irok\u00fd rozsah pou\u017eitia:<\/strong> Klinov\u00fd vank\u00fa\u0161 m\u00e1 r\u00f4zne vyu\u017eitie a je ve\u013emi vhodn\u00fd na pou\u017eitie na posteli, pohovke, kresle a gau\u010di. Je perfektn\u00fd dar\u010dek pre v\u00e1s, priate\u013eov alebo rodinu.<\/li>\n<li><strong>\u013dahko sa \u010dist\u00ed:<\/strong> Tento podporn\u00fd vank\u00fa\u0161 m\u00e1 zap\u00ednanie na zips, v\u010faka \u010domu je po\u0165ah \u013eahko odn\u00edmate\u013en\u00fd a mo\u017eno ho pra\u0165 v pr\u00e1\u010dke.<\/li>\n<li><strong>L\u00e1tka:<\/strong> Zamat (100% polyester).<\/li>\n<li><strong>Ve\u013ekos\u0165:<\/strong>\u00a060x50x22cm.<\/li>\n<\/ul>","protected":false},"featured_media":1228,"comment_status":"open","ping_status":"closed","template":"","meta":[],"product_brand":[],"product_cat":[29],"product_tag":[66,60,111,101,112,59,107,71,65],"class_list":{"0":"post-1238","1":"product","2":"type-product","3":"status-publish","4":"has-post-thumbnail","6":"product_cat-large-reading-pillow","7":"product_tag-back-support-pillow","8":"product_tag-backrest-pillow","9":"product_tag-bedrest-pillow","10":"product_tag-chair-cushion","11":"product_tag-lumbar-support-pillow","12":"product_tag-reading-pillow","13":"product_tag-sofa-cushion","14":"product_tag-tv-pillow","15":"product_tag-wedge-pillow","17":"first","18":"outofstock","19":"shipping-taxable","20":"purchasable","21":"product-type-simple"},"_links":{"self":[{"href":"https:\/\/www.largepillow.com\/sk\/wp-json\/wp\/v2\/product\/1238","targetHints":{"allow":["GET"]}}],"collection":[{"href":"https:\/\/www.largepillow.com\/sk\/wp-json\/wp\/v2\/product"}],"about":[{"href":"https:\/\/www.largepillow.com\/sk\/wp-json\/wp\/v2\/types\/product"}],"replies":[{"embeddable":true,"href":"https:\/\/www.largepillow.com\/sk\/wp-json\/wp\/v2\/comments?post=1238"}],"wp:featuredmedia":[{"embeddable":true,"href":"https:\/\/www.largepillow.com\/sk\/wp-json\/wp\/v2\/media\/1228"}],"wp:attachment":[{"href":"https:\/\/www.largepillow.com\/sk\/wp-json\/wp\/v2\/media?parent=1238"}],"wp:term":[{"taxonomy":"product_brand","embeddable":true,"href":"https:\/\/www.largepillow.com\/sk\/wp-json\/wp\/v2\/product_brand?post=1238"},{"taxonomy":"product_cat","embeddable":true,"href":"https:\/\/www.largepillow.com\/sk\/wp-json\/wp\/v2\/product_cat?post=1238"},{"taxonomy":"product_tag","embeddable":true,"href":"https:\/\/www.largepillow.com\/sk\/wp-json\/wp\/v2\/product_tag?post=1238"}],"curies":[{"name":"pracovn\u00fd list","href":"https:\/\/api.w.org\/{rel}","templated":true}]}}