{"id":1249,"date":"2022-09-19T05:36:49","date_gmt":"2022-09-19T05:36:49","guid":{"rendered":"https:\/\/www.largepillow.com\/product\/back-cushion-for-bed"},"modified":"2025-06-07T09:27:52","modified_gmt":"2025-06-07T09:27:52","slug":"citaci-vankus","status":"publish","type":"product","link":"https:\/\/www.largepillow.com\/sk\/product\/reading-cushion","title":{"rendered":"\u010c\u00edtac\u00ed vank\u00fa\u0161"},"content":{"rendered":"<p>\u010citate\u013esk\u00fd vank\u00fa\u0161 \u2013 v\u00e1\u0161 nov\u00fd ob\u013e\u00faben\u00fd doplnok do v\u00e1\u0161ho \u00fatuln\u00e9ho \u010ditate\u013esk\u00e9ho k\u00fatika!<\/p>\n<p>Tento pohodln\u00fd a podporn\u00fd klinov\u00fd vank\u00fa\u0161 je vyroben\u00fd z pr\u00e9miovej polyesterovej v\u00fdplne a vysoko kvalitnej zamatovej l\u00e1tky, \u010do zais\u0165uje m\u00e4kk\u00fd, odoln\u00fd a pohodln\u00fd z\u00e1\u017eitok. Je ide\u00e1lny na poskytnutie stabilnej opory chrbta pri \u010d\u00edtan\u00ed, odpo\u010dinku alebo sledovan\u00ed telev\u00edzie na posteli alebo pohovke.<\/p>\n<p>\u010citate\u013esk\u00fd vank\u00fa\u0161 je nastavite\u013en\u00fd klinov\u00fd vank\u00fa\u0161 s mal\u00fdm rolovac\u00edm vank\u00fa\u0161om, ktor\u00fd sa d\u00e1 umiestni\u0165 tam, kde ho potrebujete. Pom\u00e1ha udr\u017eiava\u0165 chrb\u00e1t rovn\u00fd, aby ste sa nehrbili, a vedie k lep\u0161iemu dr\u017eaniu tela a pohodlnej\u0161iemu pocitu. Po\u0165ah vank\u00fa\u0161a je odn\u00edmate\u013en\u00fd a prate\u013en\u00fd a na bokoch s\u00fa dve mal\u00e9 vreck\u00e1 na ulo\u017eenie drobnost\u00ed, ako je telef\u00f3n alebo dia\u013ekov\u00fd ovl\u00e1da\u010d.<\/p>\n<p>Tento vank\u00fa\u0161 je ergonomicky navrhnut\u00fd tak, aby poskytoval vynikaj\u00facu oporu chrbta, ktor\u00e1 m\u00f4\u017ee predch\u00e1dza\u0165 a zmier\u0148ova\u0165 ochorenia bedrovej a kr\u010dnej chrbtice a uvo\u013e\u0148ova\u0165 bolesti chrbta. Ve\u013ek\u00fd podporn\u00fd vank\u00fa\u0161 zodpoved\u00e1 ergonomick\u00e9mu dizajnu a poskytuje pohodln\u00fa oporu pre p\u00e1s, chrb\u00e1t a krk.<\/p>\n<p>\u010citate\u013esk\u00fd vank\u00fa\u0161 je v\u0161estrann\u00fd, v\u010faka \u010domu je ide\u00e1lny na pou\u017eitie na posteli, pohovke, kresle alebo gau\u010di. Je to vynikaj\u00faci dar\u010dek pre v\u00e1s, priate\u013eov alebo rodinu.<\/p>\n<p>Tento podporn\u00fd vank\u00fa\u0161 sa \u013eahko \u010dist\u00ed a m\u00e1 zap\u00ednanie na zips, v\u010faka \u010domu je po\u0165ah \u013eahko odn\u00edmate\u013en\u00fd a mo\u017eno ho pra\u0165 v pr\u00e1\u010dke.<\/p>\n<p>Neverte n\u00e1m len tak na slovo, tu s\u00fa niektor\u00e9 z koment\u00e1rov na\u0161ich spokojn\u00fdch z\u00e1kazn\u00edkov:<\/p>\n<p>\u201cMilujem svoj \u010ditate\u013esk\u00fd vank\u00fa\u0161! Pom\u00e1ha mi sedie\u0165 vzpriamene a zabra\u0148uje mi hrbi\u0165 sa pri \u010d\u00edtan\u00ed. Vreck\u00e1 s\u00fa ide\u00e1lne na odlo\u017eenie telef\u00f3nu alebo dia\u013ekov\u00e9ho ovl\u00e1da\u010da.\u201d \u2013 Emily.<\/p>\n<p>\u201cZamatov\u00e1 l\u00e1tka je tak\u00e1 m\u00e4kk\u00e1 a vank\u00fa\u0161 poskytuje ve\u013ek\u00fa oporu. \u010c\u00edtac\u00ed vank\u00fa\u0161 vrelo odpor\u00fa\u010dam ka\u017ed\u00e9mu, kto h\u013ead\u00e1 pohodln\u00fd z\u00e1\u017eitok z \u010d\u00edtania.\u201d \u2013 Jack.<\/p>\n<p>\u201cToto je prelomov\u00fd krok v mojom \u010ditate\u013eskom z\u00e1\u017eitku. Je to tak\u00e9 pohodln\u00e9 a podpora, ktor\u00fa poskytuje m\u00f4jmu chrbtu, je \u00fa\u017easn\u00e1. Som ve\u013emi rada, \u017ee som tento produkt na\u0161la!\u201d \u2013 Sarah.<\/p>\n<p>Na \u010do e\u0161te \u010dak\u00e1te? Z\u00edskajte \u010ditate\u013esk\u00fd vank\u00fa\u0161 a posu\u0148te svoj \u010ditate\u013esk\u00fd z\u00e1\u017eitok na vy\u0161\u0161iu \u00farove\u0148!<\/p>","protected":false},"excerpt":{"rendered":"<ul>\n<li><strong>Kvalifikovan\u00fd klinov\u00fd vank\u00fa\u0161:<\/strong> Tento vank\u00fa\u0161 s klinov\u00fdm podstavcom je vyplnen\u00fd pr\u00e9miovou polyesterovou v\u00fdpl\u0148ou, ktor\u00e1 poskytuje stabiln\u00fa oporu chrbta a zabezpe\u010duje pohodlie pri \u010d\u00edtan\u00ed, odpo\u010dinku alebo sledovan\u00ed telev\u00edzie na posteli alebo pohovke. Vysokokvalitn\u00e1 zamatov\u00e1 l\u00e1tka je ve\u013emi m\u00e4kk\u00e1 na dotyk, odoln\u00e1 a \u013eahko sa deformuje ani \u017emolkuje.<\/li>\n<li><strong>Nastavite\u013en\u00fd klinov\u00fd vank\u00fa\u0161:<\/strong> Dekora\u010dn\u00fd vank\u00fa\u0161 sa dod\u00e1va s mal\u00fdm rolovac\u00edm vank\u00fa\u0161om. D\u00e1 sa nastavi\u0165 pod\u013ea potreby. Pom\u00e1ha udr\u017eiava\u0165 chrb\u00e1t rovn\u00fd, aby ste sa nehrbili. Po\u0165ah na \u010ditate\u013esk\u00fd vank\u00fa\u0161 je sn\u00edmate\u013en\u00fd a prate\u013en\u00fd. Na bokoch s\u00fa 2 mal\u00e9 vreck\u00e1 na ulo\u017eenie drobn\u00fdch predmetov, ako je pero, mobiln\u00fd telef\u00f3n, dia\u013ekov\u00e9 ovl\u00e1danie telev\u00edzora at\u010f.<\/li>\n<li><strong>Vynikaj\u00faca podpora chrbta:<\/strong> Ve\u013ek\u00fd podporn\u00fd vank\u00fa\u0161 m\u00e1 ergonomick\u00fd dizajn, ktor\u00fd poskytuje vedeck\u00fa oporu chrbta a zlep\u0161uje dr\u017eanie tela pri seden\u00ed. Tento vank\u00fa\u0161 na pohovku poskytuje pohodln\u00fa oporu pre p\u00e1s, chrb\u00e1t a krk. M\u00f4\u017ee tie\u017e predch\u00e1dza\u0165 a zmier\u0148ova\u0165 ochorenia bedrovej a kr\u010dnej chrbtice a uvo\u013e\u0148ova\u0165 bolesti chrbta.<\/li>\n<li><strong>\u0160irok\u00fd rozsah pou\u017eitia:<\/strong> Klinov\u00fd vank\u00fa\u0161 m\u00e1 r\u00f4zne vyu\u017eitie a je ve\u013emi vhodn\u00fd na pou\u017eitie na posteli, pohovke, kresle a gau\u010di. Je perfektn\u00fd dar\u010dek pre v\u00e1s, priate\u013eov alebo rodinu.<\/li>\n<li><strong>\u013dahko sa \u010dist\u00ed:<\/strong> Tento podporn\u00fd vank\u00fa\u0161 m\u00e1 zap\u00ednanie na zips, v\u010faka \u010domu je po\u0165ah \u013eahko odn\u00edmate\u013en\u00fd a mo\u017eno ho pra\u0165 v pr\u00e1\u010dke.<\/li>\n<li><strong>L\u00e1tka:<\/strong> Zamat (100% polyester).<\/li>\n<li><strong>Ve\u013ekos\u0165:<\/strong>\u00a060x50x22cm.<\/li>\n<\/ul>","protected":false},"featured_media":1239,"comment_status":"open","ping_status":"closed","template":"","meta":[],"product_brand":[],"product_cat":[29],"product_tag":[92,60,108,101,110,109,106,59,107,65],"class_list":{"0":"post-1249","1":"product","2":"type-product","3":"status-publish","4":"has-post-thumbnail","6":"product_cat-large-reading-pillow","7":"product_tag-adjustable-wedge-pillow","8":"product_tag-backrest-pillow","9":"product_tag-bed-cushion","10":"product_tag-chair-cushion","11":"product_tag-couch-cushion","12":"product_tag-daybed-cushion","13":"product_tag-reading-cushion","14":"product_tag-reading-pillow","15":"product_tag-sofa-cushion","16":"product_tag-wedge-pillow","18":"first","19":"outofstock","20":"shipping-taxable","21":"purchasable","22":"product-type-simple"},"_links":{"self":[{"href":"https:\/\/www.largepillow.com\/sk\/wp-json\/wp\/v2\/product\/1249","targetHints":{"allow":["GET"]}}],"collection":[{"href":"https:\/\/www.largepillow.com\/sk\/wp-json\/wp\/v2\/product"}],"about":[{"href":"https:\/\/www.largepillow.com\/sk\/wp-json\/wp\/v2\/types\/product"}],"replies":[{"embeddable":true,"href":"https:\/\/www.largepillow.com\/sk\/wp-json\/wp\/v2\/comments?post=1249"}],"wp:featuredmedia":[{"embeddable":true,"href":"https:\/\/www.largepillow.com\/sk\/wp-json\/wp\/v2\/media\/1239"}],"wp:attachment":[{"href":"https:\/\/www.largepillow.com\/sk\/wp-json\/wp\/v2\/media?parent=1249"}],"wp:term":[{"taxonomy":"product_brand","embeddable":true,"href":"https:\/\/www.largepillow.com\/sk\/wp-json\/wp\/v2\/product_brand?post=1249"},{"taxonomy":"product_cat","embeddable":true,"href":"https:\/\/www.largepillow.com\/sk\/wp-json\/wp\/v2\/product_cat?post=1249"},{"taxonomy":"product_tag","embeddable":true,"href":"https:\/\/www.largepillow.com\/sk\/wp-json\/wp\/v2\/product_tag?post=1249"}],"curies":[{"name":"wp","href":"https:\/\/api.w.org\/{rel}","templated":true}]}}