{"id":1262,"date":"2022-09-19T05:37:03","date_gmt":"2022-09-19T05:37:03","guid":{"rendered":"https:\/\/www.largepillow.com\/product\/office-chair-cushion"},"modified":"2025-05-01T17:46:45","modified_gmt":"2025-05-01T17:46:45","slug":"vankus-na-citanie-2","status":"publish","type":"product","link":"https:\/\/www.largepillow.com\/sk\/product\/reading-wedge-pillow-2\/","title":{"rendered":"Vank\u00fa\u0161 na \u010d\u00edtanie"},"content":{"rendered":"<p>Dokonal\u00fd \u010ditate\u013esk\u00fd klinov\u00fd vank\u00fa\u0161: Pohodlie a podpora pre v\u0161etky va\u0161e \u00fatuln\u00e9 chv\u00edle<\/p>\n<p>Doprajte si bezkonkuren\u010dn\u00e9 pohodlie s vank\u00fa\u0161om Reading Wedge, ktor\u00fd je starostlivo vyroben\u00fd z prvotriednych materi\u00e1lov a m\u00e1 nastavite\u013en\u00fd dizajn pre maxim\u00e1lnu v\u0161estrannos\u0165 a oporu.<\/p>\n<p>V\u00fdnimo\u010dn\u00e9 pohodlie pri \u010d\u00edtan\u00ed a relax\u00e1cii<\/p>\n<p>Tento vysoko kvalitn\u00fd klinov\u00fd vank\u00fa\u0161 je starostlivo vyplnen\u00fd pr\u00e9miovou polyesterovou v\u00fdpl\u0148ou, ktor\u00e1 zais\u0165uje neochvejn\u00fa oporu chrbta a ply\u0161ov\u00fd pocit, ktor\u00fd v\u00e1s obklop\u00ed pohodl\u00edm. \u010ci u\u017e sa sch\u00falite s p\u00fatavou knihou, oddychujete pred span\u00edm alebo si jednoducho h\u013ead\u00e1te relax na gau\u010di, tento vank\u00fa\u0161 bez n\u00e1mahy pozdvihne v\u00e1\u0161 z\u00e1\u017eitok.<\/p>\n<p>Nastavite\u013en\u00e9 pre personalizovan\u00fa podporu<\/p>\n<p>D\u00f4myselne navrhnut\u00fd vank\u00fa\u0161 s rolovacou podlo\u017ekou v\u00e1m umo\u017e\u0148uje nastavi\u0165 oporu presne tam, kde ju najviac potrebujete. \u010ci u\u017e uprednost\u0148ujete mierny sklon alebo v\u00fdraznej\u0161\u00ed uhol, tento vank\u00fa\u0161 v\u00e1m spln\u00ed v\u0161etky va\u0161e po\u017eiadavky. Je to perfektn\u00e9 rie\u0161enie na udr\u017eanie rovn\u00e9ho chrbta a zabr\u00e1nenie hrbeniu, \u010d\u00edm podporuje lep\u0161ie dr\u017eanie tela a celkov\u00fa pohodu.<\/p>\n<p>Ergonomick\u00fd dizajn pre optim\u00e1lnu oporu chrbta<\/p>\n<p>Tento podporn\u00fd vank\u00fa\u0161, ktor\u00fd dodr\u017eiava pr\u00edsne ergonomick\u00e9 princ\u00edpy, sa prisp\u00f4sobuje prirodzen\u00fdm krivk\u00e1m v\u00e1\u0161ho chrbta a poskytuje vedecky podlo\u017een\u00fa oporu, ktor\u00e1 zmier\u0148uje bolesti chrbta a zlep\u0161uje dr\u017eanie tela pri seden\u00ed. Jeho ve\u013ekorys\u00e1 ve\u013ekos\u0165 pon\u00faka dostato\u010dn\u00fa oporu pre v\u00e1\u0161 p\u00e1s, chrb\u00e1t a krk, \u010d\u00edm \u00fa\u010dinne bojuje proti probl\u00e9mom s bedrovou a kr\u010dnou chrbticou.<\/p>\n<p>V\u0161estrannos\u0165 pre \u0161irok\u00fa \u0161k\u00e1lu pou\u017eitia<\/p>\n<p>V\u010faka svojej v\u0161estrannosti je vank\u00fa\u0161 Reading Wedge nevyhnutnos\u0165ou do ka\u017edej dom\u00e1cnosti. Je ide\u00e1lny na pou\u017eitie na posteliach, pohovk\u00e1ch, denn\u00fdch l\u00f4\u017ekach, kresl\u00e1ch a gau\u010doch. Jeho prisp\u00f4sobivos\u0165 sa roz\u0161iruje na r\u00f4zne aktivity, od \u010d\u00edtania a sledovania telev\u00edzie a\u017e po jednoduch\u00e9 relaxovanie a u\u017e\u00edvanie si pohodlia, ktor\u00e9 poskytuje.<\/p>\n<p>Jednoduch\u00e1 \u00fadr\u017eba pre dlhotrvaj\u00face pohodlie<\/p>\n<p>Tento podporn\u00fd vank\u00fa\u0161 bol navrhnut\u00fd s oh\u013eadom na pohodlie a m\u00e1 zap\u00ednanie na zips, ktor\u00e9 umo\u017e\u0148uje jednoduch\u00e9 odstr\u00e1nenie po\u0165ahu, ktor\u00fd je mo\u017en\u00e9 pra\u0165 v pr\u00e1\u010dke. Odoln\u00e1 zmes polyesteru a \u013eanu zais\u0165uje trval\u00e9 pohodlie a zachovanie tvaru, v\u010faka \u010domu je tento vank\u00fa\u0161 dlhodobou invest\u00edciou do v\u00e1\u0161ho blaha.<\/p>\n<p>Sp\u00e4tn\u00e1 v\u00e4zba od z\u00e1kazn\u00edkov hovor\u00ed za v\u0161etko<\/p>\n<p>\u201eTento klinov\u00fd vank\u00fa\u0161 je ide\u00e1lny na \u010d\u00edtanie v posteli. Poskytuje vynikaj\u00facu oporu chrbta a nastavite\u013en\u00fd vank\u00fa\u0161 s v\u00fdstu\u017eou je prevratn\u00fd.\u201c<\/p>\n<p>\u201eTento vank\u00fa\u0161 pou\u017e\u00edvam u\u017e nieko\u013eko t\u00fd\u017ed\u0148ov a moja boles\u0165 chrbta sa v\u00fdrazne zlep\u0161ila. Je ve\u013emi pohodln\u00fd a poskytuje mi oporu na v\u0161etk\u00fdch spr\u00e1vnych miestach.\u201c<\/p>\n<p>\u201eKvalita tohto vank\u00fa\u0161a je \u00fa\u017easn\u00e1. L\u00e1tka je m\u00e4kk\u00e1 a odoln\u00e1 a \u0161itie je bezchybn\u00e9. Vrelo ho odpor\u00fa\u010dam.\u201c<\/p>\n<p>Vank\u00fa\u0161 Reading Wedge je stelesnen\u00edm pohodlia, podpory a v\u0161estrannosti. Jeho pr\u00e9miov\u00e1 kon\u0161trukcia, nastavite\u013en\u00fd dizajn a ergonomick\u00e1 podpora zlep\u0161ia va\u0161e \u010d\u00edtanie, relax\u00e1ciu a celkov\u00fa pohodu. Investujte do tohto v\u00fdnimo\u010dn\u00e9ho vank\u00fa\u0161a e\u0161te dnes a pozdvihnite svoj dom\u00e1ci \u017eivot na nov\u00fa \u00farove\u0148 pohodlia a radosti.<\/p>","protected":false},"excerpt":{"rendered":"<ul>\n<li><strong>Kvalifikovan\u00fd klinov\u00fd vank\u00fa\u0161:<\/strong> Tento vank\u00fa\u0161 s klinov\u00fdm podstavcom je vyplnen\u00fd pr\u00e9miovou polyesterovou v\u00fdpl\u0148ou, ktor\u00e1 poskytuje stabiln\u00fa oporu chrbta a zabezpe\u010duje pohodlie pri \u010d\u00edtan\u00ed, odpo\u010dinku alebo sledovan\u00ed telev\u00edzie na posteli alebo pohovke. Vysokokvalitn\u00e1 \u013eanov\u00e1 tkanina je ve\u013emi m\u00e4kk\u00e1 na dotyk, odoln\u00e1 a \u013eahko sa deformuje ani \u017emolkuje.<\/li>\n<li><strong>Nastavite\u013en\u00fd klinov\u00fd vank\u00fa\u0161:<\/strong> Dekora\u010dn\u00fd vank\u00fa\u0161 sa dod\u00e1va s mal\u00fdm rolovac\u00edm vank\u00fa\u0161om. D\u00e1 sa nastavi\u0165 pod\u013ea potreby. Pom\u00e1ha udr\u017eiava\u0165 chrb\u00e1t rovn\u00fd, aby ste sa nehrbili. Po\u0165ah na \u010ditate\u013esk\u00fd vank\u00fa\u0161 je sn\u00edmate\u013en\u00fd a prate\u013en\u00fd. Na bokoch s\u00fa 2 mal\u00e9 vreck\u00e1 na ulo\u017eenie drobn\u00fdch predmetov, ako je pero, mobiln\u00fd telef\u00f3n, dia\u013ekov\u00e9 ovl\u00e1danie telev\u00edzora at\u010f.<\/li>\n<li><strong>Vynikaj\u00faca podpora chrbta:<\/strong> Ve\u013ek\u00fd podporn\u00fd vank\u00fa\u0161 m\u00e1 ergonomick\u00fd dizajn, ktor\u00fd poskytuje vedeck\u00fa oporu chrbta a zlep\u0161uje dr\u017eanie tela pri seden\u00ed. Tento vank\u00fa\u0161 na pohovku poskytuje pohodln\u00fa oporu pre p\u00e1s, chrb\u00e1t a krk. M\u00f4\u017ee tie\u017e predch\u00e1dza\u0165 a zmier\u0148ova\u0165 ochorenia bedrovej a kr\u010dnej chrbtice a uvo\u013e\u0148ova\u0165 bolesti chrbta.<\/li>\n<li><strong>\u0160irok\u00fd rozsah pou\u017eitia:<\/strong> Klinov\u00fd vank\u00fa\u0161 m\u00e1 r\u00f4zne vyu\u017eitie a je ve\u013emi vhodn\u00fd na pou\u017eitie na posteli, pohovke, kresle a gau\u010di. Je perfektn\u00fd dar\u010dek pre v\u00e1s, priate\u013eov alebo rodinu.<\/li>\n<li><strong>\u013dahko sa \u010dist\u00ed:<\/strong> Tento podporn\u00fd vank\u00fa\u0161 m\u00e1 zap\u00ednanie na zips, v\u010faka \u010domu je po\u0165ah \u013eahko odn\u00edmate\u013en\u00fd a mo\u017eno ho pra\u0165 v pr\u00e1\u010dke.<\/li>\n<li><strong>L\u00e1tka:<\/strong>\u00a0Zmes polyesteru a \u013eanu.<\/li>\n<li><strong>Ve\u013ekos\u0165:<\/strong>\u00a060x50x22cm.<\/li>\n<\/ul>","protected":false},"featured_media":1250,"comment_status":"open","ping_status":"closed","template":"","meta":[],"product_brand":[],"product_cat":[29],"product_tag":[92,60,99,101,102,96,105,89,59,104,95,98,100,90],"class_list":{"0":"post-1262","1":"product","2":"type-product","3":"status-publish","4":"has-post-thumbnail","6":"product_cat-large-reading-pillow","7":"product_tag-adjustable-wedge-pillow","8":"product_tag-backrest-pillow","9":"product_tag-bed-pillow","10":"product_tag-chair-cushion","11":"product_tag-couch-pillow","12":"product_tag-cushions-for-sofa","13":"product_tag-lumbar-support","14":"product_tag-qualified-wedge-pillow","15":"product_tag-reading-pillow","16":"product_tag-reading-wedge-pillow","17":"product_tag-scientific-back-support","18":"product_tag-small-roll-bolster-pillow","19":"product_tag-sofa-daybed-pillow","20":"product_tag-stable-back-support","22":"first","23":"outofstock","24":"featured","25":"shipping-taxable","26":"purchasable","27":"product-type-simple"},"_links":{"self":[{"href":"https:\/\/www.largepillow.com\/sk\/wp-json\/wp\/v2\/product\/1262","targetHints":{"allow":["GET"]}}],"collection":[{"href":"https:\/\/www.largepillow.com\/sk\/wp-json\/wp\/v2\/product"}],"about":[{"href":"https:\/\/www.largepillow.com\/sk\/wp-json\/wp\/v2\/types\/product"}],"replies":[{"embeddable":true,"href":"https:\/\/www.largepillow.com\/sk\/wp-json\/wp\/v2\/comments?post=1262"}],"wp:featuredmedia":[{"embeddable":true,"href":"https:\/\/www.largepillow.com\/sk\/wp-json\/wp\/v2\/media\/1250"}],"wp:attachment":[{"href":"https:\/\/www.largepillow.com\/sk\/wp-json\/wp\/v2\/media?parent=1262"}],"wp:term":[{"taxonomy":"product_brand","embeddable":true,"href":"https:\/\/www.largepillow.com\/sk\/wp-json\/wp\/v2\/product_brand?post=1262"},{"taxonomy":"product_cat","embeddable":true,"href":"https:\/\/www.largepillow.com\/sk\/wp-json\/wp\/v2\/product_cat?post=1262"},{"taxonomy":"product_tag","embeddable":true,"href":"https:\/\/www.largepillow.com\/sk\/wp-json\/wp\/v2\/product_tag?post=1262"}],"curies":[{"name":"pracovn\u00fd list","href":"https:\/\/api.w.org\/{rel}","templated":true}]}}