{"id":13105,"date":"2025-09-04T01:20:12","date_gmt":"2025-09-04T01:20:12","guid":{"rendered":"https:\/\/www.largepillow.com\/product\/ergonomic-zero-gravity-bean-bag-lounge-chair-curved-floor-sofa"},"modified":"2025-09-04T01:29:19","modified_gmt":"2025-09-04T01:29:19","slug":"ergonomicke-kreslo-s-nulovou-gravitaciou-sedaci-vak-zakrivena-podlahova-pohovka","status":"publish","type":"product","link":"https:\/\/www.largepillow.com\/sk\/product\/ergonomic-zero-gravity-bean-bag-lounge-chair-curved-floor-sofa","title":{"rendered":"Ergonomick\u00e9 kreslo s nulovou gravit\u00e1ciou, sedac\u00ed vak, zakriven\u00e1 podlahov\u00e1 pohovka"},"content":{"rendered":"[zc_getpagecontent mb=&#8221;mb_aplus&#8221; apid=&#8221;143&#8243;]\n","protected":false},"excerpt":{"rendered":"<ul>\n<li>Ergonomick\u00e9 krivky in\u0161pirovan\u00e9 nulovou gravit\u00e1ciou: T\u00e1to unik\u00e1tne zakriven\u00e1 podlahov\u00e1 pohovka, navrhnut\u00e1 tak, aby napodob\u0148ovala prirodzen\u00e9 dr\u017eanie tela v nulovej gravit\u00e1cii, pon\u00faka cielen\u00fa oporu pre krk, p\u00e1s a nohy \u2013 podporuje relax\u00e1ciu cel\u00e9ho tela a vyrovnanie chrbtice.<\/li>\n<li>Priedu\u0161n\u00e1 3D ply\u0161ov\u00e1 l\u00e1tka: Povrch potiahnut\u00fd m\u00e4kkou, kr\u00e1tkou 3D ply\u0161ovou l\u00e1tkou je ply\u0161ov\u00fd, no z\u00e1rove\u0148 priedu\u0161n\u00fd, v\u010faka \u010domu v\u00e1s v lete udr\u017e\u00ed v chlade a v zime v \u00fatulnom prostred\u00ed. Dostupn\u00e1 v svie\u017eej bielej a svie\u017eej zelenej farbe dod\u00e1 modern\u00fd n\u00e1dych ka\u017ed\u00e9mu obytn\u00e9mu priestoru, od minimalistick\u00e9ho a\u017e po boh\u00e9msky \u0161t\u00fdl.<\/li>\n<li>Perfektn\u00e1 ve\u013ekos\u0165 pre v\u0161estrann\u00e9 priestory: S rozmermi 175 cm (d\u013a\u017eka) \u00d7 84 cm (\u0161\u00edrka) s maxim\u00e1lnou v\u00fd\u0161kou 54 cm, v\u00fd\u0161kou v p\u00e1se 24 cm a v\u00fd\u0161kou n\u00f4h 39 cm sa bez probl\u00e9mov zmest\u00ed do ob\u00fdvac\u00edch izieb, sp\u00e1ln\u00ed alebo \u010ditate\u013esk\u00fdch k\u00fatikov. Je kompaktn\u00fd, no z\u00e1rove\u0148 dostato\u010dne priestrann\u00fd pre pohodln\u00e9 oddychovanie 1 \u2013 2 os\u00f4b.<\/li>\n<li>Pohovka je vyplnen\u00e1 vysokokvalitnou PP bavlnou a pon\u00faka dokonal\u00fa rovnov\u00e1hu medzi m\u00e4kkos\u0165ou a oporou. V\u00fdpl\u0148 m\u00f4\u017eete jednoducho prida\u0165 alebo odstr\u00e1ni\u0165 pod\u013ea po\u017eadovanej pevnosti \u2013 \u010di u\u017e m\u00e1te radi pocit ponorenia sa do postele alebo pevnej\u0161iu oporu, prisp\u00f4sob\u00ed sa va\u0161im zvykom.<\/li>\n<li>Cielen\u00e1 \u00fa\u013eava od bedrovej chrbtice s hlbokou kont\u00farovou podporou: Navrhnut\u00e1 zapusten\u00e1 bedrov\u00e1 z\u00f3na (v\u00fd\u0161ka 25 cm) podopiera spodn\u00fa \u010das\u0165 chrbta a zmier\u0148uje nam\u00e1hanie chrbtice. \u010ci u\u017e si zdriemnete, \u010d\u00edtate alebo sledujete filmy naplno, za\u017eite ergonomick\u00e9 pohodlie, ktor\u00e9 sa v\u00e1m prisp\u00f4sob\u00ed.<\/li>\n<\/ul>","protected":false},"featured_media":13091,"comment_status":"open","ping_status":"closed","template":"","meta":[],"product_brand":[],"product_cat":[228],"product_tag":[],"class_list":{"0":"post-13105","1":"product","2":"type-product","3":"status-publish","4":"has-post-thumbnail","6":"product_cat-cushions","8":"first","9":"instock","10":"sold-individually","11":"shipping-taxable","12":"purchasable","13":"product-type-simple"},"_links":{"self":[{"href":"https:\/\/www.largepillow.com\/sk\/wp-json\/wp\/v2\/product\/13105","targetHints":{"allow":["GET"]}}],"collection":[{"href":"https:\/\/www.largepillow.com\/sk\/wp-json\/wp\/v2\/product"}],"about":[{"href":"https:\/\/www.largepillow.com\/sk\/wp-json\/wp\/v2\/types\/product"}],"replies":[{"embeddable":true,"href":"https:\/\/www.largepillow.com\/sk\/wp-json\/wp\/v2\/comments?post=13105"}],"wp:featuredmedia":[{"embeddable":true,"href":"https:\/\/www.largepillow.com\/sk\/wp-json\/wp\/v2\/media\/13091"}],"wp:attachment":[{"href":"https:\/\/www.largepillow.com\/sk\/wp-json\/wp\/v2\/media?parent=13105"}],"wp:term":[{"taxonomy":"product_brand","embeddable":true,"href":"https:\/\/www.largepillow.com\/sk\/wp-json\/wp\/v2\/product_brand?post=13105"},{"taxonomy":"product_cat","embeddable":true,"href":"https:\/\/www.largepillow.com\/sk\/wp-json\/wp\/v2\/product_cat?post=13105"},{"taxonomy":"product_tag","embeddable":true,"href":"https:\/\/www.largepillow.com\/sk\/wp-json\/wp\/v2\/product_tag?post=13105"}],"curies":[{"name":"wp","href":"https:\/\/api.w.org\/{rel}","templated":true}]}}