{"id":1315,"date":"2022-09-19T06:01:52","date_gmt":"2022-09-19T06:01:52","guid":{"rendered":"https:\/\/www.largepillow.com\/product\/bed-wedge-pillows-for-reading"},"modified":"2025-09-13T10:51:53","modified_gmt":"2025-09-13T10:51:53","slug":"vankus-na-citanie-na-kolenach","status":"publish","type":"product","link":"https:\/\/www.largepillow.com\/sk\/product\/lap-pillow-for-reading","title":{"rendered":"Vank\u00fa\u0161 na \u010d\u00edtanie na kolen\u00e1ch"},"content":{"rendered":"<p>Predstavujeme dokonal\u00e9ho spolo\u010dn\u00edka na \u010d\u00edtanie: ergonomick\u00fd vank\u00fa\u0161 na kolen\u00e1<\/p>\n<p>Ste v\u00e1\u0161niv\u00fd \u010ditate\u013e, ktor\u00fd \u010dasto poci\u0165uje nepohodlie pri \u010d\u00edtan\u00ed v posteli? Predstavujeme v\u00e1m inovat\u00edvny vank\u00fa\u0161 na \u010d\u00edtanie, ktor\u00fd je navrhnut\u00fd tak, aby zlep\u0161il v\u00e1\u0161 z\u00e1\u017eitok z \u010d\u00edtania v\u010faka bezkonkuren\u010dn\u00e9mu pohodliu a podpore.<\/p>\n<p>Ergonomick\u00fd dizajn pre optim\u00e1lne dr\u017eanie tela<\/p>\n<p>Tento ergonomicky vyroben\u00fd vank\u00fa\u0161 sa dokonale prisp\u00f4sob\u00ed v\u00e1\u0161mu telu a zabezpe\u010d\u00ed ide\u00e1lnu polohu pri \u010d\u00edtan\u00ed. Rozl\u00fa\u010dte sa s boles\u0165ami dolnej a hornej \u010dasti chrbta, probl\u00e9mami s krkom a ramenami, ktor\u00e9 v\u00e1s m\u00f4\u017eu tr\u00e1pi\u0165 kv\u00f4li nespr\u00e1vnemu dr\u017eaniu tela.<\/p>\n<p>Pr\u00e9miov\u00e9 materi\u00e1ly pre pohodlie a odolnos\u0165<\/p>\n<p>Po\u0165ah na vank\u00fa\u0161 je starostlivo vyroben\u00fd z vysoko kvalitnej pl\u00e1tennej l\u00e1tky, ktor\u00e1 je zn\u00e1ma svojou v\u00fdnimo\u010dnou odolnos\u0165ou a priedu\u0161nos\u0165ou. Jeho \u017eiariv\u00e9 farby, dosiahnut\u00e9 reakt\u00edvnou technol\u00f3giou tla\u010de a farbenia, zostan\u00fa s\u00fdte po mnoho rokov. Vn\u00fatorn\u00e9 jadro je vyplnen\u00e9 pr\u00e9miovou vysoko elastickou polyesterovou v\u00fdpl\u0148ou, ktor\u00e1 poskytuje m\u00e4kk\u00fd, ale z\u00e1rove\u0148 podporn\u00fd vank\u00fa\u0161, ktor\u00fd sa \u010dasom nezr\u00fati.<\/p>\n<p>Multifunk\u010dn\u00fd pre r\u00f4zne potreby<\/p>\n<p>Okrem v\u00fdnimo\u010dnej podpory pri \u010d\u00edtan\u00ed dok\u00e1\u017ee tento v\u0161estrann\u00fd vank\u00fa\u0161 zmierni\u0165 aj zdravotn\u00e9 \u0165a\u017ekosti, ako je chr\u00e1panie a kysl\u00fd reflux. Pon\u00faka pohodln\u00fd povrch pre tehotn\u00e9 \u017eeny na udr\u017eanie bo\u010dnej polohy pri span\u00ed alebo sa d\u00e1 pou\u017ei\u0165 ako bedrov\u00fd vank\u00fa\u0161 na zn\u00ed\u017eenie tlaku na chrb\u00e1t. Jeho v\u0161estrannos\u0165 siaha aj za hranice sp\u00e1lne, v\u010faka \u010domu je ide\u00e1lnym doplnkom k pohovk\u00e1m, herniam, z\u00e1hradn\u00e9mu n\u00e1bytku a \u010fal\u0161\u00edm potreb\u00e1m.<\/p>\n<p>P\u00fatav\u00e9 potla\u010de pre n\u00e1dych \u0161t\u00fdlu<\/p>\n<p>Dodajte svojej sp\u00e1lni n\u00e1dych elegancie s n\u00e1dhern\u00fdmi potla\u010dami na vank\u00fa\u0161i na kolen\u00e1. Vyberte si z upokojuj\u00facej \u201clesnej hudby\u201d, retro \u201cstar\u00fdch nov\u00edn\u201d, o\u010daruj\u00faceho \u201cmodr\u00e9ho mot\u00fd\u013ea\u201d alebo podmanivej \u201c\u0165avej mapy\u201d. N\u00e1jdete tu dizajn, ktor\u00fd vyhovuje ka\u017edej osobnosti a \u0161t\u00fdlu.<\/p>\n<p>Praktick\u00e9 funkcie pre jednoduch\u00e9 pou\u017e\u00edvanie<\/p>\n<p>Po\u0165ah na vank\u00fa\u0161 sa d\u00e1 bez n\u00e1mahy odstr\u00e1ni\u0165 a vymeni\u0165 pomocou nevidite\u013en\u00e9ho kovov\u00e9ho zipsu. Jeho mo\u017enos\u0165 prania v pr\u00e1\u010dke zais\u0165uje, \u017ee v\u00e1\u0161 vank\u00fa\u0161 zostane svie\u017ei a hygienick\u00fd. Praktick\u00e9 bo\u010dn\u00e9 vrecko poskytuje pohodln\u00fd \u00falo\u017en\u00fd priestor na telef\u00f3n, okuliare alebo in\u00e9 drobnosti.<\/p>\n<p>Referencie z\u00e1kazn\u00edkov<\/p>\n<p>\u201cAko sk\u00fasen\u00e1 \u010ditate\u013eka nem\u00f4\u017eem uveri\u0165, \u017ee som sa tak dlho zaobi\u0161la bez tohto vank\u00fa\u0161a. Je to ako splnen\u00fd sen, poskytuje oporu a pohodlie po\u010das hod\u00edn bla\u017een\u00e9ho \u010d\u00edtania.\u201d<\/p>\n<p>\u201cPl\u00e1tno je na mojej poko\u017eke skvel\u00e9 a potla\u010d je jednoducho n\u00e1dhern\u00e1. Je nielen funk\u010dn\u00e9, ale dod\u00e1va mojej sp\u00e1lni aj \u0161t\u00fdlov\u00fd n\u00e1dych.\u201d<\/p>\n<p>Rozmery: 60x20x50cm<\/p>\n<p>Investujte do lep\u0161ieho z\u00e1\u017eitku z \u010d\u00edtania s vank\u00fa\u0161om na \u010d\u00edtanie. Jeho ergonomick\u00fd dizajn, pr\u00e9miov\u00e9 materi\u00e1ly, multifunk\u010dnos\u0165 a v\u00fdrazn\u00e9 potla\u010de premenia v\u00e1\u0161 \u010das str\u00e1ven\u00fd \u010d\u00edtan\u00edm na skuto\u010dne pohodln\u00fa a pr\u00edjemn\u00fa z\u00e1le\u017eitos\u0165. Objednajte si ho e\u0161te dnes a pozdvihnite svoj z\u00e1\u017eitok z \u010d\u00edtania na nov\u00fa \u00farove\u0148!<\/p>","protected":false},"excerpt":{"rendered":"<ul>\n<li><strong>Ergonomick\u00fd vank\u00fa\u0161:<\/strong>\u00a0Ak vy a va\u0161i priatelia radi \u010d\u00edtate v posteli, ale m\u00e1te r\u00f4zne \u0165a\u017ekosti sp\u00f4soben\u00e9 nespr\u00e1vnym dr\u017ean\u00edm tela: bolesti dolnej a hornej \u010dasti chrbta, probl\u00e9my s krkom a ramenami at\u010f., potom pou\u017eite tento ergonomick\u00fd vank\u00fa\u0161, ktor\u00fd v\u00e1m pom\u00f4\u017ee \u010d\u00edta\u0165 s ergonomick\u00fdm dr\u017ean\u00edm tela. Tento \u010d\u00edtac\u00ed vank\u00fa\u0161 je nielen m\u00e4kk\u00fd a pohodln\u00fd, ale aj dostato\u010dne pevn\u00fd, aby poskytoval odpru\u017eenie a oporu.<\/li>\n<li><strong>Vysokokvalitn\u00e9 materi\u00e1ly:<\/strong>\u00a0Oblie\u010dka na klinov\u00fd vank\u00fa\u0161 je vyroben\u00e1 z vysoko kvalitnej pl\u00e1tennej l\u00e1tky, ktor\u00e1 je pevn\u00e1 a odoln\u00e1 a m\u00e1 ve\u013emi dobr\u00fa priepustnos\u0165 vzduchu; vyu\u017e\u00edva reakt\u00edvnu technol\u00f3giu tla\u010de a farbenia, ktor\u00e1 nevybledne; vn\u00fatorn\u00e9 jadro je vyplnen\u00e9 vysoko kvalitnou, vysoko elastickou polyesterovou v\u00fdpl\u0148ou, ktor\u00e1 si udr\u017eiava stabiln\u00fd tvar bez toho, aby sa zr\u00fatila.<\/li>\n<li><strong>Multifunk\u010dn\u00e9 pou\u017eitie:<\/strong>\u00a0Tento zakriven\u00fd tvar vank\u00fa\u0161a dok\u00e1\u017ee udr\u017ea\u0165 ur\u010dit\u00e9 \u010dasti tela vo vyv\u00fd\u0161enej polohe. Pom\u00e1ha preto zmierni\u0165 ur\u010dit\u00e9 zdravotn\u00e9 \u0165a\u017ekosti, ako je chr\u00e1panie alebo reflux kyseliny. Okrem toho m\u00f4\u017ee pom\u00f4c\u0165 tehotn\u00fdm \u017een\u00e1m vyhn\u00fa\u0165 sa ot\u00e1\u010daniu a udr\u017eiava\u0165 si bo\u010dn\u00fa polohu pri span\u00ed alebo ho pou\u017ei\u0165 ako bedrov\u00fd vank\u00fa\u0161 na zn\u00ed\u017eenie tlaku na bedrov\u00fa chrbticu. Okrem pou\u017eitia tohto vank\u00fa\u0161a na opierku chrbta na posteli sa d\u00e1 pou\u017ei\u0165 aj na pohovke, na podlahe detsk\u00e9ho ihriska alebo na z\u00e1hradnom n\u00e1bytku.<\/li>\n<li><strong>Vynikaj\u00faci dizajn tla\u010de:<\/strong>\u00a0T\u00e1to s\u00e9ria polohovac\u00edch vank\u00fa\u0161ov je zdoben\u00e1 jasn\u00fdmi farbami, ktor\u00e9 dodaj\u00fa va\u0161ej sp\u00e1lni lesk. Pastor\u00e1lny \u0161t\u00fdl \u201elesn\u00e1 hudba\u201c, retro \u0161t\u00fdl \u201estar\u00e9 noviny\u201c, liter\u00e1rny \u0161t\u00fdl \u201emodr\u00fd mot\u00fd\u013e\u201c, realistick\u00fd \u0161t\u00fdl \u201e\u0165avia mapa\u201c \u2013 ur\u010dite si n\u00e1jdete farbu, ktor\u00e1 vyhovuje va\u0161ej osobnosti. Je to dobr\u00fd \u010ditate\u013esk\u00fd vank\u00fa\u0161 pre chlapcov aj diev\u010dat\u00e1 alebo dospel\u00fdch. Je to tie\u017e skvel\u00fd dar\u010dek pre deti, ktor\u00e9 rady \u010d\u00edtaj\u00fa, a ich izbu v\u010faka nemu bude vyzera\u0165 chladnej\u0161ie.<\/li>\n<li><strong>Odn\u00edmate\u013en\u00fd po\u0165ah na vank\u00fa\u0161:<\/strong>\u00a0Po\u0165ah na vank\u00fa\u0161 s nevidite\u013en\u00fdm kovov\u00fdm zipsom sa d\u00e1 \u013eahko zlo\u017ei\u0165 a nasadi\u0165 na vank\u00fa\u0161; \u013eahko sa \u010dist\u00ed a je vhodn\u00fd na pranie v pr\u00e1\u010dke; praktick\u00e9 bo\u010dn\u00e9 vrecko umo\u017e\u0148uje kedyko\u013evek odlo\u017ei\u0165 drobn\u00e9 predmety, ako s\u00fa mobiln\u00e9 telef\u00f3ny a okuliare.<\/li>\n<li><strong>Ve\u013ekos\u0165:<\/strong>\u00a060x20x50cm.<\/li>\n<\/ul>","protected":false},"featured_media":1308,"comment_status":"open","ping_status":"closed","template":"","meta":[],"product_brand":[],"product_cat":[29],"product_tag":[60,81,86,78,85,79,80,59,65],"class_list":{"0":"post-1315","1":"product","2":"type-product","3":"status-publish","4":"has-post-thumbnail","6":"product_cat-large-reading-pillow","7":"product_tag-backrest-pillow","8":"product_tag-curved-shape-pillow","9":"product_tag-detachable-pillow-cover","10":"product_tag-ergonomic-pillow","11":"product_tag-lap-pillow-for-reading","12":"product_tag-lumbar-pillow","13":"product_tag-positioning-pillow","14":"product_tag-reading-pillow","15":"product_tag-wedge-pillow","17":"first","18":"instock","19":"featured","20":"shipping-taxable","21":"purchasable","22":"product-type-simple"},"_links":{"self":[{"href":"https:\/\/www.largepillow.com\/sk\/wp-json\/wp\/v2\/product\/1315","targetHints":{"allow":["GET"]}}],"collection":[{"href":"https:\/\/www.largepillow.com\/sk\/wp-json\/wp\/v2\/product"}],"about":[{"href":"https:\/\/www.largepillow.com\/sk\/wp-json\/wp\/v2\/types\/product"}],"replies":[{"embeddable":true,"href":"https:\/\/www.largepillow.com\/sk\/wp-json\/wp\/v2\/comments?post=1315"}],"wp:featuredmedia":[{"embeddable":true,"href":"https:\/\/www.largepillow.com\/sk\/wp-json\/wp\/v2\/media\/1308"}],"wp:attachment":[{"href":"https:\/\/www.largepillow.com\/sk\/wp-json\/wp\/v2\/media?parent=1315"}],"wp:term":[{"taxonomy":"product_brand","embeddable":true,"href":"https:\/\/www.largepillow.com\/sk\/wp-json\/wp\/v2\/product_brand?post=1315"},{"taxonomy":"product_cat","embeddable":true,"href":"https:\/\/www.largepillow.com\/sk\/wp-json\/wp\/v2\/product_cat?post=1315"},{"taxonomy":"product_tag","embeddable":true,"href":"https:\/\/www.largepillow.com\/sk\/wp-json\/wp\/v2\/product_tag?post=1315"}],"curies":[{"name":"wp","href":"https:\/\/api.w.org\/{rel}","templated":true}]}}