{"id":1331,"date":"2022-09-19T06:05:49","date_gmt":"2022-09-19T06:05:49","guid":{"rendered":"https:\/\/www.largepillow.com\/product\/best-reading-pillows"},"modified":"2026-01-10T19:16:10","modified_gmt":"2026-01-10T19:16:10","slug":"najlepsi-vankus-na-citanie","status":"publish","type":"product","link":"https:\/\/www.largepillow.com\/sk\/product\/best-reading-pillow\/","title":{"rendered":"Najlep\u0161\u00ed \u010ditate\u013esk\u00fd vank\u00fa\u0161"},"content":{"rendered":"<h3>Za\u017eite pohodlie \u010d\u00edtania s najlep\u0161\u00edm ergonomick\u00fdm vank\u00fa\u0161om na \u010d\u00edtanie<\/h3>\n<p>\u010c\u00edtanie v posteli m\u00f4\u017ee by\u0165 nepohodln\u00e9 bez spr\u00e1vnej opory chrbta a krku, \u010do vedie k bolesti a \u00fanave. Vank\u00fa\u0161 Best Reading Vank\u00fa\u0161 poskytuje perfektn\u00e9 rie\u0161enie v\u010faka svojmu ergonomick\u00e9mu dizajnu na spr\u00e1vne vyrovnanie chrbta pri \u010d\u00edtan\u00ed dobrej knihy. <\/p>\n<p>Tento klinovit\u00fd vank\u00fa\u0161 je vyroben\u00fd z vysoko kvalitnej odolnej pl\u00e1tennej l\u00e1tky a vyplnen\u00fd m\u00e4kkou, podpornou polyesterovou v\u00fdpl\u0148ou, tak\u017ee je stabiln\u00fd aj pohodln\u00fd. Jeho jedine\u010dn\u00fd tvar sa prisp\u00f4sob\u00ed v\u00e1\u0161mu chrbtu a m\u00e1 sklon, ktor\u00fd v\u00e1m podoprie krk. V porovnan\u00ed s ploch\u00fdmi vank\u00fa\u0161mi, ktor\u00e9 m\u00f4\u017eu tieto oblasti nam\u00e1ha\u0165, to zni\u017euje tlak na krk, ramen\u00e1 a chrb\u00e1t. Recenzenti potvrdzuj\u00fa pohodlie, pri\u010dom jeden z nich uviedol, \u017ee \u201cpr\u00edjemne dr\u017e\u00ed tvar a pri seden\u00ed v posteli mi dokonale podopiera chrb\u00e1t a krk.\u201d<\/p>\n<p>Okrem be\u017en\u00e9ho \u010d\u00edtania tento multifunk\u010dn\u00fd vank\u00fa\u0161 pom\u00e1ha aj pri in\u00fdch aktivit\u00e1ch. Jeho \u0161ikm\u00fd profil je ide\u00e1lny na zmiernenie pr\u00edznakov p\u00e1lenia \u017e\u00e1hy, podporuje lep\u0161\u00ed sp\u00e1nok u \u013eud\u00ed s respira\u010dn\u00fdmi probl\u00e9mami a podporuje tehotn\u00e9 \u017eeny. Taktie\u017e pohodlne sl\u00fa\u017ei ako bedrov\u00e1 opierka na pohovky, podlahu alebo dokonca vonkaj\u0161\u00ed terasov\u00fd n\u00e1bytok. <\/p>\n<p>S odn\u00edmate\u013en\u00fdm po\u0165ahom, ktor\u00fd sa d\u00e1 pra\u0165 v pr\u00e1\u010dke, farebn\u00fdmi \u0161t\u00fdlov\u00fdmi potla\u010dami a praktick\u00fdm bo\u010dn\u00fdm vreckom na drobnosti, ako je napr\u00edklad telef\u00f3n, tento \u010ditate\u013esk\u00fd vank\u00fa\u0161 sp\u013a\u0148a v\u0161etky po\u017eiadavky. Ako povedala jedna nad\u0161en\u00e1 z\u00e1kazn\u00ed\u010dka: \u201cS t\u00fdmto vank\u00fa\u0161om je \u010d\u00edtanie v posteli ove\u013ea pohodlnej\u0161ie. M\u00f4\u017eem sa spr\u00e1vne posadi\u0165, ale z\u00e1rove\u0148 si odd\u00fdchnu\u0165 v m\u00e4kkom vank\u00fa\u0161i za sebou. Stalo sa moj\u00edm ob\u013e\u00faben\u00fdm miestom na sch\u00falenie sa s knihou!\u201d<\/p>\n<p>Vylep\u0161ite si teda svoje no\u010dn\u00e9 \u010d\u00edtanie e\u0161te dnes s pohodl\u00edm a oporou najlep\u0161ieho \u010d\u00edtacieho vank\u00fa\u0161a. V\u00e1\u0161 chrb\u00e1t a krk sa v\u00e1m po\u010fakuj\u00fa!<\/p>","protected":false},"excerpt":{"rendered":"<ul>\n<li><strong>Ergonomick\u00fd vank\u00fa\u0161:<\/strong>\u00a0Ak vy a va\u0161i priatelia radi \u010d\u00edtate v posteli, ale m\u00e1te r\u00f4zne \u0165a\u017ekosti sp\u00f4soben\u00e9 nespr\u00e1vnym dr\u017ean\u00edm tela: bolesti dolnej a hornej \u010dasti chrbta, probl\u00e9my s krkom a ramenami at\u010f., potom pou\u017eite tento ergonomick\u00fd vank\u00fa\u0161, ktor\u00fd v\u00e1m pom\u00f4\u017ee \u010d\u00edta\u0165 s ergonomick\u00fdm dr\u017ean\u00edm tela. Tento \u010d\u00edtac\u00ed vank\u00fa\u0161 je nielen m\u00e4kk\u00fd a pohodln\u00fd, ale aj dostato\u010dne pevn\u00fd, aby poskytoval odpru\u017eenie a oporu.<\/li>\n<li><strong>Vysokokvalitn\u00e9 materi\u00e1ly:<\/strong>\u00a0Oblie\u010dka na klinov\u00fd vank\u00fa\u0161 je vyroben\u00e1 z vysoko kvalitnej pl\u00e1tennej l\u00e1tky, ktor\u00e1 je pevn\u00e1 a odoln\u00e1 a m\u00e1 ve\u013emi dobr\u00fa priepustnos\u0165 vzduchu; vyu\u017e\u00edva reakt\u00edvnu technol\u00f3giu tla\u010de a farbenia, ktor\u00e1 nevybledne; vn\u00fatorn\u00e9 jadro je vyplnen\u00e9 vysoko kvalitnou, vysoko elastickou polyesterovou v\u00fdpl\u0148ou, ktor\u00e1 si udr\u017eiava stabiln\u00fd tvar bez toho, aby sa zr\u00fatila.<\/li>\n<li><strong>Multifunk\u010dn\u00e9 pou\u017eitie:<\/strong>\u00a0Tento zakriven\u00fd tvar vank\u00fa\u0161a dok\u00e1\u017ee udr\u017ea\u0165 ur\u010dit\u00e9 \u010dasti tela vo vyv\u00fd\u0161enej polohe. Pom\u00e1ha preto zmierni\u0165 ur\u010dit\u00e9 zdravotn\u00e9 \u0165a\u017ekosti, ako je chr\u00e1panie alebo reflux kyseliny. Okrem toho m\u00f4\u017ee pom\u00f4c\u0165 tehotn\u00fdm \u017een\u00e1m vyhn\u00fa\u0165 sa ot\u00e1\u010daniu a udr\u017eiava\u0165 si bo\u010dn\u00fa polohu pri span\u00ed alebo ho pou\u017ei\u0165 ako bedrov\u00fd vank\u00fa\u0161 na zn\u00ed\u017eenie tlaku na bedrov\u00fa chrbticu. Okrem pou\u017eitia tohto vank\u00fa\u0161a na opierku chrbta na posteli sa d\u00e1 pou\u017ei\u0165 aj na pohovke, na podlahe detsk\u00e9ho ihriska alebo na z\u00e1hradnom n\u00e1bytku.<\/li>\n<li><strong>Vynikaj\u00faci dizajn tla\u010de:<\/strong>\u00a0T\u00e1to s\u00e9ria polohovac\u00edch vank\u00fa\u0161ov je zdoben\u00e1 jasn\u00fdmi farbami, ktor\u00e9 dodaj\u00fa va\u0161ej sp\u00e1lni lesk. Pastor\u00e1lny \u0161t\u00fdl \u201elesn\u00e1 hudba\u201c, retro \u0161t\u00fdl \u201estar\u00e9 noviny\u201c, liter\u00e1rny \u0161t\u00fdl \u201emodr\u00fd mot\u00fd\u013e\u201c, realistick\u00fd \u0161t\u00fdl \u201e\u0165avia mapa\u201c \u2013 ur\u010dite si n\u00e1jdete farbu, ktor\u00e1 vyhovuje va\u0161ej osobnosti. Je to dobr\u00fd \u010ditate\u013esk\u00fd vank\u00fa\u0161 pre chlapcov aj diev\u010dat\u00e1 alebo dospel\u00fdch. Je to tie\u017e skvel\u00fd dar\u010dek pre deti, ktor\u00e9 rady \u010d\u00edtaj\u00fa, a ich izbu v\u010faka nemu bude vyzera\u0165 chladnej\u0161ie.<\/li>\n<li><strong>Odn\u00edmate\u013en\u00fd po\u0165ah na vank\u00fa\u0161:<\/strong>\u00a0Po\u0165ah na vank\u00fa\u0161 s nevidite\u013en\u00fdm kovov\u00fdm zipsom sa d\u00e1 \u013eahko zlo\u017ei\u0165 a nasadi\u0165 na vank\u00fa\u0161; \u013eahko sa \u010dist\u00ed a je vhodn\u00fd na pranie v pr\u00e1\u010dke; praktick\u00e9 bo\u010dn\u00e9 vrecko umo\u017e\u0148uje kedyko\u013evek odlo\u017ei\u0165 drobn\u00e9 predmety, ako s\u00fa mobiln\u00e9 telef\u00f3ny a okuliare.<\/li>\n<li><strong>Ve\u013ekos\u0165:<\/strong>\u00a060x20x50cm.<\/li>\n<\/ul>","protected":false},"featured_media":1324,"comment_status":"open","ping_status":"closed","template":"","meta":[],"product_brand":[],"product_cat":[29],"product_tag":[60,82,81,78,79,80,59],"class_list":{"0":"post-1331","1":"product","2":"type-product","3":"status-publish","4":"has-post-thumbnail","6":"product_cat-large-reading-pillow","7":"product_tag-backrest-pillow","8":"product_tag-best-reading-pillow","9":"product_tag-curved-shape-pillow","10":"product_tag-ergonomic-pillow","11":"product_tag-lumbar-pillow","12":"product_tag-positioning-pillow","13":"product_tag-reading-pillow","15":"first","16":"instock","17":"shipping-taxable","18":"purchasable","19":"product-type-simple"},"_links":{"self":[{"href":"https:\/\/www.largepillow.com\/sk\/wp-json\/wp\/v2\/product\/1331","targetHints":{"allow":["GET"]}}],"collection":[{"href":"https:\/\/www.largepillow.com\/sk\/wp-json\/wp\/v2\/product"}],"about":[{"href":"https:\/\/www.largepillow.com\/sk\/wp-json\/wp\/v2\/types\/product"}],"replies":[{"embeddable":true,"href":"https:\/\/www.largepillow.com\/sk\/wp-json\/wp\/v2\/comments?post=1331"}],"wp:featuredmedia":[{"embeddable":true,"href":"https:\/\/www.largepillow.com\/sk\/wp-json\/wp\/v2\/media\/1324"}],"wp:attachment":[{"href":"https:\/\/www.largepillow.com\/sk\/wp-json\/wp\/v2\/media?parent=1331"}],"wp:term":[{"taxonomy":"product_brand","embeddable":true,"href":"https:\/\/www.largepillow.com\/sk\/wp-json\/wp\/v2\/product_brand?post=1331"},{"taxonomy":"product_cat","embeddable":true,"href":"https:\/\/www.largepillow.com\/sk\/wp-json\/wp\/v2\/product_cat?post=1331"},{"taxonomy":"product_tag","embeddable":true,"href":"https:\/\/www.largepillow.com\/sk\/wp-json\/wp\/v2\/product_tag?post=1331"}],"curies":[{"name":"pracovn\u00fd list","href":"https:\/\/api.w.org\/{rel}","templated":true}]}}