{"id":1340,"date":"2022-09-19T06:06:05","date_gmt":"2022-09-19T06:06:05","guid":{"rendered":"https:\/\/www.largepillow.com\/product\/wedge-pillow-for-reading"},"modified":"2025-10-31T19:46:49","modified_gmt":"2025-10-31T19:46:49","slug":"klinovy-vankus-na-citanie","status":"publish","type":"product","link":"https:\/\/www.largepillow.com\/sk\/product\/wedge-pillow-for-reading\/","title":{"rendered":"Klinov\u00fd vank\u00fa\u0161 na \u010d\u00edtanie"},"content":{"rendered":"<p>H\u013ead\u00e1te pohodln\u00fd a v\u0161estrann\u00fd vank\u00fa\u0161 na zlep\u0161enie v\u00e1\u0161ho z\u00e1\u017eitku z \u010d\u00edtania? Neh\u013eadajte ni\u010d in\u00e9 ako klinov\u00fd vank\u00fa\u0161 na \u010d\u00edtanie.<\/p>\n<p>Tento ergonomick\u00fd vank\u00fa\u0161 je navrhnut\u00fd tak, aby v\u00e1m poskytol podporn\u00fd a pohodln\u00fd z\u00e1\u017eitok z \u010d\u00edtania. Vyroben\u00fd z vysoko kvalitn\u00fdch materi\u00e1lov vr\u00e1tane odoln\u00e9ho pl\u00e1tenn\u00e9ho po\u0165ahu a vysoko elastickej polyesterovej v\u00fdplne, je tento vank\u00fa\u0161 dostato\u010dne m\u00e4kk\u00fd a pevn\u00fd, aby poskytoval odpru\u017eenie a oporu.<\/p>\n<p>Nielen\u017ee je skvel\u00fd na \u010d\u00edtanie, ale tento zakriven\u00fd vank\u00fa\u0161 dok\u00e1\u017ee tie\u017e zdvihn\u00fa\u0165 ur\u010dit\u00e9 \u010dasti tela, aby zmiernil zdravotn\u00e9 \u0165a\u017ekosti, ako je chr\u00e1panie alebo kysl\u00fd reflux. Tehotn\u00e9 \u017eeny m\u00f4\u017eu tie\u017e profitova\u0165 z jeho pou\u017e\u00edvania t\u00fdm, \u017ee bud\u00fa spa\u0165 na boku alebo ho bud\u00fa pou\u017e\u00edva\u0165 ako bedrov\u00fd vank\u00fa\u0161 na zn\u00ed\u017eenie tlaku v bedrovej oblasti.<\/p>\n<p>V\u010faka vynikaj\u00facim potla\u010den\u00fdm dizajnom tento polohovac\u00ed vank\u00fa\u0161 ur\u010dite dod\u00e1 va\u0161ej sp\u00e1lni farebn\u00fd a \u0161t\u00fdlov\u00fd n\u00e1dych. Vyberte si z pastor\u00e1lneho \u0161t\u00fdlu \u201elesn\u00e1 hudba\u201c, retro \u0161t\u00fdlu \u201estar\u00e9 noviny\u201c, liter\u00e1rneho \u0161t\u00fdlu \u201emodr\u00fd mot\u00fd\u013e\u201c alebo realistick\u00e9ho \u0161t\u00fdlu \u201e\u0165avia mapa\u201c, aby sme vymenovali aspo\u0148 niektor\u00e9. Tento vank\u00fa\u0161 je ide\u00e1lny pre chlapcov aj diev\u010dat\u00e1, ako aj pre dospel\u00fdch, a je skvel\u00fdm dar\u010dekom pre deti, ktor\u00e9 rady \u010d\u00edtaj\u00fa.<\/p>\n<p>Odn\u00edmate\u013en\u00fd po\u0165ah na vank\u00fa\u0161 m\u00e1 nevidite\u013en\u00fd kovov\u00fd zips pre jednoduch\u00e9 odstr\u00e1nenie a \u010distenie. Je tie\u017e mo\u017en\u00e9 ho pra\u0165 v pr\u00e1\u010dke a obsahuje praktick\u00e9 bo\u010dn\u00e9 vrecko na ulo\u017eenie mal\u00fdch predmetov, ako s\u00fa mobiln\u00e9 telef\u00f3ny a okuliare.<\/p>\n<p>Neverte n\u00e1m len tak na slovo, tu je nieko\u013eko koment\u00e1rov od spokojn\u00fdch z\u00e1kazn\u00edkov:<\/p>\n<p>\u201eV\u017edy som mala probl\u00e9m n\u00e1js\u0165 si pohodln\u00fa polohu pri \u010d\u00edtan\u00ed v posteli, ale tento klinov\u00fd vank\u00fa\u0161 mi zmenil pravidl\u00e1 hry. Je ve\u013emi pohodln\u00fd a poskytuje oporu a bo\u010dn\u00e9 vrecko je pekn\u00fd detail.\u201c<\/p>\n<p>\u201eTrp\u00edm refluxom kyseliny a tento vank\u00fa\u0161 mi zachr\u00e1nil \u017eivot. Je ove\u013ea pohodlnej\u0161\u00ed ako poukladanie be\u017en\u00fdch vank\u00fa\u0161ov a dizajn je tie\u017e naozaj roztomil\u00fd.\u201c<\/p>\n<p>Celkovo je klinov\u00fd vank\u00fa\u0161 na \u010d\u00edtanie nevyhnutnos\u0165ou pre ka\u017ed\u00e9ho, kto r\u00e1d \u010d\u00edta v posteli alebo potrebuje po\u010das sp\u00e1nku extra oporu. V\u010faka vysoko kvalitn\u00fdm materi\u00e1lom, v\u0161estrann\u00e9mu dizajnu a \u0161t\u00fdlov\u00fdm potla\u010diam nebudete s t\u00fdmto n\u00e1kupom sklaman\u00ed.<\/p>","protected":false},"excerpt":{"rendered":"<ul>\n<li><strong>Ergonomick\u00fd vank\u00fa\u0161:<\/strong>\u00a0Ak vy a va\u0161i priatelia radi \u010d\u00edtate v posteli, ale m\u00e1te r\u00f4zne \u0165a\u017ekosti sp\u00f4soben\u00e9 nespr\u00e1vnym dr\u017ean\u00edm tela: bolesti dolnej a hornej \u010dasti chrbta, probl\u00e9my s krkom a ramenami at\u010f., potom pou\u017eite tento ergonomick\u00fd vank\u00fa\u0161, ktor\u00fd v\u00e1m pom\u00f4\u017ee \u010d\u00edta\u0165 s ergonomick\u00fdm dr\u017ean\u00edm tela. Tento \u010d\u00edtac\u00ed vank\u00fa\u0161 je nielen m\u00e4kk\u00fd a pohodln\u00fd, ale aj dostato\u010dne pevn\u00fd, aby poskytoval odpru\u017eenie a oporu.<\/li>\n<li><strong>Vysokokvalitn\u00e9 materi\u00e1ly:<\/strong>\u00a0Oblie\u010dka na klinov\u00fd vank\u00fa\u0161 je vyroben\u00e1 z vysoko kvalitnej pl\u00e1tennej l\u00e1tky, ktor\u00e1 je pevn\u00e1 a odoln\u00e1 a m\u00e1 ve\u013emi dobr\u00fa priepustnos\u0165 vzduchu; vyu\u017e\u00edva reakt\u00edvnu technol\u00f3giu tla\u010de a farbenia, ktor\u00e1 nevybledne; vn\u00fatorn\u00e9 jadro je vyplnen\u00e9 vysoko kvalitnou, vysoko elastickou polyesterovou v\u00fdpl\u0148ou, ktor\u00e1 si udr\u017eiava stabiln\u00fd tvar bez toho, aby sa zr\u00fatila.<\/li>\n<li><strong>Multifunk\u010dn\u00e9 pou\u017eitie:<\/strong>\u00a0Tento zakriven\u00fd tvar vank\u00fa\u0161a dok\u00e1\u017ee udr\u017ea\u0165 ur\u010dit\u00e9 \u010dasti tela vo vyv\u00fd\u0161enej polohe. Pom\u00e1ha preto zmierni\u0165 ur\u010dit\u00e9 zdravotn\u00e9 \u0165a\u017ekosti, ako je chr\u00e1panie alebo reflux kyseliny. Okrem toho m\u00f4\u017ee pom\u00f4c\u0165 tehotn\u00fdm \u017een\u00e1m vyhn\u00fa\u0165 sa ot\u00e1\u010daniu a udr\u017eiava\u0165 si bo\u010dn\u00fa polohu pri span\u00ed alebo ho pou\u017ei\u0165 ako bedrov\u00fd vank\u00fa\u0161 na zn\u00ed\u017eenie tlaku na bedrov\u00fa chrbticu. Okrem pou\u017eitia tohto vank\u00fa\u0161a na opierku chrbta na posteli sa d\u00e1 pou\u017ei\u0165 aj na pohovke, na podlahe detsk\u00e9ho ihriska alebo na z\u00e1hradnom n\u00e1bytku.<\/li>\n<li><strong>Vynikaj\u00faci dizajn tla\u010de:<\/strong>\u00a0T\u00e1to s\u00e9ria polohovac\u00edch vank\u00fa\u0161ov je zdoben\u00e1 jasn\u00fdmi farbami, ktor\u00e9 dodaj\u00fa va\u0161ej sp\u00e1lni lesk. Pastor\u00e1lny \u0161t\u00fdl \u201elesn\u00e1 hudba\u201c, retro \u0161t\u00fdl \u201estar\u00e9 noviny\u201c, liter\u00e1rny \u0161t\u00fdl \u201emodr\u00fd mot\u00fd\u013e\u201c, realistick\u00fd \u0161t\u00fdl \u201e\u0165avia mapa\u201c \u2013 ur\u010dite si n\u00e1jdete farbu, ktor\u00e1 vyhovuje va\u0161ej osobnosti. Je to dobr\u00fd \u010ditate\u013esk\u00fd vank\u00fa\u0161 pre chlapcov aj diev\u010dat\u00e1 alebo dospel\u00fdch. Je to tie\u017e skvel\u00fd dar\u010dek pre deti, ktor\u00e9 rady \u010d\u00edtaj\u00fa, a ich izbu v\u010faka nemu bude vyzera\u0165 chladnej\u0161ie.<\/li>\n<li><strong>Odn\u00edmate\u013en\u00fd po\u0165ah na vank\u00fa\u0161:<\/strong>\u00a0Po\u0165ah na vank\u00fa\u0161 s nevidite\u013en\u00fdm kovov\u00fdm zipsom sa d\u00e1 \u013eahko zlo\u017ei\u0165 a nasadi\u0165 na vank\u00fa\u0161; \u013eahko sa \u010dist\u00ed a je vhodn\u00fd na pranie v pr\u00e1\u010dke; praktick\u00e9 bo\u010dn\u00e9 vrecko umo\u017e\u0148uje kedyko\u013evek odlo\u017ei\u0165 drobn\u00e9 predmety, ako s\u00fa mobiln\u00e9 telef\u00f3ny a okuliare.<\/li>\n<li><strong>Ve\u013ekos\u0165:<\/strong>\u00a060x20x50cm.<\/li>\n<\/ul>","protected":false},"featured_media":1332,"comment_status":"open","ping_status":"closed","template":"","meta":[],"product_brand":[],"product_cat":[29],"product_tag":[60,81,78,79,80,59,65],"class_list":{"0":"post-1340","1":"product","2":"type-product","3":"status-publish","4":"has-post-thumbnail","6":"product_cat-large-reading-pillow","7":"product_tag-backrest-pillow","8":"product_tag-curved-shape-pillow","9":"product_tag-ergonomic-pillow","10":"product_tag-lumbar-pillow","11":"product_tag-positioning-pillow","12":"product_tag-reading-pillow","13":"product_tag-wedge-pillow","15":"first","16":"instock","17":"featured","18":"shipping-taxable","19":"purchasable","20":"product-type-simple"},"_links":{"self":[{"href":"https:\/\/www.largepillow.com\/sk\/wp-json\/wp\/v2\/product\/1340","targetHints":{"allow":["GET"]}}],"collection":[{"href":"https:\/\/www.largepillow.com\/sk\/wp-json\/wp\/v2\/product"}],"about":[{"href":"https:\/\/www.largepillow.com\/sk\/wp-json\/wp\/v2\/types\/product"}],"replies":[{"embeddable":true,"href":"https:\/\/www.largepillow.com\/sk\/wp-json\/wp\/v2\/comments?post=1340"}],"wp:featuredmedia":[{"embeddable":true,"href":"https:\/\/www.largepillow.com\/sk\/wp-json\/wp\/v2\/media\/1332"}],"wp:attachment":[{"href":"https:\/\/www.largepillow.com\/sk\/wp-json\/wp\/v2\/media?parent=1340"}],"wp:term":[{"taxonomy":"product_brand","embeddable":true,"href":"https:\/\/www.largepillow.com\/sk\/wp-json\/wp\/v2\/product_brand?post=1340"},{"taxonomy":"product_cat","embeddable":true,"href":"https:\/\/www.largepillow.com\/sk\/wp-json\/wp\/v2\/product_cat?post=1340"},{"taxonomy":"product_tag","embeddable":true,"href":"https:\/\/www.largepillow.com\/sk\/wp-json\/wp\/v2\/product_tag?post=1340"}],"curies":[{"name":"pracovn\u00fd list","href":"https:\/\/api.w.org\/{rel}","templated":true}]}}