{"id":1347,"date":"2022-09-19T06:06:21","date_gmt":"2022-09-19T06:06:21","guid":{"rendered":"https:\/\/www.largepillow.com\/product\/bed-rest-reading-pillow"},"modified":"2025-11-26T14:31:14","modified_gmt":"2025-11-26T14:31:14","slug":"citaci-vankus-na-lozko","status":"publish","type":"product","link":"https:\/\/www.largepillow.com\/sk\/product\/bed-rest-reading-pillow\/","title":{"rendered":"\u010c\u00edtac\u00ed vank\u00fa\u0161 na oddych v posteli"},"content":{"rendered":"<p>N\u00e1jdite si perfektn\u00fd \u010ditate\u013esk\u00fd vank\u00fa\u0161 na le\u0148o\u0161enie v posteli<\/p>\n<p>Ak radi \u010d\u00edtate, pozer\u00e1te telev\u00edziu alebo relaxujete v posteli, spr\u00e1vna opora pre chrb\u00e1t a krk je nevyhnutn\u00e1. Predstavujeme v\u00e1m \u010d\u00edtac\u00ed vank\u00fa\u0161 Bed Rest \u2013 perfektn\u00fd klinov\u00fd vank\u00fa\u0161 pre pohodln\u00e9 sedenie v posteli. V\u010faka extra vysok\u00e9mu a zaoblen\u00e9mu dizajnu poskytuje tento vank\u00fa\u0161 vynikaj\u00facu oporu chrbta a krku, \u010do v\u00e1m umo\u017en\u00ed venova\u0165 sa va\u0161im ob\u013e\u00faben\u00fdm aktivit\u00e1m v \u00faplnom pohodl\u00ed.<\/p>\n<p>Vank\u00fa\u0161 na \u010d\u00edtanie Bed Rest je vyroben\u00fd z m\u00e4kkej bavlny 100% so \u0161t\u00fdlov\u00fdm potla\u010den\u00fdm po\u0165ahom a vynik\u00e1 svojimi prvotriednymi materi\u00e1lmi a kon\u0161trukciou. S v\u00fd\u0161kou 60 cm je vy\u0161\u0161\u00ed ako \u0161tandardn\u00fd klinov\u00fd vank\u00fa\u0161 a spr\u00e1vne podopiera horn\u00fa \u010das\u0165 tela. Vyplnen\u00e1 opierka sa pekne prisp\u00f4sob\u00ed a poskytne tak odpru\u017eenie a oporu na v\u0161etk\u00fdch spr\u00e1vnych miestach. <\/p>\n<p>Ako sa podelila jedna spokojn\u00e1 z\u00e1kazn\u00ed\u010dka: \u201eMilujem tento \u010ditate\u013esk\u00fd vank\u00fa\u0161! V\u010faka nemu je \u010d\u00edtanie v posteli ove\u013ea pohodlnej\u0161ie, preto\u017ee mi podopiera chrb\u00e1t a krk. M\u00f4\u017eem sa v \u0148om le\u017ea\u0165 cel\u00e9 hodiny bez toho, aby ma bolel chrb\u00e1t.\u201c<\/p>\n<p>V\u010faka \u013eahk\u00e9mu a prenosn\u00e9mu dizajnu m\u00f4\u017eete tento v\u0161estrann\u00fd vank\u00fa\u0161 pou\u017e\u00edva\u0165 v posteli, na gau\u010di alebo si ho dokonca vzia\u0165 so sebou na cesty. Je vybaven\u00fd praktick\u00fdm bo\u010dn\u00fdm vreckom na telef\u00f3n, tablet alebo dia\u013ekov\u00e9 ovl\u00e1danie telev\u00edzora po\u010das pou\u017e\u00edvania. <\/p>\n<p>Na tie dlh\u00e9 dni, ke\u010f sa chcete len pohodlne sch\u00fali\u0165 s dobrou knihou alebo si pozrie\u0165 svoje ob\u013e\u00faben\u00e9 rel\u00e1cie, je \u010d\u00edtac\u00ed vank\u00fa\u0161 Bed Rest ide\u00e1lnym spolo\u010dn\u00edkom. Jeho ergonomick\u00fd dizajn v\u00e1m umo\u017en\u00ed odd\u00e1va\u0165 sa \u010d\u00edtaniu cel\u00e9 hodiny bez nepohodlia. <\/p>\n<p>Tak na\u010do \u010daka\u0165? Zaobstarajte si e\u0161te dnes perfektn\u00fd vank\u00fa\u0161 na \u010d\u00edtanie a relax\u00e1ciu!<\/p>","protected":false},"excerpt":{"rendered":"<ul>\n<li>Ide\u00e1lne na sedenie v posteli: N\u00e1\u0161 pohodln\u00fd klinov\u00fd \u010ditate\u013esk\u00fd vank\u00fa\u0161 poskytuje vynikaj\u00facu oporu chrbta pre t\u00fdch, ktor\u00ed radi \u010d\u00edtaj\u00fa alebo pracuj\u00fa v posteli, pozeraj\u00fa telev\u00edziu alebo relaxuj\u00fa. Je ide\u00e1lny na \u010del\u00e1 postel\u00ed, denn\u00e9 postele a pohovky, preto\u017ee poskytuje pohodln\u00e9 a podporn\u00e9 operadlo.<\/li>\n<li>Extra vysok\u00fd dizajn: N\u00e1\u0161 \u010ditate\u013esk\u00fd vank\u00fa\u0161 m\u00e1 jedine\u010dn\u00fd zakriven\u00fd dizajn, ktor\u00fd poskytuje extra oporu chrbtu a krku. S v\u00fd\u0161kou 60 cm je n\u00e1\u0161 klinov\u00fd vank\u00fa\u0161 vy\u0161\u0161\u00ed ako v\u00e4\u010d\u0161ina tradi\u010dn\u00fdch klinov\u00fdch vank\u00fa\u0161ov a poskytuje vynikaj\u00facu oporu pre hlavu a horn\u00fa \u010das\u0165 tela.<\/li>\n<li>Pr\u00e9miov\u00e9 materi\u00e1ly: N\u00e1\u0161 vank\u00fa\u0161 je vyplnen\u00fd vysoko kvalitnou bavlnou 100%, ktor\u00e1 je m\u00e4kk\u00e1, poskytuje oporu a je odoln\u00e1. Po\u0165ah s potla\u010dou dod\u00e1 va\u0161ej sp\u00e1lni alebo ob\u00fdva\u010dke \u0161t\u00fdlov\u00fd vzh\u013ead. Vank\u00fa\u0161 s vyplnenou opierkou chrbta poskytuje perfektn\u00fa oporu a odpru\u017eenie pre v\u00e1\u0161 chrb\u00e1t a krk.<\/li>\n<li>Pohodln\u00e9 bo\u010dn\u00e9 vrecko: N\u00e1\u0161 klinov\u00fd \u010ditate\u013esk\u00fd vank\u00fa\u0161 je dod\u00e1van\u00fd s bo\u010dn\u00fdm vreckom, ktor\u00e9 poskytuje pohodln\u00e9 miesto na ulo\u017eenie telef\u00f3nu, tabletu alebo in\u00fdch drobnost\u00ed po\u010das relax\u00e1cie v posteli.<\/li>\n<li>V\u0161estrann\u00fd a prenosn\u00fd: N\u00e1\u0161 \u010ditate\u013esk\u00fd vank\u00fa\u0161 je \u013eahk\u00fd a \u013eahko sa pren\u00e1\u0161a, v\u010faka \u010domu je ide\u00e1lny na pou\u017eitie v r\u00f4znych \u010dastiach v\u00e1\u0161ho domova. M\u00f4\u017eete ho pou\u017ei\u0165 v sp\u00e1lni, ob\u00fdva\u010dke alebo si ho dokonca vzia\u0165 so sebou na cesty.<\/li>\n<li>Rozmery: 60*27*60 cm.<\/li>\n<\/ul>","protected":false},"featured_media":1341,"comment_status":"open","ping_status":"closed","template":"","meta":[],"product_brand":[],"product_cat":[29],"product_tag":[66,60,77,75,74,76,59],"class_list":{"0":"post-1347","1":"product","2":"type-product","3":"status-publish","4":"has-post-thumbnail","6":"product_cat-large-reading-pillow","7":"product_tag-back-support-pillow","8":"product_tag-backrest-pillow","9":"product_tag-bed-rest-pillow","10":"product_tag-daybed-pillow","11":"product_tag-living-room-pillow","12":"product_tag-neck-support-pillow","13":"product_tag-reading-pillow","15":"first","16":"instock","17":"featured","18":"shipping-taxable","19":"purchasable","20":"product-type-simple"},"_links":{"self":[{"href":"https:\/\/www.largepillow.com\/sk\/wp-json\/wp\/v2\/product\/1347","targetHints":{"allow":["GET"]}}],"collection":[{"href":"https:\/\/www.largepillow.com\/sk\/wp-json\/wp\/v2\/product"}],"about":[{"href":"https:\/\/www.largepillow.com\/sk\/wp-json\/wp\/v2\/types\/product"}],"replies":[{"embeddable":true,"href":"https:\/\/www.largepillow.com\/sk\/wp-json\/wp\/v2\/comments?post=1347"}],"wp:featuredmedia":[{"embeddable":true,"href":"https:\/\/www.largepillow.com\/sk\/wp-json\/wp\/v2\/media\/1341"}],"wp:attachment":[{"href":"https:\/\/www.largepillow.com\/sk\/wp-json\/wp\/v2\/media?parent=1347"}],"wp:term":[{"taxonomy":"product_brand","embeddable":true,"href":"https:\/\/www.largepillow.com\/sk\/wp-json\/wp\/v2\/product_brand?post=1347"},{"taxonomy":"product_cat","embeddable":true,"href":"https:\/\/www.largepillow.com\/sk\/wp-json\/wp\/v2\/product_cat?post=1347"},{"taxonomy":"product_tag","embeddable":true,"href":"https:\/\/www.largepillow.com\/sk\/wp-json\/wp\/v2\/product_tag?post=1347"}],"curies":[{"name":"pracovn\u00fd list","href":"https:\/\/api.w.org\/{rel}","templated":true}]}}