{"id":1354,"date":"2022-09-19T06:09:59","date_gmt":"2022-09-19T06:09:59","guid":{"rendered":"https:\/\/www.largepillow.com\/product\/bed-wedge-pillow"},"modified":"2024-10-03T16:31:26","modified_gmt":"2024-10-03T16:31:26","slug":"vankus-s-klinovym-vystrihom-do-postele","status":"publish","type":"product","link":"https:\/\/www.largepillow.com\/sk\/product\/bed-wedge-pillow\/","title":{"rendered":"Vank\u00fa\u0161 na poste\u013e"},"content":{"rendered":"<p>Objavte maxim\u00e1lne pohodlie s na\u0161\u00edm vank\u00fa\u0161om Bed Wedge \u2013 va\u0161\u00edm dokonal\u00fdm spolo\u010dn\u00edkom na relax\u00e1ciu<\/p>\n<p>V dne\u0161nom r\u00fdchlom \u017eivotnom \u0161t\u00fdle je k\u013e\u00fa\u010dov\u00e9 n\u00e1js\u0165 si chv\u00ed\u013eku pre seba na oddych a relax. \u010ci u\u017e ste v\u00e1\u0161niv\u00fd \u010ditate\u013e, filmov\u00fd nad\u0161enec alebo niekto, kto si u\u017e\u00edva pohodlie vlastnej postele, n\u00e1\u0161 vank\u00fa\u0161 Bed Wedge je navrhnut\u00fd tak, aby zlep\u0161il v\u00e1\u0161 relaxa\u010dn\u00fd z\u00e1\u017eitok. Tento v\u0161estrann\u00fd vank\u00fa\u0161 nie je len oby\u010dajn\u00fdm doplnkom; je to prelomov\u00fd bod v dosahovan\u00ed osobn\u00e9ho pohodlia vo va\u0161om vlastnom priestore.<\/p>\n<p>Bezkonkuren\u010dn\u00e1 podpora pri seden\u00ed v posteli<\/p>\n<p>N\u00e1\u0161 vank\u00fa\u0161 Bed Wedge je starostlivo vyroben\u00fd tak, aby v\u00e1m poskytoval bezkonkuren\u010dn\u00fa oporu pri vykon\u00e1van\u00ed va\u0161ich ob\u013e\u00faben\u00fdch aktiv\u00edt v posteli. \u010ci u\u017e \u010d\u00edtate, pracujete, pozer\u00e1te telev\u00edziu alebo jednoducho relaxujete, tento vank\u00fa\u0161 v\u00e1m doslova kryje chrb\u00e1t. Jeho extra vysok\u00fd dizajn s p\u00f4sobiv\u00fdmi 60 cm pon\u00faka vynikaj\u00facu oporu pre hlavu a horn\u00fa \u010das\u0165 tela, v\u010faka \u010domu je ide\u00e1lny na pou\u017eitie pri \u010dele postel\u00ed, denn\u00fdch posteliach a pohovk\u00e1ch.<\/p>\n<p>Pr\u00e9miov\u00e1 kvalita a \u0161t\u00fdl<\/p>\n<p>N\u00e1\u0161 \u010ditate\u013esk\u00fd vank\u00fa\u0161 je vyroben\u00fd z vysoko kvalitnej bavlny 100% a pon\u00faka nielen oporu, ale aj odolnos\u0165 a m\u00e4kkos\u0165 na dotyk. Po\u0165ah z potla\u010denej l\u00e1tky dod\u00e1 \u0161t\u00fdlov\u00fd n\u00e1dych ka\u017edej sp\u00e1lni alebo ob\u00fdva\u010dke, bezprobl\u00e9movo zapadne do v\u00e1\u0161ho domova a z\u00e1rove\u0148 poskytne pohodlie, po ktorom t\u00fa\u017eite. Zakriven\u00fd dizajn nielen\u017ee podopiera v\u00e1\u0161 chrb\u00e1t a krk, ale tie\u017e zvy\u0161uje estetick\u00fd vzh\u013ead vank\u00fa\u0161a.<\/p>\n<p>Pohodlie na dosah ruky<\/p>\n<p>Ch\u00e1peme d\u00f4le\u017eitos\u0165 pohodlia v dne\u0161nom svete, a preto m\u00e1 n\u00e1\u0161 klinov\u00fd \u010ditate\u013esk\u00fd vank\u00fa\u0161 praktick\u00e9 bo\u010dn\u00e9 vrecko. Tento premyslen\u00fd doplnok poskytuje ide\u00e1lne miesto na ulo\u017eenie telef\u00f3nu, tabletu alebo ak\u00fdchko\u013evek drobnost\u00ed, aby ste ich mali na dosah ruky, ke\u010f relaxujete. S\u00fa to mali\u010dkosti, ktor\u00e9 robia ve\u013ek\u00fd rozdiel, a toto bo\u010dn\u00e9 vrecko je toho d\u00f4kazom.<\/p>\n<p>V\u0161estrannos\u0165 a prenosnos\u0165<\/p>\n<p>Jednou z vynikaj\u00facich vlastnost\u00ed n\u00e1\u0161ho \u010d\u00edtacieho vank\u00fa\u0161a je jeho \u013eahk\u00fd a prenosn\u00fd dizajn. T\u00e1to v\u0161estrannos\u0165 v\u00e1m umo\u017e\u0148uje bez n\u00e1mahy ho premiest\u0148ova\u0165 po dome a zabezpe\u010di\u0165 v\u00e1m potrebn\u00fa oporu, nech ju potrebujete kdeko\u013evek. \u010ci u\u017e ide o prechod zo sp\u00e1lne do ob\u00fdva\u010dky alebo o cestovanie, n\u00e1\u0161 vank\u00fa\u0161 je navrhnut\u00fd pre jednoduch\u00e9 pou\u017e\u00edvanie a prenosnos\u0165.<\/p>\n<p>Spokojnos\u0165 z\u00e1kazn\u00edkov hovor\u00ed za v\u0161etko<\/p>\n<p>N\u00e1\u0161 vank\u00fa\u0161 Bed Wedge si z\u00edskal pozornos\u0165 zo v\u0161etk\u00fdch spr\u00e1vnych d\u00f4vodov. Od trojuholn\u00edkov\u00e9ho dizajnu podporn\u00e9ho vank\u00fa\u0161a a\u017e po pohodln\u00e9 pou\u017e\u00edvanie l\u00e1tky v tvare mapy, na\u0161i z\u00e1kazn\u00edci sa podelili o svoju spokojnos\u0165. Tu je nieko\u013eko najd\u00f4le\u017eitej\u0161\u00edch inform\u00e1ci\u00ed z koment\u00e1rov k tovaru, ktor\u00e9 hovoria ve\u013ea o na\u0161om produkte:<\/p>\n<p>\u2013 \u201cT\u00e1to extra v\u00fd\u0161ka je pre m\u0148a z\u00e1sadn\u00fd faktor pri \u010d\u00edtan\u00ed pred span\u00edm.\u201d<br \/>\n\u2013 \u201cNikdy som nevedel, \u017ee to potrebujem, k\u00fdm som to nez\u00edskal. Teraz je to m\u00f4j ob\u013e\u00faben\u00fd vank\u00fa\u0161 na pozeranie telev\u00edzie.\u201d<br \/>\n\u2013 \u201cBo\u010dn\u00e9 vrecko je neuverite\u013ene praktick\u00e9 na m\u00f4j telef\u00f3n. Milujem ho!\u201d<br \/>\n\u2013 \u201cKvalita a pohodlie sa stret\u00e1vaj\u00fa so \u0161t\u00fdlom. Nie je to len vank\u00fa\u0161; je to kus dekor\u00e1cie.\u201d<\/p>\n<p>Doprajte si maxim\u00e1lne pohodlie a oporu s na\u0161\u00edm vank\u00fa\u0161om Bed Wedge, ktor\u00fd bol navrhnut\u00fd s oh\u013eadom na va\u0161u relax\u00e1ciu. Jeho prvotriedne materi\u00e1ly, praktick\u00e9 funkcie a v\u0161estrann\u00fd dizajn z neho robia nevyhnutnos\u0165 pre ka\u017ed\u00e9ho, kto chce zlep\u0161i\u0165 svoj relaxa\u010dn\u00fd z\u00e1\u017eitok. Pridajte sa k nespo\u010detn\u00fdm spokojn\u00fdm z\u00e1kazn\u00edkom a objavte nov\u00fa \u00farove\u0148 pohodlia a komfortu vo va\u0161om domove.<\/p>","protected":false},"excerpt":{"rendered":"<ul>\n<li>Ide\u00e1lne na sedenie v posteli: N\u00e1\u0161 pohodln\u00fd klinov\u00fd \u010ditate\u013esk\u00fd vank\u00fa\u0161 poskytuje vynikaj\u00facu oporu chrbta pre t\u00fdch, ktor\u00ed radi \u010d\u00edtaj\u00fa alebo pracuj\u00fa v posteli, pozeraj\u00fa telev\u00edziu alebo relaxuj\u00fa. Je ide\u00e1lny na \u010del\u00e1 postel\u00ed, denn\u00e9 postele a pohovky, preto\u017ee poskytuje pohodln\u00e9 a podporn\u00e9 operadlo.<\/li>\n<li>Extra vysok\u00fd dizajn: N\u00e1\u0161 \u010ditate\u013esk\u00fd vank\u00fa\u0161 m\u00e1 jedine\u010dn\u00fd zakriven\u00fd dizajn, ktor\u00fd poskytuje extra oporu chrbtu a krku. S v\u00fd\u0161kou 60 cm je n\u00e1\u0161 klinov\u00fd vank\u00fa\u0161 vy\u0161\u0161\u00ed ako v\u00e4\u010d\u0161ina tradi\u010dn\u00fdch klinov\u00fdch vank\u00fa\u0161ov a poskytuje vynikaj\u00facu oporu pre hlavu a horn\u00fa \u010das\u0165 tela.<\/li>\n<li>Pr\u00e9miov\u00e9 materi\u00e1ly: N\u00e1\u0161 vank\u00fa\u0161 je vyplnen\u00fd vysoko kvalitnou bavlnou 100%, ktor\u00e1 je m\u00e4kk\u00e1, poskytuje oporu a je odoln\u00e1. Po\u0165ah s potla\u010dou dod\u00e1 va\u0161ej sp\u00e1lni alebo ob\u00fdva\u010dke \u0161t\u00fdlov\u00fd vzh\u013ead. Vank\u00fa\u0161 s vyplnenou opierkou chrbta poskytuje perfektn\u00fa oporu a odpru\u017eenie pre v\u00e1\u0161 chrb\u00e1t a krk.<\/li>\n<li>Pohodln\u00e9 bo\u010dn\u00e9 vrecko: N\u00e1\u0161 klinov\u00fd \u010ditate\u013esk\u00fd vank\u00fa\u0161 je dod\u00e1van\u00fd s bo\u010dn\u00fdm vreckom, ktor\u00e9 poskytuje pohodln\u00e9 miesto na ulo\u017eenie telef\u00f3nu, tabletu alebo in\u00fdch drobnost\u00ed po\u010das relax\u00e1cie v posteli.<\/li>\n<li>V\u0161estrann\u00fd a prenosn\u00fd: N\u00e1\u0161 \u010ditate\u013esk\u00fd vank\u00fa\u0161 je \u013eahk\u00fd a \u013eahko sa pren\u00e1\u0161a, v\u010faka \u010domu je ide\u00e1lny na pou\u017eitie v r\u00f4znych \u010dastiach v\u00e1\u0161ho domova. M\u00f4\u017eete ho pou\u017ei\u0165 v sp\u00e1lni, ob\u00fdva\u010dke alebo si ho dokonca vzia\u0165 so sebou na cesty.<\/li>\n<li>Rozmery: 60*27*60 cm.<\/li>\n<\/ul>","protected":false},"featured_media":1348,"comment_status":"open","ping_status":"closed","template":"","meta":[],"product_brand":[],"product_cat":[29],"product_tag":[66,60,70,73,74,59,72,71],"class_list":{"0":"post-1354","1":"product","2":"type-product","3":"status-publish","4":"has-post-thumbnail","6":"product_cat-large-reading-pillow","7":"product_tag-back-support-pillow","8":"product_tag-backrest-pillow","9":"product_tag-bed-wedge-pillow","10":"product_tag-bedroom-pillow","11":"product_tag-living-room-pillow","12":"product_tag-reading-pillow","13":"product_tag-travel-pillow","14":"product_tag-tv-pillow","16":"first","17":"instock","18":"featured","19":"shipping-taxable","20":"purchasable","21":"product-type-simple"},"_links":{"self":[{"href":"https:\/\/www.largepillow.com\/sk\/wp-json\/wp\/v2\/product\/1354","targetHints":{"allow":["GET"]}}],"collection":[{"href":"https:\/\/www.largepillow.com\/sk\/wp-json\/wp\/v2\/product"}],"about":[{"href":"https:\/\/www.largepillow.com\/sk\/wp-json\/wp\/v2\/types\/product"}],"replies":[{"embeddable":true,"href":"https:\/\/www.largepillow.com\/sk\/wp-json\/wp\/v2\/comments?post=1354"}],"wp:featuredmedia":[{"embeddable":true,"href":"https:\/\/www.largepillow.com\/sk\/wp-json\/wp\/v2\/media\/1348"}],"wp:attachment":[{"href":"https:\/\/www.largepillow.com\/sk\/wp-json\/wp\/v2\/media?parent=1354"}],"wp:term":[{"taxonomy":"product_brand","embeddable":true,"href":"https:\/\/www.largepillow.com\/sk\/wp-json\/wp\/v2\/product_brand?post=1354"},{"taxonomy":"product_cat","embeddable":true,"href":"https:\/\/www.largepillow.com\/sk\/wp-json\/wp\/v2\/product_cat?post=1354"},{"taxonomy":"product_tag","embeddable":true,"href":"https:\/\/www.largepillow.com\/sk\/wp-json\/wp\/v2\/product_tag?post=1354"}],"curies":[{"name":"pracovn\u00fd list","href":"https:\/\/api.w.org\/{rel}","templated":true}]}}