{"id":1403,"date":"2022-09-20T02:44:16","date_gmt":"2022-09-20T02:44:16","guid":{"rendered":"https:\/\/www.largepillow.com\/product\/huge-rock-pillows-pebble-pillows-living-pillows-living-stones-pillows-pre-filled-christmas-present-max-size-dark-gray-9002"},"modified":"2025-01-15T14:54:41","modified_gmt":"2025-01-15T14:54:41","slug":"skalne-vankuse","status":"publish","type":"product","link":"https:\/\/www.largepillow.com\/sk\/product\/rock-pillows","title":{"rendered":"Kamenn\u00e9 vank\u00fa\u0161e"},"content":{"rendered":"[zc_getpagecontent mb=&#8221;mb_aplus&#8221; apid=&#8221;21&#8243;]\n","protected":false},"excerpt":{"rendered":"<ul>\n<li><strong>Verisimilar 3D vonkaj\u0161\u00ed vank\u00fa\u0161:<\/strong> Na prv\u00fd poh\u013ead si nikdy nepomysl\u00edte, \u017ee je to len dekorat\u00edvny vank\u00fa\u0161. V\u010faka d\u00f4myseln\u00e9mu dizajnu sme dokonale skombinovali \u00fatuln\u00fd vank\u00fa\u0161 a \u201ckame\u0148\u201d. Elipsovit\u00fd tvar a \u0161t\u00edhla krivka im dod\u00e1vaj\u00fa vzh\u013ead skuto\u010dn\u00fdch kame\u0148ov. Kombin\u00e1cia tmav\u00fdch a svetl\u00fdch farieb m\u00f4\u017ee do va\u0161ej izby prida\u0165 bohat\u00e9 vizu\u00e1lne zmeny a urobi\u0165 ju z\u00e1bavnou. Tieto \u017eiariv\u00e9 dekorat\u00edvne vank\u00fa\u0161e robia z n\u00e1\u0161ho domova zauj\u00edmav\u00e9 miesto.<\/li>\n<li><strong>Dekorat\u00edvne vank\u00fa\u0161e na r\u00f4zne pr\u00edle\u017eitosti:<\/strong> Na\u0161e vank\u00fa\u0161e m\u00f4\u017eete pou\u017ei\u0165 ako dekor\u00e1ciu, ktor\u00e1 uspokoj\u00ed va\u0161e r\u00f4zne potreby pri r\u00f4znych pr\u00edle\u017eitostiach. Umiestnite ich dovn\u00fatra, aby ste miestnosti dodali prirodzen\u00fa atmosf\u00e9ru. Umiestnite ich von do z\u00e1hrady, na terasu, k baz\u00e9nu at\u010f. M\u00f4\u017eete sa vr\u00e1ti\u0165 k skuto\u010dnej, dokonalej integr\u00e1cii a c\u00edti\u0165 sa pohodlne. Pou\u017e\u00edvaj\u00fa sa na v\u00fdzdobu detskej izby, m\u00f4\u017eu vytvori\u0165 detsk\u00e9 ihrisko.<\/li>\n<li><strong>Viac\u00fa\u010delov\u00e9 kreat\u00edvne vank\u00fa\u0161e:<\/strong> Na\u0161e ply\u0161ov\u00e9 vank\u00fa\u0161e sa daj\u00fa pou\u017ei\u0165 nielen ako dekorat\u00edvne vank\u00fa\u0161e v ktoromko\u013evek rohu interi\u00e9ru \/ vonkaj\u0161ie vank\u00fa\u0161e na vonkaj\u0161ie pou\u017eitie, ale aj ako detsk\u00e9 hra\u010dky, aby sa deti mohli hra\u0165 s ply\u0161ov\u00fdmi vank\u00fa\u0161mi pod\u013ea \u013eubov\u00f4le a svojich pocitov v hre. Ve\u013ek\u00e9 gau\u010dov\u00e9 vank\u00fa\u0161e sa daj\u00fa pou\u017ei\u0165 aj ako kreat\u00edvne sedenie a mal\u00e9 pohovkov\u00e9 vank\u00fa\u0161e. Dekorat\u00edvne vank\u00fa\u0161e r\u00f4znych tvarov s\u00fa tie\u017e dobrou vo\u013ebou ako rekvizity na fotenie.<\/li>\n<li><strong>Vysokokvalitn\u00fd simula\u010dn\u00fd kamenn\u00fd vank\u00fa\u0161:<\/strong> Vybran\u00e9 super m\u00e4kk\u00e9 kr\u00e1tke zamatov\u00e9 l\u00e1tky, m\u00e4kk\u00e9 a pohodln\u00e9. Dekorat\u00edvne vank\u00fa\u0161e s v\u00fdpl\u0148ou (polyesterov\u00e1 v\u00fdpl\u0148), ktor\u00e1 je nad\u00fdchan\u00e1, m\u00e4kk\u00e1 a m\u00e1 dobr\u00fa elasticitu. Dizajn s nevidite\u013en\u00fdm zipsom z\u00e1rove\u0148 u\u013eah\u010duje rozoberanie oblie\u010dky na vank\u00fa\u0161. V\u010faka reakt\u00edvnej technol\u00f3gii tla\u010de a farbenia je ka\u017ed\u00fd krok pr\u00edsne implementovan\u00fd od v\u00fdberu materi\u00e1lu cez fix\u00e1ciu farieb, odli\u010dovanie, tvarovanie a\u017e po hotov\u00fd v\u00fdrobok.<\/li>\n<li><strong>Balenie a ve\u013ekos\u0165:<\/strong> Ka\u017ed\u00e9 balenie obsahuje 1 sadu 6 r\u00f4znych ve\u013ekost\u00ed vonkaj\u0161\u00edch vank\u00fa\u0161ov, ktor\u00e9 s\u00fa navrhnut\u00e9 v nepravideln\u00fdch ov\u00e1lnych tvaroch, aby viac pripom\u00ednali kamene. Rozmery s\u00fa: 100\u00d750 \/ 50\u00d735 \/ 50\u00d725 \/ 35\u00d723 \/ 30\u00d715 \/ 18x10cm.<\/li>\n<\/ul>","protected":false},"featured_media":1391,"comment_status":"open","ping_status":"closed","template":"","meta":[],"product_brand":[],"product_cat":[30],"product_tag":[58,57,53,56,52,54,51,55,50],"class_list":{"0":"post-1403","1":"product","2":"type-product","3":"status-publish","4":"has-post-thumbnail","6":"product_cat-large-rock-pillow","7":"product_tag-floor-cushion","8":"product_tag-floor-pillow","9":"product_tag-livingstones","10":"product_tag-pebble-cushion","11":"product_tag-pebble-pillow","12":"product_tag-rock-cushion","13":"product_tag-rock-pillow","14":"product_tag-stone-cushion","15":"product_tag-stone-pillow","17":"first","18":"instock","19":"featured","20":"shipping-taxable","21":"purchasable","22":"product-type-variable","23":"has-default-attributes"},"_links":{"self":[{"href":"https:\/\/www.largepillow.com\/sk\/wp-json\/wp\/v2\/product\/1403","targetHints":{"allow":["GET"]}}],"collection":[{"href":"https:\/\/www.largepillow.com\/sk\/wp-json\/wp\/v2\/product"}],"about":[{"href":"https:\/\/www.largepillow.com\/sk\/wp-json\/wp\/v2\/types\/product"}],"replies":[{"embeddable":true,"href":"https:\/\/www.largepillow.com\/sk\/wp-json\/wp\/v2\/comments?post=1403"}],"wp:featuredmedia":[{"embeddable":true,"href":"https:\/\/www.largepillow.com\/sk\/wp-json\/wp\/v2\/media\/1391"}],"wp:attachment":[{"href":"https:\/\/www.largepillow.com\/sk\/wp-json\/wp\/v2\/media?parent=1403"}],"wp:term":[{"taxonomy":"product_brand","embeddable":true,"href":"https:\/\/www.largepillow.com\/sk\/wp-json\/wp\/v2\/product_brand?post=1403"},{"taxonomy":"product_cat","embeddable":true,"href":"https:\/\/www.largepillow.com\/sk\/wp-json\/wp\/v2\/product_cat?post=1403"},{"taxonomy":"product_tag","embeddable":true,"href":"https:\/\/www.largepillow.com\/sk\/wp-json\/wp\/v2\/product_tag?post=1403"}],"curies":[{"name":"wp","href":"https:\/\/api.w.org\/{rel}","templated":true}]}}