{"id":15408,"date":"2025-11-08T13:13:48","date_gmt":"2025-11-08T13:13:48","guid":{"rendered":"https:\/\/www.largepillow.com\/product\/oversized-bean-bag-chair-for-adults-high-back-corduroy-floor-sofa-lounger"},"modified":"2025-11-09T08:47:35","modified_gmt":"2025-11-09T08:47:35","slug":"nadrozmerne-sedacie-vaky-pre-dospelych-vysoka-opierka-mansestrova-podlahova-pohovka","status":"publish","type":"product","link":"https:\/\/www.largepillow.com\/sk\/product\/oversized-bean-bag-chair-for-adults-high-back-corduroy-floor-sofa-lounger","title":{"rendered":"Nadrozmern\u00e9 sedacie vaky pre dospel\u00fdch, pohovka s vysok\u00fdm operadlom a man\u0161estrovou podlahou"},"content":{"rendered":"[zc_getpagecontent mb=&#8221;mb_aplus&#8221; apid=&#8221;149&#8243;]\n","protected":false},"excerpt":{"rendered":"<ul>\n<li>Pohodlie pre cel\u00e9 telo, nadrozmern\u00fd dizajn: T\u00e1to obrovsk\u00e1 pohovka v tvare sedacieho vaku je vyplnen\u00e1 nad\u00fdchanou polypropyl\u00e9novou bavlnou pre pohodlie ako v oblaku. Jej ve\u013ekorys\u00e9 rozmery 147 x 91 x 89 cm v\u00e1m poskytuj\u00fa priestor na sedenie, rozvalenie sa alebo t\u00falenie sa.<\/li>\n<li>Trojstrann\u00e9 vysok\u00e9 operadlo pre oporu a bezpe\u010dnos\u0165: Trojstrann\u00e9 vysok\u00e9 operadlo poskytuje oporu pre va\u0161e ramen\u00e1, ruky a chrb\u00e1t \u2013 zaha\u013euje v\u00e1s do pohodlia a dod\u00e1va v\u00e1m pocit bezpe\u010dia.<\/li>\n<li>\u00datuln\u00e9 miesto na rodinn\u00e9 stretnutie: Ide\u00e1lne na filmov\u00e9 ve\u010dery, hern\u00e9 marat\u00f3ny alebo leniv\u00e9 v\u00edkendy. Tento sedac\u00ed vak sa zmest\u00ed na dvoch dospel\u00fdch alebo p\u00e1r s de\u0165mi \u2013 vytv\u00e1ra tak spolo\u010dn\u00e9 \u00fatuln\u00e9 \u00fato\u010disko.<\/li>\n<li>M\u00e4kk\u00fd man\u0161estrov\u00fd po\u0165ah, tepl\u00fd a odoln\u00fd: Vyroben\u00fd z pr\u00e9miovej man\u0161estrovej tkaniny, ktor\u00e1 je m\u00e4kk\u00e1 na dotyk, pr\u00edjemn\u00e1 na poko\u017eku a odoln\u00e1 vo\u010di opotrebovaniu. Text\u00fara dod\u00e1 v\u00e1\u0161mu obytn\u00e9mu priestoru \u0161t\u00fdlov\u00fd a tepl\u00fd akcent.<\/li>\n<li>\u017diadna mont\u00e1\u017e, len na\u010dechra\u0165 a relaxova\u0165: Dod\u00e1va sa plne naplnen\u00e9 \u2013 vyba\u013ete, na\u010dechrajte a je pripraven\u00e9. Ide\u00e1lne do ob\u00fdvac\u00edch izieb, sp\u00e1ln\u00ed alebo \u010ditate\u013esk\u00fdch k\u00fatikov. (Neodn\u00edmate\u013en\u00fd po\u0165ah; iba lok\u00e1lne \u010distenie.)<\/li>\n<\/ul>","protected":false},"featured_media":15393,"comment_status":"open","ping_status":"closed","template":"","meta":[],"product_brand":[],"product_cat":[228],"product_tag":[],"class_list":{"0":"post-15408","1":"product","2":"type-product","3":"status-publish","4":"has-post-thumbnail","6":"product_cat-cushions","8":"first","9":"instock","10":"sold-individually","11":"shipping-taxable","12":"purchasable","13":"product-type-simple"},"_links":{"self":[{"href":"https:\/\/www.largepillow.com\/sk\/wp-json\/wp\/v2\/product\/15408","targetHints":{"allow":["GET"]}}],"collection":[{"href":"https:\/\/www.largepillow.com\/sk\/wp-json\/wp\/v2\/product"}],"about":[{"href":"https:\/\/www.largepillow.com\/sk\/wp-json\/wp\/v2\/types\/product"}],"replies":[{"embeddable":true,"href":"https:\/\/www.largepillow.com\/sk\/wp-json\/wp\/v2\/comments?post=15408"}],"wp:featuredmedia":[{"embeddable":true,"href":"https:\/\/www.largepillow.com\/sk\/wp-json\/wp\/v2\/media\/15393"}],"wp:attachment":[{"href":"https:\/\/www.largepillow.com\/sk\/wp-json\/wp\/v2\/media?parent=15408"}],"wp:term":[{"taxonomy":"product_brand","embeddable":true,"href":"https:\/\/www.largepillow.com\/sk\/wp-json\/wp\/v2\/product_brand?post=15408"},{"taxonomy":"product_cat","embeddable":true,"href":"https:\/\/www.largepillow.com\/sk\/wp-json\/wp\/v2\/product_cat?post=15408"},{"taxonomy":"product_tag","embeddable":true,"href":"https:\/\/www.largepillow.com\/sk\/wp-json\/wp\/v2\/product_tag?post=15408"}],"curies":[{"name":"wp","href":"https:\/\/api.w.org\/{rel}","templated":true}]}}