{"id":15419,"date":"2025-11-08T13:23:19","date_gmt":"2025-11-08T13:23:19","guid":{"rendered":"https:\/\/www.largepillow.com\/product\/folding-futon-sofa-bed-convertible-sleeper-chair-for-living-room-bedroom"},"modified":"2026-03-12T02:42:39","modified_gmt":"2026-03-12T02:42:39","slug":"rozkladacia-rozkladacia-pohovka-futon-rozkladacia-pohovka-rozkladacie-kreslo-do-obyvacky-spalne","status":"publish","type":"product","link":"https:\/\/www.largepillow.com\/sk\/product\/folding-futon-sofa-bed-convertible-sleeper-chair-for-living-room-bedroom","title":{"rendered":"Rozkladacia rozkladacia pohovka Futon, rozkladacie kreslo do ob\u00fdva\u010dky a sp\u00e1lne"},"content":{"rendered":"[zc_getpagecontent mb=&#8221;mb_aplus&#8221; apid=&#8221;150&#8243;]\n","protected":false},"excerpt":{"rendered":"<ul>\n<li>Jedine\u010dn\u00fd estetick\u00fd dizajn: T\u00e1to rozkladacia pohovka sa vyzna\u010duje jemn\u00fdm, tepl\u00fdm hned\u00fdm a osvie\u017euj\u00facim b\u00e9\u017eov\u00fdm farebn\u00fdm blokom. Kombin\u00e1cia farieb je jednoduch\u00e1, no z\u00e1rove\u0148 modern\u00e1 a bezprobl\u00e9movo sa hod\u00ed do r\u00f4znych \u0161t\u00fdlov bytov\u00e9ho zariadenia. Jej jedine\u010dn\u00e9, zaoblen\u00e9 operadlo a hladk\u00e9, zaoblen\u00e9 bo\u010dn\u00e9 l\u00ednie sa odli\u0161uj\u00fa od strnul\u00e9ho a f\u00e1dneho vzh\u013eadu tradi\u010dn\u00fdch rozkladac\u00edch pohoviek a vd\u00fdchnu v\u00e1\u0161mu obytn\u00e9mu priestoru vynikaj\u00faci vkus, dizajn a \u0161t\u00fdl.<\/li>\n<li>Bezprobl\u00e9mov\u00e1 premena: Rozkladacia pohovka sa d\u00e1 \u013eahko zlo\u017ei\u0165 a rozlo\u017ei\u0165, alebo sa d\u00e1 presun\u00fa\u0165 na balk\u00f3n \u010di terasu, \u010d\u00edm sa premen\u00ed z pohodln\u00e9ho sedadla na pohovku alebo priestrann\u00e9ho kresla. \u010ci u\u017e pozer\u00e1te telev\u00edziu, relaxujete alebo si zdriemnete, t\u00e1to rozkladacia pohovka sa okam\u017eite prisp\u00f4sob\u00ed v\u00e1\u0161mu \u017eivotn\u00e9mu \u0161t\u00fdlu.<\/li>\n<li>Vynikaj\u00face pohodlie: Rozkladacie kreslo je vyroben\u00e9 z m\u00e4kkej a pohodlnej l\u00e1tky s efektom cloud velvet. Vn\u00fatorn\u00e1 vrstva je ve\u013ekoryso vyplnen\u00e1 vysokokvalitnou PP bavlnou, ktor\u00e1 pon\u00faka pohodlie s \u201cnulov\u00fdm tlakom\u201d a z\u00e1rove\u0148 poskytuje stabiln\u00fa a dlhotrvaj\u00facu oporu, ktor\u00e1 odol\u00e1va splo\u0161teniu, a to aj po dlhom seden\u00ed alebo le\u017ean\u00ed. \u0160ir\u0161\u00ed a hrub\u0161\u00ed dizajn efekt\u00edvne rozklad\u00e1 tlak tela a poskytuje skuto\u010dne hlbok\u00fd relaxa\u010dn\u00fd z\u00e1\u017eitok pre dlh\u0161\u00ed odpo\u010dinok.<\/li>\n<li>Pou\u017eitie vo viacer\u00fdch sc\u00e9nach: Operadlo pohovky m\u00e1 jedine\u010dn\u00fa, zosilnen\u00fa trojuholn\u00edkov\u00fa \u0161trukt\u00faru pre stabiln\u00fa a nedeformuj\u00facu sa oporu, \u010do znamen\u00e1, \u017ee ju mo\u017eno pou\u017ei\u0165 kdeko\u013evek bez nutnosti opierania sa o stenu. Je perfektn\u00e1 do samostatn\u00fdch bytov, ob\u00fdvac\u00edch izieb, dom\u00e1cich kancel\u00e1ri\u00ed, hern\u00ed, intern\u00e1tov alebo hos\u0165ovsk\u00fdch izieb, v\u010faka \u010domu je ide\u00e1lna na vytvorenie v\u00e1\u0161ho osobn\u00e9ho \u00fatuln\u00e9ho k\u00fatika.<\/li>\n<li>Mont\u00e1\u017e nie je potrebn\u00e1: Rozkladacia pohovka sa dod\u00e1va v stla\u010denom a v\u00e1kuovo uzavretom balen\u00ed, tak\u017ee mont\u00e1\u017e nie je n\u00e1ro\u010dn\u00e1. Jednoducho otvorte balenie, jemne poklepte po predmete a nechajte 48 hod\u00edn, aby sa pred pou\u017eit\u00edm \u00faplne vr\u00e1til do p\u00f4vodn\u00e9ho tvaru.<\/li>\n<\/ul>","protected":false},"featured_media":15409,"comment_status":"open","ping_status":"closed","template":"","meta":[],"product_brand":[],"product_cat":[228],"product_tag":[],"class_list":{"0":"post-15419","1":"product","2":"type-product","3":"status-publish","4":"has-post-thumbnail","6":"product_cat-cushions","8":"first","9":"instock","10":"sold-individually","11":"shipping-taxable","12":"purchasable","13":"product-type-simple"},"_links":{"self":[{"href":"https:\/\/www.largepillow.com\/sk\/wp-json\/wp\/v2\/product\/15419","targetHints":{"allow":["GET"]}}],"collection":[{"href":"https:\/\/www.largepillow.com\/sk\/wp-json\/wp\/v2\/product"}],"about":[{"href":"https:\/\/www.largepillow.com\/sk\/wp-json\/wp\/v2\/types\/product"}],"replies":[{"embeddable":true,"href":"https:\/\/www.largepillow.com\/sk\/wp-json\/wp\/v2\/comments?post=15419"}],"wp:featuredmedia":[{"embeddable":true,"href":"https:\/\/www.largepillow.com\/sk\/wp-json\/wp\/v2\/media\/15409"}],"wp:attachment":[{"href":"https:\/\/www.largepillow.com\/sk\/wp-json\/wp\/v2\/media?parent=15419"}],"wp:term":[{"taxonomy":"product_brand","embeddable":true,"href":"https:\/\/www.largepillow.com\/sk\/wp-json\/wp\/v2\/product_brand?post=15419"},{"taxonomy":"product_cat","embeddable":true,"href":"https:\/\/www.largepillow.com\/sk\/wp-json\/wp\/v2\/product_cat?post=15419"},{"taxonomy":"product_tag","embeddable":true,"href":"https:\/\/www.largepillow.com\/sk\/wp-json\/wp\/v2\/product_tag?post=15419"}],"curies":[{"name":"wp","href":"https:\/\/api.w.org\/{rel}","templated":true}]}}