{"id":15430,"date":"2025-11-08T13:48:08","date_gmt":"2025-11-08T13:48:08","guid":{"rendered":"https:\/\/www.largepillow.com\/product\/velvet-chaise-lounge-with-ottoman-upholstered-indoor-sofa-chair-vintage"},"modified":"2026-03-12T02:42:19","modified_gmt":"2026-03-12T02:42:19","slug":"zamatova-lezadlova-pohovka-s-calunenym-podnozkou-vintage-interierova-pohovka","status":"publish","type":"product","link":"https:\/\/www.largepillow.com\/sk\/product\/velvet-chaise-lounge-with-ottoman-upholstered-indoor-sofa-chair-vintage","title":{"rendered":"Zamatov\u00e1 le\u017eadlov\u00e1 pohovka s taburetkou, \u010dal\u00fanen\u00e1 interi\u00e9rov\u00e1 pohovka, vintage \u0161t\u00fdl"},"content":{"rendered":"[zc_getpagecontent mb=&#8221;mb_aplus&#8221; apid=&#8221;151&#8243;]\n","protected":false},"excerpt":{"rendered":"<ul>\n<li>Zjednodu\u0161en\u00e1 elegancia: T\u00e1to le\u017eadlov\u00e1 pohovka do interi\u00e9ru sa p\u00fd\u0161i jednoduch\u00fdm, no z\u00e1rove\u0148 elegantn\u00fdm dizajnom, ktor\u00fd dokonale sp\u00e1ja modern\u00fa sofistikovanos\u0165 s nad\u010dasov\u00fdm klasick\u00fdm \u0161t\u00fdlom. Zjednodu\u0161en\u00e9 operadlo, doplnen\u00e9 jemn\u00fdmi strapcami padaj\u00facimi zo sedadla, dod\u00e1va jedine\u010dn\u00fd \u0161mrnc ka\u017ed\u00e9mu bytov\u00e9mu zariadenia.<\/li>\n<li>Luxusn\u00e9 pohodlie: Vn\u00fatorn\u00e9 le\u017eadlo je \u010dal\u00fanen\u00e9 holandsk\u00fdm zamatom, ktor\u00fd pon\u00faka luxusnej\u0161iu text\u00faru ako tradi\u010dn\u00fd zamat a je m\u00e4kk\u00e9 a pr\u00edjemn\u00e9 na dotyk. Vank\u00fa\u0161 je vyplnen\u00fd vysoko kvalitnou PP bavlnou, ktor\u00e1 poskytuje dlhotrvaj\u00facu pohodln\u00fa oporu, \u010di u\u017e \u010d\u00edtate, rozpr\u00e1vate sa alebo jednoducho relaxujete.<\/li>\n<li>Pohodln\u00e9 a odoln\u00e9: Vn\u00fatorn\u00fd priestor le\u017eadla bez kosti je plnen\u00fd penou s vysokou hustotou, ktor\u00e1 \u00fa\u010dinne zabra\u0148uje nadmern\u00e9mu prepad\u00e1vaniu po\u010das pou\u017e\u00edvania, v\u010faka \u010domu je pohovka odoln\u00e1. Proti\u0161mykov\u00e1 spodn\u00e1 \u010das\u0165 chr\u00e1ni podlahu a zni\u017euje hluk.<\/li>\n<li>Pohodlie pri prestavbe: Celkov\u00e9 rozmery: 134,5 cm H x 63,4 cm \u0160 x 84,9 cm V, Rozmery taburetky: 63,4 cm D x 39,4 cm \u0160 x 39,4 cm V. Pre jednoduch\u00fa premenu medzi polohou na sedenie a polohou na spanie m\u00f4\u017eete taburetku premiestni\u0165. \u010ci u\u017e zaria\u010fujete \u00fatuln\u00fa sp\u00e1l\u0148u alebo priestrann\u00fa ob\u00fdva\u010dku, t\u00e1to rozkladacia pohovka sa \u013eahko prisp\u00f4sob\u00ed v\u00e1\u0161mu jedine\u010dn\u00e9mu usporiadaniu.<\/li>\n<li>\u017diadna mont\u00e1\u017e, \u017eiadne starosti: Zabudnite na n\u00e1radie a frustr\u00e1ciu. T\u00e1to vintage zamatov\u00e1 le\u017eadlov\u00e1 pohovka sa dod\u00e1va v stla\u010denom balen\u00ed, v\u010faka \u010domu nie je potrebn\u00e1 zlo\u017eit\u00e1 mont\u00e1\u017e. Sta\u010d\u00ed ju rozbali\u0165, jemne pre\u010desa\u0165 a necha\u0165 72 hod\u00edn odpo\u010d\u00edva\u0165 pred pou\u017eit\u00edm.<\/li>\n<\/ul>","protected":false},"featured_media":15420,"comment_status":"open","ping_status":"closed","template":"","meta":[],"product_brand":[],"product_cat":[228],"product_tag":[],"class_list":{"0":"post-15430","1":"product","2":"type-product","3":"status-publish","4":"has-post-thumbnail","6":"product_cat-cushions","8":"first","9":"outofstock","10":"sold-individually","11":"shipping-taxable","12":"purchasable","13":"product-type-simple"},"_links":{"self":[{"href":"https:\/\/www.largepillow.com\/sk\/wp-json\/wp\/v2\/product\/15430","targetHints":{"allow":["GET"]}}],"collection":[{"href":"https:\/\/www.largepillow.com\/sk\/wp-json\/wp\/v2\/product"}],"about":[{"href":"https:\/\/www.largepillow.com\/sk\/wp-json\/wp\/v2\/types\/product"}],"replies":[{"embeddable":true,"href":"https:\/\/www.largepillow.com\/sk\/wp-json\/wp\/v2\/comments?post=15430"}],"wp:featuredmedia":[{"embeddable":true,"href":"https:\/\/www.largepillow.com\/sk\/wp-json\/wp\/v2\/media\/15420"}],"wp:attachment":[{"href":"https:\/\/www.largepillow.com\/sk\/wp-json\/wp\/v2\/media?parent=15430"}],"wp:term":[{"taxonomy":"product_brand","embeddable":true,"href":"https:\/\/www.largepillow.com\/sk\/wp-json\/wp\/v2\/product_brand?post=15430"},{"taxonomy":"product_cat","embeddable":true,"href":"https:\/\/www.largepillow.com\/sk\/wp-json\/wp\/v2\/product_cat?post=15430"},{"taxonomy":"product_tag","embeddable":true,"href":"https:\/\/www.largepillow.com\/sk\/wp-json\/wp\/v2\/product_tag?post=15430"}],"curies":[{"name":"wp","href":"https:\/\/api.w.org\/{rel}","templated":true}]}}