{"id":156,"date":"2022-09-15T06:26:18","date_gmt":"2022-09-15T06:26:18","guid":{"rendered":"https:\/\/www.largepillow.com\/product\/daybed-wedge-pillow"},"modified":"2025-11-05T02:15:25","modified_gmt":"2025-11-05T02:15:25","slug":"vankus-na-podstielku-postele","status":"publish","type":"product","link":"https:\/\/www.largepillow.com\/sk\/product\/bed-bolster-pillow","title":{"rendered":"Vank\u00fa\u0161 na poste\u013e"},"content":{"rendered":"<p>Objavte maxim\u00e1lne pohodlie s vank\u00fa\u0161om Bed Bolster<\/p>\n<p>U\u017e v\u00e1s nebav\u00ed tr\u00e1pi\u0165 sa s pohodln\u00fdm usaden\u00edm sa v posteli pri \u010d\u00edtan\u00ed alebo sledovan\u00ed telev\u00edzie? Predstavujeme v\u00e1m revolu\u010dn\u00fd vank\u00fa\u0161 Bed Bolster, multifunk\u010dn\u00fd vank\u00fa\u0161 3 v 1, ktor\u00fd pos\u00fava relax\u00e1ciu pred span\u00edm na nov\u00fa \u00farove\u0148. <\/p>\n<p>Tento trojuholn\u00edkov\u00fd vank\u00fa\u0161 je vyroben\u00fd z vysoko kvalitn\u00fdch materi\u00e1lov a pon\u00faka ergonomick\u00fa bedrov\u00fa oporu, ktor\u00e1 sa dokonale prisp\u00f4sob\u00ed v\u00e1\u0161mu chrbtu a p\u00e1su. Priedu\u0161n\u00fd polyesterov\u00fd po\u0165ah a pru\u017en\u00fd vn\u00fatorn\u00fd vank\u00fa\u0161 poskytuj\u00fa t\u00fa spr\u00e1vnu mieru pru\u017enosti pre hodiny pohodlia bez nap\u00e4tia. <\/p>\n<p>Z\u00e1kazn\u00edci miluj\u00fa v\u0161estrannos\u0165 vank\u00fa\u0161a na podhlavn\u00edk postele:<\/p>\n<p>\u201cPou\u017e\u00edvam svoju vzpriamen\u00fa stoli\u010dku ako operadlo, ke\u010f sed\u00edm v posteli. Je to ove\u013ea lep\u0161ie, ako tr\u00e1pi\u0165 sa s ploch\u00fdmi vank\u00fa\u0161mi, ktor\u00e9 sa st\u00e1le \u0161m\u00fdkaj\u00fa dole.\u201d<\/p>\n<p>\u201cTento klinov\u00fd vank\u00fa\u0161 je \u00fa\u017easn\u00fd. Sp\u00edm na boku a jeho umiestnenie pod nohy mi s boles\u0165ami chrbta urobilo z\u00e1zraky.\u201d  <\/p>\n<p>\u201cRada ho pou\u017e\u00edvam ako mal\u00fd vank\u00fa\u0161 na gau\u010d. M\u00e1 perfektn\u00fa ve\u013ekos\u0165, aby sme sa s dc\u00e9rou mohli sch\u00fali\u0165 a spolo\u010dne \u010d\u00edta\u0165.\u201d<\/p>\n<p>S rozmermi od 45 cm a\u017e po priestrann\u00fdch 200 cm sa vank\u00fa\u0161 Bed Bolster hod\u00ed na \u010doko\u013evek od osobn\u00e9ho pou\u017eitia a\u017e po spolo\u010dn\u00e9 spanie s partnerom. Praktick\u00e9 bo\u010dn\u00e9 vreck\u00e1 v\u00e1m poskytn\u00fa miesto na ulo\u017eenie kn\u00edh, dia\u013ekov\u00fdch ovl\u00e1da\u010dov, telef\u00f3nov a \u010fal\u0161\u00edch vec\u00ed, zatia\u013e \u010do odn\u00edmate\u013en\u00fd po\u0165ah na zips umo\u017e\u0148uje jednoduch\u00e9 pranie. <\/p>\n<p>Pozdvihnite si relax\u00e1ciu s jedn\u00fdm vank\u00fa\u0161om, ktor\u00fd dok\u00e1\u017ee v\u0161etko. Prineste si domov vank\u00fa\u0161 Bed Bolster a objavte e\u0161te dnes maxim\u00e1lne pohodlie!<\/p>","protected":false},"excerpt":{"rendered":"<ul>\n<li><strong>Maxim\u00e1lne pohodlie:<\/strong> Tento vank\u00fa\u0161 na \u010delo postele pon\u00faka vynikaj\u00face pohodlie v\u010faka svojmu trojuholn\u00edkov\u00e9mu tvaru. Oporn\u00fd vank\u00fa\u0161 na poste\u013e pekne prilieha k chrbtu a p\u00e1su, \u010d\u00edm minimalizuje tlak na bedrov\u00fa chrbticu\/chrb\u00e1t. Tento klinov\u00fd vank\u00fa\u0161 na \u010d\u00edtanie v\u00e1m pom\u00f4\u017ee udr\u017ea\u0165 si pohodlie v posteli alebo na pohovke, \u010do je ide\u00e1lne pre pracuj\u00facich no\u010dn\u00fdch sov, knihomo\u013eov a pozeranie telev\u00edzie v posteli. Tento extra ve\u013ek\u00fd vank\u00fa\u0161 na l\u00f4\u017eko je jedin\u00fd klinov\u00fd vank\u00fa\u0161 na \u010delo postele, ktor\u00fd pojme dve osoby.<\/li>\n<li><strong>3 v 1 ve\u013ek\u00fd vank\u00fa\u0161 na podhlavn\u00edk:<\/strong> Vank\u00fa\u0161 m\u00f4\u017eete pou\u017ei\u0165 vzpriamene ako vank\u00fa\u0161 na oporu chrbta pri seden\u00ed v posteli alebo ho polo\u017ei\u0165 naplocho na poste\u013e a pou\u017ei\u0165 ho ako ve\u013ek\u00fd klinov\u00fd vank\u00fa\u0161 pri span\u00ed na chrbte alebo na boku, alebo ako vank\u00fa\u0161 na nohy, ktor\u00fd v\u00e1m umo\u017en\u00ed zdvihn\u00fa\u0165 nohy. Ak chcete ve\u013ek\u00fd vank\u00fa\u0161 na \u010delo postele, ktor\u00fd poskytne oporu v\u00e1m aj v\u00e1\u0161mu partnerovi\/partnerke, je to vynikaj\u00faca alternat\u00edva.<\/li>\n<li><strong>Multifunk\u010dn\u00fd dizajn:<\/strong> Niektor\u00ed \u013eudia pou\u017e\u00edvaj\u00fa ve\u013ek\u00fd trojuholn\u00edkov\u00fd vank\u00fa\u0161 ako vank\u00fa\u0161 na \u010delo postele, zatia\u013e \u010do in\u00ed ho pou\u017e\u00edvaj\u00fa ako vank\u00fa\u0161 na ochranu chrbta, m\u00f4\u017ee tie\u017e sl\u00fa\u017ei\u0165 ako vank\u00fa\u0161 na podporu operadla pohovky alebo dennej postele. Je \u0161t\u00fdlov\u00fd aj funk\u010dn\u00fd, v\u010faka \u010domu je vynikaj\u00facim doplnkom do ka\u017edej sp\u00e1lne.<\/li>\n<li><strong>Vynikaj\u00face remeseln\u00e9 spracovanie:<\/strong> Oblie\u010dka na vank\u00fa\u0161 m\u00e1 vzh\u013ead man\u0161estru a zlo\u017eenie je polyester 100%. N\u00e1\u0161 vank\u00fa\u0161 na \u010delo postele je priedu\u0161n\u00fd a dostato\u010dne pohodln\u00fd, aby si udr\u017eal tvar a \u010dasom ho nestratil. Bo\u010dn\u00e9 vrecko na ka\u017edej strane v\u00e1m umo\u017en\u00ed vlo\u017ei\u0165 si do\u0148 knihu alebo telef\u00f3n.<\/li>\n<li><strong>\u013dahko sa um\u00fdva:<\/strong> Po\u0165ah na \u010ditate\u013esk\u00fd vank\u00fa\u0161 je pripevnen\u00fd k vank\u00fa\u0161u pomocou gomb\u00edkov a d\u00e1 sa \u013eahko zlo\u017ei\u0165 jednoduch\u00fdm zipsom. V\u010faka tomu je jeho \u010distenie bezprobl\u00e9mov\u00e9. Sta\u010d\u00ed po\u0165ah zlo\u017ei\u0165 a r\u00fdchlo vypra\u0165 v pr\u00e1\u010dke, aby v\u00e1\u0161 vank\u00fa\u0161 vyzeral ako nov\u00fd.<\/li>\n<li><strong>Ve\u013ekos\u0165:<\/strong> 45 cm (D45 x \u016020 x V50 | 0 gomb\u00edkov), 60 cm (D60 x \u016020 x V50 | 0 gomb\u00edkov), 80 cm (D80 x \u016020 x V50 | 2 gomb\u00edky), 100 cm (D100 x \u016020 x V50 | 3 gomb\u00edky), 120 cm (D120 x \u016020 x V50 | 4 gomb\u00edky), 140 cm (D140 x \u016020 x V50 | 4 gomb\u00edky), 160 cm (D160 x \u016020 x V50 | 5 gomb\u00edkov), 180 cm (D180 x \u016020 x V50 | 6 gomb\u00edkov), 200 cm (D200 x \u016020 x V50 | 7 gomb\u00edkov).<\/li>\n<\/ul>","protected":false},"featured_media":137,"comment_status":"open","ping_status":"closed","template":"","meta":[],"product_brand":[],"product_cat":[15],"product_tag":[66,225,195,206,218,102,75,168,154,199,163,59],"class_list":{"0":"post-156","1":"product","2":"type-product","3":"status-publish","4":"has-post-thumbnail","6":"product_cat-large-wedge-pillow","7":"product_tag-back-support-pillow","8":"product_tag-bed-bolster-pillow","9":"product_tag-brown-pillow","10":"product_tag-bumper-pillow","11":"product_tag-corduroy-pillow","12":"product_tag-couch-pillow","13":"product_tag-daybed-pillow","14":"product_tag-headboard-pillow","15":"product_tag-large-body-pillow","16":"product_tag-large-wedge-pillow","17":"product_tag-leg-pillow","18":"product_tag-reading-pillow","20":"first","21":"instock","22":"featured","23":"shipping-taxable","24":"purchasable","25":"product-type-variable"},"_links":{"self":[{"href":"https:\/\/www.largepillow.com\/sk\/wp-json\/wp\/v2\/product\/156","targetHints":{"allow":["GET"]}}],"collection":[{"href":"https:\/\/www.largepillow.com\/sk\/wp-json\/wp\/v2\/product"}],"about":[{"href":"https:\/\/www.largepillow.com\/sk\/wp-json\/wp\/v2\/types\/product"}],"replies":[{"embeddable":true,"href":"https:\/\/www.largepillow.com\/sk\/wp-json\/wp\/v2\/comments?post=156"}],"wp:featuredmedia":[{"embeddable":true,"href":"https:\/\/www.largepillow.com\/sk\/wp-json\/wp\/v2\/media\/137"}],"wp:attachment":[{"href":"https:\/\/www.largepillow.com\/sk\/wp-json\/wp\/v2\/media?parent=156"}],"wp:term":[{"taxonomy":"product_brand","embeddable":true,"href":"https:\/\/www.largepillow.com\/sk\/wp-json\/wp\/v2\/product_brand?post=156"},{"taxonomy":"product_cat","embeddable":true,"href":"https:\/\/www.largepillow.com\/sk\/wp-json\/wp\/v2\/product_cat?post=156"},{"taxonomy":"product_tag","embeddable":true,"href":"https:\/\/www.largepillow.com\/sk\/wp-json\/wp\/v2\/product_tag?post=156"}],"curies":[{"name":"wp","href":"https:\/\/api.w.org\/{rel}","templated":true}]}}