{"id":16515,"date":"2026-02-08T03:29:28","date_gmt":"2026-02-08T03:29:28","guid":{"rendered":"https:\/\/www.largepillow.com\/product\/versatile-ottoman-foot-stool-modern-cube-pouf-for-home-decor-seating-yellow-wood-grain"},"modified":"2026-02-11T02:58:28","modified_gmt":"2026-02-11T02:58:28","slug":"vsestranna-taburetka-s-modernym-kockovym-pufom-na-domace-dekoracie-so-zltym-drevenym-vzorom","status":"publish","type":"product","link":"https:\/\/www.largepillow.com\/sk\/product\/versatile-ottoman-foot-stool-modern-cube-pouf-for-home-decor-seating-yellow-wood-grain","title":{"rendered":"V\u0161estrann\u00e1 taburetka s podno\u017ekou, modern\u00fd kockov\u00fd puf na bytov\u00e9 dekor\u00e1cie a sedenie (\u017elt\u00e1 dreven\u00e1 \u0161trukt\u00fara)"},"content":{"rendered":"<p>Rozmery tohto modern\u00e9ho taburetu v tvare kocky s\u00fa pribli\u017ene 55 * 55 * 40 cm (22\u2033 D x 22\u2033 \u0160 x 17\u2033 V). Tento taburet v tvare kocky v\u00e1m poskytne realistickej\u0161\u00ed vzh\u013ead. Tento taburet nie je len opierkou na nohy, m\u00f4\u017eete ho pou\u017ei\u0165 ako sedadlo, konferen\u010dn\u00fd stol\u00edk, koncov\u00fd stol\u00edk alebo no\u010dn\u00fd stol\u00edk, m\u00f4\u017ee v\u00e1m prinies\u0165 pr\u00edjemn\u00e9 pohodlie do ka\u017edodenn\u00e9ho \u017eivota a stane sa viac\u00fa\u010delov\u00fdm doplnkom, ktor\u00fd sa prisp\u00f4sob\u00ed potreb\u00e1m v\u00e1\u0161ho obytn\u00e9ho priestoru.<\/p>","protected":false},"excerpt":{"rendered":"<ul>\n<li>V\u0161estrann\u00fd dizajn: Modern\u00fd taburet v tvare kocky, ktor\u00fd sl\u00fa\u017ei ako podno\u017eka, \u010fal\u0161ie miesto na sedenie alebo dekorat\u00edvny akcentov\u00fd prvok s v\u00fdrazn\u00fdm vzorom dreva.<\/li>\n<li>Pr\u00e9miov\u00e1 ve\u013ekos\u0165: Rozmery 55*55*40 cm (22 x 22 x 17 palcov), ide\u00e1lne do ob\u00fdvac\u00edch izieb, sp\u00e1ln\u00ed alebo ak\u00fdchko\u013evek priestorov, ktor\u00e9 vy\u017eaduj\u00fa \u0161t\u00fdlov\u00fa funk\u010dnos\u0165.<\/li>\n<li>Pohodln\u00e1 opora: Vyroben\u00e9 z vysoko kvalitnej penovej v\u00fdplne pre optim\u00e1lne pohodlie a odolnos\u0165 pri zachovan\u00ed tvaru.<\/li>\n<li>V\u00fdrazn\u00fd k\u00fasok: V\u00fdrazn\u00fd vzor dreva v tmav\u00fdch a svetl\u00fdch t\u00f3noch vytv\u00e1ra p\u00fatav\u00fd akcent v ka\u017edej miestnosti.<\/li>\n<li>Viacero farieb dostupn\u00fdch v r\u00f4znych vzoroch s mo\u017enos\u0165ou prisp\u00f4sobenia sa va\u0161im jedine\u010dn\u00fdm potreb\u00e1m interi\u00e9rov\u00e9ho dizajnu.<\/li>\n<\/ul>","protected":false},"featured_media":16508,"comment_status":"open","ping_status":"closed","template":"","meta":[],"product_brand":[],"product_cat":[228],"product_tag":[],"class_list":{"0":"post-16515","1":"product","2":"type-product","3":"status-publish","4":"has-post-thumbnail","6":"product_cat-cushions","8":"first","9":"instock","10":"shipping-taxable","11":"purchasable","12":"product-type-simple"},"_links":{"self":[{"href":"https:\/\/www.largepillow.com\/sk\/wp-json\/wp\/v2\/product\/16515","targetHints":{"allow":["GET"]}}],"collection":[{"href":"https:\/\/www.largepillow.com\/sk\/wp-json\/wp\/v2\/product"}],"about":[{"href":"https:\/\/www.largepillow.com\/sk\/wp-json\/wp\/v2\/types\/product"}],"replies":[{"embeddable":true,"href":"https:\/\/www.largepillow.com\/sk\/wp-json\/wp\/v2\/comments?post=16515"}],"wp:featuredmedia":[{"embeddable":true,"href":"https:\/\/www.largepillow.com\/sk\/wp-json\/wp\/v2\/media\/16508"}],"wp:attachment":[{"href":"https:\/\/www.largepillow.com\/sk\/wp-json\/wp\/v2\/media?parent=16515"}],"wp:term":[{"taxonomy":"product_brand","embeddable":true,"href":"https:\/\/www.largepillow.com\/sk\/wp-json\/wp\/v2\/product_brand?post=16515"},{"taxonomy":"product_cat","embeddable":true,"href":"https:\/\/www.largepillow.com\/sk\/wp-json\/wp\/v2\/product_cat?post=16515"},{"taxonomy":"product_tag","embeddable":true,"href":"https:\/\/www.largepillow.com\/sk\/wp-json\/wp\/v2\/product_tag?post=16515"}],"curies":[{"name":"wp","href":"https:\/\/api.w.org\/{rel}","templated":true}]}}