{"id":16625,"date":"2026-02-10T03:18:15","date_gmt":"2026-02-10T03:18:15","guid":{"rendered":"https:\/\/www.largepillow.com\/product\/adjustable-face-down-pillow-for-eye-surgery-bbl-massage-sleeping"},"modified":"2026-02-11T03:05:42","modified_gmt":"2026-02-11T03:05:42","slug":"adjustable-face-down-pillow-for-eye-surgery-bbl-massage-sleeping","status":"publish","type":"product","link":"https:\/\/www.largepillow.com\/sk\/product\/adjustable-face-down-pillow-for-eye-surgery-bbl-massage-sleeping","title":{"rendered":"Nastavite\u013en\u00fd vank\u00fa\u0161 tv\u00e1rou dole na o\u010dn\u00fa chirurgiu, BBL, mas\u00e1\u017e, spanie"},"content":{"rendered":"[zc_getpagecontent mb=&#8221;mb_aplus&#8221; apid=&#8221;164&#8243;]\n","protected":false},"excerpt":{"rendered":"<ul>\n<li><strong>Adjustable Facial Position<\/strong>: The size and position of the face can be adjusted to meet individual needs, and the widened dual-channel ventilation openings ensure smooth breathing.<\/li>\n<li><strong>3 Layers of Sponge Splicing<\/strong>: Layer 1: Soft and conforming to the body; Layer 2: Comfortable elasticity; Layer 3: Ensures support, adjustable opening contour provides ample support for the head, shoulders, and chest, maintaining spinal alignment.<\/li>\n<li><strong>Multifunk\u010dn\u00fd vank\u00fa\u0161<\/strong>: Massage pillow face down It helps with recovery after various surgeries and can also be used as a home massage pillow,chiropractic massage, desk naps,or prone sleeping at night.<\/li>\n<li><strong>Soft and Comfortable<\/strong>:\u00a0This prone pillow uses skin-friendly and breathable fabric with a three-layer sponge design, providing both support and comfort.<\/li>\n<li><strong>Removable and Washable<\/strong>: The removable pillowcase with an invisible zipper is easy to wash and machine washable.<\/li>\n<\/ul>","protected":false},"featured_media":16616,"comment_status":"open","ping_status":"closed","template":"","meta":[],"product_brand":[],"product_cat":[228],"product_tag":[],"class_list":{"0":"post-16625","1":"product","2":"type-product","3":"status-publish","4":"has-post-thumbnail","6":"product_cat-cushions","8":"first","9":"instock","10":"sold-individually","11":"shipping-taxable","12":"purchasable","13":"product-type-variable","14":"has-default-attributes"},"_links":{"self":[{"href":"https:\/\/www.largepillow.com\/sk\/wp-json\/wp\/v2\/product\/16625","targetHints":{"allow":["GET"]}}],"collection":[{"href":"https:\/\/www.largepillow.com\/sk\/wp-json\/wp\/v2\/product"}],"about":[{"href":"https:\/\/www.largepillow.com\/sk\/wp-json\/wp\/v2\/types\/product"}],"replies":[{"embeddable":true,"href":"https:\/\/www.largepillow.com\/sk\/wp-json\/wp\/v2\/comments?post=16625"}],"wp:featuredmedia":[{"embeddable":true,"href":"https:\/\/www.largepillow.com\/sk\/wp-json\/wp\/v2\/media\/16616"}],"wp:attachment":[{"href":"https:\/\/www.largepillow.com\/sk\/wp-json\/wp\/v2\/media?parent=16625"}],"wp:term":[{"taxonomy":"product_brand","embeddable":true,"href":"https:\/\/www.largepillow.com\/sk\/wp-json\/wp\/v2\/product_brand?post=16625"},{"taxonomy":"product_cat","embeddable":true,"href":"https:\/\/www.largepillow.com\/sk\/wp-json\/wp\/v2\/product_cat?post=16625"},{"taxonomy":"product_tag","embeddable":true,"href":"https:\/\/www.largepillow.com\/sk\/wp-json\/wp\/v2\/product_tag?post=16625"}],"curies":[{"name":"wp","href":"https:\/\/api.w.org\/{rel}","templated":true}]}}