{"id":16948,"date":"2026-03-01T01:52:59","date_gmt":"2026-03-01T01:52:59","guid":{"rendered":"https:\/\/www.largepillow.com\/product\/neo-livingstones-large-pebble-cushions-pebble-pillows-rock-pillows-set"},"modified":"2026-03-02T20:26:16","modified_gmt":"2026-03-02T20:26:16","slug":"vankuse-s-velkymi-kamienkami-neo-livingstones-kamienkove-vankuse-sada-kamennych-vankusov","status":"publish","type":"product","link":"https:\/\/www.largepillow.com\/sk\/product\/neo-livingstones-large-pebble-cushions-pebble-pillows-rock-pillows-set","title":{"rendered":"Neo-LivingStones Ve\u013ek\u00e9 kamienkov\u00e9 vank\u00fa\u0161e Kamienkov\u00e9 vank\u00fa\u0161e Sada kamenn\u00fdch vank\u00fa\u0161ov"},"content":{"rendered":"[zc_getpagecontent mb=&#8221;mb_aplus&#8221; apid=&#8221;165&#8243;]\n","protected":false},"excerpt":{"rendered":"<ul>\n<li>Kombinujte ve\u013ekosti: Vank\u00fa\u0161e Soft Stone s\u00fa dostupn\u00e9 v \u0161iestich r\u00f4znych ve\u013ekostiach (od 20 cm do 95 cm d\u013a\u017eky) a daj\u00fa sa uklada\u0165, rozmiestni\u0165 alebo zoskupi\u0165 a vytvori\u0165 si tak prisp\u00f4soben\u00fa m\u00e4kk\u00fa oddychov\u00fa z\u00f3nu. Skvel\u00e9 ako taburetky, sedenie na podlahe alebo akcentov\u00e9 vank\u00fa\u0161e.<\/li>\n<li>Kvalitn\u00fd materi\u00e1l: Tieto vank\u00fa\u0161e s\u00fa vyroben\u00e9 z m\u00e4kkej, podpornej polypropyl\u00e9novej (PP) bavlny a pr\u00e9miovej kompozitnej pleteniny z \u010desan\u00e9ho polyesteru, tak\u017ee s\u00fa ide\u00e1lne na relax\u00e1ciu, sedenie, le\u0148o\u0161enie alebo dokonca na hranie podnetn\u00fdch aktiv\u00edt. Podporn\u00e9 a z\u00e1rove\u0148 ply\u0161ov\u00e9.<\/li>\n<li>Jednoduch\u00e1 \u00fadr\u017eba a nastavenie: Bez nutnosti mont\u00e1\u017ee a n\u00edzkej hmotnosti. Proti\u0161mykov\u00e1 spodn\u00e1 \u010das\u0165 pre bezpe\u010dnos\u0165. Jednoducho o\u010distite miesto vlhkou handri\u010dkou. Zipsy sa daj\u00fa v pr\u00edpade potreby odomkn\u00fa\u0165 pomocou kancel\u00e1rskej sponky \u2013 pozrite si prilo\u017een\u00fd foton\u00e1vod.<\/li>\n<li>\u0160peci\u00e1lna v\u00fdrobn\u00e1 technika: Pri vonkaj\u0161om dizajne na\u0161ich produktov pou\u017e\u00edvame pokro\u010dil\u00e9 techniky \u0161itia panelov, \u010d\u00edm zabezpe\u010dujeme jemn\u00fd a sofistikovan\u00fd vzh\u013ead.<\/li>\n<li>Pred\u00e1va sa v 4 kombin\u00e1ci\u00e1ch s\u00e1d: Vyberte si zo \u0161tyroch vybran\u00fdch s\u00e1d \u2013 presn\u00fd obsah s\u00e1d n\u00e1jdete na obr\u00e1zkoch produktov; \u010do vid\u00edte, to aj dostanete.<\/li>\n<li>Uvedenie nov\u00e9ho produktu na trh: 90-d\u0148ov\u00e1 garancia ceny. Ak cena klesne do 90 dn\u00ed, vr\u00e1time v\u00e1m rozdiel.<\/li>\n<li>Z\u00e1sady vr\u00e1tenia a v\u00fdmeny tovaru: Kupuj\u00faci s\u00fa zodpovedn\u00ed za poplatky za spiato\u010dn\u00fa dopravu v pr\u00edpade ak\u00e9hoko\u013evek vr\u00e1tenia alebo v\u00fdmeny.<\/li>\n<\/ul>","protected":false},"featured_media":16930,"comment_status":"open","ping_status":"closed","template":"","meta":[],"product_brand":[],"product_cat":[30],"product_tag":[],"class_list":{"0":"post-16948","1":"product","2":"type-product","3":"status-publish","4":"has-post-thumbnail","6":"product_cat-large-rock-pillow","8":"first","9":"instock","10":"sold-individually","11":"shipping-taxable","12":"purchasable","13":"product-type-variable","14":"has-default-attributes"},"_links":{"self":[{"href":"https:\/\/www.largepillow.com\/sk\/wp-json\/wp\/v2\/product\/16948","targetHints":{"allow":["GET"]}}],"collection":[{"href":"https:\/\/www.largepillow.com\/sk\/wp-json\/wp\/v2\/product"}],"about":[{"href":"https:\/\/www.largepillow.com\/sk\/wp-json\/wp\/v2\/types\/product"}],"replies":[{"embeddable":true,"href":"https:\/\/www.largepillow.com\/sk\/wp-json\/wp\/v2\/comments?post=16948"}],"wp:featuredmedia":[{"embeddable":true,"href":"https:\/\/www.largepillow.com\/sk\/wp-json\/wp\/v2\/media\/16930"}],"wp:attachment":[{"href":"https:\/\/www.largepillow.com\/sk\/wp-json\/wp\/v2\/media?parent=16948"}],"wp:term":[{"taxonomy":"product_brand","embeddable":true,"href":"https:\/\/www.largepillow.com\/sk\/wp-json\/wp\/v2\/product_brand?post=16948"},{"taxonomy":"product_cat","embeddable":true,"href":"https:\/\/www.largepillow.com\/sk\/wp-json\/wp\/v2\/product_cat?post=16948"},{"taxonomy":"product_tag","embeddable":true,"href":"https:\/\/www.largepillow.com\/sk\/wp-json\/wp\/v2\/product_tag?post=16948"}],"curies":[{"name":"wp","href":"https:\/\/api.w.org\/{rel}","templated":true}]}}