{"id":290,"date":"2022-09-15T22:35:06","date_gmt":"2022-09-15T22:35:06","guid":{"rendered":"https:\/\/www.largepillow.com\/product\/daybed-bolster-pillow"},"modified":"2025-11-05T02:15:26","modified_gmt":"2025-11-05T02:15:26","slug":"trojuholnikovy-klinovy-vankus","status":"publish","type":"product","link":"https:\/\/www.largepillow.com\/sk\/product\/triangular-wedge-pillow","title":{"rendered":"Trojuholn\u00edkov\u00fd klinov\u00fd vank\u00fa\u0161"},"content":{"rendered":"<p>Objavte maxim\u00e1lne pohodlie s trojuholn\u00edkov\u00fdm klinov\u00fdm vank\u00fa\u0161om<\/p>\n<p>U\u017e v\u00e1s nebav\u00ed nam\u00e1ha\u0165 si chrb\u00e1t a krk pri \u010d\u00edtan\u00ed alebo sledovan\u00ed telev\u00edzie v posteli? Predstavujeme v\u00e1m trojuholn\u00edkov\u00fd klinov\u00fd vank\u00fa\u0161 \u2013 multifunk\u010dn\u00fd vank\u00fa\u0161, ktor\u00fd pos\u00fava relax\u00e1ciu pred span\u00edm na vy\u0161\u0161iu \u00farove\u0148. <\/p>\n<p>Tento ve\u013ek\u00fd vank\u00fa\u0161 s podhlavn\u00edkom je vyroben\u00fd z vysoko kvalitn\u00fdch materi\u00e1lov a p\u00fd\u0161i sa vynikaj\u00facim pohodl\u00edm v\u010faka ergonomick\u00e9mu trojuholn\u00edkov\u00e9mu dizajnu, ktor\u00fd zarovn\u00e1 chrb\u00e1t a p\u00e1s. Priedu\u0161n\u00fd polyesterov\u00fd po\u0165ah a tvaruj\u00faca v\u00fdpl\u0148 poskytuj\u00fa m\u00e4kk\u00fa, no z\u00e1rove\u0148 pevn\u00fa oporu, \u010di u\u017e sed\u00edte vzpriamene alebo le\u017e\u00edte.<\/p>\n<p>Z\u00e1kazn\u00edci ho radi pou\u017e\u00edvaj\u00fa r\u00f4znymi sp\u00f4sobmi:<\/p>\n<p>\u201ePou\u017e\u00edvam ho ka\u017ed\u00fd ve\u010der ako vank\u00fa\u0161 na chrb\u00e1t. Boles\u0165 kr\u00ed\u017eov sa mi v\u00fdrazne zmiernila!\u201c<\/p>\n<p>\u201eJe dostato\u010dne \u0161irok\u00fd na to, aby sme sa o\u0148 s man\u017eelkou mohli pohodlne oprie\u0165. U\u017e \u017eiadne nam\u00e1hanie krku!\u201c  <\/p>\n<p>\u201eD\u00e1vam si ho pod nohy, aby som si u\u013eah\u010dila probl\u00e9my s krvn\u00fdm obehom. Je to tak\u00e9 pohodln\u00e9!\u201c<\/p>\n<p>V\u010faka deviatim dostupn\u00fdm ve\u013ekostiam si ur\u010dite n\u00e1jdete t\u00fa, ktor\u00e1 vyhovuje va\u0161im potreb\u00e1m. Vychutnajte si personalizovan\u00e9 pohodlie a oporu pri \u010d\u00edtan\u00ed, pr\u00e1ci, sledovan\u00ed rel\u00e1ci\u00ed alebo len tak pri le\u0148o\u0161en\u00ed v posteli s t\u00fdmto 3-v-1 klinov\u00fdm \u010delom vank\u00fa\u0161a.  <\/p>\n<p>Prineste si domov multifunk\u010dn\u00fd relax e\u0161te dnes!<\/p>","protected":false},"excerpt":{"rendered":"<ul>\n<li><strong>Maxim\u00e1lne pohodlie:<\/strong> Tento vank\u00fa\u0161 na \u010delo postele pon\u00faka vynikaj\u00face pohodlie v\u010faka svojmu trojuholn\u00edkov\u00e9mu tvaru. Oporn\u00fd vank\u00fa\u0161 na poste\u013e pekne prilieha k chrbtu a p\u00e1su, \u010d\u00edm minimalizuje tlak na bedrov\u00fa chrbticu\/chrb\u00e1t. Tento klinov\u00fd vank\u00fa\u0161 na \u010d\u00edtanie v\u00e1m pom\u00f4\u017ee udr\u017ea\u0165 si pohodlie v posteli alebo na pohovke, \u010do je ide\u00e1lne pre pracuj\u00facich no\u010dn\u00fdch sov, knihomo\u013eov a pozeranie telev\u00edzie v posteli. Tento extra ve\u013ek\u00fd vank\u00fa\u0161 na l\u00f4\u017eko je jedin\u00fd klinov\u00fd vank\u00fa\u0161 na \u010delo postele, ktor\u00fd pojme dve osoby.<\/li>\n<li><strong>3 v 1 ve\u013ek\u00fd vank\u00fa\u0161 na podhlavn\u00edk:<\/strong> Vank\u00fa\u0161 m\u00f4\u017eete pou\u017ei\u0165 vzpriamene ako vank\u00fa\u0161 na oporu chrbta pri seden\u00ed v posteli alebo ho polo\u017ei\u0165 naplocho na poste\u013e a pou\u017ei\u0165 ho ako ve\u013ek\u00fd klinov\u00fd vank\u00fa\u0161 pri span\u00ed na chrbte alebo na boku, alebo ako vank\u00fa\u0161 na nohy, ktor\u00fd v\u00e1m umo\u017en\u00ed zdvihn\u00fa\u0165 nohy. Ak chcete ve\u013ek\u00fd vank\u00fa\u0161 na \u010delo postele, ktor\u00fd poskytne oporu v\u00e1m aj v\u00e1\u0161mu partnerovi\/partnerke, je to vynikaj\u00faca alternat\u00edva.<\/li>\n<li><strong>Multifunk\u010dn\u00fd dizajn:<\/strong> Niektor\u00ed \u013eudia pou\u017e\u00edvaj\u00fa ve\u013ek\u00fd trojuholn\u00edkov\u00fd vank\u00fa\u0161 ako vank\u00fa\u0161 na \u010delo postele, zatia\u013e \u010do in\u00ed ho pou\u017e\u00edvaj\u00fa ako vank\u00fa\u0161 na ochranu chrbta, m\u00f4\u017ee tie\u017e sl\u00fa\u017ei\u0165 ako vank\u00fa\u0161 na podporu operadla pohovky alebo dennej postele. Je \u0161t\u00fdlov\u00fd aj funk\u010dn\u00fd, v\u010faka \u010domu je vynikaj\u00facim doplnkom do ka\u017edej sp\u00e1lne.<\/li>\n<li><strong>Vynikaj\u00face remeseln\u00e9 spracovanie:<\/strong> Oblie\u010dka na vank\u00fa\u0161 m\u00e1 vzh\u013ead man\u0161estru a zlo\u017eenie je polyester 100%. N\u00e1\u0161 vank\u00fa\u0161 na \u010delo postele je priedu\u0161n\u00fd a dostato\u010dne pohodln\u00fd, aby si udr\u017eal tvar a \u010dasom ho nestratil. Bo\u010dn\u00e9 vrecko na ka\u017edej strane v\u00e1m umo\u017en\u00ed vlo\u017ei\u0165 si do\u0148 knihu alebo telef\u00f3n.<\/li>\n<li><strong>\u013dahko sa um\u00fdva:<\/strong> Po\u0165ah na \u010ditate\u013esk\u00fd vank\u00fa\u0161 je pripevnen\u00fd k vank\u00fa\u0161u pomocou gomb\u00edkov a d\u00e1 sa \u013eahko zlo\u017ei\u0165 jednoduch\u00fdm zipsom. V\u010faka tomu je jeho \u010distenie bezprobl\u00e9mov\u00e9. Sta\u010d\u00ed po\u0165ah zlo\u017ei\u0165 a r\u00fdchlo vypra\u0165 v pr\u00e1\u010dke, aby v\u00e1\u0161 vank\u00fa\u0161 vyzeral ako nov\u00fd.<\/li>\n<li><strong>Ve\u013ekos\u0165:<\/strong> 45 cm (D45 x \u016020 x V50 | 0 gomb\u00edkov), 60 cm (D60 x \u016020 x V50 | 0 gomb\u00edkov), 80 cm (D80 x \u016020 x V50 | 2 gomb\u00edky), 100 cm (D100 x \u016020 x V50 | 3 gomb\u00edky), 120 cm (D120 x \u016020 x V50 | 4 gomb\u00edky), 140 cm (D140 x \u016020 x V50 | 4 gomb\u00edky), 160 cm (D160 x \u016020 x V50 | 5 gomb\u00edkov), 180 cm (D180 x \u016020 x V50 | 6 gomb\u00edkov), 200 cm (D200 x \u016020 x V50 | 7 gomb\u00edkov).<\/li>\n<\/ul>","protected":false},"featured_media":271,"comment_status":"open","ping_status":"closed","template":"","meta":[],"product_brand":[],"product_cat":[15],"product_tag":[205,204,206,218,217,209,168,223,199,112,224,68],"class_list":{"0":"post-290","1":"product","2":"type-product","3":"status-publish","4":"has-post-thumbnail","6":"product_cat-large-wedge-pillow","7":"product_tag-back-support-headboard-pillow","8":"product_tag-bed-support-cushion","9":"product_tag-bumper-pillow","10":"product_tag-corduroy-pillow","11":"product_tag-daybed-backrest","12":"product_tag-extra-large-bolster-pillow","13":"product_tag-headboard-pillow","14":"product_tag-large-bolster","15":"product_tag-large-wedge-pillow","16":"product_tag-lumbar-support-pillow","17":"product_tag-red-pillow","18":"product_tag-wedge-reading-pillow","20":"first","21":"instock","22":"shipping-taxable","23":"purchasable","24":"product-type-variable"},"_links":{"self":[{"href":"https:\/\/www.largepillow.com\/sk\/wp-json\/wp\/v2\/product\/290","targetHints":{"allow":["GET"]}}],"collection":[{"href":"https:\/\/www.largepillow.com\/sk\/wp-json\/wp\/v2\/product"}],"about":[{"href":"https:\/\/www.largepillow.com\/sk\/wp-json\/wp\/v2\/types\/product"}],"replies":[{"embeddable":true,"href":"https:\/\/www.largepillow.com\/sk\/wp-json\/wp\/v2\/comments?post=290"}],"wp:featuredmedia":[{"embeddable":true,"href":"https:\/\/www.largepillow.com\/sk\/wp-json\/wp\/v2\/media\/271"}],"wp:attachment":[{"href":"https:\/\/www.largepillow.com\/sk\/wp-json\/wp\/v2\/media?parent=290"}],"wp:term":[{"taxonomy":"product_brand","embeddable":true,"href":"https:\/\/www.largepillow.com\/sk\/wp-json\/wp\/v2\/product_brand?post=290"},{"taxonomy":"product_cat","embeddable":true,"href":"https:\/\/www.largepillow.com\/sk\/wp-json\/wp\/v2\/product_cat?post=290"},{"taxonomy":"product_tag","embeddable":true,"href":"https:\/\/www.largepillow.com\/sk\/wp-json\/wp\/v2\/product_tag?post=290"}],"curies":[{"name":"wp","href":"https:\/\/api.w.org\/{rel}","templated":true}]}}