{"id":318,"date":"2022-09-15T22:37:09","date_gmt":"2022-09-15T22:37:09","guid":{"rendered":"https:\/\/www.largepillow.com\/product\/bed-bolster-wedge"},"modified":"2025-11-05T02:15:26","modified_gmt":"2025-11-05T02:15:26","slug":"vankus-na-chrbat-do-postele","status":"publish","type":"product","link":"https:\/\/www.largepillow.com\/sk\/product\/back-pillow-for-bed","title":{"rendered":"Vank\u00fa\u0161 na chrb\u00e1t do postele"},"content":{"rendered":"<p>Vank\u00fa\u0161 na chrb\u00e1t do postele \u2013 dokonal\u00fd doplnok pohodlia pre t\u00fdch, ktor\u00ed radi \u010d\u00edtaj\u00fa, pracuj\u00fa alebo pozeraj\u00fa telev\u00edziu v posteli!<\/p>\n<p>Tento vank\u00fa\u0161 na \u010delo postele m\u00e1 jedine\u010dn\u00fd trojuholn\u00edkov\u00fd tvar, ktor\u00fd pon\u00faka vynikaj\u00face pohodlie a oporu chrbta a p\u00e1sa a minimalizuje tlak na bedrov\u00fa chrbticu. Je ide\u00e1lny pre no\u010dn\u00e9 sovy, knihomo\u013eov a ka\u017ed\u00e9ho, kto r\u00e1d relaxuje v posteli.<\/p>\n<p>Tento vank\u00fa\u0161 je e\u0161te lep\u0161\u00ed v\u010faka svojmu multifunk\u010dn\u00e9mu dizajnu. M\u00f4\u017eete ho pou\u017ei\u0165 ako vank\u00fa\u0161 na oporu chrbta pri seden\u00ed v posteli, polo\u017ei\u0165 ho naplocho a pou\u017ei\u0165 ho ako ve\u013ek\u00fd klinov\u00fd vank\u00fa\u0161 pri span\u00ed na chrbte alebo na boku, alebo si s n\u00edm dokonca m\u00f4\u017eete zdvihn\u00fa\u0165 nohy ako vank\u00fa\u0161 na nohy! Je to jedin\u00fd klinov\u00fd vank\u00fa\u0161 na \u010delo postele, na ktorom sa vyspia dve osoby.<\/p>\n<p>Oblie\u010dka na vank\u00fa\u0161 vyroben\u00e1 s vynikaj\u00facim remeseln\u00fdm spracovan\u00edm m\u00e1 vzh\u013ead man\u0161estru a zlo\u017eenie je polyester 100%, v\u010faka \u010domu je priedu\u0161n\u00e1 a pohodln\u00e1, tak\u017ee si dlho dr\u017e\u00ed svoj tvar. Bo\u010dn\u00e9 vrecko na ka\u017edej strane umo\u017e\u0148uje vlo\u017ei\u0165 si dovn\u00fatra knihu alebo telef\u00f3n.<\/p>\n<p>\u010cistenie je jednoduch\u00e9, preto\u017ee po\u0165ah na \u010ditate\u013esk\u00fd vank\u00fa\u0161 je pripevnen\u00fd k vank\u00fa\u0161u pomocou gomb\u00edkov, tak\u017ee sa d\u00e1 \u013eahko s\u0148a\u0165 pomocou jednoduch\u00e9ho zipsu. Sta\u010d\u00ed po\u0165ah odstr\u00e1ni\u0165 a r\u00fdchlo vypra\u0165 v pr\u00e1\u010dke, aby v\u00e1\u0161 vank\u00fa\u0161 vyzeral ako nov\u00fd.<\/p>\n<p>Aby sa tento vank\u00fa\u0161 hodil do r\u00f4znych ve\u013ekost\u00ed postel\u00ed, je dostupn\u00fd v r\u00f4znych ve\u013ekostiach \u2013 45 cm, 60 cm, 80 cm, 100 cm, 120 cm, 140 cm, 160 cm, 180 cm a 200 cm.<\/p>\n<p>Neverte n\u00e1m len tak na slovo, tu je nieko\u013eko recenzi\u00ed od spokojn\u00fdch z\u00e1kazn\u00edkov:<\/p>\n<p>\u201cK\u00fapila som si fialov\u00fd a je n\u00e1dhern\u00fd! Materi\u00e1l je m\u00e4kk\u00fd a pohodln\u00fd a m\u00e1 perfektn\u00fa ve\u013ekos\u0165 pre moju man\u017eelsk\u00fa poste\u013e. Pou\u017e\u00edvam ho ka\u017ed\u00fd ve\u010der na \u010d\u00edtanie pred span\u00edm, \u010fakujem!\u201d<\/p>\n<p>\u201cVank\u00fa\u0161 na chrb\u00e1t je vynikaj\u00facej kvality. K\u00fapila som ho pre seba aj pre man\u017eela a obom n\u00e1m perfektne sed\u00ed. Nie je ani pr\u00edli\u0161 tvrd\u00fd, ani pr\u00edli\u0161 m\u00e4kk\u00fd a materi\u00e1l je ve\u013emi pr\u00edjemn\u00fd. Tento produkt vrelo odpor\u00fa\u010dam!\u201d<\/p>\n<p>\u201cTento produkt prekonal moje o\u010dak\u00e1vania! Je ve\u013emi pohodln\u00fd a u\u017eito\u010dn\u00fd pri poskytovan\u00ed opory chrbtu a noh\u00e1m. Oblie\u010dka na vank\u00fa\u0161 s imit\u00e1ciou man\u0161estru dod\u00e1va mojej posteli \u0161t\u00fdlov\u00fd n\u00e1dych!\u201d<\/p>\n<p>Z\u00e1verom mo\u017eno poveda\u0165, \u017ee vank\u00fa\u0161 na chrb\u00e1t do postele je v\u0161estrann\u00fd a pohodln\u00fd doplnok, o ktor\u00fd si ur\u010dite nebudete chcie\u0165 pr\u00eds\u0165. Tak na\u010do \u010daka\u0165? Objednajte si ho e\u0161te dnes a vychutnajte si maxim\u00e1lne pohodlie!<\/p>","protected":false},"excerpt":{"rendered":"<ul>\n<li><strong>Maxim\u00e1lne pohodlie:<\/strong> Tento vank\u00fa\u0161 na \u010delo postele pon\u00faka vynikaj\u00face pohodlie v\u010faka svojmu trojuholn\u00edkov\u00e9mu tvaru. Oporn\u00fd vank\u00fa\u0161 na poste\u013e pekne prilieha k chrbtu a p\u00e1su, \u010d\u00edm minimalizuje tlak na bedrov\u00fa chrbticu\/chrb\u00e1t. Tento klinov\u00fd vank\u00fa\u0161 na \u010d\u00edtanie v\u00e1m pom\u00f4\u017ee udr\u017ea\u0165 si pohodlie v posteli alebo na pohovke, \u010do je ide\u00e1lne pre pracuj\u00facich no\u010dn\u00fdch sov, knihomo\u013eov a pozeranie telev\u00edzie v posteli. Tento extra ve\u013ek\u00fd vank\u00fa\u0161 na l\u00f4\u017eko je jedin\u00fd klinov\u00fd vank\u00fa\u0161 na \u010delo postele, ktor\u00fd pojme dve osoby.<\/li>\n<li><strong>3 v 1 ve\u013ek\u00fd vank\u00fa\u0161 na podhlavn\u00edk:<\/strong> Vank\u00fa\u0161 m\u00f4\u017eete pou\u017ei\u0165 vzpriamene ako vank\u00fa\u0161 na oporu chrbta pri seden\u00ed v posteli alebo ho polo\u017ei\u0165 naplocho na poste\u013e a pou\u017ei\u0165 ho ako ve\u013ek\u00fd klinov\u00fd vank\u00fa\u0161 pri span\u00ed na chrbte alebo na boku, alebo ako vank\u00fa\u0161 na nohy, ktor\u00fd v\u00e1m umo\u017en\u00ed zdvihn\u00fa\u0165 nohy. Ak chcete ve\u013ek\u00fd vank\u00fa\u0161 na \u010delo postele, ktor\u00fd poskytne oporu v\u00e1m aj v\u00e1\u0161mu partnerovi\/partnerke, je to vynikaj\u00faca alternat\u00edva.<\/li>\n<li><strong>Multifunk\u010dn\u00fd dizajn:<\/strong> Niektor\u00ed \u013eudia pou\u017e\u00edvaj\u00fa ve\u013ek\u00fd trojuholn\u00edkov\u00fd vank\u00fa\u0161 ako vank\u00fa\u0161 na \u010delo postele, zatia\u013e \u010do in\u00ed ho pou\u017e\u00edvaj\u00fa ako vank\u00fa\u0161 na ochranu chrbta, m\u00f4\u017ee tie\u017e sl\u00fa\u017ei\u0165 ako vank\u00fa\u0161 na podporu operadla pohovky alebo dennej postele. Je \u0161t\u00fdlov\u00fd aj funk\u010dn\u00fd, v\u010faka \u010domu je vynikaj\u00facim doplnkom do ka\u017edej sp\u00e1lne.<\/li>\n<li><strong>Vynikaj\u00face remeseln\u00e9 spracovanie:<\/strong> Oblie\u010dka na vank\u00fa\u0161 m\u00e1 vzh\u013ead man\u0161estru a zlo\u017eenie je polyester 100%. N\u00e1\u0161 vank\u00fa\u0161 na \u010delo postele je priedu\u0161n\u00fd a dostato\u010dne pohodln\u00fd, aby si udr\u017eal tvar a \u010dasom ho nestratil. Bo\u010dn\u00e9 vrecko na ka\u017edej strane v\u00e1m umo\u017en\u00ed vlo\u017ei\u0165 si do\u0148 knihu alebo telef\u00f3n.<\/li>\n<li><strong>\u013dahko sa um\u00fdva:<\/strong> Po\u0165ah na \u010ditate\u013esk\u00fd vank\u00fa\u0161 je pripevnen\u00fd k vank\u00fa\u0161u pomocou gomb\u00edkov a d\u00e1 sa \u013eahko zlo\u017ei\u0165 jednoduch\u00fdm zipsom. V\u010faka tomu je jeho \u010distenie bezprobl\u00e9mov\u00e9. Sta\u010d\u00ed po\u0165ah zlo\u017ei\u0165 a r\u00fdchlo vypra\u0165 v pr\u00e1\u010dke, aby v\u00e1\u0161 vank\u00fa\u0161 vyzeral ako nov\u00fd.<\/li>\n<li><strong>Ve\u013ekos\u0165:<\/strong> 45 cm (D45 x \u016020 x V50 | 0 gomb\u00edkov), 60 cm (D60 x \u016020 x V50 | 0 gomb\u00edkov), 80 cm (D80 x \u016020 x V50 | 2 gomb\u00edky), 100 cm (D100 x \u016020 x V50 | 3 gomb\u00edky), 120 cm (D120 x \u016020 x V50 | 4 gomb\u00edky), 140 cm (D140 x \u016020 x V50 | 4 gomb\u00edky), 160 cm (D160 x \u016020 x V50 | 5 gomb\u00edkov), 180 cm (D180 x \u016020 x V50 | 6 gomb\u00edkov), 200 cm (D200 x \u016020 x V50 | 7 gomb\u00edkov).<\/li>\n<\/ul>","protected":false},"featured_media":300,"comment_status":"open","ping_status":"closed","template":"","meta":[],"product_brand":[],"product_cat":[15],"product_tag":[219,205,204,222,206,218,221,217,209,168,132,199,163,112,190,220,68],"class_list":{"0":"post-318","1":"product","2":"type-product","3":"status-publish","4":"has-post-thumbnail","6":"product_cat-large-wedge-pillow","7":"product_tag-back-pillow-for-bed","8":"product_tag-back-support-headboard-pillow","9":"product_tag-bed-support-cushion","10":"product_tag-breathable-pillow","11":"product_tag-bumper-pillow","12":"product_tag-corduroy-pillow","13":"product_tag-couch-backrest","14":"product_tag-daybed-backrest","15":"product_tag-extra-large-bolster-pillow","16":"product_tag-headboard-pillow","17":"product_tag-large-bolster-pillow","18":"product_tag-large-wedge-pillow","19":"product_tag-leg-pillow","20":"product_tag-lumbar-support-pillow","21":"product_tag-purple-pillow","22":"product_tag-wedge-headboard-pillow","23":"product_tag-wedge-reading-pillow","25":"first","26":"instock","27":"featured","28":"shipping-taxable","29":"purchasable","30":"product-type-variable"},"_links":{"self":[{"href":"https:\/\/www.largepillow.com\/sk\/wp-json\/wp\/v2\/product\/318","targetHints":{"allow":["GET"]}}],"collection":[{"href":"https:\/\/www.largepillow.com\/sk\/wp-json\/wp\/v2\/product"}],"about":[{"href":"https:\/\/www.largepillow.com\/sk\/wp-json\/wp\/v2\/types\/product"}],"replies":[{"embeddable":true,"href":"https:\/\/www.largepillow.com\/sk\/wp-json\/wp\/v2\/comments?post=318"}],"wp:featuredmedia":[{"embeddable":true,"href":"https:\/\/www.largepillow.com\/sk\/wp-json\/wp\/v2\/media\/300"}],"wp:attachment":[{"href":"https:\/\/www.largepillow.com\/sk\/wp-json\/wp\/v2\/media?parent=318"}],"wp:term":[{"taxonomy":"product_brand","embeddable":true,"href":"https:\/\/www.largepillow.com\/sk\/wp-json\/wp\/v2\/product_brand?post=318"},{"taxonomy":"product_cat","embeddable":true,"href":"https:\/\/www.largepillow.com\/sk\/wp-json\/wp\/v2\/product_cat?post=318"},{"taxonomy":"product_tag","embeddable":true,"href":"https:\/\/www.largepillow.com\/sk\/wp-json\/wp\/v2\/product_tag?post=318"}],"curies":[{"name":"wp","href":"https:\/\/api.w.org\/{rel}","templated":true}]}}