{"id":3222,"date":"2024-07-22T04:17:50","date_gmt":"2024-07-22T04:17:50","guid":{"rendered":"https:\/\/www.largepillow.com\/product\/car-seat-booster-seat-for-dogs-pet-travel-bed"},"modified":"2026-03-12T10:57:57","modified_gmt":"2026-03-12T10:57:57","slug":"podsedak-do-autosedacky-pre-psov-cestovna-postel-pre-domace-zvierata","status":"publish","type":"product","link":"https:\/\/www.largepillow.com\/sk\/product\/car-seat-booster-seat-for-dogs-pet-travel-bed","title":{"rendered":"Podsed\u00e1k do autoseda\u010dky pre psov, cestovn\u00e1 poste\u013e pre dom\u00e1ce zvierat\u00e1"},"content":{"rendered":"[zc_getpagecontent mb=&#8221;mb_aplus&#8221; apid=&#8221;37&#8243;]\n","protected":false},"excerpt":{"rendered":"<ul>\n<li><strong>Vysokokvalitn\u00fd materi\u00e1l<\/strong>Vyroben\u00e9 z vysoko kvalitnej bavlnenej \u013eanu, priedu\u0161n\u00e9 a pohodln\u00e9, odoln\u00e9 proti hryzeniu, odoln\u00e9 a \u013eahko sa \u010distia. V\u00fdpl\u0148 z pr\u00e9miov\u00e9ho polyesteru, vysoko kvalitnej pru\u017enosti, ktor\u00e1 poskytuje pevn\u00fa oporu s pohodl\u00edm a m\u00e4kkos\u0165ou. Zachov\u00e1va si tvar a pevnos\u0165 pre dlhodob\u00e9 pou\u017e\u00edvanie.<\/li>\n<li><strong>Viac\u00fa\u010delov\u00e1 autoseda\u010dka pre psov<\/strong>Nastavite\u013en\u00e1 pracka autoseda\u010dky pre psa sa d\u00e1 pou\u017ei\u0165 aj ako popruh na ruku, \u010do je pohodln\u00e9 na nosenie vonku, d\u00e1 sa pou\u017ei\u0165 aj ako pelech pre psa doma; d\u00e1 sa pou\u017ei\u0165 aj na pohovke na ochranu pohovky pred po\u0161koden\u00edm psami.<\/li>\n<li><strong>Jednoduch\u00e1 in\u0161tal\u00e1cia<\/strong>Autoseda\u010dka pre mal\u00e9ho psa sa dod\u00e1va s zadn\u00fdm p\u00e1som, sta\u010d\u00ed pripevni\u0165 zadn\u00fd p\u00e1s k zadnej \u010dasti predn\u00e9ho sedadla a nastavi\u0165 d\u013a\u017eku popruhov. Autoseda\u010dka pre stredne ve\u013ek\u00e9ho psa sa d\u00e1 nain\u0161talova\u0165 zavesen\u00edm dvoch nastavite\u013en\u00fdch prenosn\u00fdch rukov\u00e4t\u00ed na predn\u00e9 a zadn\u00e9 sedadlo auta, \u010do je vhodn\u00e9 pre r\u00f4zne typy \u00e1ut. Proti\u0161mykov\u00e1 spodn\u00e1 \u010das\u0165 zabra\u0148uje k\u013azaniu autoseda\u010dky v aute, \u010d\u00edm sa vytv\u00e1ra bezpe\u010dnej\u0161ie prostredie pre dom\u00e1ce zvierat\u00e1.<\/li>\n<li><strong>Rozmery sedadla<\/strong>Mal\u00e1: 52 cm (d\u013a\u017eka) x 52 cm (\u0161\u00edrka) x 42 cm (v\u00fd\u0161ka), Ve\u013ek\u00e1: 76 cm (d\u013a\u017eka) x 52 cm (\u0161\u00edrka) x 39 cm (v\u00fd\u0161ka). Autoseda\u010dka pre psa ve\u013ekosti S je vhodn\u00e1 na predn\u00e9 sedadl\u00e1 \u00e1ut. Autoseda\u010dka pre psa ve\u013ekosti L je vhodn\u00e1 na in\u0161tal\u00e1ciu na zadn\u00e9 sedadlo v\u0161etk\u00fdch typov \u00e1ut. Autoseda\u010dka pre psa je vybaven\u00e1 bezpe\u010dnostn\u00fdmi p\u00e1smi, ktor\u00e9 zais\u0165uj\u00fa bezpe\u010dnos\u0165 v\u00e1\u0161ho dom\u00e1ceho mazn\u00e1\u010dika, tak\u017ee sa nemus\u00edte ob\u00e1va\u0165, \u017ee v\u00e1s bude ru\u0161i\u0165 po\u010das jazdy.<\/li>\n<li><strong>\u013dahko sa \u010dist\u00ed<\/strong>T\u00e1to autoseda\u010dka pre dom\u00e1ce zvierat\u00e1 je \u00faplne odn\u00edmate\u013en\u00e1, na 4 rohoch m\u00e1 nevidite\u013en\u00e9 zipsy, sta\u010d\u00ed otvori\u0165 zips a vybra\u0165 PP bavlnu, vlo\u017ei\u0165 po\u0165ah autoseda\u010dky do pr\u00e1\u010dky na vy\u010distenie; po\u010das denn\u00e9ho \u010distenia m\u00f4\u017eete tie\u017e pou\u017ei\u0165 vys\u00e1va\u010d na vy\u010distenie povrchov\u00fdch ne\u010dist\u00f4t alebo chlpov zo seda\u010dky.<\/li>\n<li><strong>Tepl\u00e9 tipy<\/strong>Autoseda\u010dka pre psa je v\u00e1kuovo zabalen\u00e1 na prepravu, tak\u017ee v\u00fdpl\u0148 je pridan\u00e1 viac, aby sa zachoval tvar seda\u010dky a zabezpe\u010dila sa jej odolnos\u0165 a funk\u010dnos\u0165. Ak m\u00e1te pocit, \u017ee v\u00fdpl\u0148 autoseda\u010dky pre dom\u00e1ceho mazn\u00e1\u010dika je pr\u00edli\u0161 ve\u013ek\u00e1, m\u00f4\u017eete ju sami odstr\u00e1ni\u0165, aby ste dosiahli po\u017eadovan\u00fa \u00farove\u0148 pohodlia pre v\u00e1\u0161ho dom\u00e1ceho mazn\u00e1\u010dika. Po rozbalen\u00ed po\u010dkajte 24 \u2013 48 hod\u00edn, k\u00fdm sa vr\u00e1ti do p\u00f4vodnej hr\u00fabky a tvaru.<\/li>\n<\/ul>","protected":false},"featured_media":3569,"comment_status":"open","ping_status":"closed","template":"","meta":[],"product_brand":[],"product_cat":[227],"product_tag":[],"class_list":{"0":"post-3222","1":"product","2":"type-product","3":"status-publish","4":"has-post-thumbnail","6":"product_cat-pet-supplies","8":"first","9":"instock","10":"shipping-taxable","11":"purchasable","12":"product-type-variable","13":"has-default-attributes"},"_links":{"self":[{"href":"https:\/\/www.largepillow.com\/sk\/wp-json\/wp\/v2\/product\/3222","targetHints":{"allow":["GET"]}}],"collection":[{"href":"https:\/\/www.largepillow.com\/sk\/wp-json\/wp\/v2\/product"}],"about":[{"href":"https:\/\/www.largepillow.com\/sk\/wp-json\/wp\/v2\/types\/product"}],"replies":[{"embeddable":true,"href":"https:\/\/www.largepillow.com\/sk\/wp-json\/wp\/v2\/comments?post=3222"}],"wp:featuredmedia":[{"embeddable":true,"href":"https:\/\/www.largepillow.com\/sk\/wp-json\/wp\/v2\/media\/3569"}],"wp:attachment":[{"href":"https:\/\/www.largepillow.com\/sk\/wp-json\/wp\/v2\/media?parent=3222"}],"wp:term":[{"taxonomy":"product_brand","embeddable":true,"href":"https:\/\/www.largepillow.com\/sk\/wp-json\/wp\/v2\/product_brand?post=3222"},{"taxonomy":"product_cat","embeddable":true,"href":"https:\/\/www.largepillow.com\/sk\/wp-json\/wp\/v2\/product_cat?post=3222"},{"taxonomy":"product_tag","embeddable":true,"href":"https:\/\/www.largepillow.com\/sk\/wp-json\/wp\/v2\/product_tag?post=3222"}],"curies":[{"name":"wp","href":"https:\/\/api.w.org\/{rel}","templated":true}]}}