{"id":3314,"date":"2024-07-23T00:29:50","date_gmt":"2024-07-23T00:29:50","guid":{"rendered":"https:\/\/www.largepillow.com\/product\/bed-wedge-pillow-set-for-surgery-recovery-neck-and-back-support"},"modified":"2024-12-22T22:37:56","modified_gmt":"2024-12-22T22:37:56","slug":"sada-vankusov-na-postel-s-klinovym-lozkom-na-podporu-krku-a-chrbta-po-operacii","status":"publish","type":"product","link":"https:\/\/www.largepillow.com\/sk\/product\/bed-wedge-pillow-set-for-surgery-recovery-neck-and-back-support\/","title":{"rendered":"Sada vank\u00fa\u0161ov Bed Wedge na rekonvalescenciu po oper\u00e1cii, podporu krku a chrbta"},"content":{"rendered":"","protected":false},"excerpt":{"rendered":"<ul>\n<li><strong>Prisp\u00f4sobite\u013en\u00e9 pohodlie:<\/strong> N\u00e1\u0161 nastavite\u013en\u00fd klinov\u00fd vank\u00fa\u0161 sa sklad\u00e1 z dvoch \u010dast\u00ed spojen\u00fdch zakriven\u00fdm povrchom, \u010do v\u00e1m umo\u017e\u0148uje jednoducho nastavi\u0165 uhol sklonu pod\u013ea po\u017eadovanej \u00farovne pohodlia. Rozl\u00fa\u010dte sa s obmedzeniami pevn\u00fdch uhlov 30 a 60 stup\u0148ov a prisp\u00f4sobte si uhol svojej v\u00fd\u0161ke a potreb\u00e1m.<\/li>\n<li><strong>\u00dapln\u00e9 pohodlie:<\/strong> Na\u0161a sada vank\u00fa\u0161a na krk a klinov\u00e9ho vank\u00fa\u0161a poskytuje dokonal\u00fa oporu a pohodlie pre v\u00e1\u0161 krk a chrb\u00e1t. Klinov\u00fd vank\u00fa\u0161 sa prisp\u00f4sob\u00ed krivk\u00e1m v\u00e1\u0161ho tela, zatia\u013e \u010do vank\u00fa\u0161 na krk poskytuje cielen\u00fa oporu. Boky klinov\u00e9ho vank\u00fa\u0161a s\u00fa vybaven\u00e9 such\u00fdm zipsom v dvoch r\u00f4znych v\u00fd\u0161kach pre jednoduch\u00e9 nastavenie opierky hlavy.<\/li>\n<li><strong>Lak\u0165ov\u00e1 opierka a vank\u00fa\u0161 na nohy:<\/strong> Oprite sa o n\u00e1\u0161 klinov\u00fd vank\u00fa\u0161 a polo\u017ete si ruky na vank\u00fa\u0161e podr\u00fa\u010dok na oboch stran\u00e1ch a nechajte ich prirodzene visie\u0165 pozd\u013a\u017e obl\u00faka podr\u00fa\u010dok, rovnako ako keby ste sedeli na posteli v rozkladacej stoli\u010dke. Dve podr\u00fa\u010dky je mo\u017en\u00e9 spoji\u0165 aj such\u00fdm zipsom a vytvori\u0165 tak vank\u00fa\u0161 na nohy pre zv\u00fd\u0161en\u00fa oporu n\u00f4h.<\/li>\n<li><strong>Multifunk\u010dn\u00fd klinov\u00fd vank\u00fa\u0161:<\/strong> Jeho skladac\u00ed dizajn umo\u017e\u0148uje pribli\u017ene 12 sp\u00f4sobov pou\u017eitia. Pou\u017eite ho ako opierku chrbta s vysok\u00fdm uhlom pri \u010d\u00edtan\u00ed alebo pr\u00e1ci, alebo si zvo\u013ete postupn\u00fd sklon na spanie, aby ste zmiernili chr\u00e1panie, poopera\u010dn\u00e9 nepohodlie a reflux kyseliny.<\/li>\n<\/ul>","protected":false},"featured_media":3299,"comment_status":"open","ping_status":"closed","template":"","meta":[],"product_brand":[],"product_cat":[228],"product_tag":[],"class_list":{"0":"post-3314","1":"product","2":"type-product","3":"status-publish","4":"has-post-thumbnail","6":"product_cat-cushions","8":"first","9":"outofstock","10":"featured","11":"shipping-taxable","12":"purchasable","13":"product-type-simple"},"_links":{"self":[{"href":"https:\/\/www.largepillow.com\/sk\/wp-json\/wp\/v2\/product\/3314","targetHints":{"allow":["GET"]}}],"collection":[{"href":"https:\/\/www.largepillow.com\/sk\/wp-json\/wp\/v2\/product"}],"about":[{"href":"https:\/\/www.largepillow.com\/sk\/wp-json\/wp\/v2\/types\/product"}],"replies":[{"embeddable":true,"href":"https:\/\/www.largepillow.com\/sk\/wp-json\/wp\/v2\/comments?post=3314"}],"wp:featuredmedia":[{"embeddable":true,"href":"https:\/\/www.largepillow.com\/sk\/wp-json\/wp\/v2\/media\/3299"}],"wp:attachment":[{"href":"https:\/\/www.largepillow.com\/sk\/wp-json\/wp\/v2\/media?parent=3314"}],"wp:term":[{"taxonomy":"product_brand","embeddable":true,"href":"https:\/\/www.largepillow.com\/sk\/wp-json\/wp\/v2\/product_brand?post=3314"},{"taxonomy":"product_cat","embeddable":true,"href":"https:\/\/www.largepillow.com\/sk\/wp-json\/wp\/v2\/product_cat?post=3314"},{"taxonomy":"product_tag","embeddable":true,"href":"https:\/\/www.largepillow.com\/sk\/wp-json\/wp\/v2\/product_tag?post=3314"}],"curies":[{"name":"pracovn\u00fd list","href":"https:\/\/api.w.org\/{rel}","templated":true}]}}