{"id":3344,"date":"2024-07-23T00:52:32","date_gmt":"2024-07-23T00:52:32","guid":{"rendered":"https:\/\/www.largepillow.com\/product\/versatile-and-durable-travel-dog-crate-for-medium-dogs"},"modified":"2024-10-03T16:31:25","modified_gmt":"2024-10-03T16:31:25","slug":"vsestranna-a-odolna-cestovna-prepravka-pre-stredne-velke-psy","status":"publish","type":"product","link":"https:\/\/www.largepillow.com\/sk\/product\/versatile-and-durable-travel-dog-crate-for-medium-dogs\/","title":{"rendered":"V\u0161estrann\u00e1 a odoln\u00e1 cestovn\u00e1 prepravka pre stredne ve\u013ek\u00e9 psy"},"content":{"rendered":"[zc_getpagecontent mb=&#8221;mb_aplus&#8221; apid=&#8221;62&#8243;]\n","protected":false},"excerpt":{"rendered":"<ul>\n<li>R\u00ddCHLA MONT\u00c1\u017d ZA 20 SEK\u00daND: N\u00e1\u0161 stan Travek pre stredne ve\u013ek\u00e9 psy sa vyzna\u010duje bezprobl\u00e9mov\u00fdm dizajnom typu \u201ev\u0161etko v jednom\u201c, ktor\u00fd eliminuje potrebu zlo\u017eitej in\u0161tal\u00e1cie. Rozl\u00fa\u010dte sa s frustr\u00e1ciou z mont\u00e1\u017ee a u\u017e\u00edvajte si pohodlie bezprobl\u00e9mov\u00e9ho nastavovania a skladovania.<\/li>\n<li>UNIVERZ\u00c1LNY DIZAJN Z\u00c1CLONY: Na\u0161a cestovn\u00e1 klietka pre psa bola navrhnut\u00e1 s oh\u013eadom na funk\u010dnos\u0165 a dod\u00e1va sa so z\u00e1clonou, ktor\u00fa je mo\u017en\u00e9 nastavi\u0165 pod\u013ea ro\u010dn\u00fdch obdob\u00ed. Chr\u00e1\u0148te svojho dom\u00e1ceho mazn\u00e1\u010dika pred chladn\u00fdm vetrom po\u010das zimy a zrolujte ju pre optim\u00e1lne vetranie a pohodlie po\u010das letn\u00fdch mesiacov.<\/li>\n<li>VIAC\u00da\u010cELOV\u00c9 POU\u017dITIE: T\u00e1to skladacia prepravka pre psa je neuverite\u013ene v\u0161estrann\u00e1 a m\u00f4\u017ee sl\u00fa\u017ei\u0165 ako \u00fatuln\u00fd domov pre v\u00e1\u0161ho chlpat\u00e9ho kamar\u00e1ta, bezpe\u010dn\u00e1 prepravka pre dom\u00e1ce zvierat\u00e1 na cesty autom, pohodln\u00fd p\u00f4rodn\u00fd stan alebo prenosn\u00fd vonkaj\u0161\u00ed pr\u00edstre\u0161ok na dobrodru\u017estv\u00e1. U\u017eite si pohodlie a komfort, ktor\u00e9 prin\u00e1\u0161a, nech ste kdeko\u013evek.<\/li>\n<li>MATERI\u00c1LY PR\u00c9MIOVEJ KVALITY: T\u00e1to stredne ve\u013ek\u00e1 prepravka pre psa je vyroben\u00e1 z odolnej a nepremokavej oxfordskej tkaniny a je vyroben\u00e1 tak, aby odolala r\u00f4znym poveternostn\u00fdm podmienkam. Zosilnen\u00e9 rohy zais\u0165uj\u00fa dlh\u0161iu \u017eivotnos\u0165 v\u00fdrobku a proti\u0161mykov\u00e9 dno poskytuje v\u00e4\u010d\u0161iu stabilitu a bezpe\u010dnos\u0165.<\/li>\n<li>PRAKTICK\u00c9 BO\u010cN\u00c9 VRECKO: Vonkaj\u0161ia \u010das\u0165 psej b\u00fady je vybaven\u00e1 praktick\u00fdm bo\u010dn\u00fdm vreckom, ktor\u00e9 v\u00e1m umo\u017en\u00ed \u013eahko pren\u00e1\u0161a\u0165 f\u013ea\u0161u s vodou, ob\u010derstvenie, hra\u010dky a \u010fal\u0161ie potrebn\u00e9 veci v\u00e1\u0161ho dom\u00e1ceho mazn\u00e1\u010dika po\u010das cestovania v pr\u00edrode. Zosta\u0148te organizovan\u00ed a pripraven\u00ed na ak\u00e9ko\u013evek dobrodru\u017estvo v\u010faka tomuto premyslen\u00e9mu dizajnov\u00e9mu prvku.<\/li>\n<\/ul>","protected":false},"featured_media":3331,"comment_status":"open","ping_status":"closed","template":"","meta":[],"product_brand":[],"product_cat":[227],"product_tag":[],"class_list":{"0":"post-3344","1":"product","2":"type-product","3":"status-publish","4":"has-post-thumbnail","6":"product_cat-pet-supplies","8":"first","9":"outofstock","10":"featured","11":"shipping-taxable","12":"purchasable","13":"product-type-simple"},"_links":{"self":[{"href":"https:\/\/www.largepillow.com\/sk\/wp-json\/wp\/v2\/product\/3344","targetHints":{"allow":["GET"]}}],"collection":[{"href":"https:\/\/www.largepillow.com\/sk\/wp-json\/wp\/v2\/product"}],"about":[{"href":"https:\/\/www.largepillow.com\/sk\/wp-json\/wp\/v2\/types\/product"}],"replies":[{"embeddable":true,"href":"https:\/\/www.largepillow.com\/sk\/wp-json\/wp\/v2\/comments?post=3344"}],"wp:featuredmedia":[{"embeddable":true,"href":"https:\/\/www.largepillow.com\/sk\/wp-json\/wp\/v2\/media\/3331"}],"wp:attachment":[{"href":"https:\/\/www.largepillow.com\/sk\/wp-json\/wp\/v2\/media?parent=3344"}],"wp:term":[{"taxonomy":"product_brand","embeddable":true,"href":"https:\/\/www.largepillow.com\/sk\/wp-json\/wp\/v2\/product_brand?post=3344"},{"taxonomy":"product_cat","embeddable":true,"href":"https:\/\/www.largepillow.com\/sk\/wp-json\/wp\/v2\/product_cat?post=3344"},{"taxonomy":"product_tag","embeddable":true,"href":"https:\/\/www.largepillow.com\/sk\/wp-json\/wp\/v2\/product_tag?post=3344"}],"curies":[{"name":"pracovn\u00fd list","href":"https:\/\/api.w.org\/{rel}","templated":true}]}}