{"id":3360,"date":"2024-07-23T01:00:23","date_gmt":"2024-07-23T01:00:23","guid":{"rendered":"https:\/\/www.largepillow.com\/product\/dog-travel-bag-backpack-with-dog-food-storage-container"},"modified":"2026-02-08T19:30:31","modified_gmt":"2026-02-08T19:30:31","slug":"cestovna-taska-pre-psa-batoh-s-nadobou-na-krmivo-pre-psov","status":"publish","type":"product","link":"https:\/\/www.largepillow.com\/sk\/product\/dog-travel-bag-backpack-with-dog-food-storage-container","title":{"rendered":"Cestovn\u00e1 ta\u0161ka pre psa s n\u00e1dobou na krmivo pre psov"},"content":{"rendered":"[zc_getpagecontent mb=&#8221;mb_aplus&#8221; apid=&#8221;64&#8243;]\n","protected":false},"excerpt":{"rendered":"<ul>\n<li>Samostatn\u00fd \u00falo\u017en\u00fd priestor na krmivo: T\u00e1to cestovn\u00e1 ta\u0161ka na krmivo pre psov je vybaven\u00e1 odn\u00edmate\u013en\u00fdm 15-litrov\u00fdm \u00falo\u017en\u00fdm vreckom na krmivo pre psov, \u010do v\u00e1m umo\u017e\u0148uje \u013eahko pren\u00e1\u0161a\u0165 dostatok krmiva na kr\u00e1tke v\u00fdlety aj dlh\u0161ie dobrodru\u017estv\u00e1. Je navrhnut\u00e1 oddelene od hlavn\u00e9ho \u00falo\u017en\u00e9ho priestoru, tak\u017ee nezaber\u00e1 cenn\u00fa \u00falo\u017en\u00fa kapacitu, \u010do zais\u0165uje lep\u0161iu organiz\u00e1ciu a skladovanie ostatn\u00fdch vec\u00ed. Dizajn samostatnej cestovnej ta\u0161ky na krmivo pre psov umo\u017e\u0148uje pohodln\u00e9 a preh\u013eadn\u00e9 dop\u013a\u0148anie krmiva pre v\u00e1\u0161ho dom\u00e1ceho mazn\u00e1\u010dika.<\/li>\n<li>Dizajn s priazniv\u00fdm skladovan\u00edm: V\u010faka priestrann\u00fdm a dobre organizovan\u00fdm priehradk\u00e1m umo\u017e\u0148uje tento cestovn\u00fd batoh pre psa jednoduch\u00e9 triedenie a organiz\u00e1ciu. Obsahuje viacero priehradiek a vreciek na ulo\u017eenie ps\u00edch ma\u0161k\u0155t, hra\u010diek a plienok. Nastavite\u013en\u00e9 prie\u010dky umo\u017e\u0148uj\u00fa flexibiln\u00e9 usporiadanie priestoru. Nastavite\u013en\u00e9 dvojit\u00e9 ramenn\u00e9 popruhy pon\u00fakaj\u00fa pohodln\u00e9 nosenie a zais\u0165uj\u00fa pr\u00edjemn\u00fd z\u00e1\u017eitok z cestovania vonku.<\/li>\n<li>Spo\u013eahliv\u00e1 kvalita: T\u00e1to cestovn\u00e1 ta\u0161ka na krmivo pre psov je vyroben\u00e1 z vysoko kvalitnej oxfordskej tkaniny, ktor\u00e1 zais\u0165uje v\u00fdnimo\u010dn\u00fa odolnos\u0165 a spo\u013eahlivos\u0165. Vynikaj\u00faca odolnos\u0165 tkaniny vo\u010di \u0161pine a opotrebovaniu \u00fa\u010dinne chr\u00e1ni ta\u0161ku pred \u0161kvrnami a ka\u017edodenn\u00fdm nosen\u00edm, \u010d\u00edm ju udr\u017eiava \u010dist\u00fa a svie\u017eu. Ta\u0161ka pre dom\u00e1ce zvierat\u00e1 je navy\u0161e vybaven\u00e1 pohodlnou ko\u017eenou rukov\u00e4\u0165ou, ktor\u00e1 poskytuje bezpe\u010dn\u00fd \u00fachop a dod\u00e1va jej n\u00e1dych sofistikovanosti, je praktick\u00e1 aj \u0161t\u00fdlov\u00e1.<\/li>\n<li>Praktick\u00fd dizajn pre ka\u017edodenn\u00e9 pou\u017eitie: T\u00e1to cestovn\u00e1 ta\u0161ka pre psa je v\u0161estrann\u00e1 na cestovanie aj ka\u017edodenn\u00e9 pou\u017eitie. Obsahuje predn\u00e9 vrecko, ktor\u00e9 sa d\u00e1 otvori\u0165 ako podlo\u017eka na k\u0155menie pre pohodln\u00e9 k\u0155menie dom\u00e1ceho mazn\u00e1\u010dika. Po zlo\u017een\u00ed sa do nej zmest\u00ed frisbee, \u010do u\u013eah\u010duje pren\u00e1\u0161anie. Okrem toho s\u00fa k dispoz\u00edcii dve skladacie misky pre v\u00e1\u0161ho dom\u00e1ceho mazn\u00e1\u010dika. \u010ci u\u017e ide o prech\u00e1dzku, v\u00edkendov\u00fd v\u00fdlet, v\u00fdlet na pl\u00e1\u017e, turistiku, kempovanie alebo ak\u00fako\u013evek in\u00fa outdoorov\u00fa aktivitu, t\u00e1to cestovn\u00e1 ta\u0161ka pre \u0161teniatka je perfektnou nevyhnutnos\u0165ou pre psa na cest\u00e1ch.<\/li>\n<li>Cestovn\u00e9 doplnky pre psov ve\u013ek\u00fdch rozmerov: Tento batoh na psie potreby s rozmermi 28 x 20 x 38 cm (D x \u0160 x V) pon\u00faka objem 30 litrov, \u010do poskytuje dostatok priestoru na ulo\u017eenie nevyhnutnost\u00ed pre v\u00e1\u0161ho dom\u00e1ceho mazn\u00e1\u010dika a mal\u00fdch predmetov, ako je napr\u00edklad kempingov\u00e9 vybavenie pre psa. Je ide\u00e1lnou vo\u013ebou pre majite\u013eov dom\u00e1cich zvierat a rodiny na cest\u00e1ch. \u010ci u\u017e ide o prech\u00e1dzku, v\u00edkendov\u00fd v\u00fdlet, v\u00fdlet na pl\u00e1\u017e, turistiku, kempovanie alebo ak\u00fako\u013evek in\u00fa outdoorov\u00fa aktivitu, t\u00e1to cestovn\u00e1 ta\u0161ka pre psa uspokoj\u00ed v\u0161etky va\u0161e potreby. Je to skvel\u00fd dar\u010dek pre dom\u00e1ce zvierat\u00e1 aj rodiny, ktor\u00e9 ich miluj\u00fa.<\/li>\n<li>Ve\u013ek\u00e1 kapacita: Cestovn\u00e9 ta\u0161ky pre psov umo\u017e\u0148uj\u00fa uskladnenie hra\u010diek pre dom\u00e1ce zvierat\u00e1, ob\u010derstvenia a \u010fal\u0161\u00edch nevyhnutnost\u00ed po\u010das v\u00fdletov do pr\u00edrody. Dostato\u010dn\u00fd priestor cestovnej ta\u0161ky pre psov pojme v\u0161etky va\u0161e veci potrebn\u00e9 na v\u00fdlet, \u010d\u00edm zabezpe\u010d\u00ed bezprobl\u00e9mov\u00fd z\u00e1\u017eitok pre v\u00e1s aj v\u00e1\u0161ho dom\u00e1ceho mazn\u00e1\u010dika.<\/li>\n<li>Praktick\u00e9 priehradky: N\u00e1doba na krmivo pre psov m\u00e1 dve priehradky, ktor\u00e9 rozde\u013euj\u00fa vn\u00fatro na tri \u010dasti. T\u00e1to cestovn\u00e1 ta\u0161ka pre psov, schv\u00e1len\u00e1 leteck\u00fdmi spolo\u010dnos\u0165ami, u\u013eah\u010duje organiz\u00e1ciu a vyberanie vec\u00ed.<\/li>\n<li>Nastavite\u013en\u00e9 popruhy: Nastavite\u013en\u00e9 popruhy tejto cestovnej ta\u0161ky pre psov na psie potreby sa daj\u00fa prisp\u00f4sobi\u0165 va\u0161im potreb\u00e1m, \u010do umo\u017e\u0148uje nosenie v \u0161t\u00fdle batohu aj cez rameno.<\/li>\n<\/ul>","protected":false},"featured_media":3345,"comment_status":"open","ping_status":"closed","template":"","meta":[],"product_brand":[],"product_cat":[227],"product_tag":[],"class_list":{"0":"post-3360","1":"product","2":"type-product","3":"status-publish","4":"has-post-thumbnail","6":"product_cat-pet-supplies","8":"first","9":"outofstock","10":"featured","11":"shipping-taxable","12":"purchasable","13":"product-type-simple"},"_links":{"self":[{"href":"https:\/\/www.largepillow.com\/sk\/wp-json\/wp\/v2\/product\/3360","targetHints":{"allow":["GET"]}}],"collection":[{"href":"https:\/\/www.largepillow.com\/sk\/wp-json\/wp\/v2\/product"}],"about":[{"href":"https:\/\/www.largepillow.com\/sk\/wp-json\/wp\/v2\/types\/product"}],"replies":[{"embeddable":true,"href":"https:\/\/www.largepillow.com\/sk\/wp-json\/wp\/v2\/comments?post=3360"}],"wp:featuredmedia":[{"embeddable":true,"href":"https:\/\/www.largepillow.com\/sk\/wp-json\/wp\/v2\/media\/3345"}],"wp:attachment":[{"href":"https:\/\/www.largepillow.com\/sk\/wp-json\/wp\/v2\/media?parent=3360"}],"wp:term":[{"taxonomy":"product_brand","embeddable":true,"href":"https:\/\/www.largepillow.com\/sk\/wp-json\/wp\/v2\/product_brand?post=3360"},{"taxonomy":"product_cat","embeddable":true,"href":"https:\/\/www.largepillow.com\/sk\/wp-json\/wp\/v2\/product_cat?post=3360"},{"taxonomy":"product_tag","embeddable":true,"href":"https:\/\/www.largepillow.com\/sk\/wp-json\/wp\/v2\/product_tag?post=3360"}],"curies":[{"name":"wp","href":"https:\/\/api.w.org\/{rel}","templated":true}]}}