{"id":3369,"date":"2024-07-23T01:20:37","date_gmt":"2024-07-23T01:20:37","guid":{"rendered":"https:\/\/www.largepillow.com\/product\/luxury-elevated-dog-couch-3pcs-with-pillow-soft-pet-mat"},"modified":"2025-02-16T16:56:35","modified_gmt":"2025-02-16T16:56:35","slug":"luxusna-vyvysena-pohovka-pre-psa-3-ks-s-makkou-podlozkou-pre-domace-zvierata-s-vankusom","status":"publish","type":"product","link":"https:\/\/www.largepillow.com\/sk\/product\/luxury-elevated-dog-couch-3pcs-with-pillow-soft-pet-mat\/","title":{"rendered":"Luxusn\u00fd vyv\u00fd\u0161en\u00fd gau\u010d pre psa, 3 ks, s vank\u00fa\u0161om a m\u00e4kkou podlo\u017ekou pre dom\u00e1ce zvierat\u00e1"},"content":{"rendered":"[zc_getpagecontent mb=&#8221;mb_aplus&#8221; apid=&#8221;72&#8243;]\n","protected":false},"excerpt":{"rendered":"<ul>\n<li>Modern\u00fd dizajn a farebn\u00e1 kombin\u00e1cia: T\u00e1to vyv\u00fd\u0161en\u00e1 psia pohovka sa vyzna\u010duje modern\u00fdm dizajnom s elegantnou kombin\u00e1ciou tmavomodrej a m\u00f3dnej tmavooran\u017eovej farby, ktor\u00e1 dod\u00e1 v\u00e1\u0161mu domovu \u0161t\u00fdl a vitalitu.<\/li>\n<li>Absol\u00fatne pohodlie: Ps\u00ed gau\u010d je navrhnut\u00fd so zdvihnut\u00fdmi bo\u010dnicami pre maxim\u00e1lne pohodlie a bezpe\u010dnos\u0165. Pon\u00faka r\u00f4zne pohodln\u00e9 polohy, v ktor\u00fdch sa va\u0161i dom\u00e1ci mil\u00e1\u010dikovia m\u00f4\u017eu sch\u00fali\u0165, zatia\u013e \u010do bo\u010dn\u00e9 vank\u00fa\u0161e podopieraj\u00fa ich hlavu a krk, \u010do im umo\u017e\u0148uje pokojnej\u0161\u00ed sp\u00e1nok. Vysokohustotn\u00e1 7,6 cm hrub\u00e1 pena a 5 cm hrub\u00e1 m\u00e4kk\u00e1 podlo\u017eka pre dom\u00e1ce zvierat\u00e1 poskytuj\u00fa dvojit\u00fa ochranu a pom\u00e1haj\u00fa rovnomerne rozlo\u017ei\u0165 hmotnos\u0165.<\/li>\n<li>Odn\u00edmate\u013en\u00e1 podlo\u017eka pre dom\u00e1ce zvierat\u00e1: Modern\u00e1 pohovka pre psov sa dod\u00e1va s odn\u00edmate\u013enou a super m\u00e4kkou podlo\u017ekou pre psov, ktor\u00fa mo\u017eno pou\u017ei\u0165 samostatne ako pelech. To umo\u017e\u0148uje viacer\u00fdm ma\u010dk\u00e1m a psom vo va\u0161ej dom\u00e1cnosti u\u017e\u00edva\u0165 si pohodln\u00fd priestor na odpo\u010dinok s\u00fa\u010dasne.<\/li>\n<li>Jednoduch\u00e1 mont\u00e1\u017e: Na\u0161a luxusn\u00e1 rozkladacia pohovka pre dom\u00e1ce zvierat\u00e1 je navrhnut\u00e1 pre jednoduch\u00fa in\u0161tal\u00e1ciu, ktor\u00e1 trv\u00e1 len p\u00e1r min\u00fat. Navy\u0161e sa dod\u00e1va s pohodln\u00fdm vank\u00fa\u0161om, ktor\u00fd spr\u00edjemn\u00ed v\u00e1\u0161mu dom\u00e1cemu mil\u00e1\u010dikovi odpo\u010dinok.<\/li>\n<li>Vhodn\u00e9 pre mal\u00e9 a stredne ve\u013ek\u00e9 psy: T\u00e1to rozkladacia pohovka pre psov je vhodn\u00e1 pre mal\u00e9 a stredne ve\u013ek\u00e9 psy, ako s\u00fa franc\u00fazske buldo\u010dky, \u010divavy, bostonsk\u00e9 teri\u00e9ry, pudle, b\u00edgle a v\u0161etky ma\u010dky. Poskytuje dostatok priestoru a opory, \u010do umo\u017e\u0148uje va\u0161im dom\u00e1cim mil\u00e1\u010dikom pohodlne odpo\u010d\u00edva\u0165 a spa\u0165.<\/li>\n<\/ul>","protected":false},"featured_media":3361,"comment_status":"open","ping_status":"closed","template":"","meta":[],"product_brand":[],"product_cat":[227],"product_tag":[],"class_list":{"0":"post-3369","1":"product","2":"type-product","3":"status-publish","4":"has-post-thumbnail","6":"product_cat-pet-supplies","8":"first","9":"outofstock","10":"featured","11":"shipping-taxable","12":"purchasable","13":"product-type-simple"},"_links":{"self":[{"href":"https:\/\/www.largepillow.com\/sk\/wp-json\/wp\/v2\/product\/3369","targetHints":{"allow":["GET"]}}],"collection":[{"href":"https:\/\/www.largepillow.com\/sk\/wp-json\/wp\/v2\/product"}],"about":[{"href":"https:\/\/www.largepillow.com\/sk\/wp-json\/wp\/v2\/types\/product"}],"replies":[{"embeddable":true,"href":"https:\/\/www.largepillow.com\/sk\/wp-json\/wp\/v2\/comments?post=3369"}],"wp:featuredmedia":[{"embeddable":true,"href":"https:\/\/www.largepillow.com\/sk\/wp-json\/wp\/v2\/media\/3361"}],"wp:attachment":[{"href":"https:\/\/www.largepillow.com\/sk\/wp-json\/wp\/v2\/media?parent=3369"}],"wp:term":[{"taxonomy":"product_brand","embeddable":true,"href":"https:\/\/www.largepillow.com\/sk\/wp-json\/wp\/v2\/product_brand?post=3369"},{"taxonomy":"product_cat","embeddable":true,"href":"https:\/\/www.largepillow.com\/sk\/wp-json\/wp\/v2\/product_cat?post=3369"},{"taxonomy":"product_tag","embeddable":true,"href":"https:\/\/www.largepillow.com\/sk\/wp-json\/wp\/v2\/product_tag?post=3369"}],"curies":[{"name":"pracovn\u00fd list","href":"https:\/\/api.w.org\/{rel}","templated":true}]}}